{"id":844,"date":"2020-02-23T20:03:59","date_gmt":"2020-02-23T19:03:59","guid":{"rendered":"https:\/\/swo.vavyskov.cz\/wordpress\/?page_id=844"},"modified":"2021-10-12T19:26:55","modified_gmt":"2021-10-12T17:26:55","slug":"clean-image-filenames","status":"publish","type":"page","link":"https:\/\/swo.vavyskov.cz\/wordpress\/nezarazeno\/clean-image-filenames\/","title":{"rendered":"Clean Image Filenames"},"content":{"rendered":"\n<p><strong>Plugin ji\u017e nen\u00ed pot\u0159eba, proto\u017ee p\u0159evod znak\u016f a&nbsp;nahrazov\u00e1n\u00ed mezer je ji\u017e integrov\u00e1no do&nbsp;&#8220;j\u00e1dra&#8221; WordPressu.<\/strong><\/p>\n\n\n\n<p>R\u016fzn\u00e9 opera\u010dn\u00ed syst\u00e9my mohou pou\u017e\u00edvat rozd\u00edln\u00e9 k\u00f3dov\u00e1n\u00ed znak\u016f. Plugin p\u0159ev\u00e1d\u00ed n\u00e1zvy nahr\u00e1van\u00fdch soubor\u016f na&nbsp;mal\u00e1 p\u00edsmena a&nbsp;z\u00e1kladn\u00ed znaky anglick\u00e9 abecedy.<\/p>\n\n\n\n<p>Instalace a&nbsp;nastaven\u00ed:<\/p>\n\n\n\n<ol class=\"wp-block-list\"><li>Nainstalujte plugin <a href=\"https:\/\/cs.wordpress.org\/plugins\/clean-image-filenames\/\">Clean Image Filenames (1.3)<\/a>.<\/li><li>V <strong>Nastaven\u00ed -&gt; M\u00e9dia<\/strong> v&nbsp;sekci <strong>Clean Image Filenames<\/strong> upravte nastaven\u00ed dle pot\u0159eb nap\u0159.:<ul><li> Typy soubor\u016f: <strong>V\u0161echny typy soubor\u016f<\/strong><\/li><\/ul><\/li><\/ol>\n","protected":false},"excerpt":{"rendered":"<p>Plugin ji\u017e nen\u00ed pot\u0159eba, proto\u017ee p\u0159evod znak\u016f a&nbsp;nahrazov\u00e1n\u00ed mezer je ji\u017e integrov\u00e1no do&nbsp;&#8220;j\u00e1dra&#8221; WordPressu. R\u016fzn\u00e9 opera\u010dn\u00ed syst\u00e9my mohou pou\u017e\u00edvat rozd\u00edln\u00e9 k\u00f3dov\u00e1n\u00ed znak\u016f. Plugin p\u0159ev\u00e1d\u00ed n\u00e1zvy nahr\u00e1van\u00fdch soubor\u016f na&nbsp;mal\u00e1 p\u00edsmena a&nbsp;z\u00e1kladn\u00ed znaky anglick\u00e9 abecedy. Instalace a&nbsp;nastaven\u00ed: Nainstalujte plugin Clean Image Filenames (1.3). V&nbsp;Nastaven\u00ed -&gt; M\u00e9dia v&nbsp;sekci Clean Image Filenames upravte nastaven\u00ed dle pot\u0159eb nap\u0159.: Typy &hellip; <\/p>\n<p class=\"link-more\"><a href=\"https:\/\/swo.vavyskov.cz\/wordpress\/nezarazeno\/clean-image-filenames\/\" class=\"more-link\">Pokra\u010dovat ve&nbsp;\u010dten\u00ed<span class=\"screen-reader-text\"> &#8220;Clean Image Filenames&#8221;<\/span><\/a><\/p>\n","protected":false},"author":1,"featured_media":0,"parent":1440,"menu_order":14,"comment_status":"closed","ping_status":"closed","template":"","meta":{"advgb_blocks_editor_width":"","advgb_blocks_columns_visual_guide":"","footnotes":""},"class_list":["post-844","page","type-page","status-publish","hentry"],"yoast_head":"<!-- This site is optimized with the Yoast SEO plugin v27.0 - https:\/\/yoast.com\/product\/yoast-seo-wordpress\/ -->\n<title>Clean Image Filenames - Spr\u00e1va webov\u00e9ho obsahu<\/title>\n<meta name=\"robots\" content=\"index, follow, max-snippet:-1, max-image-preview:large, max-video-preview:-1\" \/>\n<link rel=\"canonical\" href=\"https:\/\/swo.vavyskov.cz\/wordpress\/wordpress\/rozsireni\/clean-image-filenames\/\" \/>\n<meta property=\"og:locale\" content=\"cs_CZ\" \/>\n<meta property=\"og:type\" content=\"article\" \/>\n<meta property=\"og:title\" content=\"Clean Image Filenames - Spr\u00e1va webov\u00e9ho obsahu\" \/>\n<meta property=\"og:description\" content=\"Plugin ji\u017e nen\u00ed pot\u0159eba, proto\u017ee p\u0159evod znak\u016f a&nbsp;nahrazov\u00e1n\u00ed mezer je ji\u017e integrov\u00e1no do&nbsp;&#8220;j\u00e1dra&#8221; WordPressu. R\u016fzn\u00e9 opera\u010dn\u00ed syst\u00e9my mohou pou\u017e\u00edvat rozd\u00edln\u00e9 k\u00f3dov\u00e1n\u00ed znak\u016f. Plugin p\u0159ev\u00e1d\u00ed n\u00e1zvy nahr\u00e1van\u00fdch soubor\u016f na&nbsp;mal\u00e1 p\u00edsmena a&nbsp;z\u00e1kladn\u00ed znaky anglick\u00e9 abecedy. Instalace a&nbsp;nastaven\u00ed: Nainstalujte plugin Clean Image Filenames (1.3). V Nastaven\u00ed -&gt; M\u00e9dia v&nbsp;sekci Clean Image Filenames upravte nastaven\u00ed dle pot\u0159eb nap\u0159.: Typy &hellip; Pokra\u010dovat ve \u010dten\u00ed &quot;Clean Image Filenames&quot;\" \/>\n<meta property=\"og:url\" content=\"https:\/\/swo.vavyskov.cz\/wordpress\/wordpress\/rozsireni\/clean-image-filenames\/\" \/>\n<meta property=\"og:site_name\" content=\"Spr\u00e1va webov\u00e9ho obsahu\" \/>\n<meta property=\"article:modified_time\" content=\"2021-10-12T17:26:55+00:00\" \/>\n<meta name=\"twitter:card\" content=\"summary_large_image\" \/>\n<meta name=\"twitter:label1\" content=\"Odhadovan\u00e1 doba \u010dten\u00ed\" \/>\n\t<meta name=\"twitter:data1\" content=\"1 minuta\" \/>\n<script type=\"application\/ld+json\" class=\"yoast-schema-graph\">{\"@context\":\"https:\/\/schema.org\",\"@graph\":[{\"@type\":\"WebPage\",\"@id\":\"https:\/\/swo.vavyskov.cz\/wordpress\/wordpress\/rozsireni\/clean-image-filenames\/\",\"url\":\"https:\/\/swo.vavyskov.cz\/wordpress\/wordpress\/rozsireni\/clean-image-filenames\/\",\"name\":\"Clean Image Filenames - Spr\u00e1va webov\u00e9ho obsahu\",\"isPartOf\":{\"@id\":\"https:\/\/swo.vavyskov.cz\/wordpress\/#website\"},\"datePublished\":\"2020-02-23T19:03:59+00:00\",\"dateModified\":\"2021-10-12T17:26:55+00:00\",\"breadcrumb\":{\"@id\":\"https:\/\/swo.vavyskov.cz\/wordpress\/wordpress\/rozsireni\/clean-image-filenames\/#breadcrumb\"},\"inLanguage\":\"cs\",\"potentialAction\":[{\"@type\":\"ReadAction\",\"target\":[\"https:\/\/swo.vavyskov.cz\/wordpress\/wordpress\/rozsireni\/clean-image-filenames\/\"]}]},{\"@type\":\"BreadcrumbList\",\"@id\":\"https:\/\/swo.vavyskov.cz\/wordpress\/wordpress\/rozsireni\/clean-image-filenames\/#breadcrumb\",\"itemListElement\":[{\"@type\":\"ListItem\",\"position\":1,\"name\":\"Dom\u016f\",\"item\":\"https:\/\/swo.vavyskov.cz\/wordpress\/\"},{\"@type\":\"ListItem\",\"position\":2,\"name\":\"WordPress\",\"item\":\"https:\/\/swo.vavyskov.cz\/wordpress\/wordpress\/\"},{\"@type\":\"ListItem\",\"position\":3,\"name\":\"Roz\u0161\u00ed\u0159en\u00ed\",\"item\":\"https:\/\/swo.vavyskov.cz\/wordpress\/wordpress\/rozsireni\/\"},{\"@type\":\"ListItem\",\"position\":4,\"name\":\"Clean Image Filenames\"}]},{\"@type\":\"WebSite\",\"@id\":\"https:\/\/swo.vavyskov.cz\/wordpress\/#website\",\"url\":\"https:\/\/swo.vavyskov.cz\/wordpress\/\",\"name\":\"Spr\u00e1va webov\u00e9ho obsahu\",\"description\":\"Tvo\u0159\u00edme \u00fasp\u011b\u0161n\u00fd web\",\"publisher\":{\"@id\":\"https:\/\/swo.vavyskov.cz\/wordpress\/#organization\"},\"potentialAction\":[{\"@type\":\"SearchAction\",\"target\":{\"@type\":\"EntryPoint\",\"urlTemplate\":\"https:\/\/swo.vavyskov.cz\/wordpress\/?s={search_term_string}\"},\"query-input\":{\"@type\":\"PropertyValueSpecification\",\"valueRequired\":true,\"valueName\":\"search_term_string\"}}],\"inLanguage\":\"cs\"},{\"@type\":\"Organization\",\"@id\":\"https:\/\/swo.vavyskov.cz\/wordpress\/#organization\",\"name\":\"Velitelstv\u00ed v\u00fdcviku \u2013 Vojensk\u00e1 akademie Vy\u0161kov\",\"url\":\"https:\/\/swo.vavyskov.cz\/wordpress\/\",\"logo\":{\"@type\":\"ImageObject\",\"inLanguage\":\"cs\",\"@id\":\"https:\/\/swo.vavyskov.cz\/wordpress\/#\/schema\/logo\/image\/\",\"url\":\"https:\/\/swo.vavyskov.cz\/wordpress\/wp-content\/uploads\/2018\/04\/kontakt.png\",\"contentUrl\":\"https:\/\/swo.vavyskov.cz\/wordpress\/wp-content\/uploads\/2018\/04\/kontakt.png\",\"width\":487,\"height\":640,\"caption\":\"Velitelstv\u00ed v\u00fdcviku \u2013 Vojensk\u00e1 akademie Vy\u0161kov\"},\"image\":{\"@id\":\"https:\/\/swo.vavyskov.cz\/wordpress\/#\/schema\/logo\/image\/\"}}]}<\/script>\n<!-- \/ Yoast SEO plugin. -->","yoast_head_json":{"title":"Clean Image Filenames - Spr\u00e1va webov\u00e9ho obsahu","robots":{"index":"index","follow":"follow","max-snippet":"max-snippet:-1","max-image-preview":"max-image-preview:large","max-video-preview":"max-video-preview:-1"},"canonical":"https:\/\/swo.vavyskov.cz\/wordpress\/wordpress\/rozsireni\/clean-image-filenames\/","og_locale":"cs_CZ","og_type":"article","og_title":"Clean Image Filenames - Spr\u00e1va webov\u00e9ho obsahu","og_description":"Plugin ji\u017e nen\u00ed pot\u0159eba, proto\u017ee p\u0159evod znak\u016f a&nbsp;nahrazov\u00e1n\u00ed mezer je ji\u017e integrov\u00e1no do&nbsp;&#8220;j\u00e1dra&#8221; WordPressu. R\u016fzn\u00e9 opera\u010dn\u00ed syst\u00e9my mohou pou\u017e\u00edvat rozd\u00edln\u00e9 k\u00f3dov\u00e1n\u00ed znak\u016f. Plugin p\u0159ev\u00e1d\u00ed n\u00e1zvy nahr\u00e1van\u00fdch soubor\u016f na&nbsp;mal\u00e1 p\u00edsmena a&nbsp;z\u00e1kladn\u00ed znaky anglick\u00e9 abecedy. Instalace a&nbsp;nastaven\u00ed: Nainstalujte plugin Clean Image Filenames (1.3). V Nastaven\u00ed -&gt; M\u00e9dia v&nbsp;sekci Clean Image Filenames upravte nastaven\u00ed dle pot\u0159eb nap\u0159.: Typy &hellip; Pokra\u010dovat ve \u010dten\u00ed \"Clean Image Filenames\"","og_url":"https:\/\/swo.vavyskov.cz\/wordpress\/wordpress\/rozsireni\/clean-image-filenames\/","og_site_name":"Spr\u00e1va webov\u00e9ho obsahu","article_modified_time":"2021-10-12T17:26:55+00:00","twitter_card":"summary_large_image","twitter_misc":{"Odhadovan\u00e1 doba \u010dten\u00ed":"1 minuta"},"schema":{"@context":"https:\/\/schema.org","@graph":[{"@type":"WebPage","@id":"https:\/\/swo.vavyskov.cz\/wordpress\/wordpress\/rozsireni\/clean-image-filenames\/","url":"https:\/\/swo.vavyskov.cz\/wordpress\/wordpress\/rozsireni\/clean-image-filenames\/","name":"Clean Image Filenames - Spr\u00e1va webov\u00e9ho obsahu","isPartOf":{"@id":"https:\/\/swo.vavyskov.cz\/wordpress\/#website"},"datePublished":"2020-02-23T19:03:59+00:00","dateModified":"2021-10-12T17:26:55+00:00","breadcrumb":{"@id":"https:\/\/swo.vavyskov.cz\/wordpress\/wordpress\/rozsireni\/clean-image-filenames\/#breadcrumb"},"inLanguage":"cs","potentialAction":[{"@type":"ReadAction","target":["https:\/\/swo.vavyskov.cz\/wordpress\/wordpress\/rozsireni\/clean-image-filenames\/"]}]},{"@type":"BreadcrumbList","@id":"https:\/\/swo.vavyskov.cz\/wordpress\/wordpress\/rozsireni\/clean-image-filenames\/#breadcrumb","itemListElement":[{"@type":"ListItem","position":1,"name":"Dom\u016f","item":"https:\/\/swo.vavyskov.cz\/wordpress\/"},{"@type":"ListItem","position":2,"name":"WordPress","item":"https:\/\/swo.vavyskov.cz\/wordpress\/wordpress\/"},{"@type":"ListItem","position":3,"name":"Roz\u0161\u00ed\u0159en\u00ed","item":"https:\/\/swo.vavyskov.cz\/wordpress\/wordpress\/rozsireni\/"},{"@type":"ListItem","position":4,"name":"Clean Image Filenames"}]},{"@type":"WebSite","@id":"https:\/\/swo.vavyskov.cz\/wordpress\/#website","url":"https:\/\/swo.vavyskov.cz\/wordpress\/","name":"Spr\u00e1va webov\u00e9ho obsahu","description":"Tvo\u0159\u00edme \u00fasp\u011b\u0161n\u00fd web","publisher":{"@id":"https:\/\/swo.vavyskov.cz\/wordpress\/#organization"},"potentialAction":[{"@type":"SearchAction","target":{"@type":"EntryPoint","urlTemplate":"https:\/\/swo.vavyskov.cz\/wordpress\/?s={search_term_string}"},"query-input":{"@type":"PropertyValueSpecification","valueRequired":true,"valueName":"search_term_string"}}],"inLanguage":"cs"},{"@type":"Organization","@id":"https:\/\/swo.vavyskov.cz\/wordpress\/#organization","name":"Velitelstv\u00ed v\u00fdcviku \u2013 Vojensk\u00e1 akademie Vy\u0161kov","url":"https:\/\/swo.vavyskov.cz\/wordpress\/","logo":{"@type":"ImageObject","inLanguage":"cs","@id":"https:\/\/swo.vavyskov.cz\/wordpress\/#\/schema\/logo\/image\/","url":"https:\/\/swo.vavyskov.cz\/wordpress\/wp-content\/uploads\/2018\/04\/kontakt.png","contentUrl":"https:\/\/swo.vavyskov.cz\/wordpress\/wp-content\/uploads\/2018\/04\/kontakt.png","width":487,"height":640,"caption":"Velitelstv\u00ed v\u00fdcviku \u2013 Vojensk\u00e1 akademie Vy\u0161kov"},"image":{"@id":"https:\/\/swo.vavyskov.cz\/wordpress\/#\/schema\/logo\/image\/"}}]}},"coauthors":[],"author_meta":{"author_link":"https:\/\/swo.vavyskov.cz\/wordpress\/author\/swowp\/","display_name":"SWO"},"relative_dates":{"created":"Posted 6 roky ago","modified":"Updated 5 roky ago"},"absolute_dates":{"created":"Posted on 23. 2. 2020","modified":"Updated on 12. 10. 2021"},"absolute_dates_time":{"created":"Posted on 23. 2. 2020 20:03","modified":"Updated on 12. 10. 2021 19:26"},"featured_img_caption":"","featured_img":false,"series_order":"","_links":{"self":[{"href":"https:\/\/swo.vavyskov.cz\/wordpress\/wp-json\/wp\/v2\/pages\/844","targetHints":{"allow":["GET"]}}],"collection":[{"href":"https:\/\/swo.vavyskov.cz\/wordpress\/wp-json\/wp\/v2\/pages"}],"about":[{"href":"https:\/\/swo.vavyskov.cz\/wordpress\/wp-json\/wp\/v2\/types\/page"}],"author":[{"embeddable":true,"href":"https:\/\/swo.vavyskov.cz\/wordpress\/wp-json\/wp\/v2\/users\/1"}],"replies":[{"embeddable":true,"href":"https:\/\/swo.vavyskov.cz\/wordpress\/wp-json\/wp\/v2\/comments?post=844"}],"version-history":[{"count":4,"href":"https:\/\/swo.vavyskov.cz\/wordpress\/wp-json\/wp\/v2\/pages\/844\/revisions"}],"predecessor-version":[{"id":1267,"href":"https:\/\/swo.vavyskov.cz\/wordpress\/wp-json\/wp\/v2\/pages\/844\/revisions\/1267"}],"up":[{"embeddable":true,"href":"https:\/\/swo.vavyskov.cz\/wordpress\/wp-json\/wp\/v2\/pages\/1440"}],"wp:attachment":[{"href":"https:\/\/swo.vavyskov.cz\/wordpress\/wp-json\/wp\/v2\/media?parent=844"}],"curies":[{"name":"wp","href":"https:\/\/api.w.org\/{rel}","templated":true}]}}