{"id":822,"date":"2020-02-23T19:00:04","date_gmt":"2020-02-23T18:00:04","guid":{"rendered":"https:\/\/swo.vavyskov.cz\/wordpress\/?page_id=822"},"modified":"2024-11-17T19:37:09","modified_gmt":"2024-11-17T18:37:09","slug":"zalomeni","status":"publish","type":"page","link":"https:\/\/swo.vavyskov.cz\/wordpress\/nezarazeno\/zalomeni\/","title":{"rendered":"Zalomen\u00ed"},"content":{"rendered":"\n<p>Automatizuje z\u00e1kladn\u00ed typografick\u00e1 pravidla. Mimo jin\u00e9 tak\u00e9 umo\u017e\u0148uje definovat <strong>vlastn\u00ed v\u00fdrazy<\/strong>.<\/p>\n\n\n\n<p>Instalace a&nbsp;nastaven\u00ed:<\/p>\n\n\n\n<ol class=\"wp-block-list\">\n<li>Nainstalujte plugin <a href=\"https:\/\/cs.wordpress.org\/plugins\/zalomeni\/\">Zalomen\u00ed (1.5)<\/a>.<\/li>\n\n\n\n<li>V <strong>Nastaven\u00ed -> Zobrazov\u00e1n\u00ed<\/strong>\u00a0upravte v&nbsp;sekci <strong>Nevhodn\u00e1 slova a\u00a0zalomen\u00ed na\u00a0konci \u0159\u00e1dku<\/strong> nastaven\u00ed dle pot\u0159eb nap\u0159.:\n<ul class=\"wp-block-list\">\n<li>P\u0159edlo\u017eky:\u00a0<strong>Ano<\/strong>\n<ul class=\"wp-block-list\">\n<li><strong>k, s, v, z,\u00a0o, u,\u00a0ke,\u00a0ku,\u00a0se, ve, za,\u00a0ze,\u00a0na,\u00a0od,\u00a0do,\u00a0po, a\u017e,\u00a0pod, bez,\u00a0pro, p\u0159ed, p\u0159es, p\u0159i, nad<\/strong><\/li>\n<\/ul>\n<\/li>\n\n\n\n<li>Spojky: <strong>Ano<\/strong>\n<ul class=\"wp-block-list\">\n<li>\u00a0<strong>a, i,\u00a0a\u010d, \u010di,\u00a0\u017ee, ale, ani, le\u010d,\u00a0bu\u010f,\u00a0kdy\u017e<\/strong><\/li>\n<\/ul>\n<\/li>\n\n\n\n<li>Zkratky: <strong>Ano<\/strong>\n<ul class=\"wp-block-list\">\n<li><strong>\u00a7<\/strong>, cca., \u010d., \u010d\u00eds., \u010dj., \u010dp., fa, f\u011b, fy, kup\u0159., mj., nap\u0159., p., p\u00ed, pop\u0159., p\u0159., p\u0159ib., p\u0159ibl., sl., str., sv., tj., tzn., tzv., zvl.<\/li>\n<\/ul>\n<\/li>\n<\/ul>\n<\/li>\n<\/ol>\n\n\n\n<p>P\u0159i \u201enefunk\u010dnosti\u201c \u2013 <strong>vysypte cache<\/strong>&nbsp;v&nbsp;prohl\u00ed\u017ee\u010di (Ctrl+Shift+Delete).<\/p>\n\n\n\n<p>Podobn\u00e9 pluginy:<\/p>\n\n\n\n<ul class=\"wp-block-list\">\n<li>\u010ce\u0161tina: zalomen\u00ed \u0159\u00e1dk\u016f (podporuje plugin ACF)<\/li>\n<\/ul>\n","protected":false},"excerpt":{"rendered":"<p>Automatizuje z\u00e1kladn\u00ed typografick\u00e1 pravidla. Mimo jin\u00e9 tak\u00e9 umo\u017e\u0148uje definovat vlastn\u00ed v\u00fdrazy. Instalace a&nbsp;nastaven\u00ed: P\u0159i&nbsp;\u201enefunk\u010dnosti\u201c \u2013 vysypte cache&nbsp;v&nbsp;prohl\u00ed\u017ee\u010di (Ctrl+Shift+Delete). Podobn\u00e9 pluginy:<\/p>\n","protected":false},"author":1,"featured_media":0,"parent":1440,"menu_order":18,"comment_status":"closed","ping_status":"closed","template":"","meta":{"advgb_blocks_editor_width":"","advgb_blocks_columns_visual_guide":"","footnotes":""},"class_list":["post-822","page","type-page","status-publish","hentry"],"yoast_head":"<!-- This site is optimized with the Yoast SEO plugin v27.0 - https:\/\/yoast.com\/product\/yoast-seo-wordpress\/ -->\n<title>Zalomen\u00ed - Spr\u00e1va webov\u00e9ho obsahu<\/title>\n<meta name=\"robots\" content=\"index, follow, max-snippet:-1, max-image-preview:large, max-video-preview:-1\" \/>\n<link rel=\"canonical\" href=\"https:\/\/swo.vavyskov.cz\/wordpress\/wordpress\/rozsireni\/zalomeni\/\" \/>\n<meta property=\"og:locale\" content=\"cs_CZ\" \/>\n<meta property=\"og:type\" content=\"article\" \/>\n<meta property=\"og:title\" content=\"Zalomen\u00ed - Spr\u00e1va webov\u00e9ho obsahu\" \/>\n<meta property=\"og:description\" content=\"Automatizuje z\u00e1kladn\u00ed typografick\u00e1 pravidla. Mimo jin\u00e9 tak\u00e9 umo\u017e\u0148uje definovat vlastn\u00ed v\u00fdrazy. Instalace a&nbsp;nastaven\u00ed: P\u0159i \u201enefunk\u010dnosti\u201c \u2013 vysypte cache&nbsp;v&nbsp;prohl\u00ed\u017ee\u010di (Ctrl+Shift+Delete). Podobn\u00e9 pluginy:\" \/>\n<meta property=\"og:url\" content=\"https:\/\/swo.vavyskov.cz\/wordpress\/wordpress\/rozsireni\/zalomeni\/\" \/>\n<meta property=\"og:site_name\" content=\"Spr\u00e1va webov\u00e9ho obsahu\" \/>\n<meta property=\"article:modified_time\" content=\"2024-11-17T18:37:09+00:00\" \/>\n<meta name=\"twitter:card\" content=\"summary_large_image\" \/>\n<meta name=\"twitter:label1\" content=\"Odhadovan\u00e1 doba \u010dten\u00ed\" \/>\n\t<meta name=\"twitter:data1\" content=\"1 minuta\" \/>\n<script type=\"application\/ld+json\" class=\"yoast-schema-graph\">{\"@context\":\"https:\/\/schema.org\",\"@graph\":[{\"@type\":\"WebPage\",\"@id\":\"https:\/\/swo.vavyskov.cz\/wordpress\/wordpress\/rozsireni\/zalomeni\/\",\"url\":\"https:\/\/swo.vavyskov.cz\/wordpress\/wordpress\/rozsireni\/zalomeni\/\",\"name\":\"Zalomen\u00ed - Spr\u00e1va webov\u00e9ho obsahu\",\"isPartOf\":{\"@id\":\"https:\/\/swo.vavyskov.cz\/wordpress\/#website\"},\"datePublished\":\"2020-02-23T18:00:04+00:00\",\"dateModified\":\"2024-11-17T18:37:09+00:00\",\"breadcrumb\":{\"@id\":\"https:\/\/swo.vavyskov.cz\/wordpress\/wordpress\/rozsireni\/zalomeni\/#breadcrumb\"},\"inLanguage\":\"cs\",\"potentialAction\":[{\"@type\":\"ReadAction\",\"target\":[\"https:\/\/swo.vavyskov.cz\/wordpress\/wordpress\/rozsireni\/zalomeni\/\"]}]},{\"@type\":\"BreadcrumbList\",\"@id\":\"https:\/\/swo.vavyskov.cz\/wordpress\/wordpress\/rozsireni\/zalomeni\/#breadcrumb\",\"itemListElement\":[{\"@type\":\"ListItem\",\"position\":1,\"name\":\"Dom\u016f\",\"item\":\"https:\/\/swo.vavyskov.cz\/wordpress\/\"},{\"@type\":\"ListItem\",\"position\":2,\"name\":\"WordPress\",\"item\":\"https:\/\/swo.vavyskov.cz\/wordpress\/wordpress\/\"},{\"@type\":\"ListItem\",\"position\":3,\"name\":\"Roz\u0161\u00ed\u0159en\u00ed\",\"item\":\"https:\/\/swo.vavyskov.cz\/wordpress\/wordpress\/rozsireni\/\"},{\"@type\":\"ListItem\",\"position\":4,\"name\":\"Zalomen\u00ed\"}]},{\"@type\":\"WebSite\",\"@id\":\"https:\/\/swo.vavyskov.cz\/wordpress\/#website\",\"url\":\"https:\/\/swo.vavyskov.cz\/wordpress\/\",\"name\":\"Spr\u00e1va webov\u00e9ho obsahu\",\"description\":\"Tvo\u0159\u00edme \u00fasp\u011b\u0161n\u00fd web\",\"publisher\":{\"@id\":\"https:\/\/swo.vavyskov.cz\/wordpress\/#organization\"},\"potentialAction\":[{\"@type\":\"SearchAction\",\"target\":{\"@type\":\"EntryPoint\",\"urlTemplate\":\"https:\/\/swo.vavyskov.cz\/wordpress\/?s={search_term_string}\"},\"query-input\":{\"@type\":\"PropertyValueSpecification\",\"valueRequired\":true,\"valueName\":\"search_term_string\"}}],\"inLanguage\":\"cs\"},{\"@type\":\"Organization\",\"@id\":\"https:\/\/swo.vavyskov.cz\/wordpress\/#organization\",\"name\":\"Velitelstv\u00ed v\u00fdcviku \u2013 Vojensk\u00e1 akademie Vy\u0161kov\",\"url\":\"https:\/\/swo.vavyskov.cz\/wordpress\/\",\"logo\":{\"@type\":\"ImageObject\",\"inLanguage\":\"cs\",\"@id\":\"https:\/\/swo.vavyskov.cz\/wordpress\/#\/schema\/logo\/image\/\",\"url\":\"https:\/\/swo.vavyskov.cz\/wordpress\/wp-content\/uploads\/2018\/04\/kontakt.png\",\"contentUrl\":\"https:\/\/swo.vavyskov.cz\/wordpress\/wp-content\/uploads\/2018\/04\/kontakt.png\",\"width\":487,\"height\":640,\"caption\":\"Velitelstv\u00ed v\u00fdcviku \u2013 Vojensk\u00e1 akademie Vy\u0161kov\"},\"image\":{\"@id\":\"https:\/\/swo.vavyskov.cz\/wordpress\/#\/schema\/logo\/image\/\"}}]}<\/script>\n<!-- \/ Yoast SEO plugin. -->","yoast_head_json":{"title":"Zalomen\u00ed - Spr\u00e1va webov\u00e9ho obsahu","robots":{"index":"index","follow":"follow","max-snippet":"max-snippet:-1","max-image-preview":"max-image-preview:large","max-video-preview":"max-video-preview:-1"},"canonical":"https:\/\/swo.vavyskov.cz\/wordpress\/wordpress\/rozsireni\/zalomeni\/","og_locale":"cs_CZ","og_type":"article","og_title":"Zalomen\u00ed - Spr\u00e1va webov\u00e9ho obsahu","og_description":"Automatizuje z\u00e1kladn\u00ed typografick\u00e1 pravidla. Mimo jin\u00e9 tak\u00e9 umo\u017e\u0148uje definovat vlastn\u00ed v\u00fdrazy. Instalace a&nbsp;nastaven\u00ed: P\u0159i \u201enefunk\u010dnosti\u201c \u2013 vysypte cache&nbsp;v&nbsp;prohl\u00ed\u017ee\u010di (Ctrl+Shift+Delete). Podobn\u00e9 pluginy:","og_url":"https:\/\/swo.vavyskov.cz\/wordpress\/wordpress\/rozsireni\/zalomeni\/","og_site_name":"Spr\u00e1va webov\u00e9ho obsahu","article_modified_time":"2024-11-17T18:37:09+00:00","twitter_card":"summary_large_image","twitter_misc":{"Odhadovan\u00e1 doba \u010dten\u00ed":"1 minuta"},"schema":{"@context":"https:\/\/schema.org","@graph":[{"@type":"WebPage","@id":"https:\/\/swo.vavyskov.cz\/wordpress\/wordpress\/rozsireni\/zalomeni\/","url":"https:\/\/swo.vavyskov.cz\/wordpress\/wordpress\/rozsireni\/zalomeni\/","name":"Zalomen\u00ed - Spr\u00e1va webov\u00e9ho obsahu","isPartOf":{"@id":"https:\/\/swo.vavyskov.cz\/wordpress\/#website"},"datePublished":"2020-02-23T18:00:04+00:00","dateModified":"2024-11-17T18:37:09+00:00","breadcrumb":{"@id":"https:\/\/swo.vavyskov.cz\/wordpress\/wordpress\/rozsireni\/zalomeni\/#breadcrumb"},"inLanguage":"cs","potentialAction":[{"@type":"ReadAction","target":["https:\/\/swo.vavyskov.cz\/wordpress\/wordpress\/rozsireni\/zalomeni\/"]}]},{"@type":"BreadcrumbList","@id":"https:\/\/swo.vavyskov.cz\/wordpress\/wordpress\/rozsireni\/zalomeni\/#breadcrumb","itemListElement":[{"@type":"ListItem","position":1,"name":"Dom\u016f","item":"https:\/\/swo.vavyskov.cz\/wordpress\/"},{"@type":"ListItem","position":2,"name":"WordPress","item":"https:\/\/swo.vavyskov.cz\/wordpress\/wordpress\/"},{"@type":"ListItem","position":3,"name":"Roz\u0161\u00ed\u0159en\u00ed","item":"https:\/\/swo.vavyskov.cz\/wordpress\/wordpress\/rozsireni\/"},{"@type":"ListItem","position":4,"name":"Zalomen\u00ed"}]},{"@type":"WebSite","@id":"https:\/\/swo.vavyskov.cz\/wordpress\/#website","url":"https:\/\/swo.vavyskov.cz\/wordpress\/","name":"Spr\u00e1va webov\u00e9ho obsahu","description":"Tvo\u0159\u00edme \u00fasp\u011b\u0161n\u00fd web","publisher":{"@id":"https:\/\/swo.vavyskov.cz\/wordpress\/#organization"},"potentialAction":[{"@type":"SearchAction","target":{"@type":"EntryPoint","urlTemplate":"https:\/\/swo.vavyskov.cz\/wordpress\/?s={search_term_string}"},"query-input":{"@type":"PropertyValueSpecification","valueRequired":true,"valueName":"search_term_string"}}],"inLanguage":"cs"},{"@type":"Organization","@id":"https:\/\/swo.vavyskov.cz\/wordpress\/#organization","name":"Velitelstv\u00ed v\u00fdcviku \u2013 Vojensk\u00e1 akademie Vy\u0161kov","url":"https:\/\/swo.vavyskov.cz\/wordpress\/","logo":{"@type":"ImageObject","inLanguage":"cs","@id":"https:\/\/swo.vavyskov.cz\/wordpress\/#\/schema\/logo\/image\/","url":"https:\/\/swo.vavyskov.cz\/wordpress\/wp-content\/uploads\/2018\/04\/kontakt.png","contentUrl":"https:\/\/swo.vavyskov.cz\/wordpress\/wp-content\/uploads\/2018\/04\/kontakt.png","width":487,"height":640,"caption":"Velitelstv\u00ed v\u00fdcviku \u2013 Vojensk\u00e1 akademie Vy\u0161kov"},"image":{"@id":"https:\/\/swo.vavyskov.cz\/wordpress\/#\/schema\/logo\/image\/"}}]}},"coauthors":[],"author_meta":{"author_link":"https:\/\/swo.vavyskov.cz\/wordpress\/author\/swowp\/","display_name":"SWO"},"relative_dates":{"created":"Posted 6 roky ago","modified":"Updated 1 rokem ago"},"absolute_dates":{"created":"Posted on 23. 2. 2020","modified":"Updated on 17. 11. 2024"},"absolute_dates_time":{"created":"Posted on 23. 2. 2020 19:00","modified":"Updated on 17. 11. 2024 19:37"},"featured_img_caption":"","featured_img":false,"series_order":"","_links":{"self":[{"href":"https:\/\/swo.vavyskov.cz\/wordpress\/wp-json\/wp\/v2\/pages\/822","targetHints":{"allow":["GET"]}}],"collection":[{"href":"https:\/\/swo.vavyskov.cz\/wordpress\/wp-json\/wp\/v2\/pages"}],"about":[{"href":"https:\/\/swo.vavyskov.cz\/wordpress\/wp-json\/wp\/v2\/types\/page"}],"author":[{"embeddable":true,"href":"https:\/\/swo.vavyskov.cz\/wordpress\/wp-json\/wp\/v2\/users\/1"}],"replies":[{"embeddable":true,"href":"https:\/\/swo.vavyskov.cz\/wordpress\/wp-json\/wp\/v2\/comments?post=822"}],"version-history":[{"count":8,"href":"https:\/\/swo.vavyskov.cz\/wordpress\/wp-json\/wp\/v2\/pages\/822\/revisions"}],"predecessor-version":[{"id":1516,"href":"https:\/\/swo.vavyskov.cz\/wordpress\/wp-json\/wp\/v2\/pages\/822\/revisions\/1516"}],"up":[{"embeddable":true,"href":"https:\/\/swo.vavyskov.cz\/wordpress\/wp-json\/wp\/v2\/pages\/1440"}],"wp:attachment":[{"href":"https:\/\/swo.vavyskov.cz\/wordpress\/wp-json\/wp\/v2\/media?parent=822"}],"curies":[{"name":"wp","href":"https:\/\/api.w.org\/{rel}","templated":true}]}}