{"id":77,"date":"2018-04-26T10:20:01","date_gmt":"2018-04-26T08:20:01","guid":{"rendered":"https:\/\/swo.vavyskov.cz\/wordpress\/?page_id=77"},"modified":"2020-03-01T21:35:58","modified_gmt":"2020-03-01T20:35:58","slug":"navrh","status":"publish","type":"page","link":"https:\/\/swo.vavyskov.cz\/wordpress\/uspesny-web\/navrh\/","title":{"rendered":"N\u00e1vrh"},"content":{"rendered":"\n<figure class=\"wp-block-gallery columns-1 is-cropped wp-block-gallery-2\"><ul class=\"blocks-gallery-grid\"><li class=\"blocks-gallery-item\"><figure><img loading=\"lazy\" decoding=\"async\" width=\"1024\" height=\"768\" src=\"\/wordpress\/wp-content\/uploads\/2020\/02\/navrh-1024x768.jpeg\" alt=\"N\u00e1vrh\" data-id=\"503\" class=\"wp-image-503 is-layout-flex wp-block-gallery-is-layout-flex\" srcset=\"https:\/\/swo.vavyskov.cz\/wordpress\/wp-content\/uploads\/2020\/02\/navrh-1024x768.jpeg 1024w, https:\/\/swo.vavyskov.cz\/wordpress\/wp-content\/uploads\/2020\/02\/navrh-300x225.jpeg 300w, https:\/\/swo.vavyskov.cz\/wordpress\/wp-content\/uploads\/2020\/02\/navrh-768x576.jpeg 768w, https:\/\/swo.vavyskov.cz\/wordpress\/wp-content\/uploads\/2020\/02\/navrh-1536x1152.jpeg 1536w, https:\/\/swo.vavyskov.cz\/wordpress\/wp-content\/uploads\/2020\/02\/navrh-scaled.jpeg 2048w\" sizes=\"auto, (max-width: 767px) 89vw, (max-width: 1000px) 54vw, (max-width: 1071px) 543px, 580px\" \/><\/figure><\/li><\/ul><\/figure>\n\n\n\n<p>N\u00e1vrh:<\/p>\n\n\n\n<ol class=\"wp-block-list\"><li>pyramida pot\u0159eb webu<\/li><li>typ webu<\/li><li>navigace<\/li><li>typy obsahu<\/li><li>form\u00e1ty dat<\/li><li>zp\u016fsob pr\u00e1ce s&nbsp;daty<\/li><li>logo<\/li><li>funk\u010dnost<\/li><li>dr\u00e1tov\u00fd model<\/li><li>grafick\u00fd n\u00e1vrh<\/li><li>prototyp<\/li><li>interaktivita<\/li><li>SEO<\/li><li>volba vhodn\u00e9ho \u0159e\u0161en\u00ed<\/li><\/ol>\n","protected":false},"excerpt":{"rendered":"<p>N\u00e1vrh: pyramida pot\u0159eb webu typ webu navigace typy obsahu form\u00e1ty dat zp\u016fsob pr\u00e1ce s&nbsp;daty logo funk\u010dnost dr\u00e1tov\u00fd model grafick\u00fd n\u00e1vrh prototyp interaktivita SEO volba vhodn\u00e9ho \u0159e\u0161en\u00ed<\/p>\n","protected":false},"author":2,"featured_media":503,"parent":74,"menu_order":2,"comment_status":"closed","ping_status":"closed","template":"page_no-featured-image.php","meta":{"advgb_blocks_editor_width":"","advgb_blocks_columns_visual_guide":"","footnotes":""},"class_list":["post-77","page","type-page","status-publish","has-post-thumbnail","hentry"],"yoast_head":"<!-- This site is optimized with the Yoast SEO plugin v27.0 - https:\/\/yoast.com\/product\/yoast-seo-wordpress\/ -->\n<title>N\u00e1vrh - Spr\u00e1va webov\u00e9ho obsahu<\/title>\n<meta name=\"robots\" content=\"index, follow, max-snippet:-1, max-image-preview:large, max-video-preview:-1\" \/>\n<link rel=\"canonical\" href=\"https:\/\/swo.vavyskov.cz\/wordpress\/uspesny-web\/navrh\/\" \/>\n<meta property=\"og:locale\" content=\"cs_CZ\" \/>\n<meta property=\"og:type\" content=\"article\" \/>\n<meta property=\"og:title\" content=\"N\u00e1vrh - Spr\u00e1va webov\u00e9ho obsahu\" \/>\n<meta property=\"og:description\" content=\"N\u00e1vrh: pyramida pot\u0159eb webu typ webu navigace typy obsahu form\u00e1ty dat zp\u016fsob pr\u00e1ce s&nbsp;daty logo funk\u010dnost dr\u00e1tov\u00fd model grafick\u00fd n\u00e1vrh prototyp interaktivita SEO volba vhodn\u00e9ho \u0159e\u0161en\u00ed\" \/>\n<meta property=\"og:url\" content=\"https:\/\/swo.vavyskov.cz\/wordpress\/uspesny-web\/navrh\/\" \/>\n<meta property=\"og:site_name\" content=\"Spr\u00e1va webov\u00e9ho obsahu\" \/>\n<meta property=\"article:modified_time\" content=\"2020-03-01T20:35:58+00:00\" \/>\n<meta property=\"og:image\" content=\"https:\/\/swo.vavyskov.cz\/wordpress\/wp-content\/uploads\/2020\/02\/navrh-scaled.jpeg\" \/>\n\t<meta property=\"og:image:width\" content=\"2048\" \/>\n\t<meta property=\"og:image:height\" content=\"1536\" \/>\n\t<meta property=\"og:image:type\" content=\"image\/jpeg\" \/>\n<meta name=\"twitter:card\" content=\"summary_large_image\" \/>\n<script type=\"application\/ld+json\" class=\"yoast-schema-graph\">{\"@context\":\"https:\/\/schema.org\",\"@graph\":[{\"@type\":\"WebPage\",\"@id\":\"https:\/\/swo.vavyskov.cz\/wordpress\/uspesny-web\/navrh\/\",\"url\":\"https:\/\/swo.vavyskov.cz\/wordpress\/uspesny-web\/navrh\/\",\"name\":\"N\u00e1vrh - Spr\u00e1va webov\u00e9ho obsahu\",\"isPartOf\":{\"@id\":\"https:\/\/swo.vavyskov.cz\/wordpress\/#website\"},\"primaryImageOfPage\":{\"@id\":\"https:\/\/swo.vavyskov.cz\/wordpress\/uspesny-web\/navrh\/#primaryimage\"},\"image\":{\"@id\":\"https:\/\/swo.vavyskov.cz\/wordpress\/uspesny-web\/navrh\/#primaryimage\"},\"thumbnailUrl\":\"https:\/\/swo.vavyskov.cz\/wordpress\/wp-content\/uploads\/2020\/02\/navrh-scaled.jpeg\",\"datePublished\":\"2018-04-26T08:20:01+00:00\",\"dateModified\":\"2020-03-01T20:35:58+00:00\",\"breadcrumb\":{\"@id\":\"https:\/\/swo.vavyskov.cz\/wordpress\/uspesny-web\/navrh\/#breadcrumb\"},\"inLanguage\":\"cs\",\"potentialAction\":[{\"@type\":\"ReadAction\",\"target\":[\"https:\/\/swo.vavyskov.cz\/wordpress\/uspesny-web\/navrh\/\"]}]},{\"@type\":\"ImageObject\",\"inLanguage\":\"cs\",\"@id\":\"https:\/\/swo.vavyskov.cz\/wordpress\/uspesny-web\/navrh\/#primaryimage\",\"url\":\"https:\/\/swo.vavyskov.cz\/wordpress\/wp-content\/uploads\/2020\/02\/navrh-scaled.jpeg\",\"contentUrl\":\"https:\/\/swo.vavyskov.cz\/wordpress\/wp-content\/uploads\/2020\/02\/navrh-scaled.jpeg\",\"width\":2048,\"height\":1536,\"caption\":\"N\u00e1vrh\"},{\"@type\":\"BreadcrumbList\",\"@id\":\"https:\/\/swo.vavyskov.cz\/wordpress\/uspesny-web\/navrh\/#breadcrumb\",\"itemListElement\":[{\"@type\":\"ListItem\",\"position\":1,\"name\":\"Dom\u016f\",\"item\":\"https:\/\/swo.vavyskov.cz\/wordpress\/\"},{\"@type\":\"ListItem\",\"position\":2,\"name\":\"\u00dasp\u011b\u0161n\u00fd web\",\"item\":\"https:\/\/swo.vavyskov.cz\/wordpress\/uspesny-web\/\"},{\"@type\":\"ListItem\",\"position\":3,\"name\":\"N\u00e1vrh\"}]},{\"@type\":\"WebSite\",\"@id\":\"https:\/\/swo.vavyskov.cz\/wordpress\/#website\",\"url\":\"https:\/\/swo.vavyskov.cz\/wordpress\/\",\"name\":\"Spr\u00e1va webov\u00e9ho obsahu\",\"description\":\"Tvo\u0159\u00edme \u00fasp\u011b\u0161n\u00fd web\",\"publisher\":{\"@id\":\"https:\/\/swo.vavyskov.cz\/wordpress\/#organization\"},\"potentialAction\":[{\"@type\":\"SearchAction\",\"target\":{\"@type\":\"EntryPoint\",\"urlTemplate\":\"https:\/\/swo.vavyskov.cz\/wordpress\/?s={search_term_string}\"},\"query-input\":{\"@type\":\"PropertyValueSpecification\",\"valueRequired\":true,\"valueName\":\"search_term_string\"}}],\"inLanguage\":\"cs\"},{\"@type\":\"Organization\",\"@id\":\"https:\/\/swo.vavyskov.cz\/wordpress\/#organization\",\"name\":\"Velitelstv\u00ed v\u00fdcviku \u2013 Vojensk\u00e1 akademie Vy\u0161kov\",\"url\":\"https:\/\/swo.vavyskov.cz\/wordpress\/\",\"logo\":{\"@type\":\"ImageObject\",\"inLanguage\":\"cs\",\"@id\":\"https:\/\/swo.vavyskov.cz\/wordpress\/#\/schema\/logo\/image\/\",\"url\":\"https:\/\/swo.vavyskov.cz\/wordpress\/wp-content\/uploads\/2018\/04\/kontakt.png\",\"contentUrl\":\"https:\/\/swo.vavyskov.cz\/wordpress\/wp-content\/uploads\/2018\/04\/kontakt.png\",\"width\":487,\"height\":640,\"caption\":\"Velitelstv\u00ed v\u00fdcviku \u2013 Vojensk\u00e1 akademie Vy\u0161kov\"},\"image\":{\"@id\":\"https:\/\/swo.vavyskov.cz\/wordpress\/#\/schema\/logo\/image\/\"}}]}<\/script>\n<!-- \/ Yoast SEO plugin. -->","yoast_head_json":{"title":"N\u00e1vrh - Spr\u00e1va webov\u00e9ho obsahu","robots":{"index":"index","follow":"follow","max-snippet":"max-snippet:-1","max-image-preview":"max-image-preview:large","max-video-preview":"max-video-preview:-1"},"canonical":"https:\/\/swo.vavyskov.cz\/wordpress\/uspesny-web\/navrh\/","og_locale":"cs_CZ","og_type":"article","og_title":"N\u00e1vrh - Spr\u00e1va webov\u00e9ho obsahu","og_description":"N\u00e1vrh: pyramida pot\u0159eb webu typ webu navigace typy obsahu form\u00e1ty dat zp\u016fsob pr\u00e1ce s&nbsp;daty logo funk\u010dnost dr\u00e1tov\u00fd model grafick\u00fd n\u00e1vrh prototyp interaktivita SEO volba vhodn\u00e9ho \u0159e\u0161en\u00ed","og_url":"https:\/\/swo.vavyskov.cz\/wordpress\/uspesny-web\/navrh\/","og_site_name":"Spr\u00e1va webov\u00e9ho obsahu","article_modified_time":"2020-03-01T20:35:58+00:00","og_image":[{"width":2048,"height":1536,"url":"https:\/\/swo.vavyskov.cz\/wordpress\/wp-content\/uploads\/2020\/02\/navrh-scaled.jpeg","type":"image\/jpeg"}],"twitter_card":"summary_large_image","schema":{"@context":"https:\/\/schema.org","@graph":[{"@type":"WebPage","@id":"https:\/\/swo.vavyskov.cz\/wordpress\/uspesny-web\/navrh\/","url":"https:\/\/swo.vavyskov.cz\/wordpress\/uspesny-web\/navrh\/","name":"N\u00e1vrh - Spr\u00e1va webov\u00e9ho obsahu","isPartOf":{"@id":"https:\/\/swo.vavyskov.cz\/wordpress\/#website"},"primaryImageOfPage":{"@id":"https:\/\/swo.vavyskov.cz\/wordpress\/uspesny-web\/navrh\/#primaryimage"},"image":{"@id":"https:\/\/swo.vavyskov.cz\/wordpress\/uspesny-web\/navrh\/#primaryimage"},"thumbnailUrl":"https:\/\/swo.vavyskov.cz\/wordpress\/wp-content\/uploads\/2020\/02\/navrh-scaled.jpeg","datePublished":"2018-04-26T08:20:01+00:00","dateModified":"2020-03-01T20:35:58+00:00","breadcrumb":{"@id":"https:\/\/swo.vavyskov.cz\/wordpress\/uspesny-web\/navrh\/#breadcrumb"},"inLanguage":"cs","potentialAction":[{"@type":"ReadAction","target":["https:\/\/swo.vavyskov.cz\/wordpress\/uspesny-web\/navrh\/"]}]},{"@type":"ImageObject","inLanguage":"cs","@id":"https:\/\/swo.vavyskov.cz\/wordpress\/uspesny-web\/navrh\/#primaryimage","url":"https:\/\/swo.vavyskov.cz\/wordpress\/wp-content\/uploads\/2020\/02\/navrh-scaled.jpeg","contentUrl":"https:\/\/swo.vavyskov.cz\/wordpress\/wp-content\/uploads\/2020\/02\/navrh-scaled.jpeg","width":2048,"height":1536,"caption":"N\u00e1vrh"},{"@type":"BreadcrumbList","@id":"https:\/\/swo.vavyskov.cz\/wordpress\/uspesny-web\/navrh\/#breadcrumb","itemListElement":[{"@type":"ListItem","position":1,"name":"Dom\u016f","item":"https:\/\/swo.vavyskov.cz\/wordpress\/"},{"@type":"ListItem","position":2,"name":"\u00dasp\u011b\u0161n\u00fd web","item":"https:\/\/swo.vavyskov.cz\/wordpress\/uspesny-web\/"},{"@type":"ListItem","position":3,"name":"N\u00e1vrh"}]},{"@type":"WebSite","@id":"https:\/\/swo.vavyskov.cz\/wordpress\/#website","url":"https:\/\/swo.vavyskov.cz\/wordpress\/","name":"Spr\u00e1va webov\u00e9ho obsahu","description":"Tvo\u0159\u00edme \u00fasp\u011b\u0161n\u00fd web","publisher":{"@id":"https:\/\/swo.vavyskov.cz\/wordpress\/#organization"},"potentialAction":[{"@type":"SearchAction","target":{"@type":"EntryPoint","urlTemplate":"https:\/\/swo.vavyskov.cz\/wordpress\/?s={search_term_string}"},"query-input":{"@type":"PropertyValueSpecification","valueRequired":true,"valueName":"search_term_string"}}],"inLanguage":"cs"},{"@type":"Organization","@id":"https:\/\/swo.vavyskov.cz\/wordpress\/#organization","name":"Velitelstv\u00ed v\u00fdcviku \u2013 Vojensk\u00e1 akademie Vy\u0161kov","url":"https:\/\/swo.vavyskov.cz\/wordpress\/","logo":{"@type":"ImageObject","inLanguage":"cs","@id":"https:\/\/swo.vavyskov.cz\/wordpress\/#\/schema\/logo\/image\/","url":"https:\/\/swo.vavyskov.cz\/wordpress\/wp-content\/uploads\/2018\/04\/kontakt.png","contentUrl":"https:\/\/swo.vavyskov.cz\/wordpress\/wp-content\/uploads\/2018\/04\/kontakt.png","width":487,"height":640,"caption":"Velitelstv\u00ed v\u00fdcviku \u2013 Vojensk\u00e1 akademie Vy\u0161kov"},"image":{"@id":"https:\/\/swo.vavyskov.cz\/wordpress\/#\/schema\/logo\/image\/"}}]}},"coauthors":[],"author_meta":{"author_link":"https:\/\/swo.vavyskov.cz\/wordpress\/author\/userwp\/","display_name":"Tom\u00e1\u0161 Dan\u011bk"},"relative_dates":{"created":"Posted 8 roky ago","modified":"Updated 6 roky ago"},"absolute_dates":{"created":"Posted on 26. 4. 2018","modified":"Updated on 1. 3. 2020"},"absolute_dates_time":{"created":"Posted on 26. 4. 2018 10:20","modified":"Updated on 1. 3. 2020 21:35"},"featured_img_caption":"","featured_img":"https:\/\/swo.vavyskov.cz\/wordpress\/wp-content\/uploads\/2020\/02\/navrh-scaled.jpeg","series_order":"","_links":{"self":[{"href":"https:\/\/swo.vavyskov.cz\/wordpress\/wp-json\/wp\/v2\/pages\/77","targetHints":{"allow":["GET"]}}],"collection":[{"href":"https:\/\/swo.vavyskov.cz\/wordpress\/wp-json\/wp\/v2\/pages"}],"about":[{"href":"https:\/\/swo.vavyskov.cz\/wordpress\/wp-json\/wp\/v2\/types\/page"}],"author":[{"embeddable":true,"href":"https:\/\/swo.vavyskov.cz\/wordpress\/wp-json\/wp\/v2\/users\/2"}],"replies":[{"embeddable":true,"href":"https:\/\/swo.vavyskov.cz\/wordpress\/wp-json\/wp\/v2\/comments?post=77"}],"version-history":[{"count":9,"href":"https:\/\/swo.vavyskov.cz\/wordpress\/wp-json\/wp\/v2\/pages\/77\/revisions"}],"predecessor-version":[{"id":715,"href":"https:\/\/swo.vavyskov.cz\/wordpress\/wp-json\/wp\/v2\/pages\/77\/revisions\/715"}],"up":[{"embeddable":true,"href":"https:\/\/swo.vavyskov.cz\/wordpress\/wp-json\/wp\/v2\/pages\/74"}],"wp:featuredmedia":[{"embeddable":true,"href":"https:\/\/swo.vavyskov.cz\/wordpress\/wp-json\/wp\/v2\/media\/503"}],"wp:attachment":[{"href":"https:\/\/swo.vavyskov.cz\/wordpress\/wp-json\/wp\/v2\/media?parent=77"}],"curies":[{"name":"wp","href":"https:\/\/api.w.org\/{rel}","templated":true}]}}