{"id":561,"date":"2020-02-18T23:31:12","date_gmt":"2020-02-18T22:31:12","guid":{"rendered":"https:\/\/swo.vavyskov.cz\/wordpress\/?page_id=561"},"modified":"2020-03-01T21:51:26","modified_gmt":"2020-03-01T20:51:26","slug":"vyzva-k-akci","status":"publish","type":"page","link":"https:\/\/swo.vavyskov.cz\/wordpress\/uspesny-web\/marketing\/vyzva-k-akci\/","title":{"rendered":"V\u00fdzva k&nbsp;akci"},"content":{"rendered":"\n<figure class=\"wp-block-gallery columns-1 is-cropped wp-block-gallery-2\"><ul class=\"blocks-gallery-grid\"><li class=\"blocks-gallery-item\"><figure><img loading=\"lazy\" decoding=\"async\" width=\"1024\" height=\"768\" src=\"\/wordpress\/wp-content\/uploads\/2020\/02\/vyzva-k-akci-1024x768.jpeg\" alt=\"V\u00fdzva k akci\" data-id=\"562\" class=\"wp-image-562 is-layout-flex wp-block-gallery-is-layout-flex\" srcset=\"https:\/\/swo.vavyskov.cz\/wordpress\/wp-content\/uploads\/2020\/02\/vyzva-k-akci-1024x768.jpeg 1024w, https:\/\/swo.vavyskov.cz\/wordpress\/wp-content\/uploads\/2020\/02\/vyzva-k-akci-300x225.jpeg 300w, https:\/\/swo.vavyskov.cz\/wordpress\/wp-content\/uploads\/2020\/02\/vyzva-k-akci-768x576.jpeg 768w, https:\/\/swo.vavyskov.cz\/wordpress\/wp-content\/uploads\/2020\/02\/vyzva-k-akci-1536x1152.jpeg 1536w, https:\/\/swo.vavyskov.cz\/wordpress\/wp-content\/uploads\/2020\/02\/vyzva-k-akci-scaled.jpeg 2048w\" sizes=\"auto, (max-width: 767px) 89vw, (max-width: 1000px) 54vw, (max-width: 1071px) 543px, 580px\" \/><\/figure><\/li><\/ul><\/figure>\n\n\n\n<p>V\u00fdzva k&nbsp;akci (Landing page, Sqeeze page):<\/p>\n\n\n\n<ul class=\"wp-block-list\"><li>c\u00edlem je z\u00edskat cht\u011bn\u00e9 kontakty a&nbsp;rozd\u011blit z\u00e1kazn\u00edky dle zam\u011b\u0159en\u00ed<\/li><li>d\u00e1t lidem siln\u00fd d\u016fvod (motiv, z\u00e1jem, vy\u0159e\u0161en\u00ed probl\u00e9mu), aby nechali kontakt<\/li><li>filtr z\u00e1jemc\u016f (80&nbsp;% lid\u00ed nem\u00e1 \u010das)<\/li><li>z\u00edskat kvalitn\u00ed informace \u201ezdarma\u201c nebo za&nbsp;e-mail<\/li><li>uk\u00e1zat svoji znalost a&nbsp;nab\u00eddnou \u0159e\u0161en\u00ed nejl\u00e9pe za&nbsp;kontakt<\/li><li>zpravidla neobsahuje navigaci ale&nbsp;jen \u201ev\u00fdzvu k&nbsp;akci\u201c \u2013 odes\u00edlac\u00ed tla\u010d\u00edtko mus\u00ed b\u00fdt \u201ev\u00fdzva k&nbsp;akci\u201c ne jen \u201eodeslat\u201c (vnit\u0159n\u00ed hlas napov\u00edd\u00e1 \u201eco m\u00e1 m\u00edt z\u00e1jemce v&nbsp;hlav\u011b\u201c)<\/li><\/ul>\n","protected":false},"excerpt":{"rendered":"<p>V\u00fdzva k&nbsp;akci (Landing page, Sqeeze page): c\u00edlem je z\u00edskat cht\u011bn\u00e9 kontakty a&nbsp;rozd\u011blit z\u00e1kazn\u00edky dle zam\u011b\u0159en\u00ed d\u00e1t lidem siln\u00fd d\u016fvod (motiv, z\u00e1jem, vy\u0159e\u0161en\u00ed probl\u00e9mu), aby nechali kontakt filtr z\u00e1jemc\u016f (80&nbsp;% lid\u00ed nem\u00e1 \u010das) z\u00edskat kvalitn\u00ed informace \u201ezdarma\u201c nebo za&nbsp;e-mail uk\u00e1zat svoji znalost a&nbsp;nab\u00eddnou \u0159e\u0161en\u00ed nejl\u00e9pe za&nbsp;kontakt zpravidla neobsahuje navigaci ale&nbsp;jen \u201ev\u00fdzvu k&nbsp;akci\u201c \u2013 odes\u00edlac\u00ed tla\u010d\u00edtko mus\u00ed &hellip; <\/p>\n<p class=\"link-more\"><a href=\"https:\/\/swo.vavyskov.cz\/wordpress\/uspesny-web\/marketing\/vyzva-k-akci\/\" class=\"more-link\">Pokra\u010dovat ve&nbsp;\u010dten\u00ed<span class=\"screen-reader-text\"> &#8220;V\u00fdzva k&nbsp;akci&#8221;<\/span><\/a><\/p>\n","protected":false},"author":1,"featured_media":562,"parent":269,"menu_order":0,"comment_status":"closed","ping_status":"closed","template":"page_no-featured-image.php","meta":{"advgb_blocks_editor_width":"","advgb_blocks_columns_visual_guide":"","footnotes":""},"class_list":["post-561","page","type-page","status-publish","has-post-thumbnail","hentry"],"yoast_head":"<!-- This site is optimized with the Yoast SEO plugin v27.0 - https:\/\/yoast.com\/product\/yoast-seo-wordpress\/ -->\n<title>V\u00fdzva k akci - Spr\u00e1va webov\u00e9ho obsahu<\/title>\n<meta name=\"robots\" content=\"index, follow, max-snippet:-1, max-image-preview:large, max-video-preview:-1\" \/>\n<link rel=\"canonical\" href=\"https:\/\/swo.vavyskov.cz\/wordpress\/uspesny-web\/marketing\/vyzva-k-akci\/\" \/>\n<meta property=\"og:locale\" content=\"cs_CZ\" \/>\n<meta property=\"og:type\" content=\"article\" \/>\n<meta property=\"og:title\" content=\"V\u00fdzva k akci - Spr\u00e1va webov\u00e9ho obsahu\" \/>\n<meta property=\"og:description\" content=\"V\u00fdzva k&nbsp;akci (Landing page, Sqeeze page): c\u00edlem je z\u00edskat cht\u011bn\u00e9 kontakty a&nbsp;rozd\u011blit z\u00e1kazn\u00edky dle zam\u011b\u0159en\u00ed d\u00e1t lidem siln\u00fd d\u016fvod (motiv, z\u00e1jem, vy\u0159e\u0161en\u00ed probl\u00e9mu), aby nechali kontakt filtr z\u00e1jemc\u016f (80&nbsp;% lid\u00ed nem\u00e1 \u010das) z\u00edskat kvalitn\u00ed informace \u201ezdarma\u201c nebo za&nbsp;e-mail uk\u00e1zat svoji znalost a&nbsp;nab\u00eddnou \u0159e\u0161en\u00ed nejl\u00e9pe za&nbsp;kontakt zpravidla neobsahuje navigaci ale&nbsp;jen \u201ev\u00fdzvu k&nbsp;akci\u201c \u2013 odes\u00edlac\u00ed tla\u010d\u00edtko mus\u00ed &hellip; Pokra\u010dovat ve \u010dten\u00ed &quot;V\u00fdzva k&nbsp;akci&quot;\" \/>\n<meta property=\"og:url\" content=\"https:\/\/swo.vavyskov.cz\/wordpress\/uspesny-web\/marketing\/vyzva-k-akci\/\" \/>\n<meta property=\"og:site_name\" content=\"Spr\u00e1va webov\u00e9ho obsahu\" \/>\n<meta property=\"article:modified_time\" content=\"2020-03-01T20:51:26+00:00\" \/>\n<meta property=\"og:image\" content=\"https:\/\/swo.vavyskov.cz\/wordpress\/wp-content\/uploads\/2020\/02\/vyzva-k-akci-scaled.jpeg\" \/>\n\t<meta property=\"og:image:width\" content=\"2048\" \/>\n\t<meta property=\"og:image:height\" content=\"1536\" \/>\n\t<meta property=\"og:image:type\" content=\"image\/jpeg\" \/>\n<meta name=\"twitter:card\" content=\"summary_large_image\" \/>\n<meta name=\"twitter:label1\" content=\"Odhadovan\u00e1 doba \u010dten\u00ed\" \/>\n\t<meta name=\"twitter:data1\" content=\"1 minuta\" \/>\n<script type=\"application\/ld+json\" class=\"yoast-schema-graph\">{\"@context\":\"https:\/\/schema.org\",\"@graph\":[{\"@type\":\"WebPage\",\"@id\":\"https:\/\/swo.vavyskov.cz\/wordpress\/uspesny-web\/marketing\/vyzva-k-akci\/\",\"url\":\"https:\/\/swo.vavyskov.cz\/wordpress\/uspesny-web\/marketing\/vyzva-k-akci\/\",\"name\":\"V\u00fdzva k akci - Spr\u00e1va webov\u00e9ho obsahu\",\"isPartOf\":{\"@id\":\"https:\/\/swo.vavyskov.cz\/wordpress\/#website\"},\"primaryImageOfPage\":{\"@id\":\"https:\/\/swo.vavyskov.cz\/wordpress\/uspesny-web\/marketing\/vyzva-k-akci\/#primaryimage\"},\"image\":{\"@id\":\"https:\/\/swo.vavyskov.cz\/wordpress\/uspesny-web\/marketing\/vyzva-k-akci\/#primaryimage\"},\"thumbnailUrl\":\"https:\/\/swo.vavyskov.cz\/wordpress\/wp-content\/uploads\/2020\/02\/vyzva-k-akci-scaled.jpeg\",\"datePublished\":\"2020-02-18T22:31:12+00:00\",\"dateModified\":\"2020-03-01T20:51:26+00:00\",\"breadcrumb\":{\"@id\":\"https:\/\/swo.vavyskov.cz\/wordpress\/uspesny-web\/marketing\/vyzva-k-akci\/#breadcrumb\"},\"inLanguage\":\"cs\",\"potentialAction\":[{\"@type\":\"ReadAction\",\"target\":[\"https:\/\/swo.vavyskov.cz\/wordpress\/uspesny-web\/marketing\/vyzva-k-akci\/\"]}]},{\"@type\":\"ImageObject\",\"inLanguage\":\"cs\",\"@id\":\"https:\/\/swo.vavyskov.cz\/wordpress\/uspesny-web\/marketing\/vyzva-k-akci\/#primaryimage\",\"url\":\"https:\/\/swo.vavyskov.cz\/wordpress\/wp-content\/uploads\/2020\/02\/vyzva-k-akci-scaled.jpeg\",\"contentUrl\":\"https:\/\/swo.vavyskov.cz\/wordpress\/wp-content\/uploads\/2020\/02\/vyzva-k-akci-scaled.jpeg\",\"width\":2048,\"height\":1536,\"caption\":\"V\u00fdzva k akci\"},{\"@type\":\"BreadcrumbList\",\"@id\":\"https:\/\/swo.vavyskov.cz\/wordpress\/uspesny-web\/marketing\/vyzva-k-akci\/#breadcrumb\",\"itemListElement\":[{\"@type\":\"ListItem\",\"position\":1,\"name\":\"Dom\u016f\",\"item\":\"https:\/\/swo.vavyskov.cz\/wordpress\/\"},{\"@type\":\"ListItem\",\"position\":2,\"name\":\"\u00dasp\u011b\u0161n\u00fd web\",\"item\":\"https:\/\/swo.vavyskov.cz\/wordpress\/uspesny-web\/\"},{\"@type\":\"ListItem\",\"position\":3,\"name\":\"Marketing\",\"item\":\"https:\/\/swo.vavyskov.cz\/wordpress\/uspesny-web\/marketing\/\"},{\"@type\":\"ListItem\",\"position\":4,\"name\":\"V\u00fdzva k&nbsp;akci\"}]},{\"@type\":\"WebSite\",\"@id\":\"https:\/\/swo.vavyskov.cz\/wordpress\/#website\",\"url\":\"https:\/\/swo.vavyskov.cz\/wordpress\/\",\"name\":\"Spr\u00e1va webov\u00e9ho obsahu\",\"description\":\"Tvo\u0159\u00edme \u00fasp\u011b\u0161n\u00fd web\",\"publisher\":{\"@id\":\"https:\/\/swo.vavyskov.cz\/wordpress\/#organization\"},\"potentialAction\":[{\"@type\":\"SearchAction\",\"target\":{\"@type\":\"EntryPoint\",\"urlTemplate\":\"https:\/\/swo.vavyskov.cz\/wordpress\/?s={search_term_string}\"},\"query-input\":{\"@type\":\"PropertyValueSpecification\",\"valueRequired\":true,\"valueName\":\"search_term_string\"}}],\"inLanguage\":\"cs\"},{\"@type\":\"Organization\",\"@id\":\"https:\/\/swo.vavyskov.cz\/wordpress\/#organization\",\"name\":\"Velitelstv\u00ed v\u00fdcviku \u2013 Vojensk\u00e1 akademie Vy\u0161kov\",\"url\":\"https:\/\/swo.vavyskov.cz\/wordpress\/\",\"logo\":{\"@type\":\"ImageObject\",\"inLanguage\":\"cs\",\"@id\":\"https:\/\/swo.vavyskov.cz\/wordpress\/#\/schema\/logo\/image\/\",\"url\":\"https:\/\/swo.vavyskov.cz\/wordpress\/wp-content\/uploads\/2018\/04\/kontakt.png\",\"contentUrl\":\"https:\/\/swo.vavyskov.cz\/wordpress\/wp-content\/uploads\/2018\/04\/kontakt.png\",\"width\":487,\"height\":640,\"caption\":\"Velitelstv\u00ed v\u00fdcviku \u2013 Vojensk\u00e1 akademie Vy\u0161kov\"},\"image\":{\"@id\":\"https:\/\/swo.vavyskov.cz\/wordpress\/#\/schema\/logo\/image\/\"}}]}<\/script>\n<!-- \/ Yoast SEO plugin. -->","yoast_head_json":{"title":"V\u00fdzva k akci - Spr\u00e1va webov\u00e9ho obsahu","robots":{"index":"index","follow":"follow","max-snippet":"max-snippet:-1","max-image-preview":"max-image-preview:large","max-video-preview":"max-video-preview:-1"},"canonical":"https:\/\/swo.vavyskov.cz\/wordpress\/uspesny-web\/marketing\/vyzva-k-akci\/","og_locale":"cs_CZ","og_type":"article","og_title":"V\u00fdzva k akci - Spr\u00e1va webov\u00e9ho obsahu","og_description":"V\u00fdzva k&nbsp;akci (Landing page, Sqeeze page): c\u00edlem je z\u00edskat cht\u011bn\u00e9 kontakty a&nbsp;rozd\u011blit z\u00e1kazn\u00edky dle zam\u011b\u0159en\u00ed d\u00e1t lidem siln\u00fd d\u016fvod (motiv, z\u00e1jem, vy\u0159e\u0161en\u00ed probl\u00e9mu), aby nechali kontakt filtr z\u00e1jemc\u016f (80&nbsp;% lid\u00ed nem\u00e1 \u010das) z\u00edskat kvalitn\u00ed informace \u201ezdarma\u201c nebo za&nbsp;e-mail uk\u00e1zat svoji znalost a&nbsp;nab\u00eddnou \u0159e\u0161en\u00ed nejl\u00e9pe za&nbsp;kontakt zpravidla neobsahuje navigaci ale&nbsp;jen \u201ev\u00fdzvu k&nbsp;akci\u201c \u2013 odes\u00edlac\u00ed tla\u010d\u00edtko mus\u00ed &hellip; Pokra\u010dovat ve \u010dten\u00ed \"V\u00fdzva k&nbsp;akci\"","og_url":"https:\/\/swo.vavyskov.cz\/wordpress\/uspesny-web\/marketing\/vyzva-k-akci\/","og_site_name":"Spr\u00e1va webov\u00e9ho obsahu","article_modified_time":"2020-03-01T20:51:26+00:00","og_image":[{"width":2048,"height":1536,"url":"https:\/\/swo.vavyskov.cz\/wordpress\/wp-content\/uploads\/2020\/02\/vyzva-k-akci-scaled.jpeg","type":"image\/jpeg"}],"twitter_card":"summary_large_image","twitter_misc":{"Odhadovan\u00e1 doba \u010dten\u00ed":"1 minuta"},"schema":{"@context":"https:\/\/schema.org","@graph":[{"@type":"WebPage","@id":"https:\/\/swo.vavyskov.cz\/wordpress\/uspesny-web\/marketing\/vyzva-k-akci\/","url":"https:\/\/swo.vavyskov.cz\/wordpress\/uspesny-web\/marketing\/vyzva-k-akci\/","name":"V\u00fdzva k akci - Spr\u00e1va webov\u00e9ho obsahu","isPartOf":{"@id":"https:\/\/swo.vavyskov.cz\/wordpress\/#website"},"primaryImageOfPage":{"@id":"https:\/\/swo.vavyskov.cz\/wordpress\/uspesny-web\/marketing\/vyzva-k-akci\/#primaryimage"},"image":{"@id":"https:\/\/swo.vavyskov.cz\/wordpress\/uspesny-web\/marketing\/vyzva-k-akci\/#primaryimage"},"thumbnailUrl":"https:\/\/swo.vavyskov.cz\/wordpress\/wp-content\/uploads\/2020\/02\/vyzva-k-akci-scaled.jpeg","datePublished":"2020-02-18T22:31:12+00:00","dateModified":"2020-03-01T20:51:26+00:00","breadcrumb":{"@id":"https:\/\/swo.vavyskov.cz\/wordpress\/uspesny-web\/marketing\/vyzva-k-akci\/#breadcrumb"},"inLanguage":"cs","potentialAction":[{"@type":"ReadAction","target":["https:\/\/swo.vavyskov.cz\/wordpress\/uspesny-web\/marketing\/vyzva-k-akci\/"]}]},{"@type":"ImageObject","inLanguage":"cs","@id":"https:\/\/swo.vavyskov.cz\/wordpress\/uspesny-web\/marketing\/vyzva-k-akci\/#primaryimage","url":"https:\/\/swo.vavyskov.cz\/wordpress\/wp-content\/uploads\/2020\/02\/vyzva-k-akci-scaled.jpeg","contentUrl":"https:\/\/swo.vavyskov.cz\/wordpress\/wp-content\/uploads\/2020\/02\/vyzva-k-akci-scaled.jpeg","width":2048,"height":1536,"caption":"V\u00fdzva k akci"},{"@type":"BreadcrumbList","@id":"https:\/\/swo.vavyskov.cz\/wordpress\/uspesny-web\/marketing\/vyzva-k-akci\/#breadcrumb","itemListElement":[{"@type":"ListItem","position":1,"name":"Dom\u016f","item":"https:\/\/swo.vavyskov.cz\/wordpress\/"},{"@type":"ListItem","position":2,"name":"\u00dasp\u011b\u0161n\u00fd web","item":"https:\/\/swo.vavyskov.cz\/wordpress\/uspesny-web\/"},{"@type":"ListItem","position":3,"name":"Marketing","item":"https:\/\/swo.vavyskov.cz\/wordpress\/uspesny-web\/marketing\/"},{"@type":"ListItem","position":4,"name":"V\u00fdzva k&nbsp;akci"}]},{"@type":"WebSite","@id":"https:\/\/swo.vavyskov.cz\/wordpress\/#website","url":"https:\/\/swo.vavyskov.cz\/wordpress\/","name":"Spr\u00e1va webov\u00e9ho obsahu","description":"Tvo\u0159\u00edme \u00fasp\u011b\u0161n\u00fd web","publisher":{"@id":"https:\/\/swo.vavyskov.cz\/wordpress\/#organization"},"potentialAction":[{"@type":"SearchAction","target":{"@type":"EntryPoint","urlTemplate":"https:\/\/swo.vavyskov.cz\/wordpress\/?s={search_term_string}"},"query-input":{"@type":"PropertyValueSpecification","valueRequired":true,"valueName":"search_term_string"}}],"inLanguage":"cs"},{"@type":"Organization","@id":"https:\/\/swo.vavyskov.cz\/wordpress\/#organization","name":"Velitelstv\u00ed v\u00fdcviku \u2013 Vojensk\u00e1 akademie Vy\u0161kov","url":"https:\/\/swo.vavyskov.cz\/wordpress\/","logo":{"@type":"ImageObject","inLanguage":"cs","@id":"https:\/\/swo.vavyskov.cz\/wordpress\/#\/schema\/logo\/image\/","url":"https:\/\/swo.vavyskov.cz\/wordpress\/wp-content\/uploads\/2018\/04\/kontakt.png","contentUrl":"https:\/\/swo.vavyskov.cz\/wordpress\/wp-content\/uploads\/2018\/04\/kontakt.png","width":487,"height":640,"caption":"Velitelstv\u00ed v\u00fdcviku \u2013 Vojensk\u00e1 akademie Vy\u0161kov"},"image":{"@id":"https:\/\/swo.vavyskov.cz\/wordpress\/#\/schema\/logo\/image\/"}}]}},"coauthors":[],"author_meta":{"author_link":"https:\/\/swo.vavyskov.cz\/wordpress\/author\/swowp\/","display_name":"SWO"},"relative_dates":{"created":"Posted 6 roky ago","modified":"Updated 6 roky ago"},"absolute_dates":{"created":"Posted on 18. 2. 2020","modified":"Updated on 1. 3. 2020"},"absolute_dates_time":{"created":"Posted on 18. 2. 2020 23:31","modified":"Updated on 1. 3. 2020 21:51"},"featured_img_caption":"","featured_img":"https:\/\/swo.vavyskov.cz\/wordpress\/wp-content\/uploads\/2020\/02\/vyzva-k-akci-scaled.jpeg","series_order":"","_links":{"self":[{"href":"https:\/\/swo.vavyskov.cz\/wordpress\/wp-json\/wp\/v2\/pages\/561","targetHints":{"allow":["GET"]}}],"collection":[{"href":"https:\/\/swo.vavyskov.cz\/wordpress\/wp-json\/wp\/v2\/pages"}],"about":[{"href":"https:\/\/swo.vavyskov.cz\/wordpress\/wp-json\/wp\/v2\/types\/page"}],"author":[{"embeddable":true,"href":"https:\/\/swo.vavyskov.cz\/wordpress\/wp-json\/wp\/v2\/users\/1"}],"replies":[{"embeddable":true,"href":"https:\/\/swo.vavyskov.cz\/wordpress\/wp-json\/wp\/v2\/comments?post=561"}],"version-history":[{"count":5,"href":"https:\/\/swo.vavyskov.cz\/wordpress\/wp-json\/wp\/v2\/pages\/561\/revisions"}],"predecessor-version":[{"id":964,"href":"https:\/\/swo.vavyskov.cz\/wordpress\/wp-json\/wp\/v2\/pages\/561\/revisions\/964"}],"up":[{"embeddable":true,"href":"https:\/\/swo.vavyskov.cz\/wordpress\/wp-json\/wp\/v2\/pages\/269"}],"wp:featuredmedia":[{"embeddable":true,"href":"https:\/\/swo.vavyskov.cz\/wordpress\/wp-json\/wp\/v2\/media\/562"}],"wp:attachment":[{"href":"https:\/\/swo.vavyskov.cz\/wordpress\/wp-json\/wp\/v2\/media?parent=561"}],"curies":[{"name":"wp","href":"https:\/\/api.w.org\/{rel}","templated":true}]}}