{"id":553,"date":"2020-02-18T23:27:27","date_gmt":"2020-02-18T22:27:27","guid":{"rendered":"https:\/\/swo.vavyskov.cz\/wordpress\/?page_id=553"},"modified":"2020-03-01T21:52:04","modified_gmt":"2020-03-01T20:52:04","slug":"vyhledavani","status":"publish","type":"page","link":"https:\/\/swo.vavyskov.cz\/wordpress\/uspesny-web\/propagace\/vyhledavani\/","title":{"rendered":"Vyhled\u00e1v\u00e1n\u00ed"},"content":{"rendered":"\n<figure class=\"wp-block-gallery columns-1 is-cropped wp-block-gallery-2\"><ul class=\"blocks-gallery-grid\"><li class=\"blocks-gallery-item\"><figure><img loading=\"lazy\" decoding=\"async\" width=\"1024\" height=\"768\" src=\"\/wordpress\/wp-content\/uploads\/2020\/02\/vyhledavani-1024x768.jpeg\" alt=\"Vyhled\u00e1v\u00e1n\u00ed\" data-id=\"554\" class=\"wp-image-554 is-layout-flex wp-block-gallery-is-layout-flex\" srcset=\"https:\/\/swo.vavyskov.cz\/wordpress\/wp-content\/uploads\/2020\/02\/vyhledavani-1024x768.jpeg 1024w, https:\/\/swo.vavyskov.cz\/wordpress\/wp-content\/uploads\/2020\/02\/vyhledavani-300x225.jpeg 300w, https:\/\/swo.vavyskov.cz\/wordpress\/wp-content\/uploads\/2020\/02\/vyhledavani-768x576.jpeg 768w, https:\/\/swo.vavyskov.cz\/wordpress\/wp-content\/uploads\/2020\/02\/vyhledavani-1536x1152.jpeg 1536w, https:\/\/swo.vavyskov.cz\/wordpress\/wp-content\/uploads\/2020\/02\/vyhledavani-scaled.jpeg 2048w\" sizes=\"auto, (max-width: 767px) 89vw, (max-width: 1000px) 54vw, (max-width: 1071px) 543px, 580px\" \/><\/figure><\/li><\/ul><\/figure>\n\n\n\n<p>Vyhled\u00e1va\u010de:<\/p>\n\n\n\n<ul class=\"wp-block-list\"><li>google.com<\/li><li>seznam.cz<\/li><li>youtube.com<\/li><li>bing.com atd.<\/li><\/ul>\n\n\n\n<h2 class=\"wp-block-heading\">Indexace<\/h2>\n\n\n\n<p>Ov\u011b\u0159en\u00ed indexace:<\/p>\n\n\n\n<ul class=\"wp-block-list\"><li>oper\u00e1tor \u201esite:\u201c omez\u00ed v\u00fdsledky vyhled\u00e1v\u00e1n\u00ed na&nbsp;dom\u00e9nu<\/li><li>zajistit pravidelnou automatickou indexaci (sitemap.xml)<\/li><\/ul>\n\n\n\n<h2 class=\"wp-block-heading\">Kl\u00ed\u010dov\u00e1 slova<\/h2>\n\n\n\n<p>Odhadn\u011bte&nbsp;jak\u00e1 kl\u00ed\u010dov\u00e1 slova (slovn\u00ed spojen\u00ed) n\u00e1v\u0161t\u011bvn\u00edci vyhled\u00e1vaj\u00ed a&nbsp;ta pou\u017eijte v&nbsp;textech nap\u0159.:<\/p>\n\n\n\n<ul class=\"wp-block-list\"><li>popis + n\u00e1zev + m\u011bsto<\/li><li>popis + n\u00e1zev<\/li><li>popis + m\u011bsto<\/li><li>n\u00e1zev + m\u011bsto<\/li><\/ul>\n\n\n\n<p>Mo\u017enosti:<\/p>\n\n\n\n<ul class=\"wp-block-list\"><li><a href=\"https:\/\/ads.google.com\/home\/tools\/keyword-planner\/\">ads.google.com\/home\/tools\/keyword-planner<\/a>&nbsp;(vy\u017eaduje registraci)<\/li><li><a href=\"https:\/\/search.seznam.cz\/stats\/?term=slovo\">search.seznam.cz\/stats?collocation=slovo<\/a><\/li><\/ul>\n\n\n\n<p>Za ka\u017ed\u00fdm kl\u00ed\u010dov\u00fdm slovem se&nbsp;skr\u00fdv\u00e1 p\u0159\u00edb\u011bh pro\u010d \u010dten\u00e1\u0159 hled\u00e1 pr\u00e1v\u011b to, co hled\u00e1.<\/p>\n\n\n\n<h2 class=\"wp-block-heading\">Meta informace<\/h2>\n\n\n\n<p>U ka\u017ed\u00e9 str\u00e1nky (zobrazuje se&nbsp;ve&nbsp;v\u00fdsledc\u00edch vyhled\u00e1v\u00e1n\u00ed):<\/p>\n\n\n\n<ul class=\"wp-block-list\"><li>jedine\u010dn\u00fd n\u00e1zev | firma (60 znak\u016f)<\/li><li>jedine\u010dn\u00fd popis (perex) (160 znak\u016f)<\/li><\/ul>\n\n\n\n<h2 class=\"wp-block-heading\">SEO<\/h2>\n\n\n\n<p>SEO (automatick\u00e1, ru\u010dn\u00ed kontrola):<\/p>\n\n\n\n<ul class=\"wp-block-list\"><li><a href=\"https:\/\/seo-servis.cz\/power-sila-stranky\/\">seo-servis.cz\/power-sila-stranky<\/a><\/li><li>heuristick\u00e1 anal\u00fdza<\/li><\/ul>\n\n\n\n<p>Nejlep\u0161\u00ed SEO je p\u0159irozen\u00e9 tj.&nbsp;naprost\u00e1 nepravidelnost!<\/p>\n","protected":false},"excerpt":{"rendered":"<p>Vyhled\u00e1va\u010de: google.com seznam.cz youtube.com bing.com atd. Indexace Ov\u011b\u0159en\u00ed indexace: oper\u00e1tor \u201esite:\u201c omez\u00ed v\u00fdsledky vyhled\u00e1v\u00e1n\u00ed na&nbsp;dom\u00e9nu zajistit pravidelnou automatickou indexaci (sitemap.xml) Kl\u00ed\u010dov\u00e1 slova Odhadn\u011bte&nbsp;jak\u00e1 kl\u00ed\u010dov\u00e1 slova (slovn\u00ed spojen\u00ed) n\u00e1v\u0161t\u011bvn\u00edci vyhled\u00e1vaj\u00ed a&nbsp;ta pou\u017eijte v&nbsp;textech nap\u0159.: popis + n\u00e1zev + m\u011bsto popis + n\u00e1zev popis + m\u011bsto n\u00e1zev + m\u011bsto Mo\u017enosti: ads.google.com\/home\/tools\/keyword-planner&nbsp;(vy\u017eaduje registraci) search.seznam.cz\/stats?collocation=slovo Za&nbsp;ka\u017ed\u00fdm kl\u00ed\u010dov\u00fdm slovem &hellip; <\/p>\n<p class=\"link-more\"><a href=\"https:\/\/swo.vavyskov.cz\/wordpress\/uspesny-web\/propagace\/vyhledavani\/\" class=\"more-link\">Pokra\u010dovat ve&nbsp;\u010dten\u00ed<span class=\"screen-reader-text\"> &#8220;Vyhled\u00e1v\u00e1n\u00ed&#8221;<\/span><\/a><\/p>\n","protected":false},"author":1,"featured_media":554,"parent":267,"menu_order":1,"comment_status":"closed","ping_status":"closed","template":"page_no-featured-image.php","meta":{"advgb_blocks_editor_width":"","advgb_blocks_columns_visual_guide":"","footnotes":""},"class_list":["post-553","page","type-page","status-publish","has-post-thumbnail","hentry"],"yoast_head":"<!-- This site is optimized with the Yoast SEO plugin v27.0 - https:\/\/yoast.com\/product\/yoast-seo-wordpress\/ -->\n<title>Vyhled\u00e1v\u00e1n\u00ed - Spr\u00e1va webov\u00e9ho obsahu<\/title>\n<meta name=\"robots\" content=\"index, follow, max-snippet:-1, max-image-preview:large, max-video-preview:-1\" \/>\n<link rel=\"canonical\" href=\"https:\/\/swo.vavyskov.cz\/wordpress\/uspesny-web\/propagace\/vyhledavani\/\" \/>\n<meta property=\"og:locale\" content=\"cs_CZ\" \/>\n<meta property=\"og:type\" content=\"article\" \/>\n<meta property=\"og:title\" content=\"Vyhled\u00e1v\u00e1n\u00ed - Spr\u00e1va webov\u00e9ho obsahu\" \/>\n<meta property=\"og:description\" content=\"Vyhled\u00e1va\u010de: google.com seznam.cz youtube.com bing.com atd. Indexace Ov\u011b\u0159en\u00ed indexace: oper\u00e1tor \u201esite:\u201c omez\u00ed v\u00fdsledky vyhled\u00e1v\u00e1n\u00ed na&nbsp;dom\u00e9nu zajistit pravidelnou automatickou indexaci (sitemap.xml) Kl\u00ed\u010dov\u00e1 slova Odhadn\u011bte&nbsp;jak\u00e1 kl\u00ed\u010dov\u00e1 slova (slovn\u00ed spojen\u00ed) n\u00e1v\u0161t\u011bvn\u00edci vyhled\u00e1vaj\u00ed a&nbsp;ta pou\u017eijte v&nbsp;textech nap\u0159.: popis + n\u00e1zev + m\u011bsto popis + n\u00e1zev popis + m\u011bsto n\u00e1zev + m\u011bsto Mo\u017enosti: ads.google.com\/home\/tools\/keyword-planner&nbsp;(vy\u017eaduje registraci) search.seznam.cz\/stats?collocation=slovo Za ka\u017ed\u00fdm kl\u00ed\u010dov\u00fdm slovem &hellip; Pokra\u010dovat ve \u010dten\u00ed &quot;Vyhled\u00e1v\u00e1n\u00ed&quot;\" \/>\n<meta property=\"og:url\" content=\"https:\/\/swo.vavyskov.cz\/wordpress\/uspesny-web\/propagace\/vyhledavani\/\" \/>\n<meta property=\"og:site_name\" content=\"Spr\u00e1va webov\u00e9ho obsahu\" \/>\n<meta property=\"article:modified_time\" content=\"2020-03-01T20:52:04+00:00\" \/>\n<meta property=\"og:image\" content=\"https:\/\/swo.vavyskov.cz\/wordpress\/wp-content\/uploads\/2020\/02\/vyhledavani-scaled.jpeg\" \/>\n\t<meta property=\"og:image:width\" content=\"2048\" \/>\n\t<meta property=\"og:image:height\" content=\"1536\" \/>\n\t<meta property=\"og:image:type\" content=\"image\/jpeg\" \/>\n<meta name=\"twitter:card\" content=\"summary_large_image\" \/>\n<meta name=\"twitter:label1\" content=\"Odhadovan\u00e1 doba \u010dten\u00ed\" \/>\n\t<meta name=\"twitter:data1\" content=\"1 minuta\" \/>\n<script type=\"application\/ld+json\" class=\"yoast-schema-graph\">{\"@context\":\"https:\/\/schema.org\",\"@graph\":[{\"@type\":\"WebPage\",\"@id\":\"https:\/\/swo.vavyskov.cz\/wordpress\/uspesny-web\/propagace\/vyhledavani\/\",\"url\":\"https:\/\/swo.vavyskov.cz\/wordpress\/uspesny-web\/propagace\/vyhledavani\/\",\"name\":\"Vyhled\u00e1v\u00e1n\u00ed - Spr\u00e1va webov\u00e9ho obsahu\",\"isPartOf\":{\"@id\":\"https:\/\/swo.vavyskov.cz\/wordpress\/#website\"},\"primaryImageOfPage\":{\"@id\":\"https:\/\/swo.vavyskov.cz\/wordpress\/uspesny-web\/propagace\/vyhledavani\/#primaryimage\"},\"image\":{\"@id\":\"https:\/\/swo.vavyskov.cz\/wordpress\/uspesny-web\/propagace\/vyhledavani\/#primaryimage\"},\"thumbnailUrl\":\"https:\/\/swo.vavyskov.cz\/wordpress\/wp-content\/uploads\/2020\/02\/vyhledavani-scaled.jpeg\",\"datePublished\":\"2020-02-18T22:27:27+00:00\",\"dateModified\":\"2020-03-01T20:52:04+00:00\",\"breadcrumb\":{\"@id\":\"https:\/\/swo.vavyskov.cz\/wordpress\/uspesny-web\/propagace\/vyhledavani\/#breadcrumb\"},\"inLanguage\":\"cs\",\"potentialAction\":[{\"@type\":\"ReadAction\",\"target\":[\"https:\/\/swo.vavyskov.cz\/wordpress\/uspesny-web\/propagace\/vyhledavani\/\"]}]},{\"@type\":\"ImageObject\",\"inLanguage\":\"cs\",\"@id\":\"https:\/\/swo.vavyskov.cz\/wordpress\/uspesny-web\/propagace\/vyhledavani\/#primaryimage\",\"url\":\"https:\/\/swo.vavyskov.cz\/wordpress\/wp-content\/uploads\/2020\/02\/vyhledavani-scaled.jpeg\",\"contentUrl\":\"https:\/\/swo.vavyskov.cz\/wordpress\/wp-content\/uploads\/2020\/02\/vyhledavani-scaled.jpeg\",\"width\":2048,\"height\":1536,\"caption\":\"Vyhled\u00e1v\u00e1n\u00ed\"},{\"@type\":\"BreadcrumbList\",\"@id\":\"https:\/\/swo.vavyskov.cz\/wordpress\/uspesny-web\/propagace\/vyhledavani\/#breadcrumb\",\"itemListElement\":[{\"@type\":\"ListItem\",\"position\":1,\"name\":\"Dom\u016f\",\"item\":\"https:\/\/swo.vavyskov.cz\/wordpress\/\"},{\"@type\":\"ListItem\",\"position\":2,\"name\":\"\u00dasp\u011b\u0161n\u00fd web\",\"item\":\"https:\/\/swo.vavyskov.cz\/wordpress\/uspesny-web\/\"},{\"@type\":\"ListItem\",\"position\":3,\"name\":\"Propagace\",\"item\":\"https:\/\/swo.vavyskov.cz\/wordpress\/uspesny-web\/propagace\/\"},{\"@type\":\"ListItem\",\"position\":4,\"name\":\"Vyhled\u00e1v\u00e1n\u00ed\"}]},{\"@type\":\"WebSite\",\"@id\":\"https:\/\/swo.vavyskov.cz\/wordpress\/#website\",\"url\":\"https:\/\/swo.vavyskov.cz\/wordpress\/\",\"name\":\"Spr\u00e1va webov\u00e9ho obsahu\",\"description\":\"Tvo\u0159\u00edme \u00fasp\u011b\u0161n\u00fd web\",\"publisher\":{\"@id\":\"https:\/\/swo.vavyskov.cz\/wordpress\/#organization\"},\"potentialAction\":[{\"@type\":\"SearchAction\",\"target\":{\"@type\":\"EntryPoint\",\"urlTemplate\":\"https:\/\/swo.vavyskov.cz\/wordpress\/?s={search_term_string}\"},\"query-input\":{\"@type\":\"PropertyValueSpecification\",\"valueRequired\":true,\"valueName\":\"search_term_string\"}}],\"inLanguage\":\"cs\"},{\"@type\":\"Organization\",\"@id\":\"https:\/\/swo.vavyskov.cz\/wordpress\/#organization\",\"name\":\"Velitelstv\u00ed v\u00fdcviku \u2013 Vojensk\u00e1 akademie Vy\u0161kov\",\"url\":\"https:\/\/swo.vavyskov.cz\/wordpress\/\",\"logo\":{\"@type\":\"ImageObject\",\"inLanguage\":\"cs\",\"@id\":\"https:\/\/swo.vavyskov.cz\/wordpress\/#\/schema\/logo\/image\/\",\"url\":\"https:\/\/swo.vavyskov.cz\/wordpress\/wp-content\/uploads\/2018\/04\/kontakt.png\",\"contentUrl\":\"https:\/\/swo.vavyskov.cz\/wordpress\/wp-content\/uploads\/2018\/04\/kontakt.png\",\"width\":487,\"height\":640,\"caption\":\"Velitelstv\u00ed v\u00fdcviku \u2013 Vojensk\u00e1 akademie Vy\u0161kov\"},\"image\":{\"@id\":\"https:\/\/swo.vavyskov.cz\/wordpress\/#\/schema\/logo\/image\/\"}}]}<\/script>\n<!-- \/ Yoast SEO plugin. -->","yoast_head_json":{"title":"Vyhled\u00e1v\u00e1n\u00ed - Spr\u00e1va webov\u00e9ho obsahu","robots":{"index":"index","follow":"follow","max-snippet":"max-snippet:-1","max-image-preview":"max-image-preview:large","max-video-preview":"max-video-preview:-1"},"canonical":"https:\/\/swo.vavyskov.cz\/wordpress\/uspesny-web\/propagace\/vyhledavani\/","og_locale":"cs_CZ","og_type":"article","og_title":"Vyhled\u00e1v\u00e1n\u00ed - Spr\u00e1va webov\u00e9ho obsahu","og_description":"Vyhled\u00e1va\u010de: google.com seznam.cz youtube.com bing.com atd. Indexace Ov\u011b\u0159en\u00ed indexace: oper\u00e1tor \u201esite:\u201c omez\u00ed v\u00fdsledky vyhled\u00e1v\u00e1n\u00ed na&nbsp;dom\u00e9nu zajistit pravidelnou automatickou indexaci (sitemap.xml) Kl\u00ed\u010dov\u00e1 slova Odhadn\u011bte&nbsp;jak\u00e1 kl\u00ed\u010dov\u00e1 slova (slovn\u00ed spojen\u00ed) n\u00e1v\u0161t\u011bvn\u00edci vyhled\u00e1vaj\u00ed a&nbsp;ta pou\u017eijte v&nbsp;textech nap\u0159.: popis + n\u00e1zev + m\u011bsto popis + n\u00e1zev popis + m\u011bsto n\u00e1zev + m\u011bsto Mo\u017enosti: ads.google.com\/home\/tools\/keyword-planner&nbsp;(vy\u017eaduje registraci) search.seznam.cz\/stats?collocation=slovo Za ka\u017ed\u00fdm kl\u00ed\u010dov\u00fdm slovem &hellip; Pokra\u010dovat ve \u010dten\u00ed \"Vyhled\u00e1v\u00e1n\u00ed\"","og_url":"https:\/\/swo.vavyskov.cz\/wordpress\/uspesny-web\/propagace\/vyhledavani\/","og_site_name":"Spr\u00e1va webov\u00e9ho obsahu","article_modified_time":"2020-03-01T20:52:04+00:00","og_image":[{"width":2048,"height":1536,"url":"https:\/\/swo.vavyskov.cz\/wordpress\/wp-content\/uploads\/2020\/02\/vyhledavani-scaled.jpeg","type":"image\/jpeg"}],"twitter_card":"summary_large_image","twitter_misc":{"Odhadovan\u00e1 doba \u010dten\u00ed":"1 minuta"},"schema":{"@context":"https:\/\/schema.org","@graph":[{"@type":"WebPage","@id":"https:\/\/swo.vavyskov.cz\/wordpress\/uspesny-web\/propagace\/vyhledavani\/","url":"https:\/\/swo.vavyskov.cz\/wordpress\/uspesny-web\/propagace\/vyhledavani\/","name":"Vyhled\u00e1v\u00e1n\u00ed - Spr\u00e1va webov\u00e9ho obsahu","isPartOf":{"@id":"https:\/\/swo.vavyskov.cz\/wordpress\/#website"},"primaryImageOfPage":{"@id":"https:\/\/swo.vavyskov.cz\/wordpress\/uspesny-web\/propagace\/vyhledavani\/#primaryimage"},"image":{"@id":"https:\/\/swo.vavyskov.cz\/wordpress\/uspesny-web\/propagace\/vyhledavani\/#primaryimage"},"thumbnailUrl":"https:\/\/swo.vavyskov.cz\/wordpress\/wp-content\/uploads\/2020\/02\/vyhledavani-scaled.jpeg","datePublished":"2020-02-18T22:27:27+00:00","dateModified":"2020-03-01T20:52:04+00:00","breadcrumb":{"@id":"https:\/\/swo.vavyskov.cz\/wordpress\/uspesny-web\/propagace\/vyhledavani\/#breadcrumb"},"inLanguage":"cs","potentialAction":[{"@type":"ReadAction","target":["https:\/\/swo.vavyskov.cz\/wordpress\/uspesny-web\/propagace\/vyhledavani\/"]}]},{"@type":"ImageObject","inLanguage":"cs","@id":"https:\/\/swo.vavyskov.cz\/wordpress\/uspesny-web\/propagace\/vyhledavani\/#primaryimage","url":"https:\/\/swo.vavyskov.cz\/wordpress\/wp-content\/uploads\/2020\/02\/vyhledavani-scaled.jpeg","contentUrl":"https:\/\/swo.vavyskov.cz\/wordpress\/wp-content\/uploads\/2020\/02\/vyhledavani-scaled.jpeg","width":2048,"height":1536,"caption":"Vyhled\u00e1v\u00e1n\u00ed"},{"@type":"BreadcrumbList","@id":"https:\/\/swo.vavyskov.cz\/wordpress\/uspesny-web\/propagace\/vyhledavani\/#breadcrumb","itemListElement":[{"@type":"ListItem","position":1,"name":"Dom\u016f","item":"https:\/\/swo.vavyskov.cz\/wordpress\/"},{"@type":"ListItem","position":2,"name":"\u00dasp\u011b\u0161n\u00fd web","item":"https:\/\/swo.vavyskov.cz\/wordpress\/uspesny-web\/"},{"@type":"ListItem","position":3,"name":"Propagace","item":"https:\/\/swo.vavyskov.cz\/wordpress\/uspesny-web\/propagace\/"},{"@type":"ListItem","position":4,"name":"Vyhled\u00e1v\u00e1n\u00ed"}]},{"@type":"WebSite","@id":"https:\/\/swo.vavyskov.cz\/wordpress\/#website","url":"https:\/\/swo.vavyskov.cz\/wordpress\/","name":"Spr\u00e1va webov\u00e9ho obsahu","description":"Tvo\u0159\u00edme \u00fasp\u011b\u0161n\u00fd web","publisher":{"@id":"https:\/\/swo.vavyskov.cz\/wordpress\/#organization"},"potentialAction":[{"@type":"SearchAction","target":{"@type":"EntryPoint","urlTemplate":"https:\/\/swo.vavyskov.cz\/wordpress\/?s={search_term_string}"},"query-input":{"@type":"PropertyValueSpecification","valueRequired":true,"valueName":"search_term_string"}}],"inLanguage":"cs"},{"@type":"Organization","@id":"https:\/\/swo.vavyskov.cz\/wordpress\/#organization","name":"Velitelstv\u00ed v\u00fdcviku \u2013 Vojensk\u00e1 akademie Vy\u0161kov","url":"https:\/\/swo.vavyskov.cz\/wordpress\/","logo":{"@type":"ImageObject","inLanguage":"cs","@id":"https:\/\/swo.vavyskov.cz\/wordpress\/#\/schema\/logo\/image\/","url":"https:\/\/swo.vavyskov.cz\/wordpress\/wp-content\/uploads\/2018\/04\/kontakt.png","contentUrl":"https:\/\/swo.vavyskov.cz\/wordpress\/wp-content\/uploads\/2018\/04\/kontakt.png","width":487,"height":640,"caption":"Velitelstv\u00ed v\u00fdcviku \u2013 Vojensk\u00e1 akademie Vy\u0161kov"},"image":{"@id":"https:\/\/swo.vavyskov.cz\/wordpress\/#\/schema\/logo\/image\/"}}]}},"coauthors":[],"author_meta":{"author_link":"https:\/\/swo.vavyskov.cz\/wordpress\/author\/swowp\/","display_name":"SWO"},"relative_dates":{"created":"Posted 6 roky ago","modified":"Updated 6 roky ago"},"absolute_dates":{"created":"Posted on 18. 2. 2020","modified":"Updated on 1. 3. 2020"},"absolute_dates_time":{"created":"Posted on 18. 2. 2020 23:27","modified":"Updated on 1. 3. 2020 21:52"},"featured_img_caption":"","featured_img":"https:\/\/swo.vavyskov.cz\/wordpress\/wp-content\/uploads\/2020\/02\/vyhledavani-scaled.jpeg","series_order":"","_links":{"self":[{"href":"https:\/\/swo.vavyskov.cz\/wordpress\/wp-json\/wp\/v2\/pages\/553","targetHints":{"allow":["GET"]}}],"collection":[{"href":"https:\/\/swo.vavyskov.cz\/wordpress\/wp-json\/wp\/v2\/pages"}],"about":[{"href":"https:\/\/swo.vavyskov.cz\/wordpress\/wp-json\/wp\/v2\/types\/page"}],"author":[{"embeddable":true,"href":"https:\/\/swo.vavyskov.cz\/wordpress\/wp-json\/wp\/v2\/users\/1"}],"replies":[{"embeddable":true,"href":"https:\/\/swo.vavyskov.cz\/wordpress\/wp-json\/wp\/v2\/comments?post=553"}],"version-history":[{"count":5,"href":"https:\/\/swo.vavyskov.cz\/wordpress\/wp-json\/wp\/v2\/pages\/553\/revisions"}],"predecessor-version":[{"id":966,"href":"https:\/\/swo.vavyskov.cz\/wordpress\/wp-json\/wp\/v2\/pages\/553\/revisions\/966"}],"up":[{"embeddable":true,"href":"https:\/\/swo.vavyskov.cz\/wordpress\/wp-json\/wp\/v2\/pages\/267"}],"wp:featuredmedia":[{"embeddable":true,"href":"https:\/\/swo.vavyskov.cz\/wordpress\/wp-json\/wp\/v2\/media\/554"}],"wp:attachment":[{"href":"https:\/\/swo.vavyskov.cz\/wordpress\/wp-json\/wp\/v2\/media?parent=553"}],"curies":[{"name":"wp","href":"https:\/\/api.w.org\/{rel}","templated":true}]}}