{"id":550,"date":"2020-02-18T23:26:28","date_gmt":"2020-02-18T22:26:28","guid":{"rendered":"https:\/\/swo.vavyskov.cz\/wordpress\/?page_id=550"},"modified":"2020-03-01T21:52:19","modified_gmt":"2020-03-01T20:52:19","slug":"placena-ppc-reklama","status":"publish","type":"page","link":"https:\/\/swo.vavyskov.cz\/wordpress\/uspesny-web\/propagace\/placena-ppc-reklama\/","title":{"rendered":"Placen\u00e1 PPC reklama"},"content":{"rendered":"\n<figure class=\"wp-block-gallery columns-1 is-cropped wp-block-gallery-2\"><ul class=\"blocks-gallery-grid\"><li class=\"blocks-gallery-item\"><figure><img loading=\"lazy\" decoding=\"async\" width=\"1024\" height=\"768\" src=\"\/wordpress\/wp-content\/uploads\/2020\/02\/placena-ppc-reklama-1024x768.jpeg\" alt=\"Placen\u00e1 PPC reklama\" data-id=\"551\" class=\"wp-image-551 is-layout-flex wp-block-gallery-is-layout-flex\" srcset=\"https:\/\/swo.vavyskov.cz\/wordpress\/wp-content\/uploads\/2020\/02\/placena-ppc-reklama-1024x768.jpeg 1024w, https:\/\/swo.vavyskov.cz\/wordpress\/wp-content\/uploads\/2020\/02\/placena-ppc-reklama-300x225.jpeg 300w, https:\/\/swo.vavyskov.cz\/wordpress\/wp-content\/uploads\/2020\/02\/placena-ppc-reklama-768x576.jpeg 768w, https:\/\/swo.vavyskov.cz\/wordpress\/wp-content\/uploads\/2020\/02\/placena-ppc-reklama-1536x1152.jpeg 1536w, https:\/\/swo.vavyskov.cz\/wordpress\/wp-content\/uploads\/2020\/02\/placena-ppc-reklama-scaled.jpeg 2048w\" sizes=\"auto, (max-width: 767px) 89vw, (max-width: 1000px) 54vw, (max-width: 1071px) 543px, 580px\" \/><\/figure><\/li><\/ul><\/figure>\n\n\n\n<p>Kolik si mohu dovolit zaplatit za&nbsp;jedno kliknut\u00ed&nbsp;(PPC) tj.&nbsp;jednoho n\u00e1v\u0161t\u011bvn\u00edka?<\/p>\n\n\n\n<ol class=\"wp-block-list\"><li>P\u0159edpokl\u00e1dan\u00fd p\u0159\u00edjem: 20.000,- K\u010d (denn\u011b, m\u011bs\u00ed\u010dn\u011b, ro\u010dn\u011b)<\/li><li>Nab\u00edzen\u00fd produkt (slu\u017eba) + zisk: 1.000 + 200,- K\u010d<\/li><li>Prodej\u016f: 100<\/li><li>P\u0159edpokl\u00e1dan\u00e1 \u00fasp\u011b\u0161nost konverze: 10&nbsp;% (nov\u00e9 produkty)<\/li><li>Celkem nab\u00eddek (kontakt\u016f): 1.000<\/li><li>Odhadnut\u00fd z\u00e1jem: 20&nbsp;% (lep\u0161\u00ed texty, c\u00edlen\u00ed\u2026)<\/li><li>Objem n\u00e1v\u0161t\u011bvn\u00edk\u016f: 5.000<\/li><li>Maxim\u00e1ln\u00ed cena za&nbsp;klik: 4,- K\u010d (nulov\u00fd p\u0159\u00edjem\/nulov\u00e1 ztr\u00e1ta)<\/li><\/ol>\n\n\n\n<p>Ve v\u00fd\u0161e uveden\u00e9m p\u0159\u00edkladu mohu za&nbsp;nov\u00e9ho n\u00e1v\u0161t\u011bvn\u00edka zaplatit 4,- K\u010d.<\/p>\n\n\n\n<p>Mo\u017enosti:<\/p>\n\n\n\n<ul class=\"wp-block-list\"><li>Adsense&nbsp;\u2013 support.google.com\/adsense<\/li><li>Sklik&nbsp;\u2013&nbsp;napoveda.sklik.cz (p\u0159\u00edpadov\u00e9 studie)<\/li><li>eTarget \u2013 etarget.cz<\/li><\/ul>\n","protected":false},"excerpt":{"rendered":"<p>Kolik si mohu dovolit zaplatit za&nbsp;jedno kliknut\u00ed&nbsp;(PPC) tj.&nbsp;jednoho n\u00e1v\u0161t\u011bvn\u00edka? P\u0159edpokl\u00e1dan\u00fd p\u0159\u00edjem: 20.000,- K\u010d (denn\u011b, m\u011bs\u00ed\u010dn\u011b, ro\u010dn\u011b) Nab\u00edzen\u00fd produkt (slu\u017eba) + zisk: 1.000 + 200,- K\u010d Prodej\u016f: 100 P\u0159edpokl\u00e1dan\u00e1 \u00fasp\u011b\u0161nost konverze: 10&nbsp;% (nov\u00e9 produkty) Celkem nab\u00eddek (kontakt\u016f): 1.000 Odhadnut\u00fd z\u00e1jem: 20&nbsp;% (lep\u0161\u00ed texty, c\u00edlen\u00ed\u2026) Objem n\u00e1v\u0161t\u011bvn\u00edk\u016f: 5.000 Maxim\u00e1ln\u00ed cena za&nbsp;klik: 4,- K\u010d (nulov\u00fd p\u0159\u00edjem\/nulov\u00e1 ztr\u00e1ta) Ve&nbsp;&hellip; <\/p>\n<p class=\"link-more\"><a href=\"https:\/\/swo.vavyskov.cz\/wordpress\/uspesny-web\/propagace\/placena-ppc-reklama\/\" class=\"more-link\">Pokra\u010dovat ve&nbsp;\u010dten\u00ed<span class=\"screen-reader-text\"> &#8220;Placen\u00e1 PPC reklama&#8221;<\/span><\/a><\/p>\n","protected":false},"author":1,"featured_media":551,"parent":267,"menu_order":0,"comment_status":"closed","ping_status":"closed","template":"page_no-featured-image.php","meta":{"advgb_blocks_editor_width":"","advgb_blocks_columns_visual_guide":"","footnotes":""},"class_list":["post-550","page","type-page","status-publish","has-post-thumbnail","hentry"],"yoast_head":"<!-- This site is optimized with the Yoast SEO plugin v27.0 - https:\/\/yoast.com\/product\/yoast-seo-wordpress\/ -->\n<title>Placen\u00e1 PPC reklama - Spr\u00e1va webov\u00e9ho obsahu<\/title>\n<meta name=\"robots\" content=\"index, follow, max-snippet:-1, max-image-preview:large, max-video-preview:-1\" \/>\n<link rel=\"canonical\" href=\"https:\/\/swo.vavyskov.cz\/wordpress\/uspesny-web\/propagace\/placena-ppc-reklama\/\" \/>\n<meta property=\"og:locale\" content=\"cs_CZ\" \/>\n<meta property=\"og:type\" content=\"article\" \/>\n<meta property=\"og:title\" content=\"Placen\u00e1 PPC reklama - Spr\u00e1va webov\u00e9ho obsahu\" \/>\n<meta property=\"og:description\" content=\"Kolik si mohu dovolit zaplatit za&nbsp;jedno kliknut\u00ed&nbsp;(PPC) tj.&nbsp;jednoho n\u00e1v\u0161t\u011bvn\u00edka? P\u0159edpokl\u00e1dan\u00fd p\u0159\u00edjem: 20.000,- K\u010d (denn\u011b, m\u011bs\u00ed\u010dn\u011b, ro\u010dn\u011b) Nab\u00edzen\u00fd produkt (slu\u017eba) + zisk: 1.000 + 200,- K\u010d Prodej\u016f: 100 P\u0159edpokl\u00e1dan\u00e1 \u00fasp\u011b\u0161nost konverze: 10&nbsp;% (nov\u00e9 produkty) Celkem nab\u00eddek (kontakt\u016f): 1.000 Odhadnut\u00fd z\u00e1jem: 20&nbsp;% (lep\u0161\u00ed texty, c\u00edlen\u00ed\u2026) Objem n\u00e1v\u0161t\u011bvn\u00edk\u016f: 5.000 Maxim\u00e1ln\u00ed cena za&nbsp;klik: 4,- K\u010d (nulov\u00fd p\u0159\u00edjem\/nulov\u00e1 ztr\u00e1ta) Ve &hellip; Pokra\u010dovat ve \u010dten\u00ed &quot;Placen\u00e1 PPC reklama&quot;\" \/>\n<meta property=\"og:url\" content=\"https:\/\/swo.vavyskov.cz\/wordpress\/uspesny-web\/propagace\/placena-ppc-reklama\/\" \/>\n<meta property=\"og:site_name\" content=\"Spr\u00e1va webov\u00e9ho obsahu\" \/>\n<meta property=\"article:modified_time\" content=\"2020-03-01T20:52:19+00:00\" \/>\n<meta property=\"og:image\" content=\"https:\/\/swo.vavyskov.cz\/wordpress\/wp-content\/uploads\/2020\/02\/placena-ppc-reklama-scaled.jpeg\" \/>\n\t<meta property=\"og:image:width\" content=\"2048\" \/>\n\t<meta property=\"og:image:height\" content=\"1536\" \/>\n\t<meta property=\"og:image:type\" content=\"image\/jpeg\" \/>\n<meta name=\"twitter:card\" content=\"summary_large_image\" \/>\n<meta name=\"twitter:label1\" content=\"Odhadovan\u00e1 doba \u010dten\u00ed\" \/>\n\t<meta name=\"twitter:data1\" content=\"1 minuta\" \/>\n<script type=\"application\/ld+json\" class=\"yoast-schema-graph\">{\"@context\":\"https:\/\/schema.org\",\"@graph\":[{\"@type\":\"WebPage\",\"@id\":\"https:\/\/swo.vavyskov.cz\/wordpress\/uspesny-web\/propagace\/placena-ppc-reklama\/\",\"url\":\"https:\/\/swo.vavyskov.cz\/wordpress\/uspesny-web\/propagace\/placena-ppc-reklama\/\",\"name\":\"Placen\u00e1 PPC reklama - Spr\u00e1va webov\u00e9ho obsahu\",\"isPartOf\":{\"@id\":\"https:\/\/swo.vavyskov.cz\/wordpress\/#website\"},\"primaryImageOfPage\":{\"@id\":\"https:\/\/swo.vavyskov.cz\/wordpress\/uspesny-web\/propagace\/placena-ppc-reklama\/#primaryimage\"},\"image\":{\"@id\":\"https:\/\/swo.vavyskov.cz\/wordpress\/uspesny-web\/propagace\/placena-ppc-reklama\/#primaryimage\"},\"thumbnailUrl\":\"https:\/\/swo.vavyskov.cz\/wordpress\/wp-content\/uploads\/2020\/02\/placena-ppc-reklama-scaled.jpeg\",\"datePublished\":\"2020-02-18T22:26:28+00:00\",\"dateModified\":\"2020-03-01T20:52:19+00:00\",\"breadcrumb\":{\"@id\":\"https:\/\/swo.vavyskov.cz\/wordpress\/uspesny-web\/propagace\/placena-ppc-reklama\/#breadcrumb\"},\"inLanguage\":\"cs\",\"potentialAction\":[{\"@type\":\"ReadAction\",\"target\":[\"https:\/\/swo.vavyskov.cz\/wordpress\/uspesny-web\/propagace\/placena-ppc-reklama\/\"]}]},{\"@type\":\"ImageObject\",\"inLanguage\":\"cs\",\"@id\":\"https:\/\/swo.vavyskov.cz\/wordpress\/uspesny-web\/propagace\/placena-ppc-reklama\/#primaryimage\",\"url\":\"https:\/\/swo.vavyskov.cz\/wordpress\/wp-content\/uploads\/2020\/02\/placena-ppc-reklama-scaled.jpeg\",\"contentUrl\":\"https:\/\/swo.vavyskov.cz\/wordpress\/wp-content\/uploads\/2020\/02\/placena-ppc-reklama-scaled.jpeg\",\"width\":2048,\"height\":1536,\"caption\":\"Placen\u00e1 PPC reklama\"},{\"@type\":\"BreadcrumbList\",\"@id\":\"https:\/\/swo.vavyskov.cz\/wordpress\/uspesny-web\/propagace\/placena-ppc-reklama\/#breadcrumb\",\"itemListElement\":[{\"@type\":\"ListItem\",\"position\":1,\"name\":\"Dom\u016f\",\"item\":\"https:\/\/swo.vavyskov.cz\/wordpress\/\"},{\"@type\":\"ListItem\",\"position\":2,\"name\":\"\u00dasp\u011b\u0161n\u00fd web\",\"item\":\"https:\/\/swo.vavyskov.cz\/wordpress\/uspesny-web\/\"},{\"@type\":\"ListItem\",\"position\":3,\"name\":\"Propagace\",\"item\":\"https:\/\/swo.vavyskov.cz\/wordpress\/uspesny-web\/propagace\/\"},{\"@type\":\"ListItem\",\"position\":4,\"name\":\"Placen\u00e1 PPC reklama\"}]},{\"@type\":\"WebSite\",\"@id\":\"https:\/\/swo.vavyskov.cz\/wordpress\/#website\",\"url\":\"https:\/\/swo.vavyskov.cz\/wordpress\/\",\"name\":\"Spr\u00e1va webov\u00e9ho obsahu\",\"description\":\"Tvo\u0159\u00edme \u00fasp\u011b\u0161n\u00fd web\",\"publisher\":{\"@id\":\"https:\/\/swo.vavyskov.cz\/wordpress\/#organization\"},\"potentialAction\":[{\"@type\":\"SearchAction\",\"target\":{\"@type\":\"EntryPoint\",\"urlTemplate\":\"https:\/\/swo.vavyskov.cz\/wordpress\/?s={search_term_string}\"},\"query-input\":{\"@type\":\"PropertyValueSpecification\",\"valueRequired\":true,\"valueName\":\"search_term_string\"}}],\"inLanguage\":\"cs\"},{\"@type\":\"Organization\",\"@id\":\"https:\/\/swo.vavyskov.cz\/wordpress\/#organization\",\"name\":\"Velitelstv\u00ed v\u00fdcviku \u2013 Vojensk\u00e1 akademie Vy\u0161kov\",\"url\":\"https:\/\/swo.vavyskov.cz\/wordpress\/\",\"logo\":{\"@type\":\"ImageObject\",\"inLanguage\":\"cs\",\"@id\":\"https:\/\/swo.vavyskov.cz\/wordpress\/#\/schema\/logo\/image\/\",\"url\":\"https:\/\/swo.vavyskov.cz\/wordpress\/wp-content\/uploads\/2018\/04\/kontakt.png\",\"contentUrl\":\"https:\/\/swo.vavyskov.cz\/wordpress\/wp-content\/uploads\/2018\/04\/kontakt.png\",\"width\":487,\"height\":640,\"caption\":\"Velitelstv\u00ed v\u00fdcviku \u2013 Vojensk\u00e1 akademie Vy\u0161kov\"},\"image\":{\"@id\":\"https:\/\/swo.vavyskov.cz\/wordpress\/#\/schema\/logo\/image\/\"}}]}<\/script>\n<!-- \/ Yoast SEO plugin. -->","yoast_head_json":{"title":"Placen\u00e1 PPC reklama - Spr\u00e1va webov\u00e9ho obsahu","robots":{"index":"index","follow":"follow","max-snippet":"max-snippet:-1","max-image-preview":"max-image-preview:large","max-video-preview":"max-video-preview:-1"},"canonical":"https:\/\/swo.vavyskov.cz\/wordpress\/uspesny-web\/propagace\/placena-ppc-reklama\/","og_locale":"cs_CZ","og_type":"article","og_title":"Placen\u00e1 PPC reklama - Spr\u00e1va webov\u00e9ho obsahu","og_description":"Kolik si mohu dovolit zaplatit za&nbsp;jedno kliknut\u00ed&nbsp;(PPC) tj.&nbsp;jednoho n\u00e1v\u0161t\u011bvn\u00edka? P\u0159edpokl\u00e1dan\u00fd p\u0159\u00edjem: 20.000,- K\u010d (denn\u011b, m\u011bs\u00ed\u010dn\u011b, ro\u010dn\u011b) Nab\u00edzen\u00fd produkt (slu\u017eba) + zisk: 1.000 + 200,- K\u010d Prodej\u016f: 100 P\u0159edpokl\u00e1dan\u00e1 \u00fasp\u011b\u0161nost konverze: 10&nbsp;% (nov\u00e9 produkty) Celkem nab\u00eddek (kontakt\u016f): 1.000 Odhadnut\u00fd z\u00e1jem: 20&nbsp;% (lep\u0161\u00ed texty, c\u00edlen\u00ed\u2026) Objem n\u00e1v\u0161t\u011bvn\u00edk\u016f: 5.000 Maxim\u00e1ln\u00ed cena za&nbsp;klik: 4,- K\u010d (nulov\u00fd p\u0159\u00edjem\/nulov\u00e1 ztr\u00e1ta) Ve &hellip; Pokra\u010dovat ve \u010dten\u00ed \"Placen\u00e1 PPC reklama\"","og_url":"https:\/\/swo.vavyskov.cz\/wordpress\/uspesny-web\/propagace\/placena-ppc-reklama\/","og_site_name":"Spr\u00e1va webov\u00e9ho obsahu","article_modified_time":"2020-03-01T20:52:19+00:00","og_image":[{"width":2048,"height":1536,"url":"https:\/\/swo.vavyskov.cz\/wordpress\/wp-content\/uploads\/2020\/02\/placena-ppc-reklama-scaled.jpeg","type":"image\/jpeg"}],"twitter_card":"summary_large_image","twitter_misc":{"Odhadovan\u00e1 doba \u010dten\u00ed":"1 minuta"},"schema":{"@context":"https:\/\/schema.org","@graph":[{"@type":"WebPage","@id":"https:\/\/swo.vavyskov.cz\/wordpress\/uspesny-web\/propagace\/placena-ppc-reklama\/","url":"https:\/\/swo.vavyskov.cz\/wordpress\/uspesny-web\/propagace\/placena-ppc-reklama\/","name":"Placen\u00e1 PPC reklama - Spr\u00e1va webov\u00e9ho obsahu","isPartOf":{"@id":"https:\/\/swo.vavyskov.cz\/wordpress\/#website"},"primaryImageOfPage":{"@id":"https:\/\/swo.vavyskov.cz\/wordpress\/uspesny-web\/propagace\/placena-ppc-reklama\/#primaryimage"},"image":{"@id":"https:\/\/swo.vavyskov.cz\/wordpress\/uspesny-web\/propagace\/placena-ppc-reklama\/#primaryimage"},"thumbnailUrl":"https:\/\/swo.vavyskov.cz\/wordpress\/wp-content\/uploads\/2020\/02\/placena-ppc-reklama-scaled.jpeg","datePublished":"2020-02-18T22:26:28+00:00","dateModified":"2020-03-01T20:52:19+00:00","breadcrumb":{"@id":"https:\/\/swo.vavyskov.cz\/wordpress\/uspesny-web\/propagace\/placena-ppc-reklama\/#breadcrumb"},"inLanguage":"cs","potentialAction":[{"@type":"ReadAction","target":["https:\/\/swo.vavyskov.cz\/wordpress\/uspesny-web\/propagace\/placena-ppc-reklama\/"]}]},{"@type":"ImageObject","inLanguage":"cs","@id":"https:\/\/swo.vavyskov.cz\/wordpress\/uspesny-web\/propagace\/placena-ppc-reklama\/#primaryimage","url":"https:\/\/swo.vavyskov.cz\/wordpress\/wp-content\/uploads\/2020\/02\/placena-ppc-reklama-scaled.jpeg","contentUrl":"https:\/\/swo.vavyskov.cz\/wordpress\/wp-content\/uploads\/2020\/02\/placena-ppc-reklama-scaled.jpeg","width":2048,"height":1536,"caption":"Placen\u00e1 PPC reklama"},{"@type":"BreadcrumbList","@id":"https:\/\/swo.vavyskov.cz\/wordpress\/uspesny-web\/propagace\/placena-ppc-reklama\/#breadcrumb","itemListElement":[{"@type":"ListItem","position":1,"name":"Dom\u016f","item":"https:\/\/swo.vavyskov.cz\/wordpress\/"},{"@type":"ListItem","position":2,"name":"\u00dasp\u011b\u0161n\u00fd web","item":"https:\/\/swo.vavyskov.cz\/wordpress\/uspesny-web\/"},{"@type":"ListItem","position":3,"name":"Propagace","item":"https:\/\/swo.vavyskov.cz\/wordpress\/uspesny-web\/propagace\/"},{"@type":"ListItem","position":4,"name":"Placen\u00e1 PPC reklama"}]},{"@type":"WebSite","@id":"https:\/\/swo.vavyskov.cz\/wordpress\/#website","url":"https:\/\/swo.vavyskov.cz\/wordpress\/","name":"Spr\u00e1va webov\u00e9ho obsahu","description":"Tvo\u0159\u00edme \u00fasp\u011b\u0161n\u00fd web","publisher":{"@id":"https:\/\/swo.vavyskov.cz\/wordpress\/#organization"},"potentialAction":[{"@type":"SearchAction","target":{"@type":"EntryPoint","urlTemplate":"https:\/\/swo.vavyskov.cz\/wordpress\/?s={search_term_string}"},"query-input":{"@type":"PropertyValueSpecification","valueRequired":true,"valueName":"search_term_string"}}],"inLanguage":"cs"},{"@type":"Organization","@id":"https:\/\/swo.vavyskov.cz\/wordpress\/#organization","name":"Velitelstv\u00ed v\u00fdcviku \u2013 Vojensk\u00e1 akademie Vy\u0161kov","url":"https:\/\/swo.vavyskov.cz\/wordpress\/","logo":{"@type":"ImageObject","inLanguage":"cs","@id":"https:\/\/swo.vavyskov.cz\/wordpress\/#\/schema\/logo\/image\/","url":"https:\/\/swo.vavyskov.cz\/wordpress\/wp-content\/uploads\/2018\/04\/kontakt.png","contentUrl":"https:\/\/swo.vavyskov.cz\/wordpress\/wp-content\/uploads\/2018\/04\/kontakt.png","width":487,"height":640,"caption":"Velitelstv\u00ed v\u00fdcviku \u2013 Vojensk\u00e1 akademie Vy\u0161kov"},"image":{"@id":"https:\/\/swo.vavyskov.cz\/wordpress\/#\/schema\/logo\/image\/"}}]}},"coauthors":[],"author_meta":{"author_link":"https:\/\/swo.vavyskov.cz\/wordpress\/author\/swowp\/","display_name":"SWO"},"relative_dates":{"created":"Posted 6 roky ago","modified":"Updated 6 roky ago"},"absolute_dates":{"created":"Posted on 18. 2. 2020","modified":"Updated on 1. 3. 2020"},"absolute_dates_time":{"created":"Posted on 18. 2. 2020 23:26","modified":"Updated on 1. 3. 2020 21:52"},"featured_img_caption":"","featured_img":"https:\/\/swo.vavyskov.cz\/wordpress\/wp-content\/uploads\/2020\/02\/placena-ppc-reklama-scaled.jpeg","series_order":"","_links":{"self":[{"href":"https:\/\/swo.vavyskov.cz\/wordpress\/wp-json\/wp\/v2\/pages\/550","targetHints":{"allow":["GET"]}}],"collection":[{"href":"https:\/\/swo.vavyskov.cz\/wordpress\/wp-json\/wp\/v2\/pages"}],"about":[{"href":"https:\/\/swo.vavyskov.cz\/wordpress\/wp-json\/wp\/v2\/types\/page"}],"author":[{"embeddable":true,"href":"https:\/\/swo.vavyskov.cz\/wordpress\/wp-json\/wp\/v2\/users\/1"}],"replies":[{"embeddable":true,"href":"https:\/\/swo.vavyskov.cz\/wordpress\/wp-json\/wp\/v2\/comments?post=550"}],"version-history":[{"count":3,"href":"https:\/\/swo.vavyskov.cz\/wordpress\/wp-json\/wp\/v2\/pages\/550\/revisions"}],"predecessor-version":[{"id":648,"href":"https:\/\/swo.vavyskov.cz\/wordpress\/wp-json\/wp\/v2\/pages\/550\/revisions\/648"}],"up":[{"embeddable":true,"href":"https:\/\/swo.vavyskov.cz\/wordpress\/wp-json\/wp\/v2\/pages\/267"}],"wp:featuredmedia":[{"embeddable":true,"href":"https:\/\/swo.vavyskov.cz\/wordpress\/wp-json\/wp\/v2\/media\/551"}],"wp:attachment":[{"href":"https:\/\/swo.vavyskov.cz\/wordpress\/wp-json\/wp\/v2\/media?parent=550"}],"curies":[{"name":"wp","href":"https:\/\/api.w.org\/{rel}","templated":true}]}}