{"id":536,"date":"2020-02-18T23:20:27","date_gmt":"2020-02-18T22:20:27","guid":{"rendered":"https:\/\/swo.vavyskov.cz\/wordpress\/?page_id=536"},"modified":"2020-03-01T21:46:46","modified_gmt":"2020-03-01T20:46:46","slug":"heuristicka-analyza","status":"publish","type":"page","link":"https:\/\/swo.vavyskov.cz\/wordpress\/uspesny-web\/kontrola\/heuristicka-analyza\/","title":{"rendered":"Heuristick\u00e1 anal\u00fdza"},"content":{"rendered":"\n<figure class=\"wp-block-gallery columns-1 is-cropped wp-block-gallery-2\"><ul class=\"blocks-gallery-grid\"><li class=\"blocks-gallery-item\"><figure><img loading=\"lazy\" decoding=\"async\" width=\"1024\" height=\"768\" src=\"\/wordpress\/wp-content\/uploads\/2020\/03\/heuristicka-analyza-1024x768.jpg\" alt=\"Heuristick\u00e1 anal\u00fdza\" data-id=\"961\" data-full-url=\"\/wordpress\/wp-content\/uploads\/2020\/03\/heuristicka-analyza-scaled.jpg\" data-link=\"\/wordpress\/uspesny-web\/kontrola\/heuristicka-analyza\/heuristicka-analyza-2\/\" class=\"wp-image-961 is-layout-flex wp-block-gallery-is-layout-flex\" srcset=\"https:\/\/swo.vavyskov.cz\/wordpress\/wp-content\/uploads\/2020\/03\/heuristicka-analyza-1024x768.jpg 1024w, https:\/\/swo.vavyskov.cz\/wordpress\/wp-content\/uploads\/2020\/03\/heuristicka-analyza-300x225.jpg 300w, https:\/\/swo.vavyskov.cz\/wordpress\/wp-content\/uploads\/2020\/03\/heuristicka-analyza-768x576.jpg 768w, https:\/\/swo.vavyskov.cz\/wordpress\/wp-content\/uploads\/2020\/03\/heuristicka-analyza-1536x1152.jpg 1536w, https:\/\/swo.vavyskov.cz\/wordpress\/wp-content\/uploads\/2020\/03\/heuristicka-analyza-scaled.jpg 2048w\" sizes=\"auto, (max-width: 767px) 89vw, (max-width: 1000px) 54vw, (max-width: 1071px) 543px, 580px\" \/><\/figure><\/li><\/ul><\/figure>\n\n\n\n<h2 class=\"wp-block-heading\">On-Page faktory<\/h2>\n\n\n\n<ul class=\"wp-block-list\"><li>URL adresy<\/li><li>n\u00e1zev<\/li><li>popis<\/li><li>kl\u00ed\u010dov\u00e1 slova<\/li><li>roboti (robots.txt, sitemap.xml)<\/li><li>favicon<\/li><li>obsah<\/li><li>zdrojov\u00fd k\u00f3d<\/li><li>intern\u00ed a&nbsp;extern\u00ed odkazy<\/li><li>jazyk<\/li><li>formul\u00e1\u0159e<\/li><\/ul>\n\n\n\n<h2 class=\"wp-block-heading\">Off-Page faktory<\/h2>\n\n\n\n<ul class=\"wp-block-list\"><li>zp\u011btn\u00e9 odkazy<\/li><li>rank (Pagerank, Srank, Alexarank)<\/li><li>indexace vyhled\u00e1va\u010di<\/li><li>dom\u00e9na<\/li><li>rychlost<\/li><li>Google Search Console<\/li><\/ul>\n\n\n\n<h2 class=\"wp-block-heading\">Pou\u017eitelnost<\/h2>\n\n\n\n<ul class=\"wp-block-list\"><li>text<\/li><li>obsah<\/li><li>navigace<\/li><li>obr\u00e1zky a&nbsp;multim\u00e9dia<\/li><\/ul>\n\n\n\n<h2 class=\"wp-block-heading\">P\u0159\u00edstupnost<\/h2>\n\n\n\n<ul class=\"wp-block-list\"><li>navigace<\/li><li>kontrast<\/li><li>alternativn\u00ed popisy<\/li><li>formul\u00e1\u0159e<\/li><\/ul>\n\n\n\n<h2 class=\"wp-block-heading\">Webov\u00e1 anal\u00fdza<\/h2>\n\n\n\n<ul class=\"wp-block-list\"><li>Matomo | Google Analytics<\/li><\/ul>\n","protected":false},"excerpt":{"rendered":"<p>On-Page faktory URL adresy n\u00e1zev popis kl\u00ed\u010dov\u00e1 slova roboti (robots.txt, sitemap.xml) favicon obsah zdrojov\u00fd k\u00f3d intern\u00ed a&nbsp;extern\u00ed odkazy jazyk formul\u00e1\u0159e Off-Page faktory zp\u011btn\u00e9 odkazy rank (Pagerank, Srank, Alexarank) indexace vyhled\u00e1va\u010di dom\u00e9na rychlost Google Search Console Pou\u017eitelnost text obsah navigace obr\u00e1zky a&nbsp;multim\u00e9dia P\u0159\u00edstupnost navigace kontrast alternativn\u00ed popisy formul\u00e1\u0159e Webov\u00e1 anal\u00fdza Matomo | Google Analytics<\/p>\n","protected":false},"author":1,"featured_media":961,"parent":265,"menu_order":1,"comment_status":"closed","ping_status":"closed","template":"page_no-featured-image.php","meta":{"advgb_blocks_editor_width":"","advgb_blocks_columns_visual_guide":"","footnotes":""},"class_list":["post-536","page","type-page","status-publish","has-post-thumbnail","hentry"],"yoast_head":"<!-- This site is optimized with the Yoast SEO plugin v27.0 - https:\/\/yoast.com\/product\/yoast-seo-wordpress\/ -->\n<title>Heuristick\u00e1 anal\u00fdza - Spr\u00e1va webov\u00e9ho obsahu<\/title>\n<meta name=\"robots\" content=\"index, follow, max-snippet:-1, max-image-preview:large, max-video-preview:-1\" \/>\n<link rel=\"canonical\" href=\"https:\/\/swo.vavyskov.cz\/wordpress\/uspesny-web\/kontrola\/heuristicka-analyza\/\" \/>\n<meta property=\"og:locale\" content=\"cs_CZ\" \/>\n<meta property=\"og:type\" content=\"article\" \/>\n<meta property=\"og:title\" content=\"Heuristick\u00e1 anal\u00fdza - Spr\u00e1va webov\u00e9ho obsahu\" \/>\n<meta property=\"og:description\" content=\"On-Page faktory URL adresy n\u00e1zev popis kl\u00ed\u010dov\u00e1 slova roboti (robots.txt, sitemap.xml) favicon obsah zdrojov\u00fd k\u00f3d intern\u00ed a&nbsp;extern\u00ed odkazy jazyk formul\u00e1\u0159e Off-Page faktory zp\u011btn\u00e9 odkazy rank (Pagerank, Srank, Alexarank) indexace vyhled\u00e1va\u010di dom\u00e9na rychlost Google Search Console Pou\u017eitelnost text obsah navigace obr\u00e1zky a&nbsp;multim\u00e9dia P\u0159\u00edstupnost navigace kontrast alternativn\u00ed popisy formul\u00e1\u0159e Webov\u00e1 anal\u00fdza Matomo | Google Analytics\" \/>\n<meta property=\"og:url\" content=\"https:\/\/swo.vavyskov.cz\/wordpress\/uspesny-web\/kontrola\/heuristicka-analyza\/\" \/>\n<meta property=\"og:site_name\" content=\"Spr\u00e1va webov\u00e9ho obsahu\" \/>\n<meta property=\"article:modified_time\" content=\"2020-03-01T20:46:46+00:00\" \/>\n<meta property=\"og:image\" content=\"https:\/\/swo.vavyskov.cz\/wordpress\/wp-content\/uploads\/2020\/03\/heuristicka-analyza-scaled.jpg\" \/>\n\t<meta property=\"og:image:width\" content=\"2048\" \/>\n\t<meta property=\"og:image:height\" content=\"1536\" \/>\n\t<meta property=\"og:image:type\" content=\"image\/jpeg\" \/>\n<meta name=\"twitter:card\" content=\"summary_large_image\" \/>\n<script type=\"application\/ld+json\" class=\"yoast-schema-graph\">{\"@context\":\"https:\/\/schema.org\",\"@graph\":[{\"@type\":\"WebPage\",\"@id\":\"https:\/\/swo.vavyskov.cz\/wordpress\/uspesny-web\/kontrola\/heuristicka-analyza\/\",\"url\":\"https:\/\/swo.vavyskov.cz\/wordpress\/uspesny-web\/kontrola\/heuristicka-analyza\/\",\"name\":\"Heuristick\u00e1 anal\u00fdza - Spr\u00e1va webov\u00e9ho obsahu\",\"isPartOf\":{\"@id\":\"https:\/\/swo.vavyskov.cz\/wordpress\/#website\"},\"primaryImageOfPage\":{\"@id\":\"https:\/\/swo.vavyskov.cz\/wordpress\/uspesny-web\/kontrola\/heuristicka-analyza\/#primaryimage\"},\"image\":{\"@id\":\"https:\/\/swo.vavyskov.cz\/wordpress\/uspesny-web\/kontrola\/heuristicka-analyza\/#primaryimage\"},\"thumbnailUrl\":\"https:\/\/swo.vavyskov.cz\/wordpress\/wp-content\/uploads\/2020\/03\/heuristicka-analyza-scaled.jpg\",\"datePublished\":\"2020-02-18T22:20:27+00:00\",\"dateModified\":\"2020-03-01T20:46:46+00:00\",\"breadcrumb\":{\"@id\":\"https:\/\/swo.vavyskov.cz\/wordpress\/uspesny-web\/kontrola\/heuristicka-analyza\/#breadcrumb\"},\"inLanguage\":\"cs\",\"potentialAction\":[{\"@type\":\"ReadAction\",\"target\":[\"https:\/\/swo.vavyskov.cz\/wordpress\/uspesny-web\/kontrola\/heuristicka-analyza\/\"]}]},{\"@type\":\"ImageObject\",\"inLanguage\":\"cs\",\"@id\":\"https:\/\/swo.vavyskov.cz\/wordpress\/uspesny-web\/kontrola\/heuristicka-analyza\/#primaryimage\",\"url\":\"https:\/\/swo.vavyskov.cz\/wordpress\/wp-content\/uploads\/2020\/03\/heuristicka-analyza-scaled.jpg\",\"contentUrl\":\"https:\/\/swo.vavyskov.cz\/wordpress\/wp-content\/uploads\/2020\/03\/heuristicka-analyza-scaled.jpg\",\"width\":2048,\"height\":1536,\"caption\":\"Heuristick\u00e1 anal\u00fdza\"},{\"@type\":\"BreadcrumbList\",\"@id\":\"https:\/\/swo.vavyskov.cz\/wordpress\/uspesny-web\/kontrola\/heuristicka-analyza\/#breadcrumb\",\"itemListElement\":[{\"@type\":\"ListItem\",\"position\":1,\"name\":\"Dom\u016f\",\"item\":\"https:\/\/swo.vavyskov.cz\/wordpress\/\"},{\"@type\":\"ListItem\",\"position\":2,\"name\":\"\u00dasp\u011b\u0161n\u00fd web\",\"item\":\"https:\/\/swo.vavyskov.cz\/wordpress\/uspesny-web\/\"},{\"@type\":\"ListItem\",\"position\":3,\"name\":\"Kontrola\",\"item\":\"https:\/\/swo.vavyskov.cz\/wordpress\/uspesny-web\/kontrola\/\"},{\"@type\":\"ListItem\",\"position\":4,\"name\":\"Heuristick\u00e1 anal\u00fdza\"}]},{\"@type\":\"WebSite\",\"@id\":\"https:\/\/swo.vavyskov.cz\/wordpress\/#website\",\"url\":\"https:\/\/swo.vavyskov.cz\/wordpress\/\",\"name\":\"Spr\u00e1va webov\u00e9ho obsahu\",\"description\":\"Tvo\u0159\u00edme \u00fasp\u011b\u0161n\u00fd web\",\"publisher\":{\"@id\":\"https:\/\/swo.vavyskov.cz\/wordpress\/#organization\"},\"potentialAction\":[{\"@type\":\"SearchAction\",\"target\":{\"@type\":\"EntryPoint\",\"urlTemplate\":\"https:\/\/swo.vavyskov.cz\/wordpress\/?s={search_term_string}\"},\"query-input\":{\"@type\":\"PropertyValueSpecification\",\"valueRequired\":true,\"valueName\":\"search_term_string\"}}],\"inLanguage\":\"cs\"},{\"@type\":\"Organization\",\"@id\":\"https:\/\/swo.vavyskov.cz\/wordpress\/#organization\",\"name\":\"Velitelstv\u00ed v\u00fdcviku \u2013 Vojensk\u00e1 akademie Vy\u0161kov\",\"url\":\"https:\/\/swo.vavyskov.cz\/wordpress\/\",\"logo\":{\"@type\":\"ImageObject\",\"inLanguage\":\"cs\",\"@id\":\"https:\/\/swo.vavyskov.cz\/wordpress\/#\/schema\/logo\/image\/\",\"url\":\"https:\/\/swo.vavyskov.cz\/wordpress\/wp-content\/uploads\/2018\/04\/kontakt.png\",\"contentUrl\":\"https:\/\/swo.vavyskov.cz\/wordpress\/wp-content\/uploads\/2018\/04\/kontakt.png\",\"width\":487,\"height\":640,\"caption\":\"Velitelstv\u00ed v\u00fdcviku \u2013 Vojensk\u00e1 akademie Vy\u0161kov\"},\"image\":{\"@id\":\"https:\/\/swo.vavyskov.cz\/wordpress\/#\/schema\/logo\/image\/\"}}]}<\/script>\n<!-- \/ Yoast SEO plugin. -->","yoast_head_json":{"title":"Heuristick\u00e1 anal\u00fdza - Spr\u00e1va webov\u00e9ho obsahu","robots":{"index":"index","follow":"follow","max-snippet":"max-snippet:-1","max-image-preview":"max-image-preview:large","max-video-preview":"max-video-preview:-1"},"canonical":"https:\/\/swo.vavyskov.cz\/wordpress\/uspesny-web\/kontrola\/heuristicka-analyza\/","og_locale":"cs_CZ","og_type":"article","og_title":"Heuristick\u00e1 anal\u00fdza - Spr\u00e1va webov\u00e9ho obsahu","og_description":"On-Page faktory URL adresy n\u00e1zev popis kl\u00ed\u010dov\u00e1 slova roboti (robots.txt, sitemap.xml) favicon obsah zdrojov\u00fd k\u00f3d intern\u00ed a&nbsp;extern\u00ed odkazy jazyk formul\u00e1\u0159e Off-Page faktory zp\u011btn\u00e9 odkazy rank (Pagerank, Srank, Alexarank) indexace vyhled\u00e1va\u010di dom\u00e9na rychlost Google Search Console Pou\u017eitelnost text obsah navigace obr\u00e1zky a&nbsp;multim\u00e9dia P\u0159\u00edstupnost navigace kontrast alternativn\u00ed popisy formul\u00e1\u0159e Webov\u00e1 anal\u00fdza Matomo | Google Analytics","og_url":"https:\/\/swo.vavyskov.cz\/wordpress\/uspesny-web\/kontrola\/heuristicka-analyza\/","og_site_name":"Spr\u00e1va webov\u00e9ho obsahu","article_modified_time":"2020-03-01T20:46:46+00:00","og_image":[{"width":2048,"height":1536,"url":"https:\/\/swo.vavyskov.cz\/wordpress\/wp-content\/uploads\/2020\/03\/heuristicka-analyza-scaled.jpg","type":"image\/jpeg"}],"twitter_card":"summary_large_image","schema":{"@context":"https:\/\/schema.org","@graph":[{"@type":"WebPage","@id":"https:\/\/swo.vavyskov.cz\/wordpress\/uspesny-web\/kontrola\/heuristicka-analyza\/","url":"https:\/\/swo.vavyskov.cz\/wordpress\/uspesny-web\/kontrola\/heuristicka-analyza\/","name":"Heuristick\u00e1 anal\u00fdza - Spr\u00e1va webov\u00e9ho obsahu","isPartOf":{"@id":"https:\/\/swo.vavyskov.cz\/wordpress\/#website"},"primaryImageOfPage":{"@id":"https:\/\/swo.vavyskov.cz\/wordpress\/uspesny-web\/kontrola\/heuristicka-analyza\/#primaryimage"},"image":{"@id":"https:\/\/swo.vavyskov.cz\/wordpress\/uspesny-web\/kontrola\/heuristicka-analyza\/#primaryimage"},"thumbnailUrl":"https:\/\/swo.vavyskov.cz\/wordpress\/wp-content\/uploads\/2020\/03\/heuristicka-analyza-scaled.jpg","datePublished":"2020-02-18T22:20:27+00:00","dateModified":"2020-03-01T20:46:46+00:00","breadcrumb":{"@id":"https:\/\/swo.vavyskov.cz\/wordpress\/uspesny-web\/kontrola\/heuristicka-analyza\/#breadcrumb"},"inLanguage":"cs","potentialAction":[{"@type":"ReadAction","target":["https:\/\/swo.vavyskov.cz\/wordpress\/uspesny-web\/kontrola\/heuristicka-analyza\/"]}]},{"@type":"ImageObject","inLanguage":"cs","@id":"https:\/\/swo.vavyskov.cz\/wordpress\/uspesny-web\/kontrola\/heuristicka-analyza\/#primaryimage","url":"https:\/\/swo.vavyskov.cz\/wordpress\/wp-content\/uploads\/2020\/03\/heuristicka-analyza-scaled.jpg","contentUrl":"https:\/\/swo.vavyskov.cz\/wordpress\/wp-content\/uploads\/2020\/03\/heuristicka-analyza-scaled.jpg","width":2048,"height":1536,"caption":"Heuristick\u00e1 anal\u00fdza"},{"@type":"BreadcrumbList","@id":"https:\/\/swo.vavyskov.cz\/wordpress\/uspesny-web\/kontrola\/heuristicka-analyza\/#breadcrumb","itemListElement":[{"@type":"ListItem","position":1,"name":"Dom\u016f","item":"https:\/\/swo.vavyskov.cz\/wordpress\/"},{"@type":"ListItem","position":2,"name":"\u00dasp\u011b\u0161n\u00fd web","item":"https:\/\/swo.vavyskov.cz\/wordpress\/uspesny-web\/"},{"@type":"ListItem","position":3,"name":"Kontrola","item":"https:\/\/swo.vavyskov.cz\/wordpress\/uspesny-web\/kontrola\/"},{"@type":"ListItem","position":4,"name":"Heuristick\u00e1 anal\u00fdza"}]},{"@type":"WebSite","@id":"https:\/\/swo.vavyskov.cz\/wordpress\/#website","url":"https:\/\/swo.vavyskov.cz\/wordpress\/","name":"Spr\u00e1va webov\u00e9ho obsahu","description":"Tvo\u0159\u00edme \u00fasp\u011b\u0161n\u00fd web","publisher":{"@id":"https:\/\/swo.vavyskov.cz\/wordpress\/#organization"},"potentialAction":[{"@type":"SearchAction","target":{"@type":"EntryPoint","urlTemplate":"https:\/\/swo.vavyskov.cz\/wordpress\/?s={search_term_string}"},"query-input":{"@type":"PropertyValueSpecification","valueRequired":true,"valueName":"search_term_string"}}],"inLanguage":"cs"},{"@type":"Organization","@id":"https:\/\/swo.vavyskov.cz\/wordpress\/#organization","name":"Velitelstv\u00ed v\u00fdcviku \u2013 Vojensk\u00e1 akademie Vy\u0161kov","url":"https:\/\/swo.vavyskov.cz\/wordpress\/","logo":{"@type":"ImageObject","inLanguage":"cs","@id":"https:\/\/swo.vavyskov.cz\/wordpress\/#\/schema\/logo\/image\/","url":"https:\/\/swo.vavyskov.cz\/wordpress\/wp-content\/uploads\/2018\/04\/kontakt.png","contentUrl":"https:\/\/swo.vavyskov.cz\/wordpress\/wp-content\/uploads\/2018\/04\/kontakt.png","width":487,"height":640,"caption":"Velitelstv\u00ed v\u00fdcviku \u2013 Vojensk\u00e1 akademie Vy\u0161kov"},"image":{"@id":"https:\/\/swo.vavyskov.cz\/wordpress\/#\/schema\/logo\/image\/"}}]}},"coauthors":[],"author_meta":{"author_link":"https:\/\/swo.vavyskov.cz\/wordpress\/author\/swowp\/","display_name":"SWO"},"relative_dates":{"created":"Posted 6 roky ago","modified":"Updated 6 roky ago"},"absolute_dates":{"created":"Posted on 18. 2. 2020","modified":"Updated on 1. 3. 2020"},"absolute_dates_time":{"created":"Posted on 18. 2. 2020 23:20","modified":"Updated on 1. 3. 2020 21:46"},"featured_img_caption":"","featured_img":"https:\/\/swo.vavyskov.cz\/wordpress\/wp-content\/uploads\/2020\/03\/heuristicka-analyza-scaled.jpg","series_order":"","_links":{"self":[{"href":"https:\/\/swo.vavyskov.cz\/wordpress\/wp-json\/wp\/v2\/pages\/536","targetHints":{"allow":["GET"]}}],"collection":[{"href":"https:\/\/swo.vavyskov.cz\/wordpress\/wp-json\/wp\/v2\/pages"}],"about":[{"href":"https:\/\/swo.vavyskov.cz\/wordpress\/wp-json\/wp\/v2\/types\/page"}],"author":[{"embeddable":true,"href":"https:\/\/swo.vavyskov.cz\/wordpress\/wp-json\/wp\/v2\/users\/1"}],"replies":[{"embeddable":true,"href":"https:\/\/swo.vavyskov.cz\/wordpress\/wp-json\/wp\/v2\/comments?post=536"}],"version-history":[{"count":6,"href":"https:\/\/swo.vavyskov.cz\/wordpress\/wp-json\/wp\/v2\/pages\/536\/revisions"}],"predecessor-version":[{"id":962,"href":"https:\/\/swo.vavyskov.cz\/wordpress\/wp-json\/wp\/v2\/pages\/536\/revisions\/962"}],"up":[{"embeddable":true,"href":"https:\/\/swo.vavyskov.cz\/wordpress\/wp-json\/wp\/v2\/pages\/265"}],"wp:featuredmedia":[{"embeddable":true,"href":"https:\/\/swo.vavyskov.cz\/wordpress\/wp-json\/wp\/v2\/media\/961"}],"wp:attachment":[{"href":"https:\/\/swo.vavyskov.cz\/wordpress\/wp-json\/wp\/v2\/media?parent=536"}],"curies":[{"name":"wp","href":"https:\/\/api.w.org\/{rel}","templated":true}]}}