{"id":514,"date":"2020-02-18T23:08:12","date_gmt":"2020-02-18T22:08:12","guid":{"rendered":"https:\/\/swo.vavyskov.cz\/wordpress\/?page_id=514"},"modified":"2020-03-01T21:34:00","modified_gmt":"2020-03-01T20:34:00","slug":"formaty-dat","status":"publish","type":"page","link":"https:\/\/swo.vavyskov.cz\/wordpress\/uspesny-web\/navrh\/formaty-dat\/","title":{"rendered":"Form\u00e1ty dat"},"content":{"rendered":"\n<figure class=\"wp-block-gallery columns-1 is-cropped wp-block-gallery-2\"><ul class=\"blocks-gallery-grid\"><li class=\"blocks-gallery-item\"><figure><img loading=\"lazy\" decoding=\"async\" width=\"1024\" height=\"768\" src=\"\/wordpress\/wp-content\/uploads\/2020\/02\/formaty-dat-1024x768.jpeg\" alt=\"Form\u00e1ty dat\" data-id=\"515\" class=\"wp-image-515 is-layout-flex wp-block-gallery-is-layout-flex\" srcset=\"https:\/\/swo.vavyskov.cz\/wordpress\/wp-content\/uploads\/2020\/02\/formaty-dat-1024x768.jpeg 1024w, https:\/\/swo.vavyskov.cz\/wordpress\/wp-content\/uploads\/2020\/02\/formaty-dat-300x225.jpeg 300w, https:\/\/swo.vavyskov.cz\/wordpress\/wp-content\/uploads\/2020\/02\/formaty-dat-768x576.jpeg 768w, https:\/\/swo.vavyskov.cz\/wordpress\/wp-content\/uploads\/2020\/02\/formaty-dat-1536x1152.jpeg 1536w, https:\/\/swo.vavyskov.cz\/wordpress\/wp-content\/uploads\/2020\/02\/formaty-dat-scaled.jpeg 2048w\" sizes=\"auto, (max-width: 767px) 89vw, (max-width: 1000px) 54vw, (max-width: 1071px) 543px, 580px\" \/><\/figure><\/li><\/ul><\/figure>\n\n\n\n<p>Form\u00e1ty dat:<\/p>\n\n\n\n<ol class=\"wp-block-list\"><li>text<\/li><li>\u010d\u00edslo<\/li><li>datum<\/li><li>e-mail<\/li><li>logick\u00e1 hodnota<\/li><li>obr\u00e1zek<\/li><li>soubor atd.<\/li><\/ol>\n","protected":false},"excerpt":{"rendered":"<p>Form\u00e1ty dat: text \u010d\u00edslo datum e-mail logick\u00e1 hodnota obr\u00e1zek soubor atd.<\/p>\n","protected":false},"author":1,"featured_media":515,"parent":77,"menu_order":4,"comment_status":"closed","ping_status":"closed","template":"page_no-featured-image.php","meta":{"advgb_blocks_editor_width":"","advgb_blocks_columns_visual_guide":"","footnotes":""},"class_list":["post-514","page","type-page","status-publish","has-post-thumbnail","hentry"],"yoast_head":"<!-- This site is optimized with the Yoast SEO plugin v27.0 - https:\/\/yoast.com\/product\/yoast-seo-wordpress\/ -->\n<title>Form\u00e1ty dat - Spr\u00e1va webov\u00e9ho obsahu<\/title>\n<meta name=\"robots\" content=\"index, follow, max-snippet:-1, max-image-preview:large, max-video-preview:-1\" \/>\n<link rel=\"canonical\" href=\"https:\/\/swo.vavyskov.cz\/wordpress\/uspesny-web\/navrh\/formaty-dat\/\" \/>\n<meta property=\"og:locale\" content=\"cs_CZ\" \/>\n<meta property=\"og:type\" content=\"article\" \/>\n<meta property=\"og:title\" content=\"Form\u00e1ty dat - Spr\u00e1va webov\u00e9ho obsahu\" \/>\n<meta property=\"og:description\" content=\"Form\u00e1ty dat: text \u010d\u00edslo datum e-mail logick\u00e1 hodnota obr\u00e1zek soubor atd.\" \/>\n<meta property=\"og:url\" content=\"https:\/\/swo.vavyskov.cz\/wordpress\/uspesny-web\/navrh\/formaty-dat\/\" \/>\n<meta property=\"og:site_name\" content=\"Spr\u00e1va webov\u00e9ho obsahu\" \/>\n<meta property=\"article:modified_time\" content=\"2020-03-01T20:34:00+00:00\" \/>\n<meta property=\"og:image\" content=\"https:\/\/swo.vavyskov.cz\/wordpress\/wp-content\/uploads\/2020\/02\/formaty-dat-scaled.jpeg\" \/>\n\t<meta property=\"og:image:width\" content=\"2048\" \/>\n\t<meta property=\"og:image:height\" content=\"1536\" \/>\n\t<meta property=\"og:image:type\" content=\"image\/jpeg\" \/>\n<meta name=\"twitter:card\" content=\"summary_large_image\" \/>\n<script type=\"application\/ld+json\" class=\"yoast-schema-graph\">{\"@context\":\"https:\/\/schema.org\",\"@graph\":[{\"@type\":\"WebPage\",\"@id\":\"https:\/\/swo.vavyskov.cz\/wordpress\/uspesny-web\/navrh\/formaty-dat\/\",\"url\":\"https:\/\/swo.vavyskov.cz\/wordpress\/uspesny-web\/navrh\/formaty-dat\/\",\"name\":\"Form\u00e1ty dat - Spr\u00e1va webov\u00e9ho obsahu\",\"isPartOf\":{\"@id\":\"https:\/\/swo.vavyskov.cz\/wordpress\/#website\"},\"primaryImageOfPage\":{\"@id\":\"https:\/\/swo.vavyskov.cz\/wordpress\/uspesny-web\/navrh\/formaty-dat\/#primaryimage\"},\"image\":{\"@id\":\"https:\/\/swo.vavyskov.cz\/wordpress\/uspesny-web\/navrh\/formaty-dat\/#primaryimage\"},\"thumbnailUrl\":\"https:\/\/swo.vavyskov.cz\/wordpress\/wp-content\/uploads\/2020\/02\/formaty-dat-scaled.jpeg\",\"datePublished\":\"2020-02-18T22:08:12+00:00\",\"dateModified\":\"2020-03-01T20:34:00+00:00\",\"breadcrumb\":{\"@id\":\"https:\/\/swo.vavyskov.cz\/wordpress\/uspesny-web\/navrh\/formaty-dat\/#breadcrumb\"},\"inLanguage\":\"cs\",\"potentialAction\":[{\"@type\":\"ReadAction\",\"target\":[\"https:\/\/swo.vavyskov.cz\/wordpress\/uspesny-web\/navrh\/formaty-dat\/\"]}]},{\"@type\":\"ImageObject\",\"inLanguage\":\"cs\",\"@id\":\"https:\/\/swo.vavyskov.cz\/wordpress\/uspesny-web\/navrh\/formaty-dat\/#primaryimage\",\"url\":\"https:\/\/swo.vavyskov.cz\/wordpress\/wp-content\/uploads\/2020\/02\/formaty-dat-scaled.jpeg\",\"contentUrl\":\"https:\/\/swo.vavyskov.cz\/wordpress\/wp-content\/uploads\/2020\/02\/formaty-dat-scaled.jpeg\",\"width\":2048,\"height\":1536,\"caption\":\"Form\u00e1ty dat\"},{\"@type\":\"BreadcrumbList\",\"@id\":\"https:\/\/swo.vavyskov.cz\/wordpress\/uspesny-web\/navrh\/formaty-dat\/#breadcrumb\",\"itemListElement\":[{\"@type\":\"ListItem\",\"position\":1,\"name\":\"Dom\u016f\",\"item\":\"https:\/\/swo.vavyskov.cz\/wordpress\/\"},{\"@type\":\"ListItem\",\"position\":2,\"name\":\"\u00dasp\u011b\u0161n\u00fd web\",\"item\":\"https:\/\/swo.vavyskov.cz\/wordpress\/uspesny-web\/\"},{\"@type\":\"ListItem\",\"position\":3,\"name\":\"N\u00e1vrh\",\"item\":\"https:\/\/swo.vavyskov.cz\/wordpress\/uspesny-web\/navrh\/\"},{\"@type\":\"ListItem\",\"position\":4,\"name\":\"Form\u00e1ty dat\"}]},{\"@type\":\"WebSite\",\"@id\":\"https:\/\/swo.vavyskov.cz\/wordpress\/#website\",\"url\":\"https:\/\/swo.vavyskov.cz\/wordpress\/\",\"name\":\"Spr\u00e1va webov\u00e9ho obsahu\",\"description\":\"Tvo\u0159\u00edme \u00fasp\u011b\u0161n\u00fd web\",\"publisher\":{\"@id\":\"https:\/\/swo.vavyskov.cz\/wordpress\/#organization\"},\"potentialAction\":[{\"@type\":\"SearchAction\",\"target\":{\"@type\":\"EntryPoint\",\"urlTemplate\":\"https:\/\/swo.vavyskov.cz\/wordpress\/?s={search_term_string}\"},\"query-input\":{\"@type\":\"PropertyValueSpecification\",\"valueRequired\":true,\"valueName\":\"search_term_string\"}}],\"inLanguage\":\"cs\"},{\"@type\":\"Organization\",\"@id\":\"https:\/\/swo.vavyskov.cz\/wordpress\/#organization\",\"name\":\"Velitelstv\u00ed v\u00fdcviku \u2013 Vojensk\u00e1 akademie Vy\u0161kov\",\"url\":\"https:\/\/swo.vavyskov.cz\/wordpress\/\",\"logo\":{\"@type\":\"ImageObject\",\"inLanguage\":\"cs\",\"@id\":\"https:\/\/swo.vavyskov.cz\/wordpress\/#\/schema\/logo\/image\/\",\"url\":\"https:\/\/swo.vavyskov.cz\/wordpress\/wp-content\/uploads\/2018\/04\/kontakt.png\",\"contentUrl\":\"https:\/\/swo.vavyskov.cz\/wordpress\/wp-content\/uploads\/2018\/04\/kontakt.png\",\"width\":487,\"height\":640,\"caption\":\"Velitelstv\u00ed v\u00fdcviku \u2013 Vojensk\u00e1 akademie Vy\u0161kov\"},\"image\":{\"@id\":\"https:\/\/swo.vavyskov.cz\/wordpress\/#\/schema\/logo\/image\/\"}}]}<\/script>\n<!-- \/ Yoast SEO plugin. -->","yoast_head_json":{"title":"Form\u00e1ty dat - Spr\u00e1va webov\u00e9ho obsahu","robots":{"index":"index","follow":"follow","max-snippet":"max-snippet:-1","max-image-preview":"max-image-preview:large","max-video-preview":"max-video-preview:-1"},"canonical":"https:\/\/swo.vavyskov.cz\/wordpress\/uspesny-web\/navrh\/formaty-dat\/","og_locale":"cs_CZ","og_type":"article","og_title":"Form\u00e1ty dat - Spr\u00e1va webov\u00e9ho obsahu","og_description":"Form\u00e1ty dat: text \u010d\u00edslo datum e-mail logick\u00e1 hodnota obr\u00e1zek soubor atd.","og_url":"https:\/\/swo.vavyskov.cz\/wordpress\/uspesny-web\/navrh\/formaty-dat\/","og_site_name":"Spr\u00e1va webov\u00e9ho obsahu","article_modified_time":"2020-03-01T20:34:00+00:00","og_image":[{"width":2048,"height":1536,"url":"https:\/\/swo.vavyskov.cz\/wordpress\/wp-content\/uploads\/2020\/02\/formaty-dat-scaled.jpeg","type":"image\/jpeg"}],"twitter_card":"summary_large_image","schema":{"@context":"https:\/\/schema.org","@graph":[{"@type":"WebPage","@id":"https:\/\/swo.vavyskov.cz\/wordpress\/uspesny-web\/navrh\/formaty-dat\/","url":"https:\/\/swo.vavyskov.cz\/wordpress\/uspesny-web\/navrh\/formaty-dat\/","name":"Form\u00e1ty dat - Spr\u00e1va webov\u00e9ho obsahu","isPartOf":{"@id":"https:\/\/swo.vavyskov.cz\/wordpress\/#website"},"primaryImageOfPage":{"@id":"https:\/\/swo.vavyskov.cz\/wordpress\/uspesny-web\/navrh\/formaty-dat\/#primaryimage"},"image":{"@id":"https:\/\/swo.vavyskov.cz\/wordpress\/uspesny-web\/navrh\/formaty-dat\/#primaryimage"},"thumbnailUrl":"https:\/\/swo.vavyskov.cz\/wordpress\/wp-content\/uploads\/2020\/02\/formaty-dat-scaled.jpeg","datePublished":"2020-02-18T22:08:12+00:00","dateModified":"2020-03-01T20:34:00+00:00","breadcrumb":{"@id":"https:\/\/swo.vavyskov.cz\/wordpress\/uspesny-web\/navrh\/formaty-dat\/#breadcrumb"},"inLanguage":"cs","potentialAction":[{"@type":"ReadAction","target":["https:\/\/swo.vavyskov.cz\/wordpress\/uspesny-web\/navrh\/formaty-dat\/"]}]},{"@type":"ImageObject","inLanguage":"cs","@id":"https:\/\/swo.vavyskov.cz\/wordpress\/uspesny-web\/navrh\/formaty-dat\/#primaryimage","url":"https:\/\/swo.vavyskov.cz\/wordpress\/wp-content\/uploads\/2020\/02\/formaty-dat-scaled.jpeg","contentUrl":"https:\/\/swo.vavyskov.cz\/wordpress\/wp-content\/uploads\/2020\/02\/formaty-dat-scaled.jpeg","width":2048,"height":1536,"caption":"Form\u00e1ty dat"},{"@type":"BreadcrumbList","@id":"https:\/\/swo.vavyskov.cz\/wordpress\/uspesny-web\/navrh\/formaty-dat\/#breadcrumb","itemListElement":[{"@type":"ListItem","position":1,"name":"Dom\u016f","item":"https:\/\/swo.vavyskov.cz\/wordpress\/"},{"@type":"ListItem","position":2,"name":"\u00dasp\u011b\u0161n\u00fd web","item":"https:\/\/swo.vavyskov.cz\/wordpress\/uspesny-web\/"},{"@type":"ListItem","position":3,"name":"N\u00e1vrh","item":"https:\/\/swo.vavyskov.cz\/wordpress\/uspesny-web\/navrh\/"},{"@type":"ListItem","position":4,"name":"Form\u00e1ty dat"}]},{"@type":"WebSite","@id":"https:\/\/swo.vavyskov.cz\/wordpress\/#website","url":"https:\/\/swo.vavyskov.cz\/wordpress\/","name":"Spr\u00e1va webov\u00e9ho obsahu","description":"Tvo\u0159\u00edme \u00fasp\u011b\u0161n\u00fd web","publisher":{"@id":"https:\/\/swo.vavyskov.cz\/wordpress\/#organization"},"potentialAction":[{"@type":"SearchAction","target":{"@type":"EntryPoint","urlTemplate":"https:\/\/swo.vavyskov.cz\/wordpress\/?s={search_term_string}"},"query-input":{"@type":"PropertyValueSpecification","valueRequired":true,"valueName":"search_term_string"}}],"inLanguage":"cs"},{"@type":"Organization","@id":"https:\/\/swo.vavyskov.cz\/wordpress\/#organization","name":"Velitelstv\u00ed v\u00fdcviku \u2013 Vojensk\u00e1 akademie Vy\u0161kov","url":"https:\/\/swo.vavyskov.cz\/wordpress\/","logo":{"@type":"ImageObject","inLanguage":"cs","@id":"https:\/\/swo.vavyskov.cz\/wordpress\/#\/schema\/logo\/image\/","url":"https:\/\/swo.vavyskov.cz\/wordpress\/wp-content\/uploads\/2018\/04\/kontakt.png","contentUrl":"https:\/\/swo.vavyskov.cz\/wordpress\/wp-content\/uploads\/2018\/04\/kontakt.png","width":487,"height":640,"caption":"Velitelstv\u00ed v\u00fdcviku \u2013 Vojensk\u00e1 akademie Vy\u0161kov"},"image":{"@id":"https:\/\/swo.vavyskov.cz\/wordpress\/#\/schema\/logo\/image\/"}}]}},"coauthors":[],"author_meta":{"author_link":"https:\/\/swo.vavyskov.cz\/wordpress\/author\/swowp\/","display_name":"SWO"},"relative_dates":{"created":"Posted 6 roky ago","modified":"Updated 6 roky ago"},"absolute_dates":{"created":"Posted on 18. 2. 2020","modified":"Updated on 1. 3. 2020"},"absolute_dates_time":{"created":"Posted on 18. 2. 2020 23:08","modified":"Updated on 1. 3. 2020 21:34"},"featured_img_caption":"","featured_img":"https:\/\/swo.vavyskov.cz\/wordpress\/wp-content\/uploads\/2020\/02\/formaty-dat-scaled.jpeg","series_order":"","_links":{"self":[{"href":"https:\/\/swo.vavyskov.cz\/wordpress\/wp-json\/wp\/v2\/pages\/514","targetHints":{"allow":["GET"]}}],"collection":[{"href":"https:\/\/swo.vavyskov.cz\/wordpress\/wp-json\/wp\/v2\/pages"}],"about":[{"href":"https:\/\/swo.vavyskov.cz\/wordpress\/wp-json\/wp\/v2\/types\/page"}],"author":[{"embeddable":true,"href":"https:\/\/swo.vavyskov.cz\/wordpress\/wp-json\/wp\/v2\/users\/1"}],"replies":[{"embeddable":true,"href":"https:\/\/swo.vavyskov.cz\/wordpress\/wp-json\/wp\/v2\/comments?post=514"}],"version-history":[{"count":3,"href":"https:\/\/swo.vavyskov.cz\/wordpress\/wp-json\/wp\/v2\/pages\/514\/revisions"}],"predecessor-version":[{"id":717,"href":"https:\/\/swo.vavyskov.cz\/wordpress\/wp-json\/wp\/v2\/pages\/514\/revisions\/717"}],"up":[{"embeddable":true,"href":"https:\/\/swo.vavyskov.cz\/wordpress\/wp-json\/wp\/v2\/pages\/77"}],"wp:featuredmedia":[{"embeddable":true,"href":"https:\/\/swo.vavyskov.cz\/wordpress\/wp-json\/wp\/v2\/media\/515"}],"wp:attachment":[{"href":"https:\/\/swo.vavyskov.cz\/wordpress\/wp-json\/wp\/v2\/media?parent=514"}],"curies":[{"name":"wp","href":"https:\/\/api.w.org\/{rel}","templated":true}]}}