{"id":474,"date":"2020-02-18T18:19:33","date_gmt":"2020-02-18T17:19:33","guid":{"rendered":"https:\/\/swo.vavyskov.cz\/wordpress\/?page_id=474"},"modified":"2024-10-07T08:51:22","modified_gmt":"2024-10-07T06:51:22","slug":"vyvoj","status":"publish","type":"page","link":"https:\/\/swo.vavyskov.cz\/wordpress\/uspesny-web\/realizace\/vyvoj\/","title":{"rendered":"V\u00fdvoj"},"content":{"rendered":"\n<figure class=\"wp-block-gallery has-nested-images columns-default is-cropped wp-block-gallery-2 is-layout-flex wp-block-gallery-is-layout-flex\">\n<figure class=\"wp-block-image size-large\"><img loading=\"lazy\" decoding=\"async\" width=\"1024\" height=\"768\" data-id=\"523\" src=\"https:\/\/swo.vavyskov.cz\/wordpress\/wp-content\/uploads\/2020\/02\/vyvoj-1024x768.jpeg\" alt=\"V\u00fdvoj\" class=\"wp-image-523\" srcset=\"https:\/\/swo.vavyskov.cz\/wordpress\/wp-content\/uploads\/2020\/02\/vyvoj-1024x768.jpeg 1024w, https:\/\/swo.vavyskov.cz\/wordpress\/wp-content\/uploads\/2020\/02\/vyvoj-300x225.jpeg 300w, https:\/\/swo.vavyskov.cz\/wordpress\/wp-content\/uploads\/2020\/02\/vyvoj-768x576.jpeg 768w, https:\/\/swo.vavyskov.cz\/wordpress\/wp-content\/uploads\/2020\/02\/vyvoj-1536x1152.jpeg 1536w, https:\/\/swo.vavyskov.cz\/wordpress\/wp-content\/uploads\/2020\/02\/vyvoj-scaled.jpeg 2048w\" sizes=\"auto, (max-width: 767px) 89vw, (max-width: 1000px) 54vw, (max-width: 1071px) 543px, 580px\" \/><\/figure>\n<\/figure>\n\n\n\n<p>P\u0159ehled doporu\u010den\u00fdch aplikac\u00ed a&nbsp;n\u00e1stroj\u016f<\/p>\n\n\n\n<h2 class=\"wp-block-heading\">Editor<\/h2>\n\n\n\n<p>Textov\u00fd editor:<\/p>\n\n\n\n<ul class=\"wp-block-list\">\n<li><a href=\"http:\/\/brackets.io\/\" target=\"_blank\" rel=\"noreferrer noopener\">Brackets<\/a><\/li>\n\n\n\n<li><a href=\"https:\/\/code.visualstudio.com\/\" target=\"_blank\" rel=\"noreferrer noopener\"><strong>Visual Studio Code<\/strong><\/a><\/li>\n\n\n\n<li><a href=\"https:\/\/atom.io\/\" target=\"_blank\" rel=\"noreferrer noopener\">Atom<\/a><\/li>\n<\/ul>\n\n\n\n<p>Kompletn\u00ed&nbsp;IDE&nbsp;prost\u0159ed\u00ed:<\/p>\n\n\n\n<ul class=\"wp-block-list\">\n<li><a href=\"https:\/\/netbeans.org\/\" target=\"_blank\" rel=\"noreferrer noopener\">NetBeans<\/a><\/li>\n\n\n\n<li><a href=\"https:\/\/www.eclipse.org\/\" target=\"_blank\" rel=\"noreferrer noopener\">Eclipse<\/a><\/li>\n\n\n\n<li><a href=\"https:\/\/www.jetbrains.com\/phpstorm\/\" target=\"_blank\" rel=\"noreferrer noopener\">PhpStorm<\/a>\u00a0(komer\u010dn\u00ed)<\/li>\n<\/ul>\n\n\n\n<h2 class=\"wp-block-heading\">Webov\u00fd prohl\u00ed\u017ee\u010d<\/h2>\n\n\n\n<p>Stitistiky: <a href=\"http:\/\/gs.statcounter.com\/\" target=\"_blank\" rel=\"noreferrer noopener\">gs.statcounter.com<\/a>,&nbsp;<a href=\"http:\/\/ranking.gemius.com\/cz\/\" target=\"_blank\" rel=\"noreferrer noopener\">ranking.gemius.com\/cz<\/a>,&nbsp;<a href=\"https:\/\/browserl.ist\/\" target=\"_blank\" rel=\"noreferrer noopener\"><strong>browserl.ist<\/strong><\/a>.<\/p>\n\n\n\n<ol class=\"wp-block-list\">\n<li><strong><a href=\"https:\/\/www.google.cz\/chrome\/\">Google Chrome<\/a><\/strong><\/li>\n\n\n\n<li>Safari (macOS)<\/li>\n\n\n\n<li><a href=\"https:\/\/www.mozilla.org\/cs\/firefox\/new\/\" target=\"_blank\" rel=\"noreferrer noopener\"><strong>Mozilla Firefox<\/strong><\/a><\/li>\n\n\n\n<li>Internet Explorer (Windows)<\/li>\n\n\n\n<li>Edge (Windows)<\/li>\n<\/ol>\n\n\n\n<h2 class=\"wp-block-heading\">Spr\u00e1vce soubor\u016f<\/h2>\n\n\n\n<ul class=\"wp-block-list\">\n<li><a href=\"https:\/\/filezilla-project.org\/download.php\" target=\"_blank\" rel=\"noreferrer noopener\"><strong>FileZilla &#8211; FTP<\/strong><\/a><\/li>\n\n\n\n<li><a href=\"https:\/\/winscp.net\/eng\/download.php\" target=\"_blank\" rel=\"noreferrer noopener\">WinSCP &#8211; SSH<\/a>\u00a0(Windows)<\/li>\n\n\n\n<li><a href=\"https:\/\/www.ghisler.com\/download.htm\" target=\"_blank\" rel=\"noreferrer noopener\">Total Commander &#8211; FTP<\/a>\u00a0(Windows, komer\u010dn\u00ed) <\/li>\n<\/ul>\n\n\n\n<h2 class=\"wp-block-heading\">Termin\u00e1l s&nbsp;SSH klientem<\/h2>\n\n\n\n<ul class=\"wp-block-list\">\n<li><strong>Termin\u00e1l<\/strong>\u00a0(Linux, macOS)<\/li>\n\n\n\n<li>P\u0159\u00edkazov\u00fd \u0159\u00e1dek,\u00a0<strong>PowerShell<\/strong>\u00a0+\u00a0<a href=\"https:\/\/www.putty.org\/\" target=\"_blank\" rel=\"noreferrer noopener\"><strong>PuTTY<\/strong><\/a>\u00a0(Windows)<\/li>\n<\/ul>\n\n\n\n<h2 class=\"wp-block-heading\">Webov\u00fd server<\/h2>\n\n\n\n<p>Distribuce:<\/p>\n\n\n\n<ul class=\"wp-block-list\">\n<li>LAMP (Linux)<\/li>\n\n\n\n<li><a href=\"http:\/\/wampserver.aviatechno.net\/\" target=\"_blank\" rel=\"noreferrer noopener\">WAMP<\/a>\u00a0(Windows)<\/li>\n\n\n\n<li><a href=\"https:\/\/www.mamp.info\/en\/\" target=\"_blank\" rel=\"noreferrer noopener\">MAMP<\/a>\u00a0(macOS, Windows)<\/li>\n\n\n\n<li><a href=\"https:\/\/www.apachefriends.org\/download.html\" target=\"_blank\" rel=\"noreferrer noopener\">XAMPP<\/a><\/li>\n<\/ul>\n\n\n\n<p>Virtualizace:<\/p>\n\n\n\n<ul class=\"wp-block-list\">\n<li><a href=\"https:\/\/www.vagrantup.com\/\" target=\"_blank\" rel=\"noreferrer noopener\">Vagrant<\/a>\n<ul class=\"wp-block-list\">\n<li><a href=\"https:\/\/www.virtualbox.org\/\" target=\"_blank\" rel=\"noreferrer noopener\">VirtualBox<\/a><\/li>\n\n\n\n<li><a href=\"https:\/\/www.vmware.com\/products\/workstation-player\/workstation-player-evaluation.html\" target=\"_blank\" rel=\"noreferrer noopener\">VMware Workstation Player<\/a>\u00a0(nekomer\u010dn\u00ed pou\u017e\u00edt\u00ed, Windows, Linux)<\/li>\n<\/ul>\n<\/li>\n\n\n\n<li>Docker:\n<ul class=\"wp-block-list\">\n<li><a href=\"https:\/\/docs.docker.com\/engine\/install\/\" target=\"_blank\" rel=\"noreferrer noopener\"><strong>Docker Engine<\/strong><\/a> (Linux, Window + WSL, macOS + Colima | Minikube)<\/li>\n\n\n\n<li>Docker Desktop (zdarma pro&nbsp;organizace do&nbsp;250 zam\u011bstnanc\u016f nebo obratu do&nbsp;10 mil. $ ro\u010dn\u011b)<\/li>\n<\/ul>\n<\/li>\n<\/ul>\n","protected":false},"excerpt":{"rendered":"<p>P\u0159ehled doporu\u010den\u00fdch aplikac\u00ed a&nbsp;n\u00e1stroj\u016f Editor Textov\u00fd editor: Kompletn\u00ed&nbsp;IDE&nbsp;prost\u0159ed\u00ed: Webov\u00fd prohl\u00ed\u017ee\u010d Stitistiky: gs.statcounter.com,&nbsp;ranking.gemius.com\/cz,&nbsp;browserl.ist. Spr\u00e1vce soubor\u016f Termin\u00e1l s&nbsp;SSH klientem Webov\u00fd server Distribuce: Virtualizace:<\/p>\n","protected":false},"author":1,"featured_media":523,"parent":263,"menu_order":0,"comment_status":"closed","ping_status":"closed","template":"page_no-featured-image.php","meta":{"advgb_blocks_editor_width":"","advgb_blocks_columns_visual_guide":"","footnotes":""},"class_list":["post-474","page","type-page","status-publish","has-post-thumbnail","hentry"],"yoast_head":"<!-- This site is optimized with the Yoast SEO plugin v27.0 - https:\/\/yoast.com\/product\/yoast-seo-wordpress\/ -->\n<title>V\u00fdvoj - Spr\u00e1va webov\u00e9ho obsahu<\/title>\n<meta name=\"robots\" content=\"index, follow, max-snippet:-1, max-image-preview:large, max-video-preview:-1\" \/>\n<link rel=\"canonical\" href=\"https:\/\/swo.vavyskov.cz\/wordpress\/uspesny-web\/realizace\/vyvoj\/\" \/>\n<meta property=\"og:locale\" content=\"cs_CZ\" \/>\n<meta property=\"og:type\" content=\"article\" \/>\n<meta property=\"og:title\" content=\"V\u00fdvoj - Spr\u00e1va webov\u00e9ho obsahu\" \/>\n<meta property=\"og:description\" content=\"P\u0159ehled doporu\u010den\u00fdch aplikac\u00ed a&nbsp;n\u00e1stroj\u016f Editor Textov\u00fd editor: Kompletn\u00ed&nbsp;IDE&nbsp;prost\u0159ed\u00ed: Webov\u00fd prohl\u00ed\u017ee\u010d Stitistiky: gs.statcounter.com,&nbsp;ranking.gemius.com\/cz,&nbsp;browserl.ist. Spr\u00e1vce soubor\u016f Termin\u00e1l s&nbsp;SSH klientem Webov\u00fd server Distribuce: Virtualizace:\" \/>\n<meta property=\"og:url\" content=\"https:\/\/swo.vavyskov.cz\/wordpress\/uspesny-web\/realizace\/vyvoj\/\" \/>\n<meta property=\"og:site_name\" content=\"Spr\u00e1va webov\u00e9ho obsahu\" \/>\n<meta property=\"article:modified_time\" content=\"2024-10-07T06:51:22+00:00\" \/>\n<meta property=\"og:image\" content=\"https:\/\/swo.vavyskov.cz\/wordpress\/wp-content\/uploads\/2020\/02\/vyvoj-scaled.jpeg\" \/>\n\t<meta property=\"og:image:width\" content=\"2048\" \/>\n\t<meta property=\"og:image:height\" content=\"1536\" \/>\n\t<meta property=\"og:image:type\" content=\"image\/jpeg\" \/>\n<meta name=\"twitter:card\" content=\"summary_large_image\" \/>\n<meta name=\"twitter:label1\" content=\"Odhadovan\u00e1 doba \u010dten\u00ed\" \/>\n\t<meta name=\"twitter:data1\" content=\"1 minuta\" \/>\n<script type=\"application\/ld+json\" class=\"yoast-schema-graph\">{\"@context\":\"https:\/\/schema.org\",\"@graph\":[{\"@type\":\"WebPage\",\"@id\":\"https:\/\/swo.vavyskov.cz\/wordpress\/uspesny-web\/realizace\/vyvoj\/\",\"url\":\"https:\/\/swo.vavyskov.cz\/wordpress\/uspesny-web\/realizace\/vyvoj\/\",\"name\":\"V\u00fdvoj - Spr\u00e1va webov\u00e9ho obsahu\",\"isPartOf\":{\"@id\":\"https:\/\/swo.vavyskov.cz\/wordpress\/#website\"},\"primaryImageOfPage\":{\"@id\":\"https:\/\/swo.vavyskov.cz\/wordpress\/uspesny-web\/realizace\/vyvoj\/#primaryimage\"},\"image\":{\"@id\":\"https:\/\/swo.vavyskov.cz\/wordpress\/uspesny-web\/realizace\/vyvoj\/#primaryimage\"},\"thumbnailUrl\":\"https:\/\/swo.vavyskov.cz\/wordpress\/wp-content\/uploads\/2020\/02\/vyvoj-scaled.jpeg\",\"datePublished\":\"2020-02-18T17:19:33+00:00\",\"dateModified\":\"2024-10-07T06:51:22+00:00\",\"breadcrumb\":{\"@id\":\"https:\/\/swo.vavyskov.cz\/wordpress\/uspesny-web\/realizace\/vyvoj\/#breadcrumb\"},\"inLanguage\":\"cs\",\"potentialAction\":[{\"@type\":\"ReadAction\",\"target\":[\"https:\/\/swo.vavyskov.cz\/wordpress\/uspesny-web\/realizace\/vyvoj\/\"]}]},{\"@type\":\"ImageObject\",\"inLanguage\":\"cs\",\"@id\":\"https:\/\/swo.vavyskov.cz\/wordpress\/uspesny-web\/realizace\/vyvoj\/#primaryimage\",\"url\":\"https:\/\/swo.vavyskov.cz\/wordpress\/wp-content\/uploads\/2020\/02\/vyvoj-scaled.jpeg\",\"contentUrl\":\"https:\/\/swo.vavyskov.cz\/wordpress\/wp-content\/uploads\/2020\/02\/vyvoj-scaled.jpeg\",\"width\":2048,\"height\":1536,\"caption\":\"V\u00fdvoj\"},{\"@type\":\"BreadcrumbList\",\"@id\":\"https:\/\/swo.vavyskov.cz\/wordpress\/uspesny-web\/realizace\/vyvoj\/#breadcrumb\",\"itemListElement\":[{\"@type\":\"ListItem\",\"position\":1,\"name\":\"Dom\u016f\",\"item\":\"https:\/\/swo.vavyskov.cz\/wordpress\/\"},{\"@type\":\"ListItem\",\"position\":2,\"name\":\"\u00dasp\u011b\u0161n\u00fd web\",\"item\":\"https:\/\/swo.vavyskov.cz\/wordpress\/uspesny-web\/\"},{\"@type\":\"ListItem\",\"position\":3,\"name\":\"Realizace\",\"item\":\"https:\/\/swo.vavyskov.cz\/wordpress\/uspesny-web\/realizace\/\"},{\"@type\":\"ListItem\",\"position\":4,\"name\":\"V\u00fdvoj\"}]},{\"@type\":\"WebSite\",\"@id\":\"https:\/\/swo.vavyskov.cz\/wordpress\/#website\",\"url\":\"https:\/\/swo.vavyskov.cz\/wordpress\/\",\"name\":\"Spr\u00e1va webov\u00e9ho obsahu\",\"description\":\"Tvo\u0159\u00edme \u00fasp\u011b\u0161n\u00fd web\",\"publisher\":{\"@id\":\"https:\/\/swo.vavyskov.cz\/wordpress\/#organization\"},\"potentialAction\":[{\"@type\":\"SearchAction\",\"target\":{\"@type\":\"EntryPoint\",\"urlTemplate\":\"https:\/\/swo.vavyskov.cz\/wordpress\/?s={search_term_string}\"},\"query-input\":{\"@type\":\"PropertyValueSpecification\",\"valueRequired\":true,\"valueName\":\"search_term_string\"}}],\"inLanguage\":\"cs\"},{\"@type\":\"Organization\",\"@id\":\"https:\/\/swo.vavyskov.cz\/wordpress\/#organization\",\"name\":\"Velitelstv\u00ed v\u00fdcviku \u2013 Vojensk\u00e1 akademie Vy\u0161kov\",\"url\":\"https:\/\/swo.vavyskov.cz\/wordpress\/\",\"logo\":{\"@type\":\"ImageObject\",\"inLanguage\":\"cs\",\"@id\":\"https:\/\/swo.vavyskov.cz\/wordpress\/#\/schema\/logo\/image\/\",\"url\":\"https:\/\/swo.vavyskov.cz\/wordpress\/wp-content\/uploads\/2018\/04\/kontakt.png\",\"contentUrl\":\"https:\/\/swo.vavyskov.cz\/wordpress\/wp-content\/uploads\/2018\/04\/kontakt.png\",\"width\":487,\"height\":640,\"caption\":\"Velitelstv\u00ed v\u00fdcviku \u2013 Vojensk\u00e1 akademie Vy\u0161kov\"},\"image\":{\"@id\":\"https:\/\/swo.vavyskov.cz\/wordpress\/#\/schema\/logo\/image\/\"}}]}<\/script>\n<!-- \/ Yoast SEO plugin. -->","yoast_head_json":{"title":"V\u00fdvoj - Spr\u00e1va webov\u00e9ho obsahu","robots":{"index":"index","follow":"follow","max-snippet":"max-snippet:-1","max-image-preview":"max-image-preview:large","max-video-preview":"max-video-preview:-1"},"canonical":"https:\/\/swo.vavyskov.cz\/wordpress\/uspesny-web\/realizace\/vyvoj\/","og_locale":"cs_CZ","og_type":"article","og_title":"V\u00fdvoj - Spr\u00e1va webov\u00e9ho obsahu","og_description":"P\u0159ehled doporu\u010den\u00fdch aplikac\u00ed a&nbsp;n\u00e1stroj\u016f Editor Textov\u00fd editor: Kompletn\u00ed&nbsp;IDE&nbsp;prost\u0159ed\u00ed: Webov\u00fd prohl\u00ed\u017ee\u010d Stitistiky: gs.statcounter.com,&nbsp;ranking.gemius.com\/cz,&nbsp;browserl.ist. Spr\u00e1vce soubor\u016f Termin\u00e1l s&nbsp;SSH klientem Webov\u00fd server Distribuce: Virtualizace:","og_url":"https:\/\/swo.vavyskov.cz\/wordpress\/uspesny-web\/realizace\/vyvoj\/","og_site_name":"Spr\u00e1va webov\u00e9ho obsahu","article_modified_time":"2024-10-07T06:51:22+00:00","og_image":[{"width":2048,"height":1536,"url":"https:\/\/swo.vavyskov.cz\/wordpress\/wp-content\/uploads\/2020\/02\/vyvoj-scaled.jpeg","type":"image\/jpeg"}],"twitter_card":"summary_large_image","twitter_misc":{"Odhadovan\u00e1 doba \u010dten\u00ed":"1 minuta"},"schema":{"@context":"https:\/\/schema.org","@graph":[{"@type":"WebPage","@id":"https:\/\/swo.vavyskov.cz\/wordpress\/uspesny-web\/realizace\/vyvoj\/","url":"https:\/\/swo.vavyskov.cz\/wordpress\/uspesny-web\/realizace\/vyvoj\/","name":"V\u00fdvoj - Spr\u00e1va webov\u00e9ho obsahu","isPartOf":{"@id":"https:\/\/swo.vavyskov.cz\/wordpress\/#website"},"primaryImageOfPage":{"@id":"https:\/\/swo.vavyskov.cz\/wordpress\/uspesny-web\/realizace\/vyvoj\/#primaryimage"},"image":{"@id":"https:\/\/swo.vavyskov.cz\/wordpress\/uspesny-web\/realizace\/vyvoj\/#primaryimage"},"thumbnailUrl":"https:\/\/swo.vavyskov.cz\/wordpress\/wp-content\/uploads\/2020\/02\/vyvoj-scaled.jpeg","datePublished":"2020-02-18T17:19:33+00:00","dateModified":"2024-10-07T06:51:22+00:00","breadcrumb":{"@id":"https:\/\/swo.vavyskov.cz\/wordpress\/uspesny-web\/realizace\/vyvoj\/#breadcrumb"},"inLanguage":"cs","potentialAction":[{"@type":"ReadAction","target":["https:\/\/swo.vavyskov.cz\/wordpress\/uspesny-web\/realizace\/vyvoj\/"]}]},{"@type":"ImageObject","inLanguage":"cs","@id":"https:\/\/swo.vavyskov.cz\/wordpress\/uspesny-web\/realizace\/vyvoj\/#primaryimage","url":"https:\/\/swo.vavyskov.cz\/wordpress\/wp-content\/uploads\/2020\/02\/vyvoj-scaled.jpeg","contentUrl":"https:\/\/swo.vavyskov.cz\/wordpress\/wp-content\/uploads\/2020\/02\/vyvoj-scaled.jpeg","width":2048,"height":1536,"caption":"V\u00fdvoj"},{"@type":"BreadcrumbList","@id":"https:\/\/swo.vavyskov.cz\/wordpress\/uspesny-web\/realizace\/vyvoj\/#breadcrumb","itemListElement":[{"@type":"ListItem","position":1,"name":"Dom\u016f","item":"https:\/\/swo.vavyskov.cz\/wordpress\/"},{"@type":"ListItem","position":2,"name":"\u00dasp\u011b\u0161n\u00fd web","item":"https:\/\/swo.vavyskov.cz\/wordpress\/uspesny-web\/"},{"@type":"ListItem","position":3,"name":"Realizace","item":"https:\/\/swo.vavyskov.cz\/wordpress\/uspesny-web\/realizace\/"},{"@type":"ListItem","position":4,"name":"V\u00fdvoj"}]},{"@type":"WebSite","@id":"https:\/\/swo.vavyskov.cz\/wordpress\/#website","url":"https:\/\/swo.vavyskov.cz\/wordpress\/","name":"Spr\u00e1va webov\u00e9ho obsahu","description":"Tvo\u0159\u00edme \u00fasp\u011b\u0161n\u00fd web","publisher":{"@id":"https:\/\/swo.vavyskov.cz\/wordpress\/#organization"},"potentialAction":[{"@type":"SearchAction","target":{"@type":"EntryPoint","urlTemplate":"https:\/\/swo.vavyskov.cz\/wordpress\/?s={search_term_string}"},"query-input":{"@type":"PropertyValueSpecification","valueRequired":true,"valueName":"search_term_string"}}],"inLanguage":"cs"},{"@type":"Organization","@id":"https:\/\/swo.vavyskov.cz\/wordpress\/#organization","name":"Velitelstv\u00ed v\u00fdcviku \u2013 Vojensk\u00e1 akademie Vy\u0161kov","url":"https:\/\/swo.vavyskov.cz\/wordpress\/","logo":{"@type":"ImageObject","inLanguage":"cs","@id":"https:\/\/swo.vavyskov.cz\/wordpress\/#\/schema\/logo\/image\/","url":"https:\/\/swo.vavyskov.cz\/wordpress\/wp-content\/uploads\/2018\/04\/kontakt.png","contentUrl":"https:\/\/swo.vavyskov.cz\/wordpress\/wp-content\/uploads\/2018\/04\/kontakt.png","width":487,"height":640,"caption":"Velitelstv\u00ed v\u00fdcviku \u2013 Vojensk\u00e1 akademie Vy\u0161kov"},"image":{"@id":"https:\/\/swo.vavyskov.cz\/wordpress\/#\/schema\/logo\/image\/"}}]}},"coauthors":[],"author_meta":{"author_link":"https:\/\/swo.vavyskov.cz\/wordpress\/author\/swowp\/","display_name":"SWO"},"relative_dates":{"created":"Posted 6 roky ago","modified":"Updated 2 roky ago"},"absolute_dates":{"created":"Posted on 18. 2. 2020","modified":"Updated on 7. 10. 2024"},"absolute_dates_time":{"created":"Posted on 18. 2. 2020 18:19","modified":"Updated on 7. 10. 2024 8:51"},"featured_img_caption":"","featured_img":"https:\/\/swo.vavyskov.cz\/wordpress\/wp-content\/uploads\/2020\/02\/vyvoj-scaled.jpeg","series_order":"","_links":{"self":[{"href":"https:\/\/swo.vavyskov.cz\/wordpress\/wp-json\/wp\/v2\/pages\/474","targetHints":{"allow":["GET"]}}],"collection":[{"href":"https:\/\/swo.vavyskov.cz\/wordpress\/wp-json\/wp\/v2\/pages"}],"about":[{"href":"https:\/\/swo.vavyskov.cz\/wordpress\/wp-json\/wp\/v2\/types\/page"}],"author":[{"embeddable":true,"href":"https:\/\/swo.vavyskov.cz\/wordpress\/wp-json\/wp\/v2\/users\/1"}],"replies":[{"embeddable":true,"href":"https:\/\/swo.vavyskov.cz\/wordpress\/wp-json\/wp\/v2\/comments?post=474"}],"version-history":[{"count":10,"href":"https:\/\/swo.vavyskov.cz\/wordpress\/wp-json\/wp\/v2\/pages\/474\/revisions"}],"predecessor-version":[{"id":1378,"href":"https:\/\/swo.vavyskov.cz\/wordpress\/wp-json\/wp\/v2\/pages\/474\/revisions\/1378"}],"up":[{"embeddable":true,"href":"https:\/\/swo.vavyskov.cz\/wordpress\/wp-json\/wp\/v2\/pages\/263"}],"wp:featuredmedia":[{"embeddable":true,"href":"https:\/\/swo.vavyskov.cz\/wordpress\/wp-json\/wp\/v2\/media\/523"}],"wp:attachment":[{"href":"https:\/\/swo.vavyskov.cz\/wordpress\/wp-json\/wp\/v2\/media?parent=474"}],"curies":[{"name":"wp","href":"https:\/\/api.w.org\/{rel}","templated":true}]}}