{"id":4,"date":"2018-04-24T12:36:26","date_gmt":"2018-04-24T10:36:26","guid":{"rendered":"https:\/\/swo.vavyskov.cz\/wordpress\/?page_id=4"},"modified":"2019-10-27T11:38:00","modified_gmt":"2019-10-27T10:38:00","slug":"sprava-weboveho-obsahu","status":"publish","type":"page","link":"https:\/\/swo.vavyskov.cz\/wordpress\/sprava-weboveho-obsahu\/","title":{"rendered":"Spr\u00e1va webov\u00e9ho obsahu"},"content":{"rendered":"\n<p>Kurz Spr\u00e1va webov\u00e9ho obsahu je ur\u010den z\u00e1jemc\u016fm, kte\u0159\u00ed se&nbsp;cht\u011bj\u00ed nau\u010dit spravovat obsah webov\u00fdch dokument\u016f s&nbsp;vyu\u017eit\u00edm tzv.\u00a0<a href=\"https:\/\/cs.wikipedia.org\/wiki\/Syst%C3%A9m_pro_spr%C3%A1vu_obsahu\">redak\u010dn\u00edch syst\u00e9m\u016f<\/a>\u00a0\u00a0d\u00e1le jen CMS (Content Management System). \u00da\u010dastn\u00edci kurzu se&nbsp;nau\u010d\u00ed instalovat, konfigurovat a&nbsp;prov\u00e1d\u011bt z\u00e1kladn\u00ed administraci redak\u010dn\u00edho syst\u00e9mu. Pomoc\u00ed redak\u010dn\u00edho syst\u00e9mu budou \u00fa\u010dastn\u00edci kurzu schopni vytv\u00e1\u0159et, editovat a&nbsp;spravovat webov\u00fd obsah.<\/p>\n\n\n\n<h2 class=\"wp-block-heading\">Po absolvov\u00e1n\u00ed kurzu Spr\u00e1va webov\u00e9ho obsahu bude \u00fa\u010dastn\u00edk<\/h2>\n\n\n\n<h3 class=\"wp-block-heading\">UM\u011aT<\/h3>\n\n\n\n<ul class=\"wp-block-list\"><li>Vytv\u00e1\u0159et webov\u00fd obsah pomoc\u00ed CMS<\/li><li>Spravovat vytvo\u0159en\u00fd webov\u00fd obsah CMS<\/li><li>Administrovat funkcionality CMS<\/li><li>Vytv\u00e1\u0159et nov\u00e9 funkcionality CMS<\/li><li>Vytv\u00e1\u0159et a&nbsp;upravovat vzhled webov\u00e9ho obsahu v&nbsp;CMS<\/li><\/ul>\n\n\n\n<h3 class=\"wp-block-heading\">ZN\u00c1T<\/h3>\n\n\n\n<ul class=\"wp-block-list\"><li>Mo\u017enosti spr\u00e1vy webov\u00e9ho obsahu v&nbsp;CMS<\/li><li>Rozd\u00edly v&nbsp;kvalit\u011b \u010dasto pou\u017e\u00edvan\u00fdch CMS<\/li><li>Stavebn\u00ed prvky CMS<\/li><\/ul>\n\n\n\n<h3 class=\"wp-block-heading\">SEZN\u00c1MEN<\/h3>\n\n\n\n<ul class=\"wp-block-list\"><li>S mo\u017enostmi spr\u00e1vy datab\u00e1z\u00ed pro&nbsp;CMS<\/li><li>S vyu\u017eit\u00edm skriptov\u00e1n\u00ed pro&nbsp;pot\u0159eby tvorby obsahu v&nbsp;CMS<\/li><li>S pravidly responzivn\u00edho designu webov\u00e9ho obsahu<\/li><li>S praktick\u00fdmi moduly v&nbsp;CMS<\/li><\/ul>\n\n\n\n<h2 class=\"wp-block-heading\">C\u00edle a&nbsp;\u00fakoly kurzu<\/h2>\n\n\n\n<p>\u00da\u010dastn\u00edk kurzu m\u00e1 teoretick\u00fd z\u00e1klad tvorby a&nbsp;spr\u00e1vy webov\u00e9ho obsahu pomoc\u00ed CMS. Um\u00ed CMS nainstalovat, nakonfigurovat a&nbsp;prov\u00e1d\u011bt z\u00e1kladn\u00ed administraci. Pomoc\u00ed CMS um\u00ed vytv\u00e1\u0159et, editovat a&nbsp;spravovat webov\u00fd obsah.<\/p>\n\n\n\n<hr class=\"wp-block-separator\"\/>\n\n\n\n<p>Sou\u010d\u00e1st\u00ed kurzu jsou i&nbsp;praktick\u00e9 informace zab\u00fdvaj\u00edc\u00ed se&nbsp;pl\u00e1nov\u00e1n\u00edm, p\u0159\u00edpravou, n\u00e1vrhem, realizac\u00ed, kontrolou, propagac\u00ed a&nbsp;marketingem \u00fasp\u011b\u0161n\u00e9ho webov\u00e9ho projektu. Velk\u00fd d\u016fraz je kladen tak\u00e9 na&nbsp;t\u00fdmovou spolupr\u00e1ci.<\/p>\n\n\n\n<p>V pr\u016fb\u011bhu kurzu budou \u00fa\u010dastn\u00edk\u016fm zodpov\u011bzeny p\u0159\u00edpadn\u00e9 ot\u00e1zky t\u00fdkaj\u00edc\u00ed se&nbsp;spr\u00e1vy webov\u00e9ho obsahu za&nbsp;pomoci redak\u010dn\u00edho syst\u00e9mu.<\/p>\n\n\n\n<p>V p\u0159\u00edpad\u011b z\u00e1jmu n\u00e1s nev\u00e1hejte\u00a0<a href=\"\/wordpress\/kontakt\/\">kontaktovat<\/a>.<\/p>\n","protected":false},"excerpt":{"rendered":"<p>Kurz Spr\u00e1va webov\u00e9ho obsahu je ur\u010den z\u00e1jemc\u016fm, kte\u0159\u00ed se&nbsp;cht\u011bj\u00ed nau\u010dit spravovat obsah webov\u00fdch dokument\u016f s&nbsp;vyu\u017eit\u00edm tzv.\u00a0redak\u010dn\u00edch syst\u00e9m\u016f\u00a0\u00a0d\u00e1le jen CMS (Content Management System). \u00da\u010dastn\u00edci kurzu se&nbsp;nau\u010d\u00ed instalovat, konfigurovat a&nbsp;prov\u00e1d\u011bt z\u00e1kladn\u00ed administraci redak\u010dn\u00edho syst\u00e9mu. Pomoc\u00ed redak\u010dn\u00edho syst\u00e9mu budou \u00fa\u010dastn\u00edci kurzu schopni vytv\u00e1\u0159et, editovat a&nbsp;spravovat webov\u00fd obsah. Po&nbsp;absolvov\u00e1n\u00ed kurzu Spr\u00e1va webov\u00e9ho obsahu bude \u00fa\u010dastn\u00edk UM\u011aT Vytv\u00e1\u0159et webov\u00fd &hellip; <\/p>\n<p class=\"link-more\"><a href=\"https:\/\/swo.vavyskov.cz\/wordpress\/sprava-weboveho-obsahu\/\" class=\"more-link\">Pokra\u010dovat ve&nbsp;\u010dten\u00ed<span class=\"screen-reader-text\"> &#8220;Spr\u00e1va webov\u00e9ho obsahu&#8221;<\/span><\/a><\/p>\n","protected":false},"author":2,"featured_media":42,"parent":0,"menu_order":2,"comment_status":"closed","ping_status":"closed","template":"page_one-column.php","meta":{"advgb_blocks_editor_width":"","advgb_blocks_columns_visual_guide":"","footnotes":""},"class_list":["post-4","page","type-page","status-publish","has-post-thumbnail","hentry"],"yoast_head":"<!-- This site is optimized with the Yoast SEO plugin v27.0 - https:\/\/yoast.com\/product\/yoast-seo-wordpress\/ -->\n<title>Kurz SWO a redak\u010dn\u00ed syst\u00e9m | Spr\u00e1va webov\u00e9ho obsahu<\/title>\n<meta name=\"description\" content=\"Kurz Spr\u00e1va webov\u00e9ho obsahu je ur\u010den z\u00e1jemc\u016fm, kte\u0159\u00ed se cht\u011bj\u00ed nau\u010dit spravovat obsah webov\u00fdch dokument\u016f s vyu\u017eit\u00edm tzv. redak\u010dn\u00edch syst\u00e9m\u016f.\" \/>\n<meta name=\"robots\" content=\"index, follow, max-snippet:-1, max-image-preview:large, max-video-preview:-1\" \/>\n<link rel=\"canonical\" href=\"https:\/\/swo.vavyskov.cz\/wordpress\/sprava-weboveho-obsahu\/\" \/>\n<meta property=\"og:locale\" content=\"cs_CZ\" \/>\n<meta property=\"og:type\" content=\"article\" \/>\n<meta property=\"og:title\" content=\"Kurz SWO a redak\u010dn\u00ed syst\u00e9m | Spr\u00e1va webov\u00e9ho obsahu\" \/>\n<meta property=\"og:description\" content=\"Kurz Spr\u00e1va webov\u00e9ho obsahu je ur\u010den z\u00e1jemc\u016fm, kte\u0159\u00ed se cht\u011bj\u00ed nau\u010dit spravovat obsah webov\u00fdch dokument\u016f s vyu\u017eit\u00edm tzv. redak\u010dn\u00edch syst\u00e9m\u016f.\" \/>\n<meta property=\"og:url\" content=\"https:\/\/swo.vavyskov.cz\/wordpress\/sprava-weboveho-obsahu\/\" \/>\n<meta property=\"og:site_name\" content=\"Spr\u00e1va webov\u00e9ho obsahu\" \/>\n<meta property=\"article:modified_time\" content=\"2019-10-27T10:38:00+00:00\" \/>\n<meta property=\"og:image\" content=\"https:\/\/swo.vavyskov.cz\/wordpress\/wp-content\/uploads\/2018\/04\/sprava-weboveho-obsahu.jpg\" \/>\n\t<meta property=\"og:image:width\" content=\"2048\" \/>\n\t<meta property=\"og:image:height\" content=\"1448\" \/>\n\t<meta property=\"og:image:type\" content=\"image\/jpeg\" \/>\n<meta name=\"twitter:card\" content=\"summary_large_image\" \/>\n<meta name=\"twitter:label1\" content=\"Odhadovan\u00e1 doba \u010dten\u00ed\" \/>\n\t<meta name=\"twitter:data1\" content=\"1 minuta\" \/>\n<script type=\"application\/ld+json\" class=\"yoast-schema-graph\">{\"@context\":\"https:\/\/schema.org\",\"@graph\":[{\"@type\":\"WebPage\",\"@id\":\"https:\/\/swo.vavyskov.cz\/wordpress\/sprava-weboveho-obsahu\/\",\"url\":\"https:\/\/swo.vavyskov.cz\/wordpress\/sprava-weboveho-obsahu\/\",\"name\":\"Kurz SWO a redak\u010dn\u00ed syst\u00e9m | Spr\u00e1va webov\u00e9ho obsahu\",\"isPartOf\":{\"@id\":\"https:\/\/swo.vavyskov.cz\/wordpress\/#website\"},\"primaryImageOfPage\":{\"@id\":\"https:\/\/swo.vavyskov.cz\/wordpress\/sprava-weboveho-obsahu\/#primaryimage\"},\"image\":{\"@id\":\"https:\/\/swo.vavyskov.cz\/wordpress\/sprava-weboveho-obsahu\/#primaryimage\"},\"thumbnailUrl\":\"https:\/\/swo.vavyskov.cz\/wordpress\/wp-content\/uploads\/2018\/04\/sprava-weboveho-obsahu.jpg\",\"datePublished\":\"2018-04-24T10:36:26+00:00\",\"dateModified\":\"2019-10-27T10:38:00+00:00\",\"description\":\"Kurz Spr\u00e1va webov\u00e9ho obsahu je ur\u010den z\u00e1jemc\u016fm, kte\u0159\u00ed se cht\u011bj\u00ed nau\u010dit spravovat obsah webov\u00fdch dokument\u016f s vyu\u017eit\u00edm tzv. redak\u010dn\u00edch syst\u00e9m\u016f.\",\"breadcrumb\":{\"@id\":\"https:\/\/swo.vavyskov.cz\/wordpress\/sprava-weboveho-obsahu\/#breadcrumb\"},\"inLanguage\":\"cs\",\"potentialAction\":[{\"@type\":\"ReadAction\",\"target\":[\"https:\/\/swo.vavyskov.cz\/wordpress\/sprava-weboveho-obsahu\/\"]}]},{\"@type\":\"ImageObject\",\"inLanguage\":\"cs\",\"@id\":\"https:\/\/swo.vavyskov.cz\/wordpress\/sprava-weboveho-obsahu\/#primaryimage\",\"url\":\"https:\/\/swo.vavyskov.cz\/wordpress\/wp-content\/uploads\/2018\/04\/sprava-weboveho-obsahu.jpg\",\"contentUrl\":\"https:\/\/swo.vavyskov.cz\/wordpress\/wp-content\/uploads\/2018\/04\/sprava-weboveho-obsahu.jpg\",\"width\":2048,\"height\":1448,\"caption\":\"Spr\u00e1va webov\u00e9ho obsahu\"},{\"@type\":\"BreadcrumbList\",\"@id\":\"https:\/\/swo.vavyskov.cz\/wordpress\/sprava-weboveho-obsahu\/#breadcrumb\",\"itemListElement\":[{\"@type\":\"ListItem\",\"position\":1,\"name\":\"Dom\u016f\",\"item\":\"https:\/\/swo.vavyskov.cz\/wordpress\/\"},{\"@type\":\"ListItem\",\"position\":2,\"name\":\"Spr\u00e1va webov\u00e9ho obsahu\"}]},{\"@type\":\"WebSite\",\"@id\":\"https:\/\/swo.vavyskov.cz\/wordpress\/#website\",\"url\":\"https:\/\/swo.vavyskov.cz\/wordpress\/\",\"name\":\"Spr\u00e1va webov\u00e9ho obsahu\",\"description\":\"Tvo\u0159\u00edme \u00fasp\u011b\u0161n\u00fd web\",\"publisher\":{\"@id\":\"https:\/\/swo.vavyskov.cz\/wordpress\/#organization\"},\"potentialAction\":[{\"@type\":\"SearchAction\",\"target\":{\"@type\":\"EntryPoint\",\"urlTemplate\":\"https:\/\/swo.vavyskov.cz\/wordpress\/?s={search_term_string}\"},\"query-input\":{\"@type\":\"PropertyValueSpecification\",\"valueRequired\":true,\"valueName\":\"search_term_string\"}}],\"inLanguage\":\"cs\"},{\"@type\":\"Organization\",\"@id\":\"https:\/\/swo.vavyskov.cz\/wordpress\/#organization\",\"name\":\"Velitelstv\u00ed v\u00fdcviku \u2013 Vojensk\u00e1 akademie Vy\u0161kov\",\"url\":\"https:\/\/swo.vavyskov.cz\/wordpress\/\",\"logo\":{\"@type\":\"ImageObject\",\"inLanguage\":\"cs\",\"@id\":\"https:\/\/swo.vavyskov.cz\/wordpress\/#\/schema\/logo\/image\/\",\"url\":\"https:\/\/swo.vavyskov.cz\/wordpress\/wp-content\/uploads\/2018\/04\/kontakt.png\",\"contentUrl\":\"https:\/\/swo.vavyskov.cz\/wordpress\/wp-content\/uploads\/2018\/04\/kontakt.png\",\"width\":487,\"height\":640,\"caption\":\"Velitelstv\u00ed v\u00fdcviku \u2013 Vojensk\u00e1 akademie Vy\u0161kov\"},\"image\":{\"@id\":\"https:\/\/swo.vavyskov.cz\/wordpress\/#\/schema\/logo\/image\/\"}}]}<\/script>\n<!-- \/ Yoast SEO plugin. -->","yoast_head_json":{"title":"Kurz SWO a redak\u010dn\u00ed syst\u00e9m | Spr\u00e1va webov\u00e9ho obsahu","description":"Kurz Spr\u00e1va webov\u00e9ho obsahu je ur\u010den z\u00e1jemc\u016fm, kte\u0159\u00ed se cht\u011bj\u00ed nau\u010dit spravovat obsah webov\u00fdch dokument\u016f s vyu\u017eit\u00edm tzv. redak\u010dn\u00edch syst\u00e9m\u016f.","robots":{"index":"index","follow":"follow","max-snippet":"max-snippet:-1","max-image-preview":"max-image-preview:large","max-video-preview":"max-video-preview:-1"},"canonical":"https:\/\/swo.vavyskov.cz\/wordpress\/sprava-weboveho-obsahu\/","og_locale":"cs_CZ","og_type":"article","og_title":"Kurz SWO a redak\u010dn\u00ed syst\u00e9m | Spr\u00e1va webov\u00e9ho obsahu","og_description":"Kurz Spr\u00e1va webov\u00e9ho obsahu je ur\u010den z\u00e1jemc\u016fm, kte\u0159\u00ed se cht\u011bj\u00ed nau\u010dit spravovat obsah webov\u00fdch dokument\u016f s vyu\u017eit\u00edm tzv. redak\u010dn\u00edch syst\u00e9m\u016f.","og_url":"https:\/\/swo.vavyskov.cz\/wordpress\/sprava-weboveho-obsahu\/","og_site_name":"Spr\u00e1va webov\u00e9ho obsahu","article_modified_time":"2019-10-27T10:38:00+00:00","og_image":[{"width":2048,"height":1448,"url":"https:\/\/swo.vavyskov.cz\/wordpress\/wp-content\/uploads\/2018\/04\/sprava-weboveho-obsahu.jpg","type":"image\/jpeg"}],"twitter_card":"summary_large_image","twitter_misc":{"Odhadovan\u00e1 doba \u010dten\u00ed":"1 minuta"},"schema":{"@context":"https:\/\/schema.org","@graph":[{"@type":"WebPage","@id":"https:\/\/swo.vavyskov.cz\/wordpress\/sprava-weboveho-obsahu\/","url":"https:\/\/swo.vavyskov.cz\/wordpress\/sprava-weboveho-obsahu\/","name":"Kurz SWO a redak\u010dn\u00ed syst\u00e9m | Spr\u00e1va webov\u00e9ho obsahu","isPartOf":{"@id":"https:\/\/swo.vavyskov.cz\/wordpress\/#website"},"primaryImageOfPage":{"@id":"https:\/\/swo.vavyskov.cz\/wordpress\/sprava-weboveho-obsahu\/#primaryimage"},"image":{"@id":"https:\/\/swo.vavyskov.cz\/wordpress\/sprava-weboveho-obsahu\/#primaryimage"},"thumbnailUrl":"https:\/\/swo.vavyskov.cz\/wordpress\/wp-content\/uploads\/2018\/04\/sprava-weboveho-obsahu.jpg","datePublished":"2018-04-24T10:36:26+00:00","dateModified":"2019-10-27T10:38:00+00:00","description":"Kurz Spr\u00e1va webov\u00e9ho obsahu je ur\u010den z\u00e1jemc\u016fm, kte\u0159\u00ed se cht\u011bj\u00ed nau\u010dit spravovat obsah webov\u00fdch dokument\u016f s vyu\u017eit\u00edm tzv. redak\u010dn\u00edch syst\u00e9m\u016f.","breadcrumb":{"@id":"https:\/\/swo.vavyskov.cz\/wordpress\/sprava-weboveho-obsahu\/#breadcrumb"},"inLanguage":"cs","potentialAction":[{"@type":"ReadAction","target":["https:\/\/swo.vavyskov.cz\/wordpress\/sprava-weboveho-obsahu\/"]}]},{"@type":"ImageObject","inLanguage":"cs","@id":"https:\/\/swo.vavyskov.cz\/wordpress\/sprava-weboveho-obsahu\/#primaryimage","url":"https:\/\/swo.vavyskov.cz\/wordpress\/wp-content\/uploads\/2018\/04\/sprava-weboveho-obsahu.jpg","contentUrl":"https:\/\/swo.vavyskov.cz\/wordpress\/wp-content\/uploads\/2018\/04\/sprava-weboveho-obsahu.jpg","width":2048,"height":1448,"caption":"Spr\u00e1va webov\u00e9ho obsahu"},{"@type":"BreadcrumbList","@id":"https:\/\/swo.vavyskov.cz\/wordpress\/sprava-weboveho-obsahu\/#breadcrumb","itemListElement":[{"@type":"ListItem","position":1,"name":"Dom\u016f","item":"https:\/\/swo.vavyskov.cz\/wordpress\/"},{"@type":"ListItem","position":2,"name":"Spr\u00e1va webov\u00e9ho obsahu"}]},{"@type":"WebSite","@id":"https:\/\/swo.vavyskov.cz\/wordpress\/#website","url":"https:\/\/swo.vavyskov.cz\/wordpress\/","name":"Spr\u00e1va webov\u00e9ho obsahu","description":"Tvo\u0159\u00edme \u00fasp\u011b\u0161n\u00fd web","publisher":{"@id":"https:\/\/swo.vavyskov.cz\/wordpress\/#organization"},"potentialAction":[{"@type":"SearchAction","target":{"@type":"EntryPoint","urlTemplate":"https:\/\/swo.vavyskov.cz\/wordpress\/?s={search_term_string}"},"query-input":{"@type":"PropertyValueSpecification","valueRequired":true,"valueName":"search_term_string"}}],"inLanguage":"cs"},{"@type":"Organization","@id":"https:\/\/swo.vavyskov.cz\/wordpress\/#organization","name":"Velitelstv\u00ed v\u00fdcviku \u2013 Vojensk\u00e1 akademie Vy\u0161kov","url":"https:\/\/swo.vavyskov.cz\/wordpress\/","logo":{"@type":"ImageObject","inLanguage":"cs","@id":"https:\/\/swo.vavyskov.cz\/wordpress\/#\/schema\/logo\/image\/","url":"https:\/\/swo.vavyskov.cz\/wordpress\/wp-content\/uploads\/2018\/04\/kontakt.png","contentUrl":"https:\/\/swo.vavyskov.cz\/wordpress\/wp-content\/uploads\/2018\/04\/kontakt.png","width":487,"height":640,"caption":"Velitelstv\u00ed v\u00fdcviku \u2013 Vojensk\u00e1 akademie Vy\u0161kov"},"image":{"@id":"https:\/\/swo.vavyskov.cz\/wordpress\/#\/schema\/logo\/image\/"}}]}},"coauthors":[],"author_meta":{"author_link":"https:\/\/swo.vavyskov.cz\/wordpress\/author\/userwp\/","display_name":"Tom\u00e1\u0161 Dan\u011bk"},"relative_dates":{"created":"Posted 8 roky ago","modified":"Updated 7 roky ago"},"absolute_dates":{"created":"Posted on 24. 4. 2018","modified":"Updated on 27. 10. 2019"},"absolute_dates_time":{"created":"Posted on 24. 4. 2018 12:36","modified":"Updated on 27. 10. 2019 11:38"},"featured_img_caption":"Spr\u00e1va webov\u00e9ho obsahu","featured_img":"https:\/\/swo.vavyskov.cz\/wordpress\/wp-content\/uploads\/2018\/04\/sprava-weboveho-obsahu.jpg","series_order":"","_links":{"self":[{"href":"https:\/\/swo.vavyskov.cz\/wordpress\/wp-json\/wp\/v2\/pages\/4","targetHints":{"allow":["GET"]}}],"collection":[{"href":"https:\/\/swo.vavyskov.cz\/wordpress\/wp-json\/wp\/v2\/pages"}],"about":[{"href":"https:\/\/swo.vavyskov.cz\/wordpress\/wp-json\/wp\/v2\/types\/page"}],"author":[{"embeddable":true,"href":"https:\/\/swo.vavyskov.cz\/wordpress\/wp-json\/wp\/v2\/users\/2"}],"replies":[{"embeddable":true,"href":"https:\/\/swo.vavyskov.cz\/wordpress\/wp-json\/wp\/v2\/comments?post=4"}],"version-history":[{"count":9,"href":"https:\/\/swo.vavyskov.cz\/wordpress\/wp-json\/wp\/v2\/pages\/4\/revisions"}],"predecessor-version":[{"id":362,"href":"https:\/\/swo.vavyskov.cz\/wordpress\/wp-json\/wp\/v2\/pages\/4\/revisions\/362"}],"wp:featuredmedia":[{"embeddable":true,"href":"https:\/\/swo.vavyskov.cz\/wordpress\/wp-json\/wp\/v2\/media\/42"}],"wp:attachment":[{"href":"https:\/\/swo.vavyskov.cz\/wordpress\/wp-json\/wp\/v2\/media?parent=4"}],"curies":[{"name":"wp","href":"https:\/\/api.w.org\/{rel}","templated":true}]}}