{"id":295,"date":"2024-11-16T10:26:56","date_gmt":"2024-11-16T09:26:56","guid":{"rendered":"https:\/\/swo.vavyskov.cz\/wordpress\/?page_id=295"},"modified":"2024-11-16T10:26:57","modified_gmt":"2024-11-16T09:26:57","slug":"zasady-ochrany-osobnich-udaju","status":"publish","type":"page","link":"https:\/\/swo.vavyskov.cz\/wordpress\/nezarazeno\/zasady-ochrany-osobnich-udaju\/","title":{"rendered":"Z\u00e1sady ochrany osobn\u00edch \u00fadaj\u016f"},"content":{"rendered":"\n<h2 class=\"wp-block-heading\">Kdo jsme<\/h2>\n\n\n\n<p>Velitelstv\u00ed v\u00fdcviku \u2013 Vojensk\u00e1 akademie<br>682&nbsp;01 Vy\u0161kov, V\u00edta Nejedl\u00e9ho<br><a href=\"mailto:info@vavyskov.cz\">info@vavyskov.cz<\/a><br>+420&nbsp;724&nbsp;071&nbsp;147<\/p>\n\n\n\n<p>d\u00e1le jen \u201eSpr\u00e1vce\u201c<\/p>\n\n\n\n<h2 class=\"wp-block-heading\">Jak\u00e9 z\u00e1sady ochrany osobn\u00edch \u00fadaj\u016f shroma\u017e\u010fujeme a&nbsp;pro\u010d<\/h2>\n\n\n\n<p>V\u00e1\u017een\u00ed n\u00e1v\u0161t\u011bvn\u00edci,<\/p>\n\n\n\n<p>abychom mohli plnit z\u00e1vazky ke&nbsp;sv\u00fdm klient\u016fm a&nbsp;dal\u0161\u00edm instituc\u00edm a&nbsp;z\u00e1konn\u00fdm po\u017eadavk\u016fm podle legislativy, mus\u00edme zpracov\u00e1vat n\u011bkter\u00e9 va\u0161e osobn\u00ed \u00fadaje. K&nbsp;tomu sd\u011blujeme:<\/p>\n\n\n\n<ul class=\"wp-block-list\">\n<li>Spr\u00e1vcem osobn\u00edch \u00fadaj\u016f podle Na\u0159\u00edzen\u00ed (EU) 2016\/679 (GDPR)je Spr\u00e1vce.<\/li>\n\n\n\n<li>Va\u0161e osobn\u00ed \u00fadaje zpracov\u00e1v\u00e1m z&nbsp;d\u016fvodu vy\u0159\u00edzen\u00ed Va\u0161ich po\u017eadavk\u016f, dotaz\u016f ke&nbsp;kurz\u016fm, p\u0159ihl\u00e1\u0161ek na&nbsp;jednotliv\u00e9 kurzy a&nbsp;\u0159e\u0161en\u00ed reklamac\u00ed.<\/li>\n\n\n\n<li>Zpracov\u00e1v\u00e1me Va\u0161e jm\u00e9no a&nbsp;p\u0159\u00edjmen\u00ed, doru\u010dovac\u00ed adresu, e-mail, telefonn\u00ed \u010d\u00edslo a&nbsp;po\u017eadovan\u00fd kurz.<\/li>\n\n\n\n<li>Pr\u00e1vn\u00edm d\u016fvodem tohoto zpracov\u00e1n\u00ed je pln\u011bn\u00ed smlouvy a&nbsp;zaji\u0161t\u011bn\u00ed smluvn\u00edho vztahu. Uveden\u00e9 osobn\u00ed \u00fadaje za&nbsp;t\u00edmto \u00fa\u010delem zpracov\u00e1v\u00e1m po&nbsp;dobu trv\u00e1n\u00ed smluvn\u00edho vztahu.<\/li>\n\n\n\n<li>Ochrana va\u0161ich osobn\u00edch \u00fadaj\u016f odpov\u00edd\u00e1 po\u017eadavk\u016fm Na\u0159\u00edzen\u00ed (EU) 2016\/679 (GDPR)<\/li>\n\n\n\n<li>Abychom V\u00e1s mohl informovat o&nbsp;zah\u00e1jen\u00ed jednotliv\u00fdch kurz\u016f, jejich p\u0159\u00edpadn\u00fdch zm\u011bn\u00e1ch term\u00edn\u016f a&nbsp;\u010dasu kon\u00e1n\u00ed a&nbsp;aktu\u00e1ln\u00edch nab\u00eddk\u00e1ch, zpracov\u00e1v\u00e1me va\u0161e jm\u00e9no a&nbsp;p\u0159\u00edjmen\u00ed, \u010d\u00edslo telefonu a&nbsp;e-mailovou adresu. Pr\u00e1vn\u00edm d\u016fvodem tohoto zpracov\u00e1n\u00ed je v\u00e1\u0161 souhlas, kter\u00fd n\u00e1m poskytujete a&nbsp;kter\u00fd m\u016f\u017eete kdykoli odvolat.<\/li>\n\n\n\n<li>Va\u0161e osobn\u00ed \u00fadaje poskytujeme jen instituc\u00edm k&nbsp;tomu zmocn\u011bn\u00fdm z\u00e1konem, nikomu jin\u00e9mu. Va\u0161e osobn\u00ed \u00fadaje bez&nbsp;va\u0161eho v\u00fdslovn\u00e9ho souhlasu neposkytujeme. Tento souhlas m\u016f\u017eete kdykoliv odvolat.<\/li>\n\n\n\n<li>P\u0159i zpracov\u00e1n\u00ed Va\u0161ich osobn\u00edch \u00fadaj\u016f nebude doch\u00e1zet k&nbsp;automatizovan\u00e9mu rozhodov\u00e1n\u00ed ani&nbsp;k&nbsp;profilov\u00e1n\u00ed.<\/li>\n\n\n\n<li>Nejmenovali jsme pov\u011b\u0159ence pro&nbsp;ochranu osobn\u00edch \u00fadaj\u016f, nepov\u011b\u0159ili jsme zpracov\u00e1n\u00edm Va\u0161ich osobn\u00edch \u00fadaj\u016f \u017e\u00e1dn\u00e9ho zpracovatele ani&nbsp;neur\u010dili z\u00e1stupce pro&nbsp;pln\u011bn\u00ed povinnost\u00ed ve&nbsp;smyslu GDPR.<\/li>\n\n\n\n<li>Nem\u00e1me v&nbsp;\u00famyslu p\u0159edat Va\u0161e osobn\u00ed \u00fadaje do&nbsp;t\u0159et\u00ed zem\u011b, mezin\u00e1rodn\u00ed organizaci nebo jin\u00fdm, osob\u00e1m.<\/li>\n\n\n\n<li>Kdykoliv m\u00e1te pr\u00e1vo odvolat sv\u016fj souhlas se&nbsp;zpracov\u00e1n\u00edm osobn\u00edch \u00fadaj\u016f, pr\u00e1vo po\u017eadovat od&nbsp;n\u00e1s jako Spr\u00e1vce p\u0159\u00edstup ke&nbsp;sv\u00fdm osobn\u00edm \u00fadaj\u016fm, jejich opravu nebo v\u00fdmaz, pop\u0159\u00edpad\u011b omezen\u00ed zpracov\u00e1n\u00ed, a&nbsp;vzn\u00e9st n\u00e1mitku proti zpracov\u00e1n\u00ed, m\u00e1te pr\u00e1vo na&nbsp;p\u0159enositelnost t\u011bchto \u00fadaj\u016f k&nbsp;jin\u00e9mu spr\u00e1vci, jako\u017e i&nbsp;pr\u00e1vo podat st\u00ed\u017enost u&nbsp;\u00da\u0159adu pro&nbsp;ochranu osobn\u00edch \u00fadaj\u016f, m\u00e1te-li za&nbsp;to, \u017ee&nbsp;p\u0159i&nbsp;zpracov\u00e1n\u00ed va\u0161ich osobn\u00edch \u00fadaj\u016f postupujeme v&nbsp;rozporu s&nbsp;GDPR.<\/li>\n\n\n\n<li>P\u0159i odvol\u00e1n\u00ed souhlasu nebo vznesen\u00ed dotazu ke&nbsp;zpracov\u00e1n\u00ed osobn\u00edch \u00fadaj\u016f toto odvol\u00e1n\u00ed nebo dotaz pos\u00edlejte z&nbsp;e-mailov\u00e9 adresy, kterou m\u00e1me registrovanou, abychom ji mohli sp\u00e1rovat a&nbsp;n\u00e1sledn\u011b V\u00e1m na&nbsp;V\u00e1\u0161 e-mail odpov\u011bd\u011bt.<\/li>\n<\/ul>\n\n\n\n<p>Ve Vy\u0161kov\u011b dne 25.&nbsp;5.&nbsp;2018<\/p>\n\n\n\n<p>Spr\u00e1vce&nbsp;<a href=\"https:\/\/www.vavyskov.cz\/\">VeV-VA Vy\u0161kov<\/a><\/p>\n","protected":false},"excerpt":{"rendered":"<p>Kdo jsme Velitelstv\u00ed v\u00fdcviku \u2013 Vojensk\u00e1 akademie682&nbsp;01 Vy\u0161kov, V\u00edta Nejedl\u00e9hoinfo@vavyskov.cz+420&nbsp;724&nbsp;071&nbsp;147 d\u00e1le jen \u201eSpr\u00e1vce\u201c Jak\u00e9 z\u00e1sady ochrany osobn\u00edch \u00fadaj\u016f shroma\u017e\u010fujeme a&nbsp;pro\u010d V\u00e1\u017een\u00ed n\u00e1v\u0161t\u011bvn\u00edci, abychom mohli plnit z\u00e1vazky ke&nbsp;sv\u00fdm klient\u016fm a&nbsp;dal\u0161\u00edm instituc\u00edm a&nbsp;z\u00e1konn\u00fdm po\u017eadavk\u016fm podle legislativy, mus\u00edme zpracov\u00e1vat n\u011bkter\u00e9 va\u0161e osobn\u00ed \u00fadaje. K&nbsp;tomu sd\u011blujeme: Ve&nbsp;Vy\u0161kov\u011b dne 25.&nbsp;5.&nbsp;2018 Spr\u00e1vce&nbsp;VeV-VA Vy\u0161kov<\/p>\n","protected":false},"author":1,"featured_media":0,"parent":1440,"menu_order":1,"comment_status":"closed","ping_status":"closed","template":"","meta":{"advgb_blocks_editor_width":"","advgb_blocks_columns_visual_guide":"","footnotes":""},"class_list":["post-295","page","type-page","status-publish","hentry"],"yoast_head":"<!-- This site is optimized with the Yoast SEO plugin v27.0 - https:\/\/yoast.com\/product\/yoast-seo-wordpress\/ -->\n<title>Z\u00e1sady ochrany osobn\u00edch \u00fadaj\u016f - Spr\u00e1va webov\u00e9ho obsahu<\/title>\n<meta name=\"robots\" content=\"index, follow, max-snippet:-1, max-image-preview:large, max-video-preview:-1\" \/>\n<link rel=\"canonical\" href=\"https:\/\/swo.vavyskov.cz\/wordpress\/nezarazeno\/zasady-ochrany-osobnich-udaju\/\" \/>\n<meta property=\"og:locale\" content=\"cs_CZ\" \/>\n<meta property=\"og:type\" content=\"article\" \/>\n<meta property=\"og:title\" content=\"Z\u00e1sady ochrany osobn\u00edch \u00fadaj\u016f - Spr\u00e1va webov\u00e9ho obsahu\" \/>\n<meta property=\"og:description\" content=\"Kdo jsme Velitelstv\u00ed v\u00fdcviku \u2013 Vojensk\u00e1 akademie682&nbsp;01 Vy\u0161kov, V\u00edta Nejedl\u00e9hoinfo@vavyskov.cz+420&nbsp;724&nbsp;071&nbsp;147 d\u00e1le jen \u201eSpr\u00e1vce\u201c Jak\u00e9 z\u00e1sady ochrany osobn\u00edch \u00fadaj\u016f shroma\u017e\u010fujeme a&nbsp;pro\u010d V\u00e1\u017een\u00ed n\u00e1v\u0161t\u011bvn\u00edci, abychom mohli plnit z\u00e1vazky ke&nbsp;sv\u00fdm klient\u016fm a&nbsp;dal\u0161\u00edm instituc\u00edm a&nbsp;z\u00e1konn\u00fdm po\u017eadavk\u016fm podle legislativy, mus\u00edme zpracov\u00e1vat n\u011bkter\u00e9 va\u0161e osobn\u00ed \u00fadaje. K&nbsp;tomu sd\u011blujeme: Ve Vy\u0161kov\u011b dne 25.&nbsp;5.&nbsp;2018 Spr\u00e1vce&nbsp;VeV-VA Vy\u0161kov\" \/>\n<meta property=\"og:url\" content=\"https:\/\/swo.vavyskov.cz\/wordpress\/nezarazeno\/zasady-ochrany-osobnich-udaju\/\" \/>\n<meta property=\"og:site_name\" content=\"Spr\u00e1va webov\u00e9ho obsahu\" \/>\n<meta property=\"article:modified_time\" content=\"2024-11-16T09:26:57+00:00\" \/>\n<meta name=\"twitter:card\" content=\"summary_large_image\" \/>\n<meta name=\"twitter:label1\" content=\"Odhadovan\u00e1 doba \u010dten\u00ed\" \/>\n\t<meta name=\"twitter:data1\" content=\"2 minuty\" \/>\n<script type=\"application\/ld+json\" class=\"yoast-schema-graph\">{\"@context\":\"https:\/\/schema.org\",\"@graph\":[{\"@type\":\"WebPage\",\"@id\":\"https:\/\/swo.vavyskov.cz\/wordpress\/nezarazeno\/zasady-ochrany-osobnich-udaju\/\",\"url\":\"https:\/\/swo.vavyskov.cz\/wordpress\/nezarazeno\/zasady-ochrany-osobnich-udaju\/\",\"name\":\"Z\u00e1sady ochrany osobn\u00edch \u00fadaj\u016f - Spr\u00e1va webov\u00e9ho obsahu\",\"isPartOf\":{\"@id\":\"https:\/\/swo.vavyskov.cz\/wordpress\/#website\"},\"datePublished\":\"2024-11-16T09:26:56+00:00\",\"dateModified\":\"2024-11-16T09:26:57+00:00\",\"breadcrumb\":{\"@id\":\"https:\/\/swo.vavyskov.cz\/wordpress\/nezarazeno\/zasady-ochrany-osobnich-udaju\/#breadcrumb\"},\"inLanguage\":\"cs\",\"potentialAction\":[{\"@type\":\"ReadAction\",\"target\":[\"https:\/\/swo.vavyskov.cz\/wordpress\/nezarazeno\/zasady-ochrany-osobnich-udaju\/\"]}]},{\"@type\":\"BreadcrumbList\",\"@id\":\"https:\/\/swo.vavyskov.cz\/wordpress\/nezarazeno\/zasady-ochrany-osobnich-udaju\/#breadcrumb\",\"itemListElement\":[{\"@type\":\"ListItem\",\"position\":1,\"name\":\"Dom\u016f\",\"item\":\"https:\/\/swo.vavyskov.cz\/wordpress\/\"},{\"@type\":\"ListItem\",\"position\":2,\"name\":\"Neza\u0159azeno\",\"item\":\"https:\/\/swo.vavyskov.cz\/wordpress\/nezarazeno\/\"},{\"@type\":\"ListItem\",\"position\":3,\"name\":\"Z\u00e1sady ochrany osobn\u00edch \u00fadaj\u016f\"}]},{\"@type\":\"WebSite\",\"@id\":\"https:\/\/swo.vavyskov.cz\/wordpress\/#website\",\"url\":\"https:\/\/swo.vavyskov.cz\/wordpress\/\",\"name\":\"Spr\u00e1va webov\u00e9ho obsahu\",\"description\":\"Tvo\u0159\u00edme \u00fasp\u011b\u0161n\u00fd web\",\"publisher\":{\"@id\":\"https:\/\/swo.vavyskov.cz\/wordpress\/#organization\"},\"potentialAction\":[{\"@type\":\"SearchAction\",\"target\":{\"@type\":\"EntryPoint\",\"urlTemplate\":\"https:\/\/swo.vavyskov.cz\/wordpress\/?s={search_term_string}\"},\"query-input\":{\"@type\":\"PropertyValueSpecification\",\"valueRequired\":true,\"valueName\":\"search_term_string\"}}],\"inLanguage\":\"cs\"},{\"@type\":\"Organization\",\"@id\":\"https:\/\/swo.vavyskov.cz\/wordpress\/#organization\",\"name\":\"Velitelstv\u00ed v\u00fdcviku \u2013 Vojensk\u00e1 akademie Vy\u0161kov\",\"url\":\"https:\/\/swo.vavyskov.cz\/wordpress\/\",\"logo\":{\"@type\":\"ImageObject\",\"inLanguage\":\"cs\",\"@id\":\"https:\/\/swo.vavyskov.cz\/wordpress\/#\/schema\/logo\/image\/\",\"url\":\"https:\/\/swo.vavyskov.cz\/wordpress\/wp-content\/uploads\/2018\/04\/kontakt.png\",\"contentUrl\":\"https:\/\/swo.vavyskov.cz\/wordpress\/wp-content\/uploads\/2018\/04\/kontakt.png\",\"width\":487,\"height\":640,\"caption\":\"Velitelstv\u00ed v\u00fdcviku \u2013 Vojensk\u00e1 akademie Vy\u0161kov\"},\"image\":{\"@id\":\"https:\/\/swo.vavyskov.cz\/wordpress\/#\/schema\/logo\/image\/\"}}]}<\/script>\n<!-- \/ Yoast SEO plugin. -->","yoast_head_json":{"title":"Z\u00e1sady ochrany osobn\u00edch \u00fadaj\u016f - Spr\u00e1va webov\u00e9ho obsahu","robots":{"index":"index","follow":"follow","max-snippet":"max-snippet:-1","max-image-preview":"max-image-preview:large","max-video-preview":"max-video-preview:-1"},"canonical":"https:\/\/swo.vavyskov.cz\/wordpress\/nezarazeno\/zasady-ochrany-osobnich-udaju\/","og_locale":"cs_CZ","og_type":"article","og_title":"Z\u00e1sady ochrany osobn\u00edch \u00fadaj\u016f - Spr\u00e1va webov\u00e9ho obsahu","og_description":"Kdo jsme Velitelstv\u00ed v\u00fdcviku \u2013 Vojensk\u00e1 akademie682&nbsp;01 Vy\u0161kov, V\u00edta Nejedl\u00e9hoinfo@vavyskov.cz+420&nbsp;724&nbsp;071&nbsp;147 d\u00e1le jen \u201eSpr\u00e1vce\u201c Jak\u00e9 z\u00e1sady ochrany osobn\u00edch \u00fadaj\u016f shroma\u017e\u010fujeme a&nbsp;pro\u010d V\u00e1\u017een\u00ed n\u00e1v\u0161t\u011bvn\u00edci, abychom mohli plnit z\u00e1vazky ke&nbsp;sv\u00fdm klient\u016fm a&nbsp;dal\u0161\u00edm instituc\u00edm a&nbsp;z\u00e1konn\u00fdm po\u017eadavk\u016fm podle legislativy, mus\u00edme zpracov\u00e1vat n\u011bkter\u00e9 va\u0161e osobn\u00ed \u00fadaje. K&nbsp;tomu sd\u011blujeme: Ve Vy\u0161kov\u011b dne 25.&nbsp;5.&nbsp;2018 Spr\u00e1vce&nbsp;VeV-VA Vy\u0161kov","og_url":"https:\/\/swo.vavyskov.cz\/wordpress\/nezarazeno\/zasady-ochrany-osobnich-udaju\/","og_site_name":"Spr\u00e1va webov\u00e9ho obsahu","article_modified_time":"2024-11-16T09:26:57+00:00","twitter_card":"summary_large_image","twitter_misc":{"Odhadovan\u00e1 doba \u010dten\u00ed":"2 minuty"},"schema":{"@context":"https:\/\/schema.org","@graph":[{"@type":"WebPage","@id":"https:\/\/swo.vavyskov.cz\/wordpress\/nezarazeno\/zasady-ochrany-osobnich-udaju\/","url":"https:\/\/swo.vavyskov.cz\/wordpress\/nezarazeno\/zasady-ochrany-osobnich-udaju\/","name":"Z\u00e1sady ochrany osobn\u00edch \u00fadaj\u016f - Spr\u00e1va webov\u00e9ho obsahu","isPartOf":{"@id":"https:\/\/swo.vavyskov.cz\/wordpress\/#website"},"datePublished":"2024-11-16T09:26:56+00:00","dateModified":"2024-11-16T09:26:57+00:00","breadcrumb":{"@id":"https:\/\/swo.vavyskov.cz\/wordpress\/nezarazeno\/zasady-ochrany-osobnich-udaju\/#breadcrumb"},"inLanguage":"cs","potentialAction":[{"@type":"ReadAction","target":["https:\/\/swo.vavyskov.cz\/wordpress\/nezarazeno\/zasady-ochrany-osobnich-udaju\/"]}]},{"@type":"BreadcrumbList","@id":"https:\/\/swo.vavyskov.cz\/wordpress\/nezarazeno\/zasady-ochrany-osobnich-udaju\/#breadcrumb","itemListElement":[{"@type":"ListItem","position":1,"name":"Dom\u016f","item":"https:\/\/swo.vavyskov.cz\/wordpress\/"},{"@type":"ListItem","position":2,"name":"Neza\u0159azeno","item":"https:\/\/swo.vavyskov.cz\/wordpress\/nezarazeno\/"},{"@type":"ListItem","position":3,"name":"Z\u00e1sady ochrany osobn\u00edch \u00fadaj\u016f"}]},{"@type":"WebSite","@id":"https:\/\/swo.vavyskov.cz\/wordpress\/#website","url":"https:\/\/swo.vavyskov.cz\/wordpress\/","name":"Spr\u00e1va webov\u00e9ho obsahu","description":"Tvo\u0159\u00edme \u00fasp\u011b\u0161n\u00fd web","publisher":{"@id":"https:\/\/swo.vavyskov.cz\/wordpress\/#organization"},"potentialAction":[{"@type":"SearchAction","target":{"@type":"EntryPoint","urlTemplate":"https:\/\/swo.vavyskov.cz\/wordpress\/?s={search_term_string}"},"query-input":{"@type":"PropertyValueSpecification","valueRequired":true,"valueName":"search_term_string"}}],"inLanguage":"cs"},{"@type":"Organization","@id":"https:\/\/swo.vavyskov.cz\/wordpress\/#organization","name":"Velitelstv\u00ed v\u00fdcviku \u2013 Vojensk\u00e1 akademie Vy\u0161kov","url":"https:\/\/swo.vavyskov.cz\/wordpress\/","logo":{"@type":"ImageObject","inLanguage":"cs","@id":"https:\/\/swo.vavyskov.cz\/wordpress\/#\/schema\/logo\/image\/","url":"https:\/\/swo.vavyskov.cz\/wordpress\/wp-content\/uploads\/2018\/04\/kontakt.png","contentUrl":"https:\/\/swo.vavyskov.cz\/wordpress\/wp-content\/uploads\/2018\/04\/kontakt.png","width":487,"height":640,"caption":"Velitelstv\u00ed v\u00fdcviku \u2013 Vojensk\u00e1 akademie Vy\u0161kov"},"image":{"@id":"https:\/\/swo.vavyskov.cz\/wordpress\/#\/schema\/logo\/image\/"}}]}},"coauthors":[],"author_meta":{"author_link":"https:\/\/swo.vavyskov.cz\/wordpress\/author\/swowp\/","display_name":"SWO"},"relative_dates":{"created":"Posted 1 rokem ago","modified":"Updated 1 rokem ago"},"absolute_dates":{"created":"Posted on 16. 11. 2024","modified":"Updated on 16. 11. 2024"},"absolute_dates_time":{"created":"Posted on 16. 11. 2024 10:26","modified":"Updated on 16. 11. 2024 10:26"},"featured_img_caption":"","featured_img":false,"series_order":"","_links":{"self":[{"href":"https:\/\/swo.vavyskov.cz\/wordpress\/wp-json\/wp\/v2\/pages\/295","targetHints":{"allow":["GET"]}}],"collection":[{"href":"https:\/\/swo.vavyskov.cz\/wordpress\/wp-json\/wp\/v2\/pages"}],"about":[{"href":"https:\/\/swo.vavyskov.cz\/wordpress\/wp-json\/wp\/v2\/types\/page"}],"author":[{"embeddable":true,"href":"https:\/\/swo.vavyskov.cz\/wordpress\/wp-json\/wp\/v2\/users\/1"}],"replies":[{"embeddable":true,"href":"https:\/\/swo.vavyskov.cz\/wordpress\/wp-json\/wp\/v2\/comments?post=295"}],"version-history":[{"count":2,"href":"https:\/\/swo.vavyskov.cz\/wordpress\/wp-json\/wp\/v2\/pages\/295\/revisions"}],"predecessor-version":[{"id":1513,"href":"https:\/\/swo.vavyskov.cz\/wordpress\/wp-json\/wp\/v2\/pages\/295\/revisions\/1513"}],"up":[{"embeddable":true,"href":"https:\/\/swo.vavyskov.cz\/wordpress\/wp-json\/wp\/v2\/pages\/1440"}],"wp:attachment":[{"href":"https:\/\/swo.vavyskov.cz\/wordpress\/wp-json\/wp\/v2\/media?parent=295"}],"curies":[{"name":"wp","href":"https:\/\/api.w.org\/{rel}","templated":true}]}}