{"id":271,"date":"2018-05-25T08:00:29","date_gmt":"2018-05-25T06:00:29","guid":{"rendered":"https:\/\/swo.vavyskov.cz\/wordpress\/?page_id=271"},"modified":"2020-03-01T21:51:11","modified_gmt":"2020-03-01T20:51:11","slug":"tym","status":"publish","type":"page","link":"https:\/\/swo.vavyskov.cz\/wordpress\/uspesny-web\/tym\/","title":{"rendered":"T\u00fdm"},"content":{"rendered":"\n<figure class=\"wp-block-gallery columns-1 is-cropped wp-block-gallery-2\"><ul class=\"blocks-gallery-grid\"><li class=\"blocks-gallery-item\"><figure><img loading=\"lazy\" decoding=\"async\" width=\"1024\" height=\"768\" src=\"\/wordpress\/wp-content\/uploads\/2020\/02\/tym-1024x768.jpeg\" alt=\"T\u00fdm\" data-id=\"564\" class=\"wp-image-564 is-layout-flex wp-block-gallery-is-layout-flex\" srcset=\"https:\/\/swo.vavyskov.cz\/wordpress\/wp-content\/uploads\/2020\/02\/tym-1024x768.jpeg 1024w, https:\/\/swo.vavyskov.cz\/wordpress\/wp-content\/uploads\/2020\/02\/tym-300x225.jpeg 300w, https:\/\/swo.vavyskov.cz\/wordpress\/wp-content\/uploads\/2020\/02\/tym-768x576.jpeg 768w, https:\/\/swo.vavyskov.cz\/wordpress\/wp-content\/uploads\/2020\/02\/tym-1536x1152.jpeg 1536w, https:\/\/swo.vavyskov.cz\/wordpress\/wp-content\/uploads\/2020\/02\/tym-scaled.jpeg 2048w\" sizes=\"auto, (max-width: 767px) 89vw, (max-width: 1000px) 54vw, (max-width: 1071px) 543px, 580px\" \/><\/figure><\/li><\/ul><\/figure>\n\n\n\n<p>\u00dasp\u011b\u0161n\u00fd projekt je v\u017edy v\u00fdsledkem pr\u00e1ce zodpov\u011bdn\u00e9ho a&nbsp;spolehliv\u00e9ho t\u00fdmu:<\/p>\n\n\n\n<ol class=\"wp-block-list\"><li>Mana\u017eer<ul><li>pl\u00e1nov\u00e1n\u00ed<\/li><li>\u0159\u00edzen\u00ed<\/li><\/ul><\/li><li>Obchodn\u00edk<ul><li>propagace<\/li><li>marketing<\/li><li>prodej<\/li><\/ul><\/li><li>Spr\u00e1vce s\u00edt\u011b<ul><li>spr\u00e1va s\u00edt\u011b a&nbsp;p\u0159ipojen\u00ed<\/li><li>spr\u00e1va server\u016f<\/li><li>registrace a&nbsp;nastaven\u00ed dom\u00e9n<\/li><li>konfigurace a&nbsp;spr\u00e1va po\u0161ty<\/li><li>z\u00e1lohov\u00e1n\u00ed<\/li><\/ul><\/li><li>Administr\u00e1tor | \u201eKlika\u010d\u201c<ul><li>konfigurace CMS<\/li><li>n\u00e1vrh u\u017eivatelsk\u00e9ho prost\u0159ed\u00ed<\/li><\/ul><\/li><li>Grafik<ul><li>design<\/li><li>vektorov\u00e1 grafika<\/li><li>gitmapov\u00e1 grafika<\/li><li>p\u0159\u00edstupnost<\/li><\/ul><\/li><li>Program\u00e1tor<ul><li>HTML<\/li><li>PHP<\/li><li>JavaScript<\/li><li>datab\u00e1ze<\/li><li>mobiln\u00ed technologie<\/li><\/ul><\/li><li>\u0160ablon\u00e1\u0159 | Kod\u00e9r<ul><li>CSS<\/li><li>\u201evytvo\u0159it \u0161ablonu\u201c vs \u201enak\u00f3dovat vzhled\u201c<\/li><\/ul><\/li><li>Redaktor | Editor<ul><li>pln\u011bn\u00ed a&nbsp;spr\u00e1va obsahu<\/li><li>u\u017eivatelsk\u00e1 podpora<\/li><\/ul><\/li><\/ol>\n","protected":false},"excerpt":{"rendered":"<p>\u00dasp\u011b\u0161n\u00fd projekt je v\u017edy v\u00fdsledkem pr\u00e1ce zodpov\u011bdn\u00e9ho a&nbsp;spolehliv\u00e9ho t\u00fdmu: Mana\u017eer pl\u00e1nov\u00e1n\u00ed \u0159\u00edzen\u00ed Obchodn\u00edk propagace marketing prodej Spr\u00e1vce s\u00edt\u011b spr\u00e1va s\u00edt\u011b a&nbsp;p\u0159ipojen\u00ed spr\u00e1va server\u016f registrace a&nbsp;nastaven\u00ed dom\u00e9n konfigurace a&nbsp;spr\u00e1va po\u0161ty z\u00e1lohov\u00e1n\u00ed Administr\u00e1tor | \u201eKlika\u010d\u201c konfigurace CMS n\u00e1vrh u\u017eivatelsk\u00e9ho prost\u0159ed\u00ed Grafik design vektorov\u00e1 grafika gitmapov\u00e1 grafika p\u0159\u00edstupnost Program\u00e1tor HTML PHP JavaScript datab\u00e1ze mobiln\u00ed technologie \u0160ablon\u00e1\u0159 | Kod\u00e9r &hellip; <\/p>\n<p class=\"link-more\"><a href=\"https:\/\/swo.vavyskov.cz\/wordpress\/uspesny-web\/tym\/\" class=\"more-link\">Pokra\u010dovat ve&nbsp;\u010dten\u00ed<span class=\"screen-reader-text\"> &#8220;T\u00fdm&#8221;<\/span><\/a><\/p>\n","protected":false},"author":1,"featured_media":564,"parent":74,"menu_order":7,"comment_status":"closed","ping_status":"closed","template":"page_no-featured-image.php","meta":{"advgb_blocks_editor_width":"","advgb_blocks_columns_visual_guide":"","footnotes":""},"class_list":["post-271","page","type-page","status-publish","has-post-thumbnail","hentry"],"yoast_head":"<!-- This site is optimized with the Yoast SEO plugin v27.0 - https:\/\/yoast.com\/product\/yoast-seo-wordpress\/ -->\n<title>T\u00fdm - Spr\u00e1va webov\u00e9ho obsahu<\/title>\n<meta name=\"robots\" content=\"index, follow, max-snippet:-1, max-image-preview:large, max-video-preview:-1\" \/>\n<link rel=\"canonical\" href=\"https:\/\/swo.vavyskov.cz\/wordpress\/uspesny-web\/tym\/\" \/>\n<meta property=\"og:locale\" content=\"cs_CZ\" \/>\n<meta property=\"og:type\" content=\"article\" \/>\n<meta property=\"og:title\" content=\"T\u00fdm - Spr\u00e1va webov\u00e9ho obsahu\" \/>\n<meta property=\"og:description\" content=\"\u00dasp\u011b\u0161n\u00fd projekt je v\u017edy v\u00fdsledkem pr\u00e1ce zodpov\u011bdn\u00e9ho a&nbsp;spolehliv\u00e9ho t\u00fdmu: Mana\u017eer pl\u00e1nov\u00e1n\u00ed \u0159\u00edzen\u00ed Obchodn\u00edk propagace marketing prodej Spr\u00e1vce s\u00edt\u011b spr\u00e1va s\u00edt\u011b a&nbsp;p\u0159ipojen\u00ed spr\u00e1va server\u016f registrace a&nbsp;nastaven\u00ed dom\u00e9n konfigurace a&nbsp;spr\u00e1va po\u0161ty z\u00e1lohov\u00e1n\u00ed Administr\u00e1tor | \u201eKlika\u010d\u201c konfigurace CMS n\u00e1vrh u\u017eivatelsk\u00e9ho prost\u0159ed\u00ed Grafik design vektorov\u00e1 grafika gitmapov\u00e1 grafika p\u0159\u00edstupnost Program\u00e1tor HTML PHP JavaScript datab\u00e1ze mobiln\u00ed technologie \u0160ablon\u00e1\u0159 | Kod\u00e9r &hellip; Pokra\u010dovat ve \u010dten\u00ed &quot;T\u00fdm&quot;\" \/>\n<meta property=\"og:url\" content=\"https:\/\/swo.vavyskov.cz\/wordpress\/uspesny-web\/tym\/\" \/>\n<meta property=\"og:site_name\" content=\"Spr\u00e1va webov\u00e9ho obsahu\" \/>\n<meta property=\"article:modified_time\" content=\"2020-03-01T20:51:11+00:00\" \/>\n<meta property=\"og:image\" content=\"https:\/\/swo.vavyskov.cz\/wordpress\/wp-content\/uploads\/2020\/02\/tym-scaled.jpeg\" \/>\n\t<meta property=\"og:image:width\" content=\"2048\" \/>\n\t<meta property=\"og:image:height\" content=\"1536\" \/>\n\t<meta property=\"og:image:type\" content=\"image\/jpeg\" \/>\n<meta name=\"twitter:card\" content=\"summary_large_image\" \/>\n<script type=\"application\/ld+json\" class=\"yoast-schema-graph\">{\"@context\":\"https:\/\/schema.org\",\"@graph\":[{\"@type\":\"WebPage\",\"@id\":\"https:\/\/swo.vavyskov.cz\/wordpress\/uspesny-web\/tym\/\",\"url\":\"https:\/\/swo.vavyskov.cz\/wordpress\/uspesny-web\/tym\/\",\"name\":\"T\u00fdm - Spr\u00e1va webov\u00e9ho obsahu\",\"isPartOf\":{\"@id\":\"https:\/\/swo.vavyskov.cz\/wordpress\/#website\"},\"primaryImageOfPage\":{\"@id\":\"https:\/\/swo.vavyskov.cz\/wordpress\/uspesny-web\/tym\/#primaryimage\"},\"image\":{\"@id\":\"https:\/\/swo.vavyskov.cz\/wordpress\/uspesny-web\/tym\/#primaryimage\"},\"thumbnailUrl\":\"https:\/\/swo.vavyskov.cz\/wordpress\/wp-content\/uploads\/2020\/02\/tym-scaled.jpeg\",\"datePublished\":\"2018-05-25T06:00:29+00:00\",\"dateModified\":\"2020-03-01T20:51:11+00:00\",\"breadcrumb\":{\"@id\":\"https:\/\/swo.vavyskov.cz\/wordpress\/uspesny-web\/tym\/#breadcrumb\"},\"inLanguage\":\"cs\",\"potentialAction\":[{\"@type\":\"ReadAction\",\"target\":[\"https:\/\/swo.vavyskov.cz\/wordpress\/uspesny-web\/tym\/\"]}]},{\"@type\":\"ImageObject\",\"inLanguage\":\"cs\",\"@id\":\"https:\/\/swo.vavyskov.cz\/wordpress\/uspesny-web\/tym\/#primaryimage\",\"url\":\"https:\/\/swo.vavyskov.cz\/wordpress\/wp-content\/uploads\/2020\/02\/tym-scaled.jpeg\",\"contentUrl\":\"https:\/\/swo.vavyskov.cz\/wordpress\/wp-content\/uploads\/2020\/02\/tym-scaled.jpeg\",\"width\":2048,\"height\":1536,\"caption\":\"T\u00fdm\"},{\"@type\":\"BreadcrumbList\",\"@id\":\"https:\/\/swo.vavyskov.cz\/wordpress\/uspesny-web\/tym\/#breadcrumb\",\"itemListElement\":[{\"@type\":\"ListItem\",\"position\":1,\"name\":\"Dom\u016f\",\"item\":\"https:\/\/swo.vavyskov.cz\/wordpress\/\"},{\"@type\":\"ListItem\",\"position\":2,\"name\":\"\u00dasp\u011b\u0161n\u00fd web\",\"item\":\"https:\/\/swo.vavyskov.cz\/wordpress\/uspesny-web\/\"},{\"@type\":\"ListItem\",\"position\":3,\"name\":\"T\u00fdm\"}]},{\"@type\":\"WebSite\",\"@id\":\"https:\/\/swo.vavyskov.cz\/wordpress\/#website\",\"url\":\"https:\/\/swo.vavyskov.cz\/wordpress\/\",\"name\":\"Spr\u00e1va webov\u00e9ho obsahu\",\"description\":\"Tvo\u0159\u00edme \u00fasp\u011b\u0161n\u00fd web\",\"publisher\":{\"@id\":\"https:\/\/swo.vavyskov.cz\/wordpress\/#organization\"},\"potentialAction\":[{\"@type\":\"SearchAction\",\"target\":{\"@type\":\"EntryPoint\",\"urlTemplate\":\"https:\/\/swo.vavyskov.cz\/wordpress\/?s={search_term_string}\"},\"query-input\":{\"@type\":\"PropertyValueSpecification\",\"valueRequired\":true,\"valueName\":\"search_term_string\"}}],\"inLanguage\":\"cs\"},{\"@type\":\"Organization\",\"@id\":\"https:\/\/swo.vavyskov.cz\/wordpress\/#organization\",\"name\":\"Velitelstv\u00ed v\u00fdcviku \u2013 Vojensk\u00e1 akademie Vy\u0161kov\",\"url\":\"https:\/\/swo.vavyskov.cz\/wordpress\/\",\"logo\":{\"@type\":\"ImageObject\",\"inLanguage\":\"cs\",\"@id\":\"https:\/\/swo.vavyskov.cz\/wordpress\/#\/schema\/logo\/image\/\",\"url\":\"https:\/\/swo.vavyskov.cz\/wordpress\/wp-content\/uploads\/2018\/04\/kontakt.png\",\"contentUrl\":\"https:\/\/swo.vavyskov.cz\/wordpress\/wp-content\/uploads\/2018\/04\/kontakt.png\",\"width\":487,\"height\":640,\"caption\":\"Velitelstv\u00ed v\u00fdcviku \u2013 Vojensk\u00e1 akademie Vy\u0161kov\"},\"image\":{\"@id\":\"https:\/\/swo.vavyskov.cz\/wordpress\/#\/schema\/logo\/image\/\"}}]}<\/script>\n<!-- \/ Yoast SEO plugin. -->","yoast_head_json":{"title":"T\u00fdm - Spr\u00e1va webov\u00e9ho obsahu","robots":{"index":"index","follow":"follow","max-snippet":"max-snippet:-1","max-image-preview":"max-image-preview:large","max-video-preview":"max-video-preview:-1"},"canonical":"https:\/\/swo.vavyskov.cz\/wordpress\/uspesny-web\/tym\/","og_locale":"cs_CZ","og_type":"article","og_title":"T\u00fdm - Spr\u00e1va webov\u00e9ho obsahu","og_description":"\u00dasp\u011b\u0161n\u00fd projekt je v\u017edy v\u00fdsledkem pr\u00e1ce zodpov\u011bdn\u00e9ho a&nbsp;spolehliv\u00e9ho t\u00fdmu: Mana\u017eer pl\u00e1nov\u00e1n\u00ed \u0159\u00edzen\u00ed Obchodn\u00edk propagace marketing prodej Spr\u00e1vce s\u00edt\u011b spr\u00e1va s\u00edt\u011b a&nbsp;p\u0159ipojen\u00ed spr\u00e1va server\u016f registrace a&nbsp;nastaven\u00ed dom\u00e9n konfigurace a&nbsp;spr\u00e1va po\u0161ty z\u00e1lohov\u00e1n\u00ed Administr\u00e1tor | \u201eKlika\u010d\u201c konfigurace CMS n\u00e1vrh u\u017eivatelsk\u00e9ho prost\u0159ed\u00ed Grafik design vektorov\u00e1 grafika gitmapov\u00e1 grafika p\u0159\u00edstupnost Program\u00e1tor HTML PHP JavaScript datab\u00e1ze mobiln\u00ed technologie \u0160ablon\u00e1\u0159 | Kod\u00e9r &hellip; Pokra\u010dovat ve \u010dten\u00ed \"T\u00fdm\"","og_url":"https:\/\/swo.vavyskov.cz\/wordpress\/uspesny-web\/tym\/","og_site_name":"Spr\u00e1va webov\u00e9ho obsahu","article_modified_time":"2020-03-01T20:51:11+00:00","og_image":[{"width":2048,"height":1536,"url":"https:\/\/swo.vavyskov.cz\/wordpress\/wp-content\/uploads\/2020\/02\/tym-scaled.jpeg","type":"image\/jpeg"}],"twitter_card":"summary_large_image","schema":{"@context":"https:\/\/schema.org","@graph":[{"@type":"WebPage","@id":"https:\/\/swo.vavyskov.cz\/wordpress\/uspesny-web\/tym\/","url":"https:\/\/swo.vavyskov.cz\/wordpress\/uspesny-web\/tym\/","name":"T\u00fdm - Spr\u00e1va webov\u00e9ho obsahu","isPartOf":{"@id":"https:\/\/swo.vavyskov.cz\/wordpress\/#website"},"primaryImageOfPage":{"@id":"https:\/\/swo.vavyskov.cz\/wordpress\/uspesny-web\/tym\/#primaryimage"},"image":{"@id":"https:\/\/swo.vavyskov.cz\/wordpress\/uspesny-web\/tym\/#primaryimage"},"thumbnailUrl":"https:\/\/swo.vavyskov.cz\/wordpress\/wp-content\/uploads\/2020\/02\/tym-scaled.jpeg","datePublished":"2018-05-25T06:00:29+00:00","dateModified":"2020-03-01T20:51:11+00:00","breadcrumb":{"@id":"https:\/\/swo.vavyskov.cz\/wordpress\/uspesny-web\/tym\/#breadcrumb"},"inLanguage":"cs","potentialAction":[{"@type":"ReadAction","target":["https:\/\/swo.vavyskov.cz\/wordpress\/uspesny-web\/tym\/"]}]},{"@type":"ImageObject","inLanguage":"cs","@id":"https:\/\/swo.vavyskov.cz\/wordpress\/uspesny-web\/tym\/#primaryimage","url":"https:\/\/swo.vavyskov.cz\/wordpress\/wp-content\/uploads\/2020\/02\/tym-scaled.jpeg","contentUrl":"https:\/\/swo.vavyskov.cz\/wordpress\/wp-content\/uploads\/2020\/02\/tym-scaled.jpeg","width":2048,"height":1536,"caption":"T\u00fdm"},{"@type":"BreadcrumbList","@id":"https:\/\/swo.vavyskov.cz\/wordpress\/uspesny-web\/tym\/#breadcrumb","itemListElement":[{"@type":"ListItem","position":1,"name":"Dom\u016f","item":"https:\/\/swo.vavyskov.cz\/wordpress\/"},{"@type":"ListItem","position":2,"name":"\u00dasp\u011b\u0161n\u00fd web","item":"https:\/\/swo.vavyskov.cz\/wordpress\/uspesny-web\/"},{"@type":"ListItem","position":3,"name":"T\u00fdm"}]},{"@type":"WebSite","@id":"https:\/\/swo.vavyskov.cz\/wordpress\/#website","url":"https:\/\/swo.vavyskov.cz\/wordpress\/","name":"Spr\u00e1va webov\u00e9ho obsahu","description":"Tvo\u0159\u00edme \u00fasp\u011b\u0161n\u00fd web","publisher":{"@id":"https:\/\/swo.vavyskov.cz\/wordpress\/#organization"},"potentialAction":[{"@type":"SearchAction","target":{"@type":"EntryPoint","urlTemplate":"https:\/\/swo.vavyskov.cz\/wordpress\/?s={search_term_string}"},"query-input":{"@type":"PropertyValueSpecification","valueRequired":true,"valueName":"search_term_string"}}],"inLanguage":"cs"},{"@type":"Organization","@id":"https:\/\/swo.vavyskov.cz\/wordpress\/#organization","name":"Velitelstv\u00ed v\u00fdcviku \u2013 Vojensk\u00e1 akademie Vy\u0161kov","url":"https:\/\/swo.vavyskov.cz\/wordpress\/","logo":{"@type":"ImageObject","inLanguage":"cs","@id":"https:\/\/swo.vavyskov.cz\/wordpress\/#\/schema\/logo\/image\/","url":"https:\/\/swo.vavyskov.cz\/wordpress\/wp-content\/uploads\/2018\/04\/kontakt.png","contentUrl":"https:\/\/swo.vavyskov.cz\/wordpress\/wp-content\/uploads\/2018\/04\/kontakt.png","width":487,"height":640,"caption":"Velitelstv\u00ed v\u00fdcviku \u2013 Vojensk\u00e1 akademie Vy\u0161kov"},"image":{"@id":"https:\/\/swo.vavyskov.cz\/wordpress\/#\/schema\/logo\/image\/"}}]}},"coauthors":[],"author_meta":{"author_link":"https:\/\/swo.vavyskov.cz\/wordpress\/author\/swowp\/","display_name":"SWO"},"relative_dates":{"created":"Posted 8 roky ago","modified":"Updated 6 roky ago"},"absolute_dates":{"created":"Posted on 25. 5. 2018","modified":"Updated on 1. 3. 2020"},"absolute_dates_time":{"created":"Posted on 25. 5. 2018 8:00","modified":"Updated on 1. 3. 2020 21:51"},"featured_img_caption":"","featured_img":"https:\/\/swo.vavyskov.cz\/wordpress\/wp-content\/uploads\/2020\/02\/tym-scaled.jpeg","series_order":"","_links":{"self":[{"href":"https:\/\/swo.vavyskov.cz\/wordpress\/wp-json\/wp\/v2\/pages\/271","targetHints":{"allow":["GET"]}}],"collection":[{"href":"https:\/\/swo.vavyskov.cz\/wordpress\/wp-json\/wp\/v2\/pages"}],"about":[{"href":"https:\/\/swo.vavyskov.cz\/wordpress\/wp-json\/wp\/v2\/types\/page"}],"author":[{"embeddable":true,"href":"https:\/\/swo.vavyskov.cz\/wordpress\/wp-json\/wp\/v2\/users\/1"}],"replies":[{"embeddable":true,"href":"https:\/\/swo.vavyskov.cz\/wordpress\/wp-json\/wp\/v2\/comments?post=271"}],"version-history":[{"count":7,"href":"https:\/\/swo.vavyskov.cz\/wordpress\/wp-json\/wp\/v2\/pages\/271\/revisions"}],"predecessor-version":[{"id":727,"href":"https:\/\/swo.vavyskov.cz\/wordpress\/wp-json\/wp\/v2\/pages\/271\/revisions\/727"}],"up":[{"embeddable":true,"href":"https:\/\/swo.vavyskov.cz\/wordpress\/wp-json\/wp\/v2\/pages\/74"}],"wp:featuredmedia":[{"embeddable":true,"href":"https:\/\/swo.vavyskov.cz\/wordpress\/wp-json\/wp\/v2\/media\/564"}],"wp:attachment":[{"href":"https:\/\/swo.vavyskov.cz\/wordpress\/wp-json\/wp\/v2\/media?parent=271"}],"curies":[{"name":"wp","href":"https:\/\/api.w.org\/{rel}","templated":true}]}}