{"id":269,"date":"2018-05-25T08:00:15","date_gmt":"2018-05-25T06:00:15","guid":{"rendered":"https:\/\/swo.vavyskov.cz\/wordpress\/?page_id=269"},"modified":"2020-03-01T21:51:38","modified_gmt":"2020-03-01T20:51:38","slug":"marketing","status":"publish","type":"page","link":"https:\/\/swo.vavyskov.cz\/wordpress\/uspesny-web\/marketing\/","title":{"rendered":"Marketing"},"content":{"rendered":"\n<figure class=\"wp-block-gallery columns-1 is-cropped wp-block-gallery-2\"><ul class=\"blocks-gallery-grid\"><li class=\"blocks-gallery-item\"><figure><img loading=\"lazy\" decoding=\"async\" width=\"1024\" height=\"768\" src=\"\/wordpress\/wp-content\/uploads\/2020\/02\/marketing-1024x768.jpeg\" alt=\"Marketing\" data-id=\"559\" class=\"wp-image-559 is-layout-flex wp-block-gallery-is-layout-flex\" srcset=\"https:\/\/swo.vavyskov.cz\/wordpress\/wp-content\/uploads\/2020\/02\/marketing-1024x768.jpeg 1024w, https:\/\/swo.vavyskov.cz\/wordpress\/wp-content\/uploads\/2020\/02\/marketing-300x225.jpeg 300w, https:\/\/swo.vavyskov.cz\/wordpress\/wp-content\/uploads\/2020\/02\/marketing-768x576.jpeg 768w, https:\/\/swo.vavyskov.cz\/wordpress\/wp-content\/uploads\/2020\/02\/marketing-1536x1152.jpeg 1536w, https:\/\/swo.vavyskov.cz\/wordpress\/wp-content\/uploads\/2020\/02\/marketing-scaled.jpeg 2048w\" sizes=\"auto, (max-width: 767px) 89vw, (max-width: 1000px) 54vw, (max-width: 1071px) 543px, 580px\" \/><\/figure><\/li><\/ul><\/figure>\n\n\n\n<p>Jak \u201evy\u010dn\u00edvat z&nbsp;davu\u201c?<\/p>\n\n\n\n<h2 class=\"wp-block-heading\">Pokladna<\/h2>\n\n\n\n<p>M\u00edt <strong>pokladnu<\/strong>, ke&nbsp;kter\u00e9 je mo\u017en\u00e9 p\u0159iv\u00e1d\u011bt z\u00e1kazn\u00edky!<\/p>\n\n\n\n<p>Mo\u017enost platby:<\/p>\n\n\n\n<ul class=\"wp-block-list\"><li>online<\/li><li>p\u0159evodem na&nbsp;\u00fa\u010det<\/li><li>dob\u00edrka<\/li><\/ul>\n\n\n\n<h2 class=\"wp-block-heading\">V\u00fdzva k&nbsp;akci<\/h2>\n\n\n\n<p>Viz d\u00e1le&#8230;<\/p>\n\n\n\n<h2 class=\"wp-block-heading\">Tipy<\/h2>\n\n\n\n<ul class=\"wp-block-list\"><li>vyu\u017e\u00edt zv\u011bdavost<\/li><li>online\/offline marketing<\/li><li>ti\u0161t\u011bn\u00e1 forma<\/li><\/ul>\n\n\n\n<h2 class=\"wp-block-heading\">Produkty\/Slu\u017eby<\/h2>\n\n\n\n<ul class=\"wp-block-list\"><li>co je d\u016fvod (c\u00edl) objedn\u00e1vky<\/li><li>jak\u00e9 jsou prvn\u00ed kroky z\u00e1kazn\u00edka (napsat e-mail, zavolat, domluvit si sch\u016fzku)<\/li><li>p\u0159ehled produkt\u016f\/slu\u017eeb v\u010detn\u011b fotografi\u00ed<\/li><li>cen\u00edk<\/li><\/ul>\n\n\n\n<h2 class=\"wp-block-heading\">Objedn\u00e1vka (prodejn\u00e9 str\u00e1nka)<\/h2>\n\n\n\n<ul class=\"wp-block-list\"><li>shrnut\u00ed<\/li><li>objedn\u00e1vkov\u00fd formul\u00e1\u0159<\/li><li>platba<\/li><\/ul>\n\n\n\n<h2 class=\"wp-block-heading\">Pod\u011bkov\u00e1n\u00ed<\/h2>\n\n\n\n<ul class=\"wp-block-list\"><li>pod\u011bkovat<\/li><li>ujistit, \u017ee&nbsp;z\u00e1kazn\u00edk ud\u011blal spr\u00e1vn\u00fd krok<\/li><li>nab\u00eddnout dal\u0161\u00ed kroky<\/li><\/ul>\n\n\n\n<h2 class=\"wp-block-heading\">Z\u00edskat v\u00edce z\u00e1kazn\u00edk\u016f<\/h2>\n\n\n\n<p>P\u0159em\u00fd\u0161let o&nbsp;tom, kde sehnat v\u00edce z\u00e1kazn\u00edk\u016f.<\/p>\n","protected":false},"excerpt":{"rendered":"<p>Jak \u201evy\u010dn\u00edvat z&nbsp;davu\u201c? Pokladna M\u00edt pokladnu, ke&nbsp;kter\u00e9 je mo\u017en\u00e9 p\u0159iv\u00e1d\u011bt z\u00e1kazn\u00edky! Mo\u017enost platby: online p\u0159evodem na&nbsp;\u00fa\u010det dob\u00edrka V\u00fdzva k&nbsp;akci Viz d\u00e1le&#8230; Tipy vyu\u017e\u00edt zv\u011bdavost online\/offline marketing ti\u0161t\u011bn\u00e1 forma Produkty\/Slu\u017eby co je d\u016fvod (c\u00edl) objedn\u00e1vky jak\u00e9 jsou prvn\u00ed kroky z\u00e1kazn\u00edka (napsat e-mail, zavolat, domluvit si sch\u016fzku) p\u0159ehled produkt\u016f\/slu\u017eeb v\u010detn\u011b fotografi\u00ed cen\u00edk Objedn\u00e1vka (prodejn\u00e9 str\u00e1nka) shrnut\u00ed objedn\u00e1vkov\u00fd &hellip; <\/p>\n<p class=\"link-more\"><a href=\"https:\/\/swo.vavyskov.cz\/wordpress\/uspesny-web\/marketing\/\" class=\"more-link\">Pokra\u010dovat ve&nbsp;\u010dten\u00ed<span class=\"screen-reader-text\"> &#8220;Marketing&#8221;<\/span><\/a><\/p>\n","protected":false},"author":1,"featured_media":559,"parent":74,"menu_order":6,"comment_status":"closed","ping_status":"closed","template":"page_no-featured-image.php","meta":{"advgb_blocks_editor_width":"","advgb_blocks_columns_visual_guide":"","footnotes":""},"class_list":["post-269","page","type-page","status-publish","has-post-thumbnail","hentry"],"yoast_head":"<!-- This site is optimized with the Yoast SEO plugin v27.0 - https:\/\/yoast.com\/product\/yoast-seo-wordpress\/ -->\n<title>Marketing - Spr\u00e1va webov\u00e9ho obsahu<\/title>\n<meta name=\"robots\" content=\"index, follow, max-snippet:-1, max-image-preview:large, max-video-preview:-1\" \/>\n<link rel=\"canonical\" href=\"https:\/\/swo.vavyskov.cz\/wordpress\/uspesny-web\/marketing\/\" \/>\n<meta property=\"og:locale\" content=\"cs_CZ\" \/>\n<meta property=\"og:type\" content=\"article\" \/>\n<meta property=\"og:title\" content=\"Marketing - Spr\u00e1va webov\u00e9ho obsahu\" \/>\n<meta property=\"og:description\" content=\"Jak \u201evy\u010dn\u00edvat z&nbsp;davu\u201c? Pokladna M\u00edt pokladnu, ke&nbsp;kter\u00e9 je mo\u017en\u00e9 p\u0159iv\u00e1d\u011bt z\u00e1kazn\u00edky! Mo\u017enost platby: online p\u0159evodem na&nbsp;\u00fa\u010det dob\u00edrka V\u00fdzva k&nbsp;akci Viz d\u00e1le&#8230; Tipy vyu\u017e\u00edt zv\u011bdavost online\/offline marketing ti\u0161t\u011bn\u00e1 forma Produkty\/Slu\u017eby co je d\u016fvod (c\u00edl) objedn\u00e1vky jak\u00e9 jsou prvn\u00ed kroky z\u00e1kazn\u00edka (napsat e-mail, zavolat, domluvit si sch\u016fzku) p\u0159ehled produkt\u016f\/slu\u017eeb v\u010detn\u011b fotografi\u00ed cen\u00edk Objedn\u00e1vka (prodejn\u00e9 str\u00e1nka) shrnut\u00ed objedn\u00e1vkov\u00fd &hellip; Pokra\u010dovat ve \u010dten\u00ed &quot;Marketing&quot;\" \/>\n<meta property=\"og:url\" content=\"https:\/\/swo.vavyskov.cz\/wordpress\/uspesny-web\/marketing\/\" \/>\n<meta property=\"og:site_name\" content=\"Spr\u00e1va webov\u00e9ho obsahu\" \/>\n<meta property=\"article:modified_time\" content=\"2020-03-01T20:51:38+00:00\" \/>\n<meta property=\"og:image\" content=\"https:\/\/swo.vavyskov.cz\/wordpress\/wp-content\/uploads\/2020\/02\/marketing-scaled.jpeg\" \/>\n\t<meta property=\"og:image:width\" content=\"2048\" \/>\n\t<meta property=\"og:image:height\" content=\"1536\" \/>\n\t<meta property=\"og:image:type\" content=\"image\/jpeg\" \/>\n<meta name=\"twitter:card\" content=\"summary_large_image\" \/>\n<meta name=\"twitter:label1\" content=\"Odhadovan\u00e1 doba \u010dten\u00ed\" \/>\n\t<meta name=\"twitter:data1\" content=\"1 minuta\" \/>\n<script type=\"application\/ld+json\" class=\"yoast-schema-graph\">{\"@context\":\"https:\/\/schema.org\",\"@graph\":[{\"@type\":\"WebPage\",\"@id\":\"https:\/\/swo.vavyskov.cz\/wordpress\/uspesny-web\/marketing\/\",\"url\":\"https:\/\/swo.vavyskov.cz\/wordpress\/uspesny-web\/marketing\/\",\"name\":\"Marketing - Spr\u00e1va webov\u00e9ho obsahu\",\"isPartOf\":{\"@id\":\"https:\/\/swo.vavyskov.cz\/wordpress\/#website\"},\"primaryImageOfPage\":{\"@id\":\"https:\/\/swo.vavyskov.cz\/wordpress\/uspesny-web\/marketing\/#primaryimage\"},\"image\":{\"@id\":\"https:\/\/swo.vavyskov.cz\/wordpress\/uspesny-web\/marketing\/#primaryimage\"},\"thumbnailUrl\":\"https:\/\/swo.vavyskov.cz\/wordpress\/wp-content\/uploads\/2020\/02\/marketing-scaled.jpeg\",\"datePublished\":\"2018-05-25T06:00:15+00:00\",\"dateModified\":\"2020-03-01T20:51:38+00:00\",\"breadcrumb\":{\"@id\":\"https:\/\/swo.vavyskov.cz\/wordpress\/uspesny-web\/marketing\/#breadcrumb\"},\"inLanguage\":\"cs\",\"potentialAction\":[{\"@type\":\"ReadAction\",\"target\":[\"https:\/\/swo.vavyskov.cz\/wordpress\/uspesny-web\/marketing\/\"]}]},{\"@type\":\"ImageObject\",\"inLanguage\":\"cs\",\"@id\":\"https:\/\/swo.vavyskov.cz\/wordpress\/uspesny-web\/marketing\/#primaryimage\",\"url\":\"https:\/\/swo.vavyskov.cz\/wordpress\/wp-content\/uploads\/2020\/02\/marketing-scaled.jpeg\",\"contentUrl\":\"https:\/\/swo.vavyskov.cz\/wordpress\/wp-content\/uploads\/2020\/02\/marketing-scaled.jpeg\",\"width\":2048,\"height\":1536,\"caption\":\"Marketing\"},{\"@type\":\"BreadcrumbList\",\"@id\":\"https:\/\/swo.vavyskov.cz\/wordpress\/uspesny-web\/marketing\/#breadcrumb\",\"itemListElement\":[{\"@type\":\"ListItem\",\"position\":1,\"name\":\"Dom\u016f\",\"item\":\"https:\/\/swo.vavyskov.cz\/wordpress\/\"},{\"@type\":\"ListItem\",\"position\":2,\"name\":\"\u00dasp\u011b\u0161n\u00fd web\",\"item\":\"https:\/\/swo.vavyskov.cz\/wordpress\/uspesny-web\/\"},{\"@type\":\"ListItem\",\"position\":3,\"name\":\"Marketing\"}]},{\"@type\":\"WebSite\",\"@id\":\"https:\/\/swo.vavyskov.cz\/wordpress\/#website\",\"url\":\"https:\/\/swo.vavyskov.cz\/wordpress\/\",\"name\":\"Spr\u00e1va webov\u00e9ho obsahu\",\"description\":\"Tvo\u0159\u00edme \u00fasp\u011b\u0161n\u00fd web\",\"publisher\":{\"@id\":\"https:\/\/swo.vavyskov.cz\/wordpress\/#organization\"},\"potentialAction\":[{\"@type\":\"SearchAction\",\"target\":{\"@type\":\"EntryPoint\",\"urlTemplate\":\"https:\/\/swo.vavyskov.cz\/wordpress\/?s={search_term_string}\"},\"query-input\":{\"@type\":\"PropertyValueSpecification\",\"valueRequired\":true,\"valueName\":\"search_term_string\"}}],\"inLanguage\":\"cs\"},{\"@type\":\"Organization\",\"@id\":\"https:\/\/swo.vavyskov.cz\/wordpress\/#organization\",\"name\":\"Velitelstv\u00ed v\u00fdcviku \u2013 Vojensk\u00e1 akademie Vy\u0161kov\",\"url\":\"https:\/\/swo.vavyskov.cz\/wordpress\/\",\"logo\":{\"@type\":\"ImageObject\",\"inLanguage\":\"cs\",\"@id\":\"https:\/\/swo.vavyskov.cz\/wordpress\/#\/schema\/logo\/image\/\",\"url\":\"https:\/\/swo.vavyskov.cz\/wordpress\/wp-content\/uploads\/2018\/04\/kontakt.png\",\"contentUrl\":\"https:\/\/swo.vavyskov.cz\/wordpress\/wp-content\/uploads\/2018\/04\/kontakt.png\",\"width\":487,\"height\":640,\"caption\":\"Velitelstv\u00ed v\u00fdcviku \u2013 Vojensk\u00e1 akademie Vy\u0161kov\"},\"image\":{\"@id\":\"https:\/\/swo.vavyskov.cz\/wordpress\/#\/schema\/logo\/image\/\"}}]}<\/script>\n<!-- \/ Yoast SEO plugin. -->","yoast_head_json":{"title":"Marketing - Spr\u00e1va webov\u00e9ho obsahu","robots":{"index":"index","follow":"follow","max-snippet":"max-snippet:-1","max-image-preview":"max-image-preview:large","max-video-preview":"max-video-preview:-1"},"canonical":"https:\/\/swo.vavyskov.cz\/wordpress\/uspesny-web\/marketing\/","og_locale":"cs_CZ","og_type":"article","og_title":"Marketing - Spr\u00e1va webov\u00e9ho obsahu","og_description":"Jak \u201evy\u010dn\u00edvat z&nbsp;davu\u201c? Pokladna M\u00edt pokladnu, ke&nbsp;kter\u00e9 je mo\u017en\u00e9 p\u0159iv\u00e1d\u011bt z\u00e1kazn\u00edky! Mo\u017enost platby: online p\u0159evodem na&nbsp;\u00fa\u010det dob\u00edrka V\u00fdzva k&nbsp;akci Viz d\u00e1le&#8230; Tipy vyu\u017e\u00edt zv\u011bdavost online\/offline marketing ti\u0161t\u011bn\u00e1 forma Produkty\/Slu\u017eby co je d\u016fvod (c\u00edl) objedn\u00e1vky jak\u00e9 jsou prvn\u00ed kroky z\u00e1kazn\u00edka (napsat e-mail, zavolat, domluvit si sch\u016fzku) p\u0159ehled produkt\u016f\/slu\u017eeb v\u010detn\u011b fotografi\u00ed cen\u00edk Objedn\u00e1vka (prodejn\u00e9 str\u00e1nka) shrnut\u00ed objedn\u00e1vkov\u00fd &hellip; Pokra\u010dovat ve \u010dten\u00ed \"Marketing\"","og_url":"https:\/\/swo.vavyskov.cz\/wordpress\/uspesny-web\/marketing\/","og_site_name":"Spr\u00e1va webov\u00e9ho obsahu","article_modified_time":"2020-03-01T20:51:38+00:00","og_image":[{"width":2048,"height":1536,"url":"https:\/\/swo.vavyskov.cz\/wordpress\/wp-content\/uploads\/2020\/02\/marketing-scaled.jpeg","type":"image\/jpeg"}],"twitter_card":"summary_large_image","twitter_misc":{"Odhadovan\u00e1 doba \u010dten\u00ed":"1 minuta"},"schema":{"@context":"https:\/\/schema.org","@graph":[{"@type":"WebPage","@id":"https:\/\/swo.vavyskov.cz\/wordpress\/uspesny-web\/marketing\/","url":"https:\/\/swo.vavyskov.cz\/wordpress\/uspesny-web\/marketing\/","name":"Marketing - Spr\u00e1va webov\u00e9ho obsahu","isPartOf":{"@id":"https:\/\/swo.vavyskov.cz\/wordpress\/#website"},"primaryImageOfPage":{"@id":"https:\/\/swo.vavyskov.cz\/wordpress\/uspesny-web\/marketing\/#primaryimage"},"image":{"@id":"https:\/\/swo.vavyskov.cz\/wordpress\/uspesny-web\/marketing\/#primaryimage"},"thumbnailUrl":"https:\/\/swo.vavyskov.cz\/wordpress\/wp-content\/uploads\/2020\/02\/marketing-scaled.jpeg","datePublished":"2018-05-25T06:00:15+00:00","dateModified":"2020-03-01T20:51:38+00:00","breadcrumb":{"@id":"https:\/\/swo.vavyskov.cz\/wordpress\/uspesny-web\/marketing\/#breadcrumb"},"inLanguage":"cs","potentialAction":[{"@type":"ReadAction","target":["https:\/\/swo.vavyskov.cz\/wordpress\/uspesny-web\/marketing\/"]}]},{"@type":"ImageObject","inLanguage":"cs","@id":"https:\/\/swo.vavyskov.cz\/wordpress\/uspesny-web\/marketing\/#primaryimage","url":"https:\/\/swo.vavyskov.cz\/wordpress\/wp-content\/uploads\/2020\/02\/marketing-scaled.jpeg","contentUrl":"https:\/\/swo.vavyskov.cz\/wordpress\/wp-content\/uploads\/2020\/02\/marketing-scaled.jpeg","width":2048,"height":1536,"caption":"Marketing"},{"@type":"BreadcrumbList","@id":"https:\/\/swo.vavyskov.cz\/wordpress\/uspesny-web\/marketing\/#breadcrumb","itemListElement":[{"@type":"ListItem","position":1,"name":"Dom\u016f","item":"https:\/\/swo.vavyskov.cz\/wordpress\/"},{"@type":"ListItem","position":2,"name":"\u00dasp\u011b\u0161n\u00fd web","item":"https:\/\/swo.vavyskov.cz\/wordpress\/uspesny-web\/"},{"@type":"ListItem","position":3,"name":"Marketing"}]},{"@type":"WebSite","@id":"https:\/\/swo.vavyskov.cz\/wordpress\/#website","url":"https:\/\/swo.vavyskov.cz\/wordpress\/","name":"Spr\u00e1va webov\u00e9ho obsahu","description":"Tvo\u0159\u00edme \u00fasp\u011b\u0161n\u00fd web","publisher":{"@id":"https:\/\/swo.vavyskov.cz\/wordpress\/#organization"},"potentialAction":[{"@type":"SearchAction","target":{"@type":"EntryPoint","urlTemplate":"https:\/\/swo.vavyskov.cz\/wordpress\/?s={search_term_string}"},"query-input":{"@type":"PropertyValueSpecification","valueRequired":true,"valueName":"search_term_string"}}],"inLanguage":"cs"},{"@type":"Organization","@id":"https:\/\/swo.vavyskov.cz\/wordpress\/#organization","name":"Velitelstv\u00ed v\u00fdcviku \u2013 Vojensk\u00e1 akademie Vy\u0161kov","url":"https:\/\/swo.vavyskov.cz\/wordpress\/","logo":{"@type":"ImageObject","inLanguage":"cs","@id":"https:\/\/swo.vavyskov.cz\/wordpress\/#\/schema\/logo\/image\/","url":"https:\/\/swo.vavyskov.cz\/wordpress\/wp-content\/uploads\/2018\/04\/kontakt.png","contentUrl":"https:\/\/swo.vavyskov.cz\/wordpress\/wp-content\/uploads\/2018\/04\/kontakt.png","width":487,"height":640,"caption":"Velitelstv\u00ed v\u00fdcviku \u2013 Vojensk\u00e1 akademie Vy\u0161kov"},"image":{"@id":"https:\/\/swo.vavyskov.cz\/wordpress\/#\/schema\/logo\/image\/"}}]}},"coauthors":[],"author_meta":{"author_link":"https:\/\/swo.vavyskov.cz\/wordpress\/author\/swowp\/","display_name":"SWO"},"relative_dates":{"created":"Posted 8 roky ago","modified":"Updated 6 roky ago"},"absolute_dates":{"created":"Posted on 25. 5. 2018","modified":"Updated on 1. 3. 2020"},"absolute_dates_time":{"created":"Posted on 25. 5. 2018 8:00","modified":"Updated on 1. 3. 2020 21:51"},"featured_img_caption":"","featured_img":"https:\/\/swo.vavyskov.cz\/wordpress\/wp-content\/uploads\/2020\/02\/marketing-scaled.jpeg","series_order":"","_links":{"self":[{"href":"https:\/\/swo.vavyskov.cz\/wordpress\/wp-json\/wp\/v2\/pages\/269","targetHints":{"allow":["GET"]}}],"collection":[{"href":"https:\/\/swo.vavyskov.cz\/wordpress\/wp-json\/wp\/v2\/pages"}],"about":[{"href":"https:\/\/swo.vavyskov.cz\/wordpress\/wp-json\/wp\/v2\/types\/page"}],"author":[{"embeddable":true,"href":"https:\/\/swo.vavyskov.cz\/wordpress\/wp-json\/wp\/v2\/users\/1"}],"replies":[{"embeddable":true,"href":"https:\/\/swo.vavyskov.cz\/wordpress\/wp-json\/wp\/v2\/comments?post=269"}],"version-history":[{"count":7,"href":"https:\/\/swo.vavyskov.cz\/wordpress\/wp-json\/wp\/v2\/pages\/269\/revisions"}],"predecessor-version":[{"id":731,"href":"https:\/\/swo.vavyskov.cz\/wordpress\/wp-json\/wp\/v2\/pages\/269\/revisions\/731"}],"up":[{"embeddable":true,"href":"https:\/\/swo.vavyskov.cz\/wordpress\/wp-json\/wp\/v2\/pages\/74"}],"wp:featuredmedia":[{"embeddable":true,"href":"https:\/\/swo.vavyskov.cz\/wordpress\/wp-json\/wp\/v2\/media\/559"}],"wp:attachment":[{"href":"https:\/\/swo.vavyskov.cz\/wordpress\/wp-json\/wp\/v2\/media?parent=269"}],"curies":[{"name":"wp","href":"https:\/\/api.w.org\/{rel}","templated":true}]}}