{"id":265,"date":"2018-05-25T07:59:46","date_gmt":"2018-05-25T05:59:46","guid":{"rendered":"https:\/\/swo.vavyskov.cz\/wordpress\/?page_id=265"},"modified":"2024-11-16T09:55:59","modified_gmt":"2024-11-16T08:55:59","slug":"kontrola","status":"publish","type":"page","link":"https:\/\/swo.vavyskov.cz\/wordpress\/uspesny-web\/kontrola\/","title":{"rendered":"Kontrola"},"content":{"rendered":"\n<figure class=\"wp-block-gallery has-nested-images columns-default is-cropped wp-block-gallery-2 is-layout-flex wp-block-gallery-is-layout-flex\">\n<figure class=\"wp-block-image size-large\"><img loading=\"lazy\" decoding=\"async\" width=\"1024\" height=\"768\" data-id=\"620\" src=\"https:\/\/swo.vavyskov.cz\/wordpress\/wp-content\/uploads\/2020\/02\/kontrola-1024x768.jpg\" alt=\"Kontrola\" class=\"wp-image-620\" srcset=\"https:\/\/swo.vavyskov.cz\/wordpress\/wp-content\/uploads\/2020\/02\/kontrola-1024x768.jpg 1024w, https:\/\/swo.vavyskov.cz\/wordpress\/wp-content\/uploads\/2020\/02\/kontrola-300x225.jpg 300w, https:\/\/swo.vavyskov.cz\/wordpress\/wp-content\/uploads\/2020\/02\/kontrola-768x576.jpg 768w, https:\/\/swo.vavyskov.cz\/wordpress\/wp-content\/uploads\/2020\/02\/kontrola-1536x1152.jpg 1536w, https:\/\/swo.vavyskov.cz\/wordpress\/wp-content\/uploads\/2020\/02\/kontrola-scaled.jpg 2048w\" sizes=\"auto, (max-width: 767px) 89vw, (max-width: 1000px) 54vw, (max-width: 1071px) 543px, 580px\" \/><\/figure>\n<\/figure>\n\n\n\n<p>Kontrola nen\u00ed jen jednor\u00e1zov\u00e1 z\u00e1le\u017eitost, ale&nbsp;m\u011bla by b\u00fdt prov\u00e1d\u011bna&nbsp;<strong>pr\u016fb\u011b\u017en\u011b&nbsp;po&nbsp;celou dobu trv\u00e1n\u00ed<\/strong> projektu.<\/p>\n\n\n\n<h2 class=\"wp-block-heading\">Aktu\u00e1lnost \u00fadaj\u016f<\/h2>\n\n\n\n<p>Db\u00e1t na&nbsp;aktu\u00e1lnost \u00fadaj\u016f.<\/p>\n\n\n\n<h2 class=\"wp-block-heading\">Vyhled\u00e1va\u010de<\/h2>\n\n\n\n<p>Co uvid\u00ed n\u00e1v\u0161t\u011bvn\u00edk ve&nbsp;v\u00fdsledc\u00edch vyhled\u00e1v\u00e1n\u00ed (Google, Seznam, Bing, Yahoo\u2026) po&nbsp;zad\u00e1n\u00ed hledan\u00fdch kl\u00ed\u010dov\u00fdch slov?<\/p>\n\n\n\n<ul class=\"wp-block-list\">\n<li>propojen\u00ed obsahu s&nbsp;autorem<\/li>\n\n\n\n<li>sitemap.xml<\/li>\n\n\n\n<li>robots.txt<\/li>\n<\/ul>\n\n\n\n<h2 class=\"wp-block-heading\">Pravideln\u00e9 \u010dl\u00e1nky<\/h2>\n\n\n\n<p>Pravideln\u00e9 zve\u0159ej\u0148ov\u00e1n\u00ed nov\u00fdch \u010dl\u00e1nk\u016f na&nbsp;webu a&nbsp;soci\u00e1ln\u00edch s\u00edt\u00edch.<\/p>\n\n\n\n<h2 class=\"wp-block-heading\">Heuristick\u00e1 anal\u00fdza<\/h2>\n\n\n\n<p>Vize d\u00e1le&#8230;<\/p>\n\n\n\n<h2 class=\"wp-block-heading\">Funk\u010dnost URL adresy a&nbsp;odkaz\u016f<\/h2>\n\n\n\n<ul class=\"wp-block-list\">\n<li><a href=\"https:\/\/validator.w3.org\/checklink\" target=\"_blank\" rel=\"noreferrer noopener\">Link Checker<\/a><\/li>\n\n\n\n<li>zajistit aktu\u00e1ln\u00ed a&nbsp;trvalou funk\u010dnost ka\u017ed\u00e9 URL adresy<\/li>\n\n\n\n<li>odstranit duplicitn\u00ed \u201esyst\u00e9mov\u00e9\u201c cesty<\/li>\n<\/ul>\n\n\n\n<h2 class=\"wp-block-heading\">Monitoring<\/h2>\n\n\n\n<p>Viz d\u00e1le&#8230;<\/p>\n\n\n\n<h2 class=\"wp-block-heading\">Rychlost<\/h2>\n\n\n\n<ul class=\"wp-block-list\">\n<li><a href=\"https:\/\/developers.google.com\/speed\/pagespeed\/insights\/\" target=\"_blank\" rel=\"noreferrer noopener\">PageSpeed Insights<\/a>\u00a0(mobile, desktop)<\/li>\n\n\n\n<li><a href=\"https:\/\/www.webpagetest.org\/\" target=\"_blank\" rel=\"noreferrer noopener nofollow\">Test a\u00a0website&#8217;s&nbsp;performance<\/a><\/li>\n\n\n\n<li><a href=\"https:\/\/tools.pingdom.com\/\" target=\"_blank\" rel=\"noreferrer noopener\">Full page test<\/a><\/li>\n\n\n\n<li><a href=\"https:\/\/developers.google.com\/web\/tools\/lighthouse\/run\" target=\"_blank\" rel=\"noreferrer noopener\">Lighthouse<\/a>\u00a0(AMP)<\/li>\n<\/ul>\n\n\n\n<p>Doporu\u010den\u00ed:<\/p>\n\n\n\n<ul class=\"wp-block-list\">\n<li>redukovat po\u010det a&nbsp;odstranit nepou\u017e\u00edvan\u00e1  roz\u0161\u00ed\u0159en\u00ed a&nbsp;t\u00e9mata vzhledu<\/li>\n\n\n\n<li><a href=\"https:\/\/compressor.io\/\" target=\"_blank\" rel=\"noreferrer noopener\">Compressor.io<\/a> &#8211; komprese obr\u00e1zk\u016f<\/li>\n<\/ul>\n\n\n\n<h2 class=\"wp-block-heading\">Bezpe\u010dnost<\/h2>\n\n\n\n<ul class=\"wp-block-list\">\n<li><a href=\"https:\/\/www.virustotal.com\/\" target=\"_blank\" rel=\"noreferrer noopener\">Virus Total<\/a><\/li>\n\n\n\n<li><a href=\"https:\/\/app.webinspector.com\/\" target=\"_blank\" rel=\"noreferrer noopener\">Free Website Malware Scanner<\/a><\/li>\n\n\n\n<li><a href=\"https:\/\/securityheaders.com\/\" target=\"_blank\" rel=\"noreferrer noopener\">Security Headers<\/a><\/li>\n<\/ul>\n\n\n\n<h2 class=\"wp-block-heading\">P\u0159\u00edstupnost<\/h2>\n\n\n\n<p>Viz d\u00e1le&#8230;<\/p>\n\n\n\n<h2 class=\"wp-block-heading\">Zdrojov\u00fd k\u00f3d<\/h2>\n\n\n\n<ul class=\"wp-block-list\">\n<li><a href=\"https:\/\/validator.w3.org\/\" target=\"_blank\" rel=\"noreferrer noopener\">Markup Validation Service<\/a>\u00a0(HTML)<\/li>\n\n\n\n<li><a href=\"https:\/\/jigsaw.w3.org\/css-validator\/\" target=\"_blank\" rel=\"noreferrer noopener\">CSS Validation Service<\/a>\u00a0(CSS + SVG)<\/li>\n\n\n\n<li><a href=\"https:\/\/validator.w3.org\/unicorn\/\" target=\"_blank\" rel=\"noreferrer noopener\">Unicorn &#8211; Jednotn\u00fd valid\u00e1tor W3C<\/a>\u00a0(HTML, CSS, Feed)<\/li>\n<\/ul>\n\n\n\n<h2 class=\"wp-block-heading\">Z\u00e1lohov\u00e1n\u00ed<\/h2>\n\n\n\n<p>Vize d\u00e1le&#8230;<\/p>\n\n\n\n<h2 class=\"wp-block-heading\">SEO<\/h2>\n\n\n\n<ul class=\"wp-block-list\">\n<li><a href=\"http:\/\/seo-servis.cz\/power-sila-stranky\/\" target=\"_blank\" rel=\"noreferrer noopener\">Anal\u00fdza s\u00edly webov\u00e9 str\u00e1nky<\/a>\u00a0(SEO Servis)<\/li>\n\n\n\n<li><a href=\"https:\/\/yoast.com\/research\/real-time-content-analysis\/\" target=\"_blank\" rel=\"noreferrer noopener\">Real-time Content Analysis<\/a>\u00a0(Yoast)<\/li>\n\n\n\n<li><a href=\"https:\/\/www.screamingfrog.co.uk\/seo-spider\/\" target=\"_blank\" rel=\"noreferrer noopener\">Screaming Frog SEO Spider<\/a>\u00a0(zdarma do\u00a0500 URL adres)<\/li>\n<\/ul>\n\n\n\n<h2 class=\"wp-block-heading\">Certifik\u00e1t<\/h2>\n\n\n\n<ul class=\"wp-block-list\">\n<li><a href=\"https:\/\/www.sslshopper.com\/ssl-checker.html\" target=\"_blank\" rel=\"noreferrer noopener\">SSL Checker &#8211; SSL Certificate Verify<\/a><\/li>\n\n\n\n<li><a href=\"https:\/\/www.ssllabs.com\/ssltest\/index.html\" target=\"_blank\" rel=\"noreferrer noopener\">SSL Server Test<\/a><\/li>\n<\/ul>\n\n\n\n<hr class=\"wp-block-separator has-css-opacity\"\/>\n\n\n\n<p>Dal\u0161\u00ed zdroje informac\u00ed:<\/p>\n\n\n\n<ul class=\"wp-block-list\">\n<li><a href=\"https:\/\/websitelaunchchecklist.com\/\">websitelaunchchecklist.com<\/a><\/li>\n\n\n\n<li><a href=\"https:\/\/www.vzhurudolu.cz\/prirucka\/checklist\">vzhurudolu.cz\/prirucka\/checklist<\/a><\/li>\n<\/ul>\n","protected":false},"excerpt":{"rendered":"<p>Kontrola nen\u00ed jen jednor\u00e1zov\u00e1 z\u00e1le\u017eitost, ale&nbsp;m\u011bla by b\u00fdt prov\u00e1d\u011bna&nbsp;pr\u016fb\u011b\u017en\u011b&nbsp;po&nbsp;celou dobu trv\u00e1n\u00ed projektu. Aktu\u00e1lnost \u00fadaj\u016f Db\u00e1t na&nbsp;aktu\u00e1lnost \u00fadaj\u016f. Vyhled\u00e1va\u010de Co uvid\u00ed n\u00e1v\u0161t\u011bvn\u00edk ve&nbsp;v\u00fdsledc\u00edch vyhled\u00e1v\u00e1n\u00ed (Google, Seznam, Bing, Yahoo\u2026) po&nbsp;zad\u00e1n\u00ed hledan\u00fdch kl\u00ed\u010dov\u00fdch slov? Pravideln\u00e9 \u010dl\u00e1nky Pravideln\u00e9 zve\u0159ej\u0148ov\u00e1n\u00ed nov\u00fdch \u010dl\u00e1nk\u016f na&nbsp;webu a&nbsp;soci\u00e1ln\u00edch s\u00edt\u00edch. Heuristick\u00e1 anal\u00fdza Vize d\u00e1le&#8230; Funk\u010dnost URL adresy a&nbsp;odkaz\u016f Monitoring Viz d\u00e1le&#8230; Rychlost Doporu\u010den\u00ed: Bezpe\u010dnost P\u0159\u00edstupnost &hellip; <\/p>\n<p class=\"link-more\"><a href=\"https:\/\/swo.vavyskov.cz\/wordpress\/uspesny-web\/kontrola\/\" class=\"more-link\">Pokra\u010dovat ve&nbsp;\u010dten\u00ed<span class=\"screen-reader-text\"> &#8220;Kontrola&#8221;<\/span><\/a><\/p>\n","protected":false},"author":1,"featured_media":620,"parent":74,"menu_order":4,"comment_status":"closed","ping_status":"closed","template":"page_no-featured-image.php","meta":{"advgb_blocks_editor_width":"","advgb_blocks_columns_visual_guide":"","footnotes":""},"class_list":["post-265","page","type-page","status-publish","has-post-thumbnail","hentry"],"yoast_head":"<!-- This site is optimized with the Yoast SEO plugin v27.0 - https:\/\/yoast.com\/product\/yoast-seo-wordpress\/ -->\n<title>Kontrola - Spr\u00e1va webov\u00e9ho obsahu<\/title>\n<meta name=\"robots\" content=\"index, follow, max-snippet:-1, max-image-preview:large, max-video-preview:-1\" \/>\n<link rel=\"canonical\" href=\"https:\/\/swo.vavyskov.cz\/wordpress\/uspesny-web\/kontrola\/\" \/>\n<meta property=\"og:locale\" content=\"cs_CZ\" \/>\n<meta property=\"og:type\" content=\"article\" \/>\n<meta property=\"og:title\" content=\"Kontrola - Spr\u00e1va webov\u00e9ho obsahu\" \/>\n<meta property=\"og:description\" content=\"Kontrola nen\u00ed jen jednor\u00e1zov\u00e1 z\u00e1le\u017eitost, ale&nbsp;m\u011bla by b\u00fdt prov\u00e1d\u011bna&nbsp;pr\u016fb\u011b\u017en\u011b&nbsp;po&nbsp;celou dobu trv\u00e1n\u00ed projektu. Aktu\u00e1lnost \u00fadaj\u016f Db\u00e1t na&nbsp;aktu\u00e1lnost \u00fadaj\u016f. Vyhled\u00e1va\u010de Co uvid\u00ed n\u00e1v\u0161t\u011bvn\u00edk ve&nbsp;v\u00fdsledc\u00edch vyhled\u00e1v\u00e1n\u00ed (Google, Seznam, Bing, Yahoo\u2026) po&nbsp;zad\u00e1n\u00ed hledan\u00fdch kl\u00ed\u010dov\u00fdch slov? Pravideln\u00e9 \u010dl\u00e1nky Pravideln\u00e9 zve\u0159ej\u0148ov\u00e1n\u00ed nov\u00fdch \u010dl\u00e1nk\u016f na&nbsp;webu a&nbsp;soci\u00e1ln\u00edch s\u00edt\u00edch. Heuristick\u00e1 anal\u00fdza Vize d\u00e1le&#8230; Funk\u010dnost URL adresy a&nbsp;odkaz\u016f Monitoring Viz d\u00e1le&#8230; Rychlost Doporu\u010den\u00ed: Bezpe\u010dnost P\u0159\u00edstupnost &hellip; Pokra\u010dovat ve \u010dten\u00ed &quot;Kontrola&quot;\" \/>\n<meta property=\"og:url\" content=\"https:\/\/swo.vavyskov.cz\/wordpress\/uspesny-web\/kontrola\/\" \/>\n<meta property=\"og:site_name\" content=\"Spr\u00e1va webov\u00e9ho obsahu\" \/>\n<meta property=\"article:modified_time\" content=\"2024-11-16T08:55:59+00:00\" \/>\n<meta property=\"og:image\" content=\"https:\/\/swo.vavyskov.cz\/wordpress\/wp-content\/uploads\/2020\/02\/kontrola-scaled.jpg\" \/>\n\t<meta property=\"og:image:width\" content=\"2048\" \/>\n\t<meta property=\"og:image:height\" content=\"1536\" \/>\n\t<meta property=\"og:image:type\" content=\"image\/jpeg\" \/>\n<meta name=\"twitter:card\" content=\"summary_large_image\" \/>\n<meta name=\"twitter:label1\" content=\"Odhadovan\u00e1 doba \u010dten\u00ed\" \/>\n\t<meta name=\"twitter:data1\" content=\"1 minuta\" \/>\n<script type=\"application\/ld+json\" class=\"yoast-schema-graph\">{\"@context\":\"https:\/\/schema.org\",\"@graph\":[{\"@type\":\"WebPage\",\"@id\":\"https:\/\/swo.vavyskov.cz\/wordpress\/uspesny-web\/kontrola\/\",\"url\":\"https:\/\/swo.vavyskov.cz\/wordpress\/uspesny-web\/kontrola\/\",\"name\":\"Kontrola - Spr\u00e1va webov\u00e9ho obsahu\",\"isPartOf\":{\"@id\":\"https:\/\/swo.vavyskov.cz\/wordpress\/#website\"},\"primaryImageOfPage\":{\"@id\":\"https:\/\/swo.vavyskov.cz\/wordpress\/uspesny-web\/kontrola\/#primaryimage\"},\"image\":{\"@id\":\"https:\/\/swo.vavyskov.cz\/wordpress\/uspesny-web\/kontrola\/#primaryimage\"},\"thumbnailUrl\":\"https:\/\/swo.vavyskov.cz\/wordpress\/wp-content\/uploads\/2020\/02\/kontrola-scaled.jpg\",\"datePublished\":\"2018-05-25T05:59:46+00:00\",\"dateModified\":\"2024-11-16T08:55:59+00:00\",\"breadcrumb\":{\"@id\":\"https:\/\/swo.vavyskov.cz\/wordpress\/uspesny-web\/kontrola\/#breadcrumb\"},\"inLanguage\":\"cs\",\"potentialAction\":[{\"@type\":\"ReadAction\",\"target\":[\"https:\/\/swo.vavyskov.cz\/wordpress\/uspesny-web\/kontrola\/\"]}]},{\"@type\":\"ImageObject\",\"inLanguage\":\"cs\",\"@id\":\"https:\/\/swo.vavyskov.cz\/wordpress\/uspesny-web\/kontrola\/#primaryimage\",\"url\":\"https:\/\/swo.vavyskov.cz\/wordpress\/wp-content\/uploads\/2020\/02\/kontrola-scaled.jpg\",\"contentUrl\":\"https:\/\/swo.vavyskov.cz\/wordpress\/wp-content\/uploads\/2020\/02\/kontrola-scaled.jpg\",\"width\":2048,\"height\":1536,\"caption\":\"Kontrola\"},{\"@type\":\"BreadcrumbList\",\"@id\":\"https:\/\/swo.vavyskov.cz\/wordpress\/uspesny-web\/kontrola\/#breadcrumb\",\"itemListElement\":[{\"@type\":\"ListItem\",\"position\":1,\"name\":\"Dom\u016f\",\"item\":\"https:\/\/swo.vavyskov.cz\/wordpress\/\"},{\"@type\":\"ListItem\",\"position\":2,\"name\":\"\u00dasp\u011b\u0161n\u00fd web\",\"item\":\"https:\/\/swo.vavyskov.cz\/wordpress\/uspesny-web\/\"},{\"@type\":\"ListItem\",\"position\":3,\"name\":\"Kontrola\"}]},{\"@type\":\"WebSite\",\"@id\":\"https:\/\/swo.vavyskov.cz\/wordpress\/#website\",\"url\":\"https:\/\/swo.vavyskov.cz\/wordpress\/\",\"name\":\"Spr\u00e1va webov\u00e9ho obsahu\",\"description\":\"Tvo\u0159\u00edme \u00fasp\u011b\u0161n\u00fd web\",\"publisher\":{\"@id\":\"https:\/\/swo.vavyskov.cz\/wordpress\/#organization\"},\"potentialAction\":[{\"@type\":\"SearchAction\",\"target\":{\"@type\":\"EntryPoint\",\"urlTemplate\":\"https:\/\/swo.vavyskov.cz\/wordpress\/?s={search_term_string}\"},\"query-input\":{\"@type\":\"PropertyValueSpecification\",\"valueRequired\":true,\"valueName\":\"search_term_string\"}}],\"inLanguage\":\"cs\"},{\"@type\":\"Organization\",\"@id\":\"https:\/\/swo.vavyskov.cz\/wordpress\/#organization\",\"name\":\"Velitelstv\u00ed v\u00fdcviku \u2013 Vojensk\u00e1 akademie Vy\u0161kov\",\"url\":\"https:\/\/swo.vavyskov.cz\/wordpress\/\",\"logo\":{\"@type\":\"ImageObject\",\"inLanguage\":\"cs\",\"@id\":\"https:\/\/swo.vavyskov.cz\/wordpress\/#\/schema\/logo\/image\/\",\"url\":\"https:\/\/swo.vavyskov.cz\/wordpress\/wp-content\/uploads\/2018\/04\/kontakt.png\",\"contentUrl\":\"https:\/\/swo.vavyskov.cz\/wordpress\/wp-content\/uploads\/2018\/04\/kontakt.png\",\"width\":487,\"height\":640,\"caption\":\"Velitelstv\u00ed v\u00fdcviku \u2013 Vojensk\u00e1 akademie Vy\u0161kov\"},\"image\":{\"@id\":\"https:\/\/swo.vavyskov.cz\/wordpress\/#\/schema\/logo\/image\/\"}}]}<\/script>\n<!-- \/ Yoast SEO plugin. -->","yoast_head_json":{"title":"Kontrola - Spr\u00e1va webov\u00e9ho obsahu","robots":{"index":"index","follow":"follow","max-snippet":"max-snippet:-1","max-image-preview":"max-image-preview:large","max-video-preview":"max-video-preview:-1"},"canonical":"https:\/\/swo.vavyskov.cz\/wordpress\/uspesny-web\/kontrola\/","og_locale":"cs_CZ","og_type":"article","og_title":"Kontrola - Spr\u00e1va webov\u00e9ho obsahu","og_description":"Kontrola nen\u00ed jen jednor\u00e1zov\u00e1 z\u00e1le\u017eitost, ale&nbsp;m\u011bla by b\u00fdt prov\u00e1d\u011bna&nbsp;pr\u016fb\u011b\u017en\u011b&nbsp;po&nbsp;celou dobu trv\u00e1n\u00ed projektu. Aktu\u00e1lnost \u00fadaj\u016f Db\u00e1t na&nbsp;aktu\u00e1lnost \u00fadaj\u016f. Vyhled\u00e1va\u010de Co uvid\u00ed n\u00e1v\u0161t\u011bvn\u00edk ve&nbsp;v\u00fdsledc\u00edch vyhled\u00e1v\u00e1n\u00ed (Google, Seznam, Bing, Yahoo\u2026) po&nbsp;zad\u00e1n\u00ed hledan\u00fdch kl\u00ed\u010dov\u00fdch slov? Pravideln\u00e9 \u010dl\u00e1nky Pravideln\u00e9 zve\u0159ej\u0148ov\u00e1n\u00ed nov\u00fdch \u010dl\u00e1nk\u016f na&nbsp;webu a&nbsp;soci\u00e1ln\u00edch s\u00edt\u00edch. Heuristick\u00e1 anal\u00fdza Vize d\u00e1le&#8230; Funk\u010dnost URL adresy a&nbsp;odkaz\u016f Monitoring Viz d\u00e1le&#8230; Rychlost Doporu\u010den\u00ed: Bezpe\u010dnost P\u0159\u00edstupnost &hellip; Pokra\u010dovat ve \u010dten\u00ed \"Kontrola\"","og_url":"https:\/\/swo.vavyskov.cz\/wordpress\/uspesny-web\/kontrola\/","og_site_name":"Spr\u00e1va webov\u00e9ho obsahu","article_modified_time":"2024-11-16T08:55:59+00:00","og_image":[{"width":2048,"height":1536,"url":"https:\/\/swo.vavyskov.cz\/wordpress\/wp-content\/uploads\/2020\/02\/kontrola-scaled.jpg","type":"image\/jpeg"}],"twitter_card":"summary_large_image","twitter_misc":{"Odhadovan\u00e1 doba \u010dten\u00ed":"1 minuta"},"schema":{"@context":"https:\/\/schema.org","@graph":[{"@type":"WebPage","@id":"https:\/\/swo.vavyskov.cz\/wordpress\/uspesny-web\/kontrola\/","url":"https:\/\/swo.vavyskov.cz\/wordpress\/uspesny-web\/kontrola\/","name":"Kontrola - Spr\u00e1va webov\u00e9ho obsahu","isPartOf":{"@id":"https:\/\/swo.vavyskov.cz\/wordpress\/#website"},"primaryImageOfPage":{"@id":"https:\/\/swo.vavyskov.cz\/wordpress\/uspesny-web\/kontrola\/#primaryimage"},"image":{"@id":"https:\/\/swo.vavyskov.cz\/wordpress\/uspesny-web\/kontrola\/#primaryimage"},"thumbnailUrl":"https:\/\/swo.vavyskov.cz\/wordpress\/wp-content\/uploads\/2020\/02\/kontrola-scaled.jpg","datePublished":"2018-05-25T05:59:46+00:00","dateModified":"2024-11-16T08:55:59+00:00","breadcrumb":{"@id":"https:\/\/swo.vavyskov.cz\/wordpress\/uspesny-web\/kontrola\/#breadcrumb"},"inLanguage":"cs","potentialAction":[{"@type":"ReadAction","target":["https:\/\/swo.vavyskov.cz\/wordpress\/uspesny-web\/kontrola\/"]}]},{"@type":"ImageObject","inLanguage":"cs","@id":"https:\/\/swo.vavyskov.cz\/wordpress\/uspesny-web\/kontrola\/#primaryimage","url":"https:\/\/swo.vavyskov.cz\/wordpress\/wp-content\/uploads\/2020\/02\/kontrola-scaled.jpg","contentUrl":"https:\/\/swo.vavyskov.cz\/wordpress\/wp-content\/uploads\/2020\/02\/kontrola-scaled.jpg","width":2048,"height":1536,"caption":"Kontrola"},{"@type":"BreadcrumbList","@id":"https:\/\/swo.vavyskov.cz\/wordpress\/uspesny-web\/kontrola\/#breadcrumb","itemListElement":[{"@type":"ListItem","position":1,"name":"Dom\u016f","item":"https:\/\/swo.vavyskov.cz\/wordpress\/"},{"@type":"ListItem","position":2,"name":"\u00dasp\u011b\u0161n\u00fd web","item":"https:\/\/swo.vavyskov.cz\/wordpress\/uspesny-web\/"},{"@type":"ListItem","position":3,"name":"Kontrola"}]},{"@type":"WebSite","@id":"https:\/\/swo.vavyskov.cz\/wordpress\/#website","url":"https:\/\/swo.vavyskov.cz\/wordpress\/","name":"Spr\u00e1va webov\u00e9ho obsahu","description":"Tvo\u0159\u00edme \u00fasp\u011b\u0161n\u00fd web","publisher":{"@id":"https:\/\/swo.vavyskov.cz\/wordpress\/#organization"},"potentialAction":[{"@type":"SearchAction","target":{"@type":"EntryPoint","urlTemplate":"https:\/\/swo.vavyskov.cz\/wordpress\/?s={search_term_string}"},"query-input":{"@type":"PropertyValueSpecification","valueRequired":true,"valueName":"search_term_string"}}],"inLanguage":"cs"},{"@type":"Organization","@id":"https:\/\/swo.vavyskov.cz\/wordpress\/#organization","name":"Velitelstv\u00ed v\u00fdcviku \u2013 Vojensk\u00e1 akademie Vy\u0161kov","url":"https:\/\/swo.vavyskov.cz\/wordpress\/","logo":{"@type":"ImageObject","inLanguage":"cs","@id":"https:\/\/swo.vavyskov.cz\/wordpress\/#\/schema\/logo\/image\/","url":"https:\/\/swo.vavyskov.cz\/wordpress\/wp-content\/uploads\/2018\/04\/kontakt.png","contentUrl":"https:\/\/swo.vavyskov.cz\/wordpress\/wp-content\/uploads\/2018\/04\/kontakt.png","width":487,"height":640,"caption":"Velitelstv\u00ed v\u00fdcviku \u2013 Vojensk\u00e1 akademie Vy\u0161kov"},"image":{"@id":"https:\/\/swo.vavyskov.cz\/wordpress\/#\/schema\/logo\/image\/"}}]}},"coauthors":[],"author_meta":{"author_link":"https:\/\/swo.vavyskov.cz\/wordpress\/author\/swowp\/","display_name":"SWO"},"relative_dates":{"created":"Posted 8 roky ago","modified":"Updated 1 rokem ago"},"absolute_dates":{"created":"Posted on 25. 5. 2018","modified":"Updated on 16. 11. 2024"},"absolute_dates_time":{"created":"Posted on 25. 5. 2018 7:59","modified":"Updated on 16. 11. 2024 9:55"},"featured_img_caption":"","featured_img":"https:\/\/swo.vavyskov.cz\/wordpress\/wp-content\/uploads\/2020\/02\/kontrola-scaled.jpg","series_order":"","_links":{"self":[{"href":"https:\/\/swo.vavyskov.cz\/wordpress\/wp-json\/wp\/v2\/pages\/265","targetHints":{"allow":["GET"]}}],"collection":[{"href":"https:\/\/swo.vavyskov.cz\/wordpress\/wp-json\/wp\/v2\/pages"}],"about":[{"href":"https:\/\/swo.vavyskov.cz\/wordpress\/wp-json\/wp\/v2\/types\/page"}],"author":[{"embeddable":true,"href":"https:\/\/swo.vavyskov.cz\/wordpress\/wp-json\/wp\/v2\/users\/1"}],"replies":[{"embeddable":true,"href":"https:\/\/swo.vavyskov.cz\/wordpress\/wp-json\/wp\/v2\/comments?post=265"}],"version-history":[{"count":18,"href":"https:\/\/swo.vavyskov.cz\/wordpress\/wp-json\/wp\/v2\/pages\/265\/revisions"}],"predecessor-version":[{"id":1510,"href":"https:\/\/swo.vavyskov.cz\/wordpress\/wp-json\/wp\/v2\/pages\/265\/revisions\/1510"}],"up":[{"embeddable":true,"href":"https:\/\/swo.vavyskov.cz\/wordpress\/wp-json\/wp\/v2\/pages\/74"}],"wp:featuredmedia":[{"embeddable":true,"href":"https:\/\/swo.vavyskov.cz\/wordpress\/wp-json\/wp\/v2\/media\/620"}],"wp:attachment":[{"href":"https:\/\/swo.vavyskov.cz\/wordpress\/wp-json\/wp\/v2\/media?parent=265"}],"curies":[{"name":"wp","href":"https:\/\/api.w.org\/{rel}","templated":true}]}}