{"id":217,"date":"2018-05-20T20:08:38","date_gmt":"2018-05-20T18:08:38","guid":{"rendered":"https:\/\/swo.vavyskov.cz\/wordpress\/?page_id=217"},"modified":"2020-03-01T21:57:19","modified_gmt":"2020-03-01T20:57:19","slug":"prohlaseni-o-nakladani-s-osobnimi-udaji","status":"publish","type":"page","link":"https:\/\/swo.vavyskov.cz\/wordpress\/prohlaseni-o-nakladani-s-osobnimi-udaji\/","title":{"rendered":"Ochrana osobn\u00edch \u00fadaj\u016f"},"content":{"rendered":"<p>Velitelstv\u00ed v\u00fdcviku &#8211; Vojensk\u00e1 akademie<br \/>\n682&nbsp;01 Vy\u0161kov, V\u00edta Nejedl\u00e9ho<br \/>\n<a href=\"mailto:info@vavyskov.cz\">info@vavyskov.cz<\/a><br \/>\n+420&nbsp;724&nbsp;071&nbsp;147<br \/>\nd\u00e1le jen \u201eSpr\u00e1vce\u201c<\/p>\n<p>V\u00e1\u017een\u00ed n\u00e1v\u0161t\u011bvn\u00edci,<\/p>\n<p>abychom mohli plnit z\u00e1vazky ke&nbsp;sv\u00fdm klient\u016fm a&nbsp;dal\u0161\u00edm instituc\u00edm a&nbsp;z\u00e1konn\u00fdm po\u017eadavk\u016fm podle legislativy, mus\u00edme zpracov\u00e1vat n\u011bkter\u00e9 va\u0161e osobn\u00ed \u00fadaje. K&nbsp;tomu sd\u011blujeme:<\/p>\n<ul>\n<li>Spr\u00e1vcem osobn\u00edch \u00fadaj\u016f podle Na\u0159\u00edzen\u00ed (EU) 2016\/679 (GDPR) je Spr\u00e1vce.<\/li>\n<li>Va\u0161e osobn\u00ed \u00fadaje zpracov\u00e1v\u00e1m z&nbsp;d\u016fvodu vy\u0159\u00edzen\u00ed Va\u0161ich po\u017eadavk\u016f, dotaz\u016f ke&nbsp;kurz\u016fm, p\u0159ihl\u00e1\u0161ek na&nbsp;jednotliv\u00e9 kurzy a&nbsp;\u0159e\u0161en\u00ed reklamac\u00ed.<\/li>\n<li>Zpracov\u00e1v\u00e1me Va\u0161e jm\u00e9no a&nbsp;p\u0159\u00edjmen\u00ed, doru\u010dovac\u00ed adresu, e-mail, telefonn\u00ed \u010d\u00edslo a&nbsp;po\u017eadovan\u00fd kurz.<\/li>\n<li>Pr\u00e1vn\u00edm d\u016fvodem tohoto zpracov\u00e1n\u00ed je pln\u011bn\u00ed smlouvy a&nbsp;zaji\u0161t\u011bn\u00ed smluvn\u00edho vztahu. Uveden\u00e9 osobn\u00ed \u00fadaje za&nbsp;t\u00edmto \u00fa\u010delem zpracov\u00e1v\u00e1m po&nbsp;dobu trv\u00e1n\u00ed smluvn\u00edho vztahu.<\/li>\n<li>Ochrana va\u0161ich osobn\u00edch \u00fadaj\u016f odpov\u00edd\u00e1 po\u017eadavk\u016fm Na\u0159\u00edzen\u00ed (EU) 2016\/679 (GDPR)<\/li>\n<li>Abychom V\u00e1s mohl informovat o&nbsp;zah\u00e1jen\u00ed jednotliv\u00fdch kurz\u016f, jejich p\u0159\u00edpadn\u00fdch zm\u011bn\u00e1ch term\u00edn\u016f a&nbsp;\u010dasu kon\u00e1n\u00ed a&nbsp;aktu\u00e1ln\u00edch nab\u00eddk\u00e1ch, zpracov\u00e1v\u00e1me va\u0161e jm\u00e9no a&nbsp;p\u0159\u00edjmen\u00ed, \u010d\u00edslo telefonu a&nbsp;e-mailovou adresu. Pr\u00e1vn\u00edm d\u016fvodem tohoto zpracov\u00e1n\u00ed je v\u00e1\u0161 souhlas, kter\u00fd n\u00e1m poskytujete a&nbsp;kter\u00fd m\u016f\u017eete kdykoli odvolat.<\/li>\n<li>Va\u0161e osobn\u00ed \u00fadaje poskytujeme jen instituc\u00edm k&nbsp;tomu zmocn\u011bn\u00fdm z\u00e1konem, nikomu jin\u00e9mu Va\u0161e osobn\u00ed \u00fadaje bez&nbsp;va\u0161eho v\u00fdslovn\u00e9ho souhlasu neposkytujeme. Tento souhlas m\u016f\u017eete kdykoliv odvolat.<\/li>\n<li>P\u0159i zpracov\u00e1n\u00ed Va\u0161ich osobn\u00edch \u00fadaj\u016f nebude doch\u00e1zet k&nbsp;automatizovan\u00e9mu rozhodov\u00e1n\u00ed ani&nbsp;k&nbsp;profilov\u00e1n\u00ed.<\/li>\n<li>Nejmenovali jsem pov\u011b\u0159ence pro&nbsp;ochranu osobn\u00edch \u00fadaj\u016f, nepov\u011b\u0159ili jsme zpracov\u00e1n\u00edm Va\u0161ich osobn\u00edch \u00fadaj\u016f \u017e\u00e1dn\u00e9ho zpracovatele ani&nbsp;neur\u010dili z\u00e1stupce pro&nbsp;pln\u011bn\u00ed povinnost\u00ed ve&nbsp;smyslu GDPR.<\/li>\n<li>Nem\u00e1me v&nbsp;\u00famyslu p\u0159edat Va\u0161e osobn\u00ed \u00fadaje do&nbsp;t\u0159et\u00ed zem\u011b, mezin\u00e1rodn\u00ed organizaci nebo jin\u00fdm, osob\u00e1m.<\/li>\n<li>Kdykoliv m\u00e1te pr\u00e1vo odvolat sv\u016fj souhlas se&nbsp;zpracov\u00e1n\u00edm osobn\u00edch \u00fadaj\u016f, pr\u00e1vo po\u017eadovat od&nbsp;n\u00e1s jako Spr\u00e1vce p\u0159\u00edstup ke&nbsp;sv\u00fdm osobn\u00edm \u00fadaj\u016fm, jejich opravu nebo v\u00fdmaz, pop\u0159\u00edpad\u011b omezen\u00ed zpracov\u00e1n\u00ed, a&nbsp;vzn\u00e9st n\u00e1mitku proti zpracov\u00e1n\u00ed, m\u00e1te pr\u00e1vo na&nbsp;p\u0159enositelnost t\u011bchto \u00fadaj\u016f k&nbsp;jin\u00e9mu spr\u00e1vci, jako\u017e i&nbsp;pr\u00e1vo podat st\u00ed\u017enost u&nbsp;\u00da\u0159adu pro&nbsp;ochranu osobn\u00edch \u00fadaj\u016f, m\u00e1te-li za&nbsp;to, \u017ee&nbsp;p\u0159i&nbsp;zpracov\u00e1n\u00ed va\u0161ich osobn\u00edch \u00fadaj\u016f postupujeme v&nbsp;rozporu s&nbsp;GDPR.<\/li>\n<li>P\u0159i odvol\u00e1n\u00ed souhlasu nebo vznesen\u00ed dotazu ke&nbsp;zpracov\u00e1n\u00ed osobn\u00edch \u00fadaj\u016f toto odvol\u00e1n\u00ed nebo dotaz pos\u00edlejte z&nbsp;e-mailov\u00e9 adresy, kterou m\u00e1me registrovanou abychom je mohli sp\u00e1rovat a&nbsp;n\u00e1sledn\u011b V\u00e1m na&nbsp;V\u00e1\u0161 e-mail odpov\u011bd\u011bt.<\/li>\n<\/ul>\n<p>Ve Vy\u0161kov\u011b dne 25.5.2018<\/p>\n<p>Spr\u00e1vce VeV-VA Vy\u0161kov<\/p>\n","protected":false},"excerpt":{"rendered":"<p>Velitelstv\u00ed v\u00fdcviku &#8211; Vojensk\u00e1 akademie 682&nbsp;01 Vy\u0161kov, V\u00edta Nejedl\u00e9ho info@vavyskov.cz +420&nbsp;724&nbsp;071&nbsp;147 d\u00e1le jen \u201eSpr\u00e1vce\u201c V\u00e1\u017een\u00ed n\u00e1v\u0161t\u011bvn\u00edci, abychom mohli plnit z\u00e1vazky ke&nbsp;sv\u00fdm klient\u016fm a&nbsp;dal\u0161\u00edm instituc\u00edm a&nbsp;z\u00e1konn\u00fdm po\u017eadavk\u016fm podle legislativy, mus\u00edme zpracov\u00e1vat n\u011bkter\u00e9 va\u0161e osobn\u00ed \u00fadaje. K&nbsp;tomu sd\u011blujeme: Spr\u00e1vcem osobn\u00edch \u00fadaj\u016f podle Na\u0159\u00edzen\u00ed (EU) 2016\/679 (GDPR) je Spr\u00e1vce. Va\u0161e osobn\u00ed \u00fadaje zpracov\u00e1v\u00e1m z&nbsp;d\u016fvodu vy\u0159\u00edzen\u00ed Va\u0161ich po\u017eadavk\u016f, dotaz\u016f &hellip; <\/p>\n<p class=\"link-more\"><a href=\"https:\/\/swo.vavyskov.cz\/wordpress\/prohlaseni-o-nakladani-s-osobnimi-udaji\/\" class=\"more-link\">Pokra\u010dovat ve&nbsp;\u010dten\u00ed<span class=\"screen-reader-text\"> &#8220;Ochrana osobn\u00edch \u00fadaj\u016f&#8221;<\/span><\/a><\/p>\n","protected":false},"author":1,"featured_media":228,"parent":0,"menu_order":3,"comment_status":"closed","ping_status":"closed","template":"page_one-column.php","meta":{"advgb_blocks_editor_width":"","advgb_blocks_columns_visual_guide":"","footnotes":""},"class_list":["post-217","page","type-page","status-publish","has-post-thumbnail","hentry"],"yoast_head":"<!-- This site is optimized with the Yoast SEO plugin v27.0 - https:\/\/yoast.com\/product\/yoast-seo-wordpress\/ -->\n<title>Ochran osobn\u00edch \u00fadaj\u016f (GDPR) | Spr\u00e1va webov\u00e9ho obsahu<\/title>\n<meta name=\"description\" content=\"Z\u00e1sady ochrany Va\u0161ich osobn\u00edch \u00fadaj\u016f a dodr\u017eov\u00e1n\u00ed pravidel odpov\u00eddaj\u00edc\u00ed po\u017eadavk\u016fm Na\u0159\u00edzen\u00ed Evropsk\u00e9 unie (EU) 2016\/679 (GDPR)\" \/>\n<meta name=\"robots\" content=\"index, follow, max-snippet:-1, max-image-preview:large, max-video-preview:-1\" \/>\n<link rel=\"canonical\" href=\"https:\/\/swo.vavyskov.cz\/wordpress\/prohlaseni-o-nakladani-s-osobnimi-udaji\/\" \/>\n<meta property=\"og:locale\" content=\"cs_CZ\" \/>\n<meta property=\"og:type\" content=\"article\" \/>\n<meta property=\"og:title\" content=\"Ochran osobn\u00edch \u00fadaj\u016f (GDPR) | Spr\u00e1va webov\u00e9ho obsahu\" \/>\n<meta property=\"og:description\" content=\"Z\u00e1sady ochrany Va\u0161ich osobn\u00edch \u00fadaj\u016f a dodr\u017eov\u00e1n\u00ed pravidel odpov\u00eddaj\u00edc\u00ed po\u017eadavk\u016fm Na\u0159\u00edzen\u00ed Evropsk\u00e9 unie (EU) 2016\/679 (GDPR)\" \/>\n<meta property=\"og:url\" content=\"https:\/\/swo.vavyskov.cz\/wordpress\/prohlaseni-o-nakladani-s-osobnimi-udaji\/\" \/>\n<meta property=\"og:site_name\" content=\"Spr\u00e1va webov\u00e9ho obsahu\" \/>\n<meta property=\"article:modified_time\" content=\"2020-03-01T20:57:19+00:00\" \/>\n<meta property=\"og:image\" content=\"https:\/\/swo.vavyskov.cz\/wordpress\/wp-content\/uploads\/2018\/05\/gdpr.jpg\" \/>\n\t<meta property=\"og:image:width\" content=\"1920\" \/>\n\t<meta property=\"og:image:height\" content=\"1152\" \/>\n\t<meta property=\"og:image:type\" content=\"image\/jpeg\" \/>\n<meta name=\"twitter:card\" content=\"summary_large_image\" \/>\n<meta name=\"twitter:label1\" content=\"Odhadovan\u00e1 doba \u010dten\u00ed\" \/>\n\t<meta name=\"twitter:data1\" content=\"3 minuty\" \/>\n<script type=\"application\/ld+json\" class=\"yoast-schema-graph\">{\"@context\":\"https:\/\/schema.org\",\"@graph\":[{\"@type\":\"WebPage\",\"@id\":\"https:\/\/swo.vavyskov.cz\/wordpress\/prohlaseni-o-nakladani-s-osobnimi-udaji\/\",\"url\":\"https:\/\/swo.vavyskov.cz\/wordpress\/prohlaseni-o-nakladani-s-osobnimi-udaji\/\",\"name\":\"Ochran osobn\u00edch \u00fadaj\u016f (GDPR) | Spr\u00e1va webov\u00e9ho obsahu\",\"isPartOf\":{\"@id\":\"https:\/\/swo.vavyskov.cz\/wordpress\/#website\"},\"primaryImageOfPage\":{\"@id\":\"https:\/\/swo.vavyskov.cz\/wordpress\/prohlaseni-o-nakladani-s-osobnimi-udaji\/#primaryimage\"},\"image\":{\"@id\":\"https:\/\/swo.vavyskov.cz\/wordpress\/prohlaseni-o-nakladani-s-osobnimi-udaji\/#primaryimage\"},\"thumbnailUrl\":\"https:\/\/swo.vavyskov.cz\/wordpress\/wp-content\/uploads\/2018\/05\/gdpr.jpg\",\"datePublished\":\"2018-05-20T18:08:38+00:00\",\"dateModified\":\"2020-03-01T20:57:19+00:00\",\"description\":\"Z\u00e1sady ochrany Va\u0161ich osobn\u00edch \u00fadaj\u016f a dodr\u017eov\u00e1n\u00ed pravidel odpov\u00eddaj\u00edc\u00ed po\u017eadavk\u016fm Na\u0159\u00edzen\u00ed Evropsk\u00e9 unie (EU) 2016\/679 (GDPR)\",\"breadcrumb\":{\"@id\":\"https:\/\/swo.vavyskov.cz\/wordpress\/prohlaseni-o-nakladani-s-osobnimi-udaji\/#breadcrumb\"},\"inLanguage\":\"cs\",\"potentialAction\":[{\"@type\":\"ReadAction\",\"target\":[\"https:\/\/swo.vavyskov.cz\/wordpress\/prohlaseni-o-nakladani-s-osobnimi-udaji\/\"]}]},{\"@type\":\"ImageObject\",\"inLanguage\":\"cs\",\"@id\":\"https:\/\/swo.vavyskov.cz\/wordpress\/prohlaseni-o-nakladani-s-osobnimi-udaji\/#primaryimage\",\"url\":\"https:\/\/swo.vavyskov.cz\/wordpress\/wp-content\/uploads\/2018\/05\/gdpr.jpg\",\"contentUrl\":\"https:\/\/swo.vavyskov.cz\/wordpress\/wp-content\/uploads\/2018\/05\/gdpr.jpg\",\"width\":1920,\"height\":1152,\"caption\":\"GDPR\"},{\"@type\":\"BreadcrumbList\",\"@id\":\"https:\/\/swo.vavyskov.cz\/wordpress\/prohlaseni-o-nakladani-s-osobnimi-udaji\/#breadcrumb\",\"itemListElement\":[{\"@type\":\"ListItem\",\"position\":1,\"name\":\"Dom\u016f\",\"item\":\"https:\/\/swo.vavyskov.cz\/wordpress\/\"},{\"@type\":\"ListItem\",\"position\":2,\"name\":\"Ochrana osobn\u00edch \u00fadaj\u016f\"}]},{\"@type\":\"WebSite\",\"@id\":\"https:\/\/swo.vavyskov.cz\/wordpress\/#website\",\"url\":\"https:\/\/swo.vavyskov.cz\/wordpress\/\",\"name\":\"Spr\u00e1va webov\u00e9ho obsahu\",\"description\":\"Tvo\u0159\u00edme \u00fasp\u011b\u0161n\u00fd web\",\"publisher\":{\"@id\":\"https:\/\/swo.vavyskov.cz\/wordpress\/#organization\"},\"potentialAction\":[{\"@type\":\"SearchAction\",\"target\":{\"@type\":\"EntryPoint\",\"urlTemplate\":\"https:\/\/swo.vavyskov.cz\/wordpress\/?s={search_term_string}\"},\"query-input\":{\"@type\":\"PropertyValueSpecification\",\"valueRequired\":true,\"valueName\":\"search_term_string\"}}],\"inLanguage\":\"cs\"},{\"@type\":\"Organization\",\"@id\":\"https:\/\/swo.vavyskov.cz\/wordpress\/#organization\",\"name\":\"Velitelstv\u00ed v\u00fdcviku \u2013 Vojensk\u00e1 akademie Vy\u0161kov\",\"url\":\"https:\/\/swo.vavyskov.cz\/wordpress\/\",\"logo\":{\"@type\":\"ImageObject\",\"inLanguage\":\"cs\",\"@id\":\"https:\/\/swo.vavyskov.cz\/wordpress\/#\/schema\/logo\/image\/\",\"url\":\"https:\/\/swo.vavyskov.cz\/wordpress\/wp-content\/uploads\/2018\/04\/kontakt.png\",\"contentUrl\":\"https:\/\/swo.vavyskov.cz\/wordpress\/wp-content\/uploads\/2018\/04\/kontakt.png\",\"width\":487,\"height\":640,\"caption\":\"Velitelstv\u00ed v\u00fdcviku \u2013 Vojensk\u00e1 akademie Vy\u0161kov\"},\"image\":{\"@id\":\"https:\/\/swo.vavyskov.cz\/wordpress\/#\/schema\/logo\/image\/\"}}]}<\/script>\n<!-- \/ Yoast SEO plugin. -->","yoast_head_json":{"title":"Ochran osobn\u00edch \u00fadaj\u016f (GDPR) | Spr\u00e1va webov\u00e9ho obsahu","description":"Z\u00e1sady ochrany Va\u0161ich osobn\u00edch \u00fadaj\u016f a dodr\u017eov\u00e1n\u00ed pravidel odpov\u00eddaj\u00edc\u00ed po\u017eadavk\u016fm Na\u0159\u00edzen\u00ed Evropsk\u00e9 unie (EU) 2016\/679 (GDPR)","robots":{"index":"index","follow":"follow","max-snippet":"max-snippet:-1","max-image-preview":"max-image-preview:large","max-video-preview":"max-video-preview:-1"},"canonical":"https:\/\/swo.vavyskov.cz\/wordpress\/prohlaseni-o-nakladani-s-osobnimi-udaji\/","og_locale":"cs_CZ","og_type":"article","og_title":"Ochran osobn\u00edch \u00fadaj\u016f (GDPR) | Spr\u00e1va webov\u00e9ho obsahu","og_description":"Z\u00e1sady ochrany Va\u0161ich osobn\u00edch \u00fadaj\u016f a dodr\u017eov\u00e1n\u00ed pravidel odpov\u00eddaj\u00edc\u00ed po\u017eadavk\u016fm Na\u0159\u00edzen\u00ed Evropsk\u00e9 unie (EU) 2016\/679 (GDPR)","og_url":"https:\/\/swo.vavyskov.cz\/wordpress\/prohlaseni-o-nakladani-s-osobnimi-udaji\/","og_site_name":"Spr\u00e1va webov\u00e9ho obsahu","article_modified_time":"2020-03-01T20:57:19+00:00","og_image":[{"width":1920,"height":1152,"url":"https:\/\/swo.vavyskov.cz\/wordpress\/wp-content\/uploads\/2018\/05\/gdpr.jpg","type":"image\/jpeg"}],"twitter_card":"summary_large_image","twitter_misc":{"Odhadovan\u00e1 doba \u010dten\u00ed":"3 minuty"},"schema":{"@context":"https:\/\/schema.org","@graph":[{"@type":"WebPage","@id":"https:\/\/swo.vavyskov.cz\/wordpress\/prohlaseni-o-nakladani-s-osobnimi-udaji\/","url":"https:\/\/swo.vavyskov.cz\/wordpress\/prohlaseni-o-nakladani-s-osobnimi-udaji\/","name":"Ochran osobn\u00edch \u00fadaj\u016f (GDPR) | Spr\u00e1va webov\u00e9ho obsahu","isPartOf":{"@id":"https:\/\/swo.vavyskov.cz\/wordpress\/#website"},"primaryImageOfPage":{"@id":"https:\/\/swo.vavyskov.cz\/wordpress\/prohlaseni-o-nakladani-s-osobnimi-udaji\/#primaryimage"},"image":{"@id":"https:\/\/swo.vavyskov.cz\/wordpress\/prohlaseni-o-nakladani-s-osobnimi-udaji\/#primaryimage"},"thumbnailUrl":"https:\/\/swo.vavyskov.cz\/wordpress\/wp-content\/uploads\/2018\/05\/gdpr.jpg","datePublished":"2018-05-20T18:08:38+00:00","dateModified":"2020-03-01T20:57:19+00:00","description":"Z\u00e1sady ochrany Va\u0161ich osobn\u00edch \u00fadaj\u016f a dodr\u017eov\u00e1n\u00ed pravidel odpov\u00eddaj\u00edc\u00ed po\u017eadavk\u016fm Na\u0159\u00edzen\u00ed Evropsk\u00e9 unie (EU) 2016\/679 (GDPR)","breadcrumb":{"@id":"https:\/\/swo.vavyskov.cz\/wordpress\/prohlaseni-o-nakladani-s-osobnimi-udaji\/#breadcrumb"},"inLanguage":"cs","potentialAction":[{"@type":"ReadAction","target":["https:\/\/swo.vavyskov.cz\/wordpress\/prohlaseni-o-nakladani-s-osobnimi-udaji\/"]}]},{"@type":"ImageObject","inLanguage":"cs","@id":"https:\/\/swo.vavyskov.cz\/wordpress\/prohlaseni-o-nakladani-s-osobnimi-udaji\/#primaryimage","url":"https:\/\/swo.vavyskov.cz\/wordpress\/wp-content\/uploads\/2018\/05\/gdpr.jpg","contentUrl":"https:\/\/swo.vavyskov.cz\/wordpress\/wp-content\/uploads\/2018\/05\/gdpr.jpg","width":1920,"height":1152,"caption":"GDPR"},{"@type":"BreadcrumbList","@id":"https:\/\/swo.vavyskov.cz\/wordpress\/prohlaseni-o-nakladani-s-osobnimi-udaji\/#breadcrumb","itemListElement":[{"@type":"ListItem","position":1,"name":"Dom\u016f","item":"https:\/\/swo.vavyskov.cz\/wordpress\/"},{"@type":"ListItem","position":2,"name":"Ochrana osobn\u00edch \u00fadaj\u016f"}]},{"@type":"WebSite","@id":"https:\/\/swo.vavyskov.cz\/wordpress\/#website","url":"https:\/\/swo.vavyskov.cz\/wordpress\/","name":"Spr\u00e1va webov\u00e9ho obsahu","description":"Tvo\u0159\u00edme \u00fasp\u011b\u0161n\u00fd web","publisher":{"@id":"https:\/\/swo.vavyskov.cz\/wordpress\/#organization"},"potentialAction":[{"@type":"SearchAction","target":{"@type":"EntryPoint","urlTemplate":"https:\/\/swo.vavyskov.cz\/wordpress\/?s={search_term_string}"},"query-input":{"@type":"PropertyValueSpecification","valueRequired":true,"valueName":"search_term_string"}}],"inLanguage":"cs"},{"@type":"Organization","@id":"https:\/\/swo.vavyskov.cz\/wordpress\/#organization","name":"Velitelstv\u00ed v\u00fdcviku \u2013 Vojensk\u00e1 akademie Vy\u0161kov","url":"https:\/\/swo.vavyskov.cz\/wordpress\/","logo":{"@type":"ImageObject","inLanguage":"cs","@id":"https:\/\/swo.vavyskov.cz\/wordpress\/#\/schema\/logo\/image\/","url":"https:\/\/swo.vavyskov.cz\/wordpress\/wp-content\/uploads\/2018\/04\/kontakt.png","contentUrl":"https:\/\/swo.vavyskov.cz\/wordpress\/wp-content\/uploads\/2018\/04\/kontakt.png","width":487,"height":640,"caption":"Velitelstv\u00ed v\u00fdcviku \u2013 Vojensk\u00e1 akademie Vy\u0161kov"},"image":{"@id":"https:\/\/swo.vavyskov.cz\/wordpress\/#\/schema\/logo\/image\/"}}]}},"coauthors":[],"author_meta":{"author_link":"https:\/\/swo.vavyskov.cz\/wordpress\/author\/swowp\/","display_name":"SWO"},"relative_dates":{"created":"Posted 8 roky ago","modified":"Updated 6 roky ago"},"absolute_dates":{"created":"Posted on 20. 5. 2018","modified":"Updated on 1. 3. 2020"},"absolute_dates_time":{"created":"Posted on 20. 5. 2018 20:08","modified":"Updated on 1. 3. 2020 21:57"},"featured_img_caption":"","featured_img":"https:\/\/swo.vavyskov.cz\/wordpress\/wp-content\/uploads\/2018\/05\/gdpr.jpg","series_order":"","_links":{"self":[{"href":"https:\/\/swo.vavyskov.cz\/wordpress\/wp-json\/wp\/v2\/pages\/217","targetHints":{"allow":["GET"]}}],"collection":[{"href":"https:\/\/swo.vavyskov.cz\/wordpress\/wp-json\/wp\/v2\/pages"}],"about":[{"href":"https:\/\/swo.vavyskov.cz\/wordpress\/wp-json\/wp\/v2\/types\/page"}],"author":[{"embeddable":true,"href":"https:\/\/swo.vavyskov.cz\/wordpress\/wp-json\/wp\/v2\/users\/1"}],"replies":[{"embeddable":true,"href":"https:\/\/swo.vavyskov.cz\/wordpress\/wp-json\/wp\/v2\/comments?post=217"}],"version-history":[{"count":9,"href":"https:\/\/swo.vavyskov.cz\/wordpress\/wp-json\/wp\/v2\/pages\/217\/revisions"}],"predecessor-version":[{"id":967,"href":"https:\/\/swo.vavyskov.cz\/wordpress\/wp-json\/wp\/v2\/pages\/217\/revisions\/967"}],"wp:featuredmedia":[{"embeddable":true,"href":"https:\/\/swo.vavyskov.cz\/wordpress\/wp-json\/wp\/v2\/media\/228"}],"wp:attachment":[{"href":"https:\/\/swo.vavyskov.cz\/wordpress\/wp-json\/wp\/v2\/media?parent=217"}],"curies":[{"name":"wp","href":"https:\/\/api.w.org\/{rel}","templated":true}]}}