{"id":1355,"date":"2023-09-27T16:22:25","date_gmt":"2023-09-27T14:22:25","guid":{"rendered":"https:\/\/swo.vavyskov.cz\/wordpress\/?page_id=1355"},"modified":"2024-11-07T10:53:10","modified_gmt":"2024-11-07T09:53:10","slug":"wp-mail-smtp-by-wpforms-the-most-popular-smtp-and-email-log-plugin","status":"publish","type":"page","link":"https:\/\/swo.vavyskov.cz\/wordpress\/nezarazeno\/wp-mail-smtp-by-wpforms-the-most-popular-smtp-and-email-log-plugin\/","title":{"rendered":"WP Mail SMTP by WPForms \u2013 The Most Popular SMTP and Email Log Plugin"},"content":{"rendered":"\n<p>Umo\u017e\u0148uje nakonfigurovat po\u0161tovn\u00ed server pro&nbsp;odchoz\u00ed e-maily (nab\u00edz\u00ed pokro\u010dilej\u0161\u00ed mo\u017enosti).<\/p>\n\n\n\n<p>WP Mail SMTP -&gt; Nastaven\u00ed:<\/p>\n\n\n\n<ul class=\"wp-block-list\">\n<li>Mailer -&gt; Ostatn\u00ed SMTP:\n<ul class=\"wp-block-list\">\n<li>SMTP host: <strong>email.vavyskov.cz<\/strong><\/li>\n\n\n\n<li>\u0160ifrov\u00e1n\u00ed: <strong>TLS<\/strong><\/li>\n\n\n\n<li>SMTP port: <strong>587<\/strong><\/li>\n\n\n\n<li>Ov\u011b\u0159en\u00ed: <strong>Ano<\/strong><\/li>\n\n\n\n<li>SMTP u\u017eivatel: <strong>e-mail<\/strong><\/li>\n\n\n\n<li>SMTP heslo<\/li>\n<\/ul>\n<\/li>\n<\/ul>\n","protected":false},"excerpt":{"rendered":"<p>Umo\u017e\u0148uje nakonfigurovat po\u0161tovn\u00ed server pro&nbsp;odchoz\u00ed e-maily (nab\u00edz\u00ed pokro\u010dilej\u0161\u00ed mo\u017enosti). WP Mail SMTP -&gt; Nastaven\u00ed:<\/p>\n","protected":false},"author":1,"featured_media":0,"parent":1440,"menu_order":9,"comment_status":"closed","ping_status":"closed","template":"","meta":{"advgb_blocks_editor_width":"","advgb_blocks_columns_visual_guide":"","footnotes":""},"class_list":["post-1355","page","type-page","status-publish","hentry"],"yoast_head":"<!-- This site is optimized with the Yoast SEO plugin v27.0 - https:\/\/yoast.com\/product\/yoast-seo-wordpress\/ -->\n<title>WP Mail SMTP by WPForms \u2013 The Most Popular SMTP and Email Log Plugin - Spr\u00e1va webov\u00e9ho obsahu<\/title>\n<meta name=\"robots\" content=\"index, follow, max-snippet:-1, max-image-preview:large, max-video-preview:-1\" \/>\n<link rel=\"canonical\" href=\"https:\/\/swo.vavyskov.cz\/wordpress\/wordpress\/rozsireni\/wp-mail-smtp-by-wpforms-the-most-popular-smtp-and-email-log-plugin\/\" \/>\n<meta property=\"og:locale\" content=\"cs_CZ\" \/>\n<meta property=\"og:type\" content=\"article\" \/>\n<meta property=\"og:title\" content=\"WP Mail SMTP by WPForms \u2013 The Most Popular SMTP and Email Log Plugin - Spr\u00e1va webov\u00e9ho obsahu\" \/>\n<meta property=\"og:description\" content=\"Umo\u017e\u0148uje nakonfigurovat po\u0161tovn\u00ed server pro&nbsp;odchoz\u00ed e-maily (nab\u00edz\u00ed pokro\u010dilej\u0161\u00ed mo\u017enosti). WP Mail SMTP -&gt; Nastaven\u00ed:\" \/>\n<meta property=\"og:url\" content=\"https:\/\/swo.vavyskov.cz\/wordpress\/wordpress\/rozsireni\/wp-mail-smtp-by-wpforms-the-most-popular-smtp-and-email-log-plugin\/\" \/>\n<meta property=\"og:site_name\" content=\"Spr\u00e1va webov\u00e9ho obsahu\" \/>\n<meta property=\"article:modified_time\" content=\"2024-11-07T09:53:10+00:00\" \/>\n<meta name=\"twitter:card\" content=\"summary_large_image\" \/>\n<meta name=\"twitter:label1\" content=\"Odhadovan\u00e1 doba \u010dten\u00ed\" \/>\n\t<meta name=\"twitter:data1\" content=\"1 minuta\" \/>\n<script type=\"application\/ld+json\" class=\"yoast-schema-graph\">{\"@context\":\"https:\/\/schema.org\",\"@graph\":[{\"@type\":\"WebPage\",\"@id\":\"https:\/\/swo.vavyskov.cz\/wordpress\/wordpress\/rozsireni\/wp-mail-smtp-by-wpforms-the-most-popular-smtp-and-email-log-plugin\/\",\"url\":\"https:\/\/swo.vavyskov.cz\/wordpress\/wordpress\/rozsireni\/wp-mail-smtp-by-wpforms-the-most-popular-smtp-and-email-log-plugin\/\",\"name\":\"WP Mail SMTP by WPForms \u2013 The Most Popular SMTP and Email Log Plugin - Spr\u00e1va webov\u00e9ho obsahu\",\"isPartOf\":{\"@id\":\"https:\/\/swo.vavyskov.cz\/wordpress\/#website\"},\"datePublished\":\"2023-09-27T14:22:25+00:00\",\"dateModified\":\"2024-11-07T09:53:10+00:00\",\"breadcrumb\":{\"@id\":\"https:\/\/swo.vavyskov.cz\/wordpress\/wordpress\/rozsireni\/wp-mail-smtp-by-wpforms-the-most-popular-smtp-and-email-log-plugin\/#breadcrumb\"},\"inLanguage\":\"cs\",\"potentialAction\":[{\"@type\":\"ReadAction\",\"target\":[\"https:\/\/swo.vavyskov.cz\/wordpress\/wordpress\/rozsireni\/wp-mail-smtp-by-wpforms-the-most-popular-smtp-and-email-log-plugin\/\"]}]},{\"@type\":\"BreadcrumbList\",\"@id\":\"https:\/\/swo.vavyskov.cz\/wordpress\/wordpress\/rozsireni\/wp-mail-smtp-by-wpforms-the-most-popular-smtp-and-email-log-plugin\/#breadcrumb\",\"itemListElement\":[{\"@type\":\"ListItem\",\"position\":1,\"name\":\"Dom\u016f\",\"item\":\"https:\/\/swo.vavyskov.cz\/wordpress\/\"},{\"@type\":\"ListItem\",\"position\":2,\"name\":\"WordPress\",\"item\":\"https:\/\/swo.vavyskov.cz\/wordpress\/wordpress\/\"},{\"@type\":\"ListItem\",\"position\":3,\"name\":\"Roz\u0161\u00ed\u0159en\u00ed\",\"item\":\"https:\/\/swo.vavyskov.cz\/wordpress\/wordpress\/rozsireni\/\"},{\"@type\":\"ListItem\",\"position\":4,\"name\":\"WP Mail SMTP by WPForms \u2013 The Most Popular SMTP and Email Log Plugin\"}]},{\"@type\":\"WebSite\",\"@id\":\"https:\/\/swo.vavyskov.cz\/wordpress\/#website\",\"url\":\"https:\/\/swo.vavyskov.cz\/wordpress\/\",\"name\":\"Spr\u00e1va webov\u00e9ho obsahu\",\"description\":\"Tvo\u0159\u00edme \u00fasp\u011b\u0161n\u00fd web\",\"publisher\":{\"@id\":\"https:\/\/swo.vavyskov.cz\/wordpress\/#organization\"},\"potentialAction\":[{\"@type\":\"SearchAction\",\"target\":{\"@type\":\"EntryPoint\",\"urlTemplate\":\"https:\/\/swo.vavyskov.cz\/wordpress\/?s={search_term_string}\"},\"query-input\":{\"@type\":\"PropertyValueSpecification\",\"valueRequired\":true,\"valueName\":\"search_term_string\"}}],\"inLanguage\":\"cs\"},{\"@type\":\"Organization\",\"@id\":\"https:\/\/swo.vavyskov.cz\/wordpress\/#organization\",\"name\":\"Velitelstv\u00ed v\u00fdcviku \u2013 Vojensk\u00e1 akademie Vy\u0161kov\",\"url\":\"https:\/\/swo.vavyskov.cz\/wordpress\/\",\"logo\":{\"@type\":\"ImageObject\",\"inLanguage\":\"cs\",\"@id\":\"https:\/\/swo.vavyskov.cz\/wordpress\/#\/schema\/logo\/image\/\",\"url\":\"https:\/\/swo.vavyskov.cz\/wordpress\/wp-content\/uploads\/2018\/04\/kontakt.png\",\"contentUrl\":\"https:\/\/swo.vavyskov.cz\/wordpress\/wp-content\/uploads\/2018\/04\/kontakt.png\",\"width\":487,\"height\":640,\"caption\":\"Velitelstv\u00ed v\u00fdcviku \u2013 Vojensk\u00e1 akademie Vy\u0161kov\"},\"image\":{\"@id\":\"https:\/\/swo.vavyskov.cz\/wordpress\/#\/schema\/logo\/image\/\"}}]}<\/script>\n<!-- \/ Yoast SEO plugin. -->","yoast_head_json":{"title":"WP Mail SMTP by WPForms \u2013 The Most Popular SMTP and Email Log Plugin - Spr\u00e1va webov\u00e9ho obsahu","robots":{"index":"index","follow":"follow","max-snippet":"max-snippet:-1","max-image-preview":"max-image-preview:large","max-video-preview":"max-video-preview:-1"},"canonical":"https:\/\/swo.vavyskov.cz\/wordpress\/wordpress\/rozsireni\/wp-mail-smtp-by-wpforms-the-most-popular-smtp-and-email-log-plugin\/","og_locale":"cs_CZ","og_type":"article","og_title":"WP Mail SMTP by WPForms \u2013 The Most Popular SMTP and Email Log Plugin - Spr\u00e1va webov\u00e9ho obsahu","og_description":"Umo\u017e\u0148uje nakonfigurovat po\u0161tovn\u00ed server pro&nbsp;odchoz\u00ed e-maily (nab\u00edz\u00ed pokro\u010dilej\u0161\u00ed mo\u017enosti). WP Mail SMTP -&gt; Nastaven\u00ed:","og_url":"https:\/\/swo.vavyskov.cz\/wordpress\/wordpress\/rozsireni\/wp-mail-smtp-by-wpforms-the-most-popular-smtp-and-email-log-plugin\/","og_site_name":"Spr\u00e1va webov\u00e9ho obsahu","article_modified_time":"2024-11-07T09:53:10+00:00","twitter_card":"summary_large_image","twitter_misc":{"Odhadovan\u00e1 doba \u010dten\u00ed":"1 minuta"},"schema":{"@context":"https:\/\/schema.org","@graph":[{"@type":"WebPage","@id":"https:\/\/swo.vavyskov.cz\/wordpress\/wordpress\/rozsireni\/wp-mail-smtp-by-wpforms-the-most-popular-smtp-and-email-log-plugin\/","url":"https:\/\/swo.vavyskov.cz\/wordpress\/wordpress\/rozsireni\/wp-mail-smtp-by-wpforms-the-most-popular-smtp-and-email-log-plugin\/","name":"WP Mail SMTP by WPForms \u2013 The Most Popular SMTP and Email Log Plugin - Spr\u00e1va webov\u00e9ho obsahu","isPartOf":{"@id":"https:\/\/swo.vavyskov.cz\/wordpress\/#website"},"datePublished":"2023-09-27T14:22:25+00:00","dateModified":"2024-11-07T09:53:10+00:00","breadcrumb":{"@id":"https:\/\/swo.vavyskov.cz\/wordpress\/wordpress\/rozsireni\/wp-mail-smtp-by-wpforms-the-most-popular-smtp-and-email-log-plugin\/#breadcrumb"},"inLanguage":"cs","potentialAction":[{"@type":"ReadAction","target":["https:\/\/swo.vavyskov.cz\/wordpress\/wordpress\/rozsireni\/wp-mail-smtp-by-wpforms-the-most-popular-smtp-and-email-log-plugin\/"]}]},{"@type":"BreadcrumbList","@id":"https:\/\/swo.vavyskov.cz\/wordpress\/wordpress\/rozsireni\/wp-mail-smtp-by-wpforms-the-most-popular-smtp-and-email-log-plugin\/#breadcrumb","itemListElement":[{"@type":"ListItem","position":1,"name":"Dom\u016f","item":"https:\/\/swo.vavyskov.cz\/wordpress\/"},{"@type":"ListItem","position":2,"name":"WordPress","item":"https:\/\/swo.vavyskov.cz\/wordpress\/wordpress\/"},{"@type":"ListItem","position":3,"name":"Roz\u0161\u00ed\u0159en\u00ed","item":"https:\/\/swo.vavyskov.cz\/wordpress\/wordpress\/rozsireni\/"},{"@type":"ListItem","position":4,"name":"WP Mail SMTP by WPForms \u2013 The Most Popular SMTP and Email Log Plugin"}]},{"@type":"WebSite","@id":"https:\/\/swo.vavyskov.cz\/wordpress\/#website","url":"https:\/\/swo.vavyskov.cz\/wordpress\/","name":"Spr\u00e1va webov\u00e9ho obsahu","description":"Tvo\u0159\u00edme \u00fasp\u011b\u0161n\u00fd web","publisher":{"@id":"https:\/\/swo.vavyskov.cz\/wordpress\/#organization"},"potentialAction":[{"@type":"SearchAction","target":{"@type":"EntryPoint","urlTemplate":"https:\/\/swo.vavyskov.cz\/wordpress\/?s={search_term_string}"},"query-input":{"@type":"PropertyValueSpecification","valueRequired":true,"valueName":"search_term_string"}}],"inLanguage":"cs"},{"@type":"Organization","@id":"https:\/\/swo.vavyskov.cz\/wordpress\/#organization","name":"Velitelstv\u00ed v\u00fdcviku \u2013 Vojensk\u00e1 akademie Vy\u0161kov","url":"https:\/\/swo.vavyskov.cz\/wordpress\/","logo":{"@type":"ImageObject","inLanguage":"cs","@id":"https:\/\/swo.vavyskov.cz\/wordpress\/#\/schema\/logo\/image\/","url":"https:\/\/swo.vavyskov.cz\/wordpress\/wp-content\/uploads\/2018\/04\/kontakt.png","contentUrl":"https:\/\/swo.vavyskov.cz\/wordpress\/wp-content\/uploads\/2018\/04\/kontakt.png","width":487,"height":640,"caption":"Velitelstv\u00ed v\u00fdcviku \u2013 Vojensk\u00e1 akademie Vy\u0161kov"},"image":{"@id":"https:\/\/swo.vavyskov.cz\/wordpress\/#\/schema\/logo\/image\/"}}]}},"coauthors":[],"author_meta":{"author_link":"https:\/\/swo.vavyskov.cz\/wordpress\/author\/swowp\/","display_name":"SWO"},"relative_dates":{"created":"Posted 3 roky ago","modified":"Updated 2 roky ago"},"absolute_dates":{"created":"Posted on 27. 9. 2023","modified":"Updated on 7. 11. 2024"},"absolute_dates_time":{"created":"Posted on 27. 9. 2023 16:22","modified":"Updated on 7. 11. 2024 10:53"},"featured_img_caption":"","featured_img":false,"series_order":"","_links":{"self":[{"href":"https:\/\/swo.vavyskov.cz\/wordpress\/wp-json\/wp\/v2\/pages\/1355","targetHints":{"allow":["GET"]}}],"collection":[{"href":"https:\/\/swo.vavyskov.cz\/wordpress\/wp-json\/wp\/v2\/pages"}],"about":[{"href":"https:\/\/swo.vavyskov.cz\/wordpress\/wp-json\/wp\/v2\/types\/page"}],"author":[{"embeddable":true,"href":"https:\/\/swo.vavyskov.cz\/wordpress\/wp-json\/wp\/v2\/users\/1"}],"replies":[{"embeddable":true,"href":"https:\/\/swo.vavyskov.cz\/wordpress\/wp-json\/wp\/v2\/comments?post=1355"}],"version-history":[{"count":3,"href":"https:\/\/swo.vavyskov.cz\/wordpress\/wp-json\/wp\/v2\/pages\/1355\/revisions"}],"predecessor-version":[{"id":1392,"href":"https:\/\/swo.vavyskov.cz\/wordpress\/wp-json\/wp\/v2\/pages\/1355\/revisions\/1392"}],"up":[{"embeddable":true,"href":"https:\/\/swo.vavyskov.cz\/wordpress\/wp-json\/wp\/v2\/pages\/1440"}],"wp:attachment":[{"href":"https:\/\/swo.vavyskov.cz\/wordpress\/wp-json\/wp\/v2\/media?parent=1355"}],"curies":[{"name":"wp","href":"https:\/\/api.w.org\/{rel}","templated":true}]}}