{"id":1304,"date":"2021-10-16T09:04:43","date_gmt":"2021-10-16T07:04:43","guid":{"rendered":"https:\/\/swo.vavyskov.cz\/wordpress\/?page_id=1304"},"modified":"2021-10-17T08:42:46","modified_gmt":"2021-10-17T06:42:46","slug":"simple-file-list","status":"publish","type":"page","link":"https:\/\/swo.vavyskov.cz\/wordpress\/nezarazeno\/simple-file-list\/","title":{"rendered":"Simple File List"},"content":{"rendered":"\n<p>Umo\u017e\u0148uje zobrazit soubory z&nbsp;adres\u00e1\u0159e (podadres\u00e1\u0159e jsou dostupn\u00e9 a\u017e&nbsp;v&nbsp;placen\u00e9 verzi).<\/p>\n\n\n\n<p>Instalace a&nbsp;nastaven\u00ed:<\/p>\n\n\n\n<ol class=\"wp-block-list\"><li>Nainstalujte plugin <a href=\"https:\/\/cs.wordpress.org\/plugins\/simple-file-list\/\">Simple File List (4.4.7)<\/a>.<\/li><li>P\u0159ejd\u011bte do&nbsp;sekce <strong>Seznam Soubor\u016f<\/strong>:<ol><li>Sekce <strong>Seznam soubor\u016f<\/strong>:<ol><li>zobrazuje soubory z&nbsp;adres\u00e1\u0159e <strong>wp-content\/uploads\/simple-file-list\/<\/strong><\/li><\/ol><\/li><li>Sekce <strong>Nastaven\u00ed<\/strong>:<ul><li>upravte dle pot\u0159eb<\/li><\/ul><\/li><li>Sekce  <strong>Vytvo\u0159it zkr\u00e1cen\u00fd z\u00e1pis<\/strong>:<ul><li>zkop\u00edrujte a&nbsp;vlo\u017ete zkr\u00e1cen\u00fd z\u00e1pis <strong>[eeSFL]<\/strong> do&nbsp;libovoln\u00e9ho m\u00edsta na&nbsp;webu nap\u0159.&nbsp;do&nbsp;po\u017eadovan\u00e9 str\u00e1nky<\/li><\/ul><\/li><\/ol><\/li><\/ol>\n","protected":false},"excerpt":{"rendered":"<p>Umo\u017e\u0148uje zobrazit soubory z&nbsp;adres\u00e1\u0159e (podadres\u00e1\u0159e jsou dostupn\u00e9 a\u017e&nbsp;v&nbsp;placen\u00e9 verzi). Instalace a&nbsp;nastaven\u00ed: Nainstalujte plugin Simple File List (4.4.7). P\u0159ejd\u011bte do&nbsp;sekce Seznam Soubor\u016f: Sekce Seznam soubor\u016f: zobrazuje soubory z&nbsp;adres\u00e1\u0159e wp-content\/uploads\/simple-file-list\/ Sekce Nastaven\u00ed: upravte dle pot\u0159eb Sekce Vytvo\u0159it zkr\u00e1cen\u00fd z\u00e1pis: zkop\u00edrujte a&nbsp;vlo\u017ete zkr\u00e1cen\u00fd z\u00e1pis [eeSFL] do&nbsp;libovoln\u00e9ho m\u00edsta na&nbsp;webu nap\u0159.&nbsp;do&nbsp;po\u017eadovan\u00e9 str\u00e1nky<\/p>\n","protected":false},"author":1,"featured_media":0,"parent":1440,"menu_order":15,"comment_status":"closed","ping_status":"closed","template":"","meta":{"advgb_blocks_editor_width":"","advgb_blocks_columns_visual_guide":"","footnotes":""},"class_list":["post-1304","page","type-page","status-publish","hentry"],"yoast_head":"<!-- This site is optimized with the Yoast SEO plugin v27.0 - https:\/\/yoast.com\/product\/yoast-seo-wordpress\/ -->\n<title>Simple File List - Spr\u00e1va webov\u00e9ho obsahu<\/title>\n<meta name=\"robots\" content=\"index, follow, max-snippet:-1, max-image-preview:large, max-video-preview:-1\" \/>\n<link rel=\"canonical\" href=\"https:\/\/swo.vavyskov.cz\/wordpress\/wordpress\/rozsireni\/simple-file-list\/\" \/>\n<meta property=\"og:locale\" content=\"cs_CZ\" \/>\n<meta property=\"og:type\" content=\"article\" \/>\n<meta property=\"og:title\" content=\"Simple File List - Spr\u00e1va webov\u00e9ho obsahu\" \/>\n<meta property=\"og:description\" content=\"Umo\u017e\u0148uje zobrazit soubory z&nbsp;adres\u00e1\u0159e (podadres\u00e1\u0159e jsou dostupn\u00e9 a\u017e&nbsp;v&nbsp;placen\u00e9 verzi). Instalace a&nbsp;nastaven\u00ed: Nainstalujte plugin Simple File List (4.4.7). P\u0159ejd\u011bte do&nbsp;sekce Seznam Soubor\u016f: Sekce Seznam soubor\u016f: zobrazuje soubory z&nbsp;adres\u00e1\u0159e wp-content\/uploads\/simple-file-list\/ Sekce Nastaven\u00ed: upravte dle pot\u0159eb Sekce Vytvo\u0159it zkr\u00e1cen\u00fd z\u00e1pis: zkop\u00edrujte a&nbsp;vlo\u017ete zkr\u00e1cen\u00fd z\u00e1pis [eeSFL] do&nbsp;libovoln\u00e9ho m\u00edsta na&nbsp;webu nap\u0159.&nbsp;do&nbsp;po\u017eadovan\u00e9 str\u00e1nky\" \/>\n<meta property=\"og:url\" content=\"https:\/\/swo.vavyskov.cz\/wordpress\/wordpress\/rozsireni\/simple-file-list\/\" \/>\n<meta property=\"og:site_name\" content=\"Spr\u00e1va webov\u00e9ho obsahu\" \/>\n<meta property=\"article:modified_time\" content=\"2021-10-17T06:42:46+00:00\" \/>\n<meta name=\"twitter:card\" content=\"summary_large_image\" \/>\n<meta name=\"twitter:label1\" content=\"Odhadovan\u00e1 doba \u010dten\u00ed\" \/>\n\t<meta name=\"twitter:data1\" content=\"1 minuta\" \/>\n<script type=\"application\/ld+json\" class=\"yoast-schema-graph\">{\"@context\":\"https:\/\/schema.org\",\"@graph\":[{\"@type\":\"WebPage\",\"@id\":\"https:\/\/swo.vavyskov.cz\/wordpress\/wordpress\/rozsireni\/simple-file-list\/\",\"url\":\"https:\/\/swo.vavyskov.cz\/wordpress\/wordpress\/rozsireni\/simple-file-list\/\",\"name\":\"Simple File List - Spr\u00e1va webov\u00e9ho obsahu\",\"isPartOf\":{\"@id\":\"https:\/\/swo.vavyskov.cz\/wordpress\/#website\"},\"datePublished\":\"2021-10-16T07:04:43+00:00\",\"dateModified\":\"2021-10-17T06:42:46+00:00\",\"breadcrumb\":{\"@id\":\"https:\/\/swo.vavyskov.cz\/wordpress\/wordpress\/rozsireni\/simple-file-list\/#breadcrumb\"},\"inLanguage\":\"cs\",\"potentialAction\":[{\"@type\":\"ReadAction\",\"target\":[\"https:\/\/swo.vavyskov.cz\/wordpress\/wordpress\/rozsireni\/simple-file-list\/\"]}]},{\"@type\":\"BreadcrumbList\",\"@id\":\"https:\/\/swo.vavyskov.cz\/wordpress\/wordpress\/rozsireni\/simple-file-list\/#breadcrumb\",\"itemListElement\":[{\"@type\":\"ListItem\",\"position\":1,\"name\":\"Dom\u016f\",\"item\":\"https:\/\/swo.vavyskov.cz\/wordpress\/\"},{\"@type\":\"ListItem\",\"position\":2,\"name\":\"WordPress\",\"item\":\"https:\/\/swo.vavyskov.cz\/wordpress\/wordpress\/\"},{\"@type\":\"ListItem\",\"position\":3,\"name\":\"Roz\u0161\u00ed\u0159en\u00ed\",\"item\":\"https:\/\/swo.vavyskov.cz\/wordpress\/wordpress\/rozsireni\/\"},{\"@type\":\"ListItem\",\"position\":4,\"name\":\"Simple File List\"}]},{\"@type\":\"WebSite\",\"@id\":\"https:\/\/swo.vavyskov.cz\/wordpress\/#website\",\"url\":\"https:\/\/swo.vavyskov.cz\/wordpress\/\",\"name\":\"Spr\u00e1va webov\u00e9ho obsahu\",\"description\":\"Tvo\u0159\u00edme \u00fasp\u011b\u0161n\u00fd web\",\"publisher\":{\"@id\":\"https:\/\/swo.vavyskov.cz\/wordpress\/#organization\"},\"potentialAction\":[{\"@type\":\"SearchAction\",\"target\":{\"@type\":\"EntryPoint\",\"urlTemplate\":\"https:\/\/swo.vavyskov.cz\/wordpress\/?s={search_term_string}\"},\"query-input\":{\"@type\":\"PropertyValueSpecification\",\"valueRequired\":true,\"valueName\":\"search_term_string\"}}],\"inLanguage\":\"cs\"},{\"@type\":\"Organization\",\"@id\":\"https:\/\/swo.vavyskov.cz\/wordpress\/#organization\",\"name\":\"Velitelstv\u00ed v\u00fdcviku \u2013 Vojensk\u00e1 akademie Vy\u0161kov\",\"url\":\"https:\/\/swo.vavyskov.cz\/wordpress\/\",\"logo\":{\"@type\":\"ImageObject\",\"inLanguage\":\"cs\",\"@id\":\"https:\/\/swo.vavyskov.cz\/wordpress\/#\/schema\/logo\/image\/\",\"url\":\"https:\/\/swo.vavyskov.cz\/wordpress\/wp-content\/uploads\/2018\/04\/kontakt.png\",\"contentUrl\":\"https:\/\/swo.vavyskov.cz\/wordpress\/wp-content\/uploads\/2018\/04\/kontakt.png\",\"width\":487,\"height\":640,\"caption\":\"Velitelstv\u00ed v\u00fdcviku \u2013 Vojensk\u00e1 akademie Vy\u0161kov\"},\"image\":{\"@id\":\"https:\/\/swo.vavyskov.cz\/wordpress\/#\/schema\/logo\/image\/\"}}]}<\/script>\n<!-- \/ Yoast SEO plugin. -->","yoast_head_json":{"title":"Simple File List - Spr\u00e1va webov\u00e9ho obsahu","robots":{"index":"index","follow":"follow","max-snippet":"max-snippet:-1","max-image-preview":"max-image-preview:large","max-video-preview":"max-video-preview:-1"},"canonical":"https:\/\/swo.vavyskov.cz\/wordpress\/wordpress\/rozsireni\/simple-file-list\/","og_locale":"cs_CZ","og_type":"article","og_title":"Simple File List - Spr\u00e1va webov\u00e9ho obsahu","og_description":"Umo\u017e\u0148uje zobrazit soubory z&nbsp;adres\u00e1\u0159e (podadres\u00e1\u0159e jsou dostupn\u00e9 a\u017e&nbsp;v&nbsp;placen\u00e9 verzi). Instalace a&nbsp;nastaven\u00ed: Nainstalujte plugin Simple File List (4.4.7). P\u0159ejd\u011bte do&nbsp;sekce Seznam Soubor\u016f: Sekce Seznam soubor\u016f: zobrazuje soubory z&nbsp;adres\u00e1\u0159e wp-content\/uploads\/simple-file-list\/ Sekce Nastaven\u00ed: upravte dle pot\u0159eb Sekce Vytvo\u0159it zkr\u00e1cen\u00fd z\u00e1pis: zkop\u00edrujte a&nbsp;vlo\u017ete zkr\u00e1cen\u00fd z\u00e1pis [eeSFL] do&nbsp;libovoln\u00e9ho m\u00edsta na&nbsp;webu nap\u0159.&nbsp;do&nbsp;po\u017eadovan\u00e9 str\u00e1nky","og_url":"https:\/\/swo.vavyskov.cz\/wordpress\/wordpress\/rozsireni\/simple-file-list\/","og_site_name":"Spr\u00e1va webov\u00e9ho obsahu","article_modified_time":"2021-10-17T06:42:46+00:00","twitter_card":"summary_large_image","twitter_misc":{"Odhadovan\u00e1 doba \u010dten\u00ed":"1 minuta"},"schema":{"@context":"https:\/\/schema.org","@graph":[{"@type":"WebPage","@id":"https:\/\/swo.vavyskov.cz\/wordpress\/wordpress\/rozsireni\/simple-file-list\/","url":"https:\/\/swo.vavyskov.cz\/wordpress\/wordpress\/rozsireni\/simple-file-list\/","name":"Simple File List - Spr\u00e1va webov\u00e9ho obsahu","isPartOf":{"@id":"https:\/\/swo.vavyskov.cz\/wordpress\/#website"},"datePublished":"2021-10-16T07:04:43+00:00","dateModified":"2021-10-17T06:42:46+00:00","breadcrumb":{"@id":"https:\/\/swo.vavyskov.cz\/wordpress\/wordpress\/rozsireni\/simple-file-list\/#breadcrumb"},"inLanguage":"cs","potentialAction":[{"@type":"ReadAction","target":["https:\/\/swo.vavyskov.cz\/wordpress\/wordpress\/rozsireni\/simple-file-list\/"]}]},{"@type":"BreadcrumbList","@id":"https:\/\/swo.vavyskov.cz\/wordpress\/wordpress\/rozsireni\/simple-file-list\/#breadcrumb","itemListElement":[{"@type":"ListItem","position":1,"name":"Dom\u016f","item":"https:\/\/swo.vavyskov.cz\/wordpress\/"},{"@type":"ListItem","position":2,"name":"WordPress","item":"https:\/\/swo.vavyskov.cz\/wordpress\/wordpress\/"},{"@type":"ListItem","position":3,"name":"Roz\u0161\u00ed\u0159en\u00ed","item":"https:\/\/swo.vavyskov.cz\/wordpress\/wordpress\/rozsireni\/"},{"@type":"ListItem","position":4,"name":"Simple File List"}]},{"@type":"WebSite","@id":"https:\/\/swo.vavyskov.cz\/wordpress\/#website","url":"https:\/\/swo.vavyskov.cz\/wordpress\/","name":"Spr\u00e1va webov\u00e9ho obsahu","description":"Tvo\u0159\u00edme \u00fasp\u011b\u0161n\u00fd web","publisher":{"@id":"https:\/\/swo.vavyskov.cz\/wordpress\/#organization"},"potentialAction":[{"@type":"SearchAction","target":{"@type":"EntryPoint","urlTemplate":"https:\/\/swo.vavyskov.cz\/wordpress\/?s={search_term_string}"},"query-input":{"@type":"PropertyValueSpecification","valueRequired":true,"valueName":"search_term_string"}}],"inLanguage":"cs"},{"@type":"Organization","@id":"https:\/\/swo.vavyskov.cz\/wordpress\/#organization","name":"Velitelstv\u00ed v\u00fdcviku \u2013 Vojensk\u00e1 akademie Vy\u0161kov","url":"https:\/\/swo.vavyskov.cz\/wordpress\/","logo":{"@type":"ImageObject","inLanguage":"cs","@id":"https:\/\/swo.vavyskov.cz\/wordpress\/#\/schema\/logo\/image\/","url":"https:\/\/swo.vavyskov.cz\/wordpress\/wp-content\/uploads\/2018\/04\/kontakt.png","contentUrl":"https:\/\/swo.vavyskov.cz\/wordpress\/wp-content\/uploads\/2018\/04\/kontakt.png","width":487,"height":640,"caption":"Velitelstv\u00ed v\u00fdcviku \u2013 Vojensk\u00e1 akademie Vy\u0161kov"},"image":{"@id":"https:\/\/swo.vavyskov.cz\/wordpress\/#\/schema\/logo\/image\/"}}]}},"coauthors":[],"author_meta":{"author_link":"https:\/\/swo.vavyskov.cz\/wordpress\/author\/swowp\/","display_name":"SWO"},"relative_dates":{"created":"Posted 5 roky ago","modified":"Updated 5 roky ago"},"absolute_dates":{"created":"Posted on 16. 10. 2021","modified":"Updated on 17. 10. 2021"},"absolute_dates_time":{"created":"Posted on 16. 10. 2021 9:04","modified":"Updated on 17. 10. 2021 8:42"},"featured_img_caption":"","featured_img":false,"series_order":"","_links":{"self":[{"href":"https:\/\/swo.vavyskov.cz\/wordpress\/wp-json\/wp\/v2\/pages\/1304","targetHints":{"allow":["GET"]}}],"collection":[{"href":"https:\/\/swo.vavyskov.cz\/wordpress\/wp-json\/wp\/v2\/pages"}],"about":[{"href":"https:\/\/swo.vavyskov.cz\/wordpress\/wp-json\/wp\/v2\/types\/page"}],"author":[{"embeddable":true,"href":"https:\/\/swo.vavyskov.cz\/wordpress\/wp-json\/wp\/v2\/users\/1"}],"replies":[{"embeddable":true,"href":"https:\/\/swo.vavyskov.cz\/wordpress\/wp-json\/wp\/v2\/comments?post=1304"}],"version-history":[{"count":4,"href":"https:\/\/swo.vavyskov.cz\/wordpress\/wp-json\/wp\/v2\/pages\/1304\/revisions"}],"predecessor-version":[{"id":1320,"href":"https:\/\/swo.vavyskov.cz\/wordpress\/wp-json\/wp\/v2\/pages\/1304\/revisions\/1320"}],"up":[{"embeddable":true,"href":"https:\/\/swo.vavyskov.cz\/wordpress\/wp-json\/wp\/v2\/pages\/1440"}],"wp:attachment":[{"href":"https:\/\/swo.vavyskov.cz\/wordpress\/wp-json\/wp\/v2\/media?parent=1304"}],"curies":[{"name":"wp","href":"https:\/\/api.w.org\/{rel}","templated":true}]}}