{"id":1291,"date":"2021-10-13T16:07:36","date_gmt":"2021-10-13T14:07:49","guid":{"rendered":"https:\/\/swo.vavyskov.cz\/wordpress\/?page_id=1291"},"modified":"2024-11-15T06:25:25","modified_gmt":"2024-11-15T05:25:25","slug":"theme-kit-for-twenty-twenty-one-twenty-twenty-customization-gutenberg-blocks-templates-twentig","status":"publish","type":"page","link":"https:\/\/swo.vavyskov.cz\/wordpress\/nezarazeno\/theme-kit-for-twenty-twenty-one-twenty-twenty-customization-gutenberg-blocks-templates-twentig\/","title":{"rendered":"Theme Kit for Twenty Twenty-One &#038; Twenty Twenty (Customization, Gutenberg Blocks, Templates) \u2013 Twentig"},"content":{"rendered":"\n<p>Roz\u0161i\u017euj\u00edc\u00ed mo\u017enosti nastaven\u00ed \u0161ablony Twenty Twenty-One.<\/p>\n\n\n\n<p>Instalace a&nbsp;nastaven\u00ed:<\/p>\n\n\n\n<ol class=\"wp-block-list\"><li>Nainstalujte plugin\u00a0<a href=\"https:\/\/wordpress.org\/plugins\/twentig\/\" target=\"_blank\" rel=\"noreferrer noopener\">Theme Kit for Twenty Twenty-One &amp; Twenty Twenty (Customization, Gutenberg Blocks, Templates) \u2013 Twentig (1.3.6)<\/a>.<\/li><li>V <strong>Twentig -> Settings<\/strong> upravte nastaven\u00ed dle pot\u0159eb.<\/li><li><strong>Vzhled -> P\u0159izp\u016fsobit -> Twentig Options<\/strong>:<ul><li>Header<ul><li>Layout<ul><li>Header width: <strong>wide<\/strong><\/li><\/ul><\/li><\/ul><\/li><li>Footer<ul><li>Footer widgets<ul><li>Columns: <strong>2<\/strong><\/li><\/ul><\/li><\/ul><\/li><li>Blog<ul><li>Post page:<ul><li>Columns: <strong>2<\/strong><\/li><\/ul><\/li><li>Excerpt Length (words): <strong>35<\/strong> (v\u00fdchoz\u00ed omezen\u00ed po\u010dtu slov upout\u00e1vky)<\/li><\/ul><\/li><\/ul><\/li><\/ol>\n","protected":false},"excerpt":{"rendered":"<p>Roz\u0161i\u017euj\u00edc\u00ed mo\u017enosti nastaven\u00ed \u0161ablony Twenty Twenty-One. Instalace a&nbsp;nastaven\u00ed: Nainstalujte plugin\u00a0Theme Kit for Twenty Twenty-One &amp; Twenty Twenty (Customization, Gutenberg Blocks, Templates) \u2013 Twentig (1.3.6). V&nbsp;Twentig -> Settings upravte nastaven\u00ed dle pot\u0159eb. Vzhled -> P\u0159izp\u016fsobit -> Twentig Options: Header Layout Header width: wide Footer Footer widgets Columns: 2 Blog Post page: Columns: 2 Excerpt Length &hellip; <\/p>\n<p class=\"link-more\"><a href=\"https:\/\/swo.vavyskov.cz\/wordpress\/nezarazeno\/theme-kit-for-twenty-twenty-one-twenty-twenty-customization-gutenberg-blocks-templates-twentig\/\" class=\"more-link\">Pokra\u010dovat ve&nbsp;\u010dten\u00ed<span class=\"screen-reader-text\"> &#8220;Theme Kit for Twenty Twenty-One &#038; Twenty Twenty (Customization, Gutenberg Blocks, Templates) \u2013 Twentig&#8221;<\/span><\/a><\/p>\n","protected":false},"author":1,"featured_media":0,"parent":1440,"menu_order":8,"comment_status":"closed","ping_status":"closed","template":"","meta":{"advgb_blocks_editor_width":"","advgb_blocks_columns_visual_guide":"","footnotes":""},"class_list":["post-1291","page","type-page","status-publish","hentry"],"yoast_head":"<!-- This site is optimized with the Yoast SEO plugin v27.0 - https:\/\/yoast.com\/product\/yoast-seo-wordpress\/ -->\n<title>Theme Kit for Twenty Twenty-One &amp; Twenty Twenty (Customization, Gutenberg Blocks, Templates) \u2013 Twentig - Spr\u00e1va webov\u00e9ho obsahu<\/title>\n<meta name=\"robots\" content=\"index, follow, max-snippet:-1, max-image-preview:large, max-video-preview:-1\" \/>\n<link rel=\"canonical\" href=\"https:\/\/swo.vavyskov.cz\/wordpress\/nezarazeno\/theme-kit-for-twenty-twenty-one-twenty-twenty-customization-gutenberg-blocks-templates-twentig\/\" \/>\n<meta property=\"og:locale\" content=\"cs_CZ\" \/>\n<meta property=\"og:type\" content=\"article\" \/>\n<meta property=\"og:title\" content=\"Theme Kit for Twenty Twenty-One &amp; Twenty Twenty (Customization, Gutenberg Blocks, Templates) \u2013 Twentig - Spr\u00e1va webov\u00e9ho obsahu\" \/>\n<meta property=\"og:description\" content=\"Roz\u0161i\u017euj\u00edc\u00ed mo\u017enosti nastaven\u00ed \u0161ablony Twenty Twenty-One. Instalace a&nbsp;nastaven\u00ed: Nainstalujte plugin\u00a0Theme Kit for Twenty Twenty-One &amp; Twenty Twenty (Customization, Gutenberg Blocks, Templates) \u2013 Twentig (1.3.6). V Twentig -&gt; Settings upravte nastaven\u00ed dle pot\u0159eb. Vzhled -&gt; P\u0159izp\u016fsobit -&gt; Twentig Options: Header Layout Header width: wide Footer Footer widgets Columns: 2 Blog Post page: Columns: 2 Excerpt Length &hellip; Pokra\u010dovat ve \u010dten\u00ed &quot;Theme Kit for Twenty Twenty-One &#038; Twenty Twenty (Customization, Gutenberg Blocks, Templates) \u2013 Twentig&quot;\" \/>\n<meta property=\"og:url\" content=\"https:\/\/swo.vavyskov.cz\/wordpress\/nezarazeno\/theme-kit-for-twenty-twenty-one-twenty-twenty-customization-gutenberg-blocks-templates-twentig\/\" \/>\n<meta property=\"og:site_name\" content=\"Spr\u00e1va webov\u00e9ho obsahu\" \/>\n<meta property=\"article:modified_time\" content=\"2024-11-15T05:25:25+00:00\" \/>\n<meta name=\"twitter:card\" content=\"summary_large_image\" \/>\n<meta name=\"twitter:label1\" content=\"Odhadovan\u00e1 doba \u010dten\u00ed\" \/>\n\t<meta name=\"twitter:data1\" content=\"1 minuta\" \/>\n<script type=\"application\/ld+json\" class=\"yoast-schema-graph\">{\"@context\":\"https:\/\/schema.org\",\"@graph\":[{\"@type\":\"WebPage\",\"@id\":\"https:\/\/swo.vavyskov.cz\/wordpress\/nezarazeno\/theme-kit-for-twenty-twenty-one-twenty-twenty-customization-gutenberg-blocks-templates-twentig\/\",\"url\":\"https:\/\/swo.vavyskov.cz\/wordpress\/nezarazeno\/theme-kit-for-twenty-twenty-one-twenty-twenty-customization-gutenberg-blocks-templates-twentig\/\",\"name\":\"Theme Kit for Twenty Twenty-One & Twenty Twenty (Customization, Gutenberg Blocks, Templates) \u2013 Twentig - Spr\u00e1va webov\u00e9ho obsahu\",\"isPartOf\":{\"@id\":\"https:\/\/swo.vavyskov.cz\/wordpress\/#website\"},\"datePublished\":\"2021-10-13T14:07:49+00:00\",\"dateModified\":\"2024-11-15T05:25:25+00:00\",\"breadcrumb\":{\"@id\":\"https:\/\/swo.vavyskov.cz\/wordpress\/nezarazeno\/theme-kit-for-twenty-twenty-one-twenty-twenty-customization-gutenberg-blocks-templates-twentig\/#breadcrumb\"},\"inLanguage\":\"cs\",\"potentialAction\":[{\"@type\":\"ReadAction\",\"target\":[\"https:\/\/swo.vavyskov.cz\/wordpress\/nezarazeno\/theme-kit-for-twenty-twenty-one-twenty-twenty-customization-gutenberg-blocks-templates-twentig\/\"]}]},{\"@type\":\"BreadcrumbList\",\"@id\":\"https:\/\/swo.vavyskov.cz\/wordpress\/nezarazeno\/theme-kit-for-twenty-twenty-one-twenty-twenty-customization-gutenberg-blocks-templates-twentig\/#breadcrumb\",\"itemListElement\":[{\"@type\":\"ListItem\",\"position\":1,\"name\":\"Dom\u016f\",\"item\":\"https:\/\/swo.vavyskov.cz\/wordpress\/\"},{\"@type\":\"ListItem\",\"position\":2,\"name\":\"Neza\u0159azeno\",\"item\":\"https:\/\/swo.vavyskov.cz\/wordpress\/nezarazeno\/\"},{\"@type\":\"ListItem\",\"position\":3,\"name\":\"Theme Kit for Twenty Twenty-One &#038; Twenty Twenty (Customization, Gutenberg Blocks, Templates) \u2013 Twentig\"}]},{\"@type\":\"WebSite\",\"@id\":\"https:\/\/swo.vavyskov.cz\/wordpress\/#website\",\"url\":\"https:\/\/swo.vavyskov.cz\/wordpress\/\",\"name\":\"Spr\u00e1va webov\u00e9ho obsahu\",\"description\":\"Tvo\u0159\u00edme \u00fasp\u011b\u0161n\u00fd web\",\"publisher\":{\"@id\":\"https:\/\/swo.vavyskov.cz\/wordpress\/#organization\"},\"potentialAction\":[{\"@type\":\"SearchAction\",\"target\":{\"@type\":\"EntryPoint\",\"urlTemplate\":\"https:\/\/swo.vavyskov.cz\/wordpress\/?s={search_term_string}\"},\"query-input\":{\"@type\":\"PropertyValueSpecification\",\"valueRequired\":true,\"valueName\":\"search_term_string\"}}],\"inLanguage\":\"cs\"},{\"@type\":\"Organization\",\"@id\":\"https:\/\/swo.vavyskov.cz\/wordpress\/#organization\",\"name\":\"Velitelstv\u00ed v\u00fdcviku \u2013 Vojensk\u00e1 akademie Vy\u0161kov\",\"url\":\"https:\/\/swo.vavyskov.cz\/wordpress\/\",\"logo\":{\"@type\":\"ImageObject\",\"inLanguage\":\"cs\",\"@id\":\"https:\/\/swo.vavyskov.cz\/wordpress\/#\/schema\/logo\/image\/\",\"url\":\"https:\/\/swo.vavyskov.cz\/wordpress\/wp-content\/uploads\/2018\/04\/kontakt.png\",\"contentUrl\":\"https:\/\/swo.vavyskov.cz\/wordpress\/wp-content\/uploads\/2018\/04\/kontakt.png\",\"width\":487,\"height\":640,\"caption\":\"Velitelstv\u00ed v\u00fdcviku \u2013 Vojensk\u00e1 akademie Vy\u0161kov\"},\"image\":{\"@id\":\"https:\/\/swo.vavyskov.cz\/wordpress\/#\/schema\/logo\/image\/\"}}]}<\/script>\n<!-- \/ Yoast SEO plugin. -->","yoast_head_json":{"title":"Theme Kit for Twenty Twenty-One & Twenty Twenty (Customization, Gutenberg Blocks, Templates) \u2013 Twentig - Spr\u00e1va webov\u00e9ho obsahu","robots":{"index":"index","follow":"follow","max-snippet":"max-snippet:-1","max-image-preview":"max-image-preview:large","max-video-preview":"max-video-preview:-1"},"canonical":"https:\/\/swo.vavyskov.cz\/wordpress\/nezarazeno\/theme-kit-for-twenty-twenty-one-twenty-twenty-customization-gutenberg-blocks-templates-twentig\/","og_locale":"cs_CZ","og_type":"article","og_title":"Theme Kit for Twenty Twenty-One & Twenty Twenty (Customization, Gutenberg Blocks, Templates) \u2013 Twentig - Spr\u00e1va webov\u00e9ho obsahu","og_description":"Roz\u0161i\u017euj\u00edc\u00ed mo\u017enosti nastaven\u00ed \u0161ablony Twenty Twenty-One. Instalace a&nbsp;nastaven\u00ed: Nainstalujte plugin\u00a0Theme Kit for Twenty Twenty-One &amp; Twenty Twenty (Customization, Gutenberg Blocks, Templates) \u2013 Twentig (1.3.6). V Twentig -> Settings upravte nastaven\u00ed dle pot\u0159eb. Vzhled -> P\u0159izp\u016fsobit -> Twentig Options: Header Layout Header width: wide Footer Footer widgets Columns: 2 Blog Post page: Columns: 2 Excerpt Length &hellip; Pokra\u010dovat ve \u010dten\u00ed \"Theme Kit for Twenty Twenty-One &#038; Twenty Twenty (Customization, Gutenberg Blocks, Templates) \u2013 Twentig\"","og_url":"https:\/\/swo.vavyskov.cz\/wordpress\/nezarazeno\/theme-kit-for-twenty-twenty-one-twenty-twenty-customization-gutenberg-blocks-templates-twentig\/","og_site_name":"Spr\u00e1va webov\u00e9ho obsahu","article_modified_time":"2024-11-15T05:25:25+00:00","twitter_card":"summary_large_image","twitter_misc":{"Odhadovan\u00e1 doba \u010dten\u00ed":"1 minuta"},"schema":{"@context":"https:\/\/schema.org","@graph":[{"@type":"WebPage","@id":"https:\/\/swo.vavyskov.cz\/wordpress\/nezarazeno\/theme-kit-for-twenty-twenty-one-twenty-twenty-customization-gutenberg-blocks-templates-twentig\/","url":"https:\/\/swo.vavyskov.cz\/wordpress\/nezarazeno\/theme-kit-for-twenty-twenty-one-twenty-twenty-customization-gutenberg-blocks-templates-twentig\/","name":"Theme Kit for Twenty Twenty-One & Twenty Twenty (Customization, Gutenberg Blocks, Templates) \u2013 Twentig - Spr\u00e1va webov\u00e9ho obsahu","isPartOf":{"@id":"https:\/\/swo.vavyskov.cz\/wordpress\/#website"},"datePublished":"2021-10-13T14:07:49+00:00","dateModified":"2024-11-15T05:25:25+00:00","breadcrumb":{"@id":"https:\/\/swo.vavyskov.cz\/wordpress\/nezarazeno\/theme-kit-for-twenty-twenty-one-twenty-twenty-customization-gutenberg-blocks-templates-twentig\/#breadcrumb"},"inLanguage":"cs","potentialAction":[{"@type":"ReadAction","target":["https:\/\/swo.vavyskov.cz\/wordpress\/nezarazeno\/theme-kit-for-twenty-twenty-one-twenty-twenty-customization-gutenberg-blocks-templates-twentig\/"]}]},{"@type":"BreadcrumbList","@id":"https:\/\/swo.vavyskov.cz\/wordpress\/nezarazeno\/theme-kit-for-twenty-twenty-one-twenty-twenty-customization-gutenberg-blocks-templates-twentig\/#breadcrumb","itemListElement":[{"@type":"ListItem","position":1,"name":"Dom\u016f","item":"https:\/\/swo.vavyskov.cz\/wordpress\/"},{"@type":"ListItem","position":2,"name":"Neza\u0159azeno","item":"https:\/\/swo.vavyskov.cz\/wordpress\/nezarazeno\/"},{"@type":"ListItem","position":3,"name":"Theme Kit for Twenty Twenty-One &#038; Twenty Twenty (Customization, Gutenberg Blocks, Templates) \u2013 Twentig"}]},{"@type":"WebSite","@id":"https:\/\/swo.vavyskov.cz\/wordpress\/#website","url":"https:\/\/swo.vavyskov.cz\/wordpress\/","name":"Spr\u00e1va webov\u00e9ho obsahu","description":"Tvo\u0159\u00edme \u00fasp\u011b\u0161n\u00fd web","publisher":{"@id":"https:\/\/swo.vavyskov.cz\/wordpress\/#organization"},"potentialAction":[{"@type":"SearchAction","target":{"@type":"EntryPoint","urlTemplate":"https:\/\/swo.vavyskov.cz\/wordpress\/?s={search_term_string}"},"query-input":{"@type":"PropertyValueSpecification","valueRequired":true,"valueName":"search_term_string"}}],"inLanguage":"cs"},{"@type":"Organization","@id":"https:\/\/swo.vavyskov.cz\/wordpress\/#organization","name":"Velitelstv\u00ed v\u00fdcviku \u2013 Vojensk\u00e1 akademie Vy\u0161kov","url":"https:\/\/swo.vavyskov.cz\/wordpress\/","logo":{"@type":"ImageObject","inLanguage":"cs","@id":"https:\/\/swo.vavyskov.cz\/wordpress\/#\/schema\/logo\/image\/","url":"https:\/\/swo.vavyskov.cz\/wordpress\/wp-content\/uploads\/2018\/04\/kontakt.png","contentUrl":"https:\/\/swo.vavyskov.cz\/wordpress\/wp-content\/uploads\/2018\/04\/kontakt.png","width":487,"height":640,"caption":"Velitelstv\u00ed v\u00fdcviku \u2013 Vojensk\u00e1 akademie Vy\u0161kov"},"image":{"@id":"https:\/\/swo.vavyskov.cz\/wordpress\/#\/schema\/logo\/image\/"}}]}},"coauthors":[],"author_meta":{"author_link":"https:\/\/swo.vavyskov.cz\/wordpress\/author\/swowp\/","display_name":"SWO"},"relative_dates":{"created":"Posted 5 roky ago","modified":"Updated 1 rokem ago"},"absolute_dates":{"created":"Posted on 13. 10. 2021","modified":"Updated on 15. 11. 2024"},"absolute_dates_time":{"created":"Posted on 13. 10. 2021 16:07","modified":"Updated on 15. 11. 2024 6:25"},"featured_img_caption":"","featured_img":false,"series_order":"","_links":{"self":[{"href":"https:\/\/swo.vavyskov.cz\/wordpress\/wp-json\/wp\/v2\/pages\/1291","targetHints":{"allow":["GET"]}}],"collection":[{"href":"https:\/\/swo.vavyskov.cz\/wordpress\/wp-json\/wp\/v2\/pages"}],"about":[{"href":"https:\/\/swo.vavyskov.cz\/wordpress\/wp-json\/wp\/v2\/types\/page"}],"author":[{"embeddable":true,"href":"https:\/\/swo.vavyskov.cz\/wordpress\/wp-json\/wp\/v2\/users\/1"}],"replies":[{"embeddable":true,"href":"https:\/\/swo.vavyskov.cz\/wordpress\/wp-json\/wp\/v2\/comments?post=1291"}],"version-history":[{"count":5,"href":"https:\/\/swo.vavyskov.cz\/wordpress\/wp-json\/wp\/v2\/pages\/1291\/revisions"}],"predecessor-version":[{"id":1303,"href":"https:\/\/swo.vavyskov.cz\/wordpress\/wp-json\/wp\/v2\/pages\/1291\/revisions\/1303"}],"up":[{"embeddable":true,"href":"https:\/\/swo.vavyskov.cz\/wordpress\/wp-json\/wp\/v2\/pages\/1440"}],"wp:attachment":[{"href":"https:\/\/swo.vavyskov.cz\/wordpress\/wp-json\/wp\/v2\/media?parent=1291"}],"curies":[{"name":"wp","href":"https:\/\/api.w.org\/{rel}","templated":true}]}}