{"id":1268,"date":"2021-10-13T15:05:34","date_gmt":"2021-10-13T13:05:34","guid":{"rendered":"https:\/\/swo.vavyskov.cz\/wordpress\/?page_id=1268"},"modified":"2021-10-13T15:12:59","modified_gmt":"2021-10-13T13:12:59","slug":"scroll-back-to-top-button","status":"publish","type":"page","link":"https:\/\/swo.vavyskov.cz\/wordpress\/nezarazeno\/scroll-back-to-top-button\/","title":{"rendered":"Scroll Back To Top Button"},"content":{"rendered":"\n<p>Zobrazen\u00ed plovouc\u00edho naviga\u010dn\u00edho tla\u010d\u00edtka umo\u017e\u0148uj\u00edc\u00ed p\u0159esun zp\u011bt do&nbsp;horn\u00ed \u010d\u00e1sti str\u00e1nky.<\/p>\n\n\n\n<p>Instalace a&nbsp;nastaven\u00ed:<\/p>\n\n\n\n<ol class=\"wp-block-list\"><li>Nainstalujte plugin\u00a0<a href=\"https:\/\/wordpress.org\/plugins\/scrollup-master\/\" target=\"_blank\" rel=\"noreferrer noopener\">Scroll Back To Top Button (2.9.0)<\/a>.<\/li><li>V\u00a0<strong>Nastaven\u00ed -> Scroll to Top<\/strong>\u00a0upravte nastaven\u00ed dle pot\u0159eb nap\u0159.:<ul><li>Scrollup Tooltip title: <strong>P\u0159ej\u00edt zp\u011bt na&nbsp;za\u010d\u00e1tek<\/strong><\/li><\/ul><\/li><\/ol>\n","protected":false},"excerpt":{"rendered":"<p>Zobrazen\u00ed plovouc\u00edho naviga\u010dn\u00edho tla\u010d\u00edtka umo\u017e\u0148uj\u00edc\u00ed p\u0159esun zp\u011bt do&nbsp;horn\u00ed \u010d\u00e1sti str\u00e1nky. Instalace a&nbsp;nastaven\u00ed: Nainstalujte plugin\u00a0Scroll Back To Top Button (2.9.0). V\u00a0Nastaven\u00ed -> Scroll to Top\u00a0upravte nastaven\u00ed dle pot\u0159eb nap\u0159.: Scrollup Tooltip title: P\u0159ej\u00edt zp\u011bt na&nbsp;za\u010d\u00e1tek<\/p>\n","protected":false},"author":1,"featured_media":0,"parent":1440,"menu_order":17,"comment_status":"closed","ping_status":"closed","template":"","meta":{"advgb_blocks_editor_width":"","advgb_blocks_columns_visual_guide":"","footnotes":""},"class_list":["post-1268","page","type-page","status-publish","hentry"],"yoast_head":"<!-- This site is optimized with the Yoast SEO plugin v27.0 - https:\/\/yoast.com\/product\/yoast-seo-wordpress\/ -->\n<title>Scroll Back To Top Button - Spr\u00e1va webov\u00e9ho obsahu<\/title>\n<meta name=\"robots\" content=\"index, follow, max-snippet:-1, max-image-preview:large, max-video-preview:-1\" \/>\n<link rel=\"canonical\" href=\"https:\/\/swo.vavyskov.cz\/wordpress\/wordpress\/rozsireni\/scroll-back-to-top-button\/\" \/>\n<meta property=\"og:locale\" content=\"cs_CZ\" \/>\n<meta property=\"og:type\" content=\"article\" \/>\n<meta property=\"og:title\" content=\"Scroll Back To Top Button - Spr\u00e1va webov\u00e9ho obsahu\" \/>\n<meta property=\"og:description\" content=\"Zobrazen\u00ed plovouc\u00edho naviga\u010dn\u00edho tla\u010d\u00edtka umo\u017e\u0148uj\u00edc\u00ed p\u0159esun zp\u011bt do&nbsp;horn\u00ed \u010d\u00e1sti str\u00e1nky. Instalace a&nbsp;nastaven\u00ed: Nainstalujte plugin\u00a0Scroll Back To Top Button (2.9.0). V\u00a0Nastaven\u00ed -&gt; Scroll to Top\u00a0upravte nastaven\u00ed dle pot\u0159eb nap\u0159.: Scrollup Tooltip title: P\u0159ej\u00edt zp\u011bt na&nbsp;za\u010d\u00e1tek\" \/>\n<meta property=\"og:url\" content=\"https:\/\/swo.vavyskov.cz\/wordpress\/wordpress\/rozsireni\/scroll-back-to-top-button\/\" \/>\n<meta property=\"og:site_name\" content=\"Spr\u00e1va webov\u00e9ho obsahu\" \/>\n<meta property=\"article:modified_time\" content=\"2021-10-13T13:12:59+00:00\" \/>\n<meta name=\"twitter:card\" content=\"summary_large_image\" \/>\n<meta name=\"twitter:label1\" content=\"Odhadovan\u00e1 doba \u010dten\u00ed\" \/>\n\t<meta name=\"twitter:data1\" content=\"1 minuta\" \/>\n<script type=\"application\/ld+json\" class=\"yoast-schema-graph\">{\"@context\":\"https:\/\/schema.org\",\"@graph\":[{\"@type\":\"WebPage\",\"@id\":\"https:\/\/swo.vavyskov.cz\/wordpress\/wordpress\/rozsireni\/scroll-back-to-top-button\/\",\"url\":\"https:\/\/swo.vavyskov.cz\/wordpress\/wordpress\/rozsireni\/scroll-back-to-top-button\/\",\"name\":\"Scroll Back To Top Button - Spr\u00e1va webov\u00e9ho obsahu\",\"isPartOf\":{\"@id\":\"https:\/\/swo.vavyskov.cz\/wordpress\/#website\"},\"datePublished\":\"2021-10-13T13:05:34+00:00\",\"dateModified\":\"2021-10-13T13:12:59+00:00\",\"breadcrumb\":{\"@id\":\"https:\/\/swo.vavyskov.cz\/wordpress\/wordpress\/rozsireni\/scroll-back-to-top-button\/#breadcrumb\"},\"inLanguage\":\"cs\",\"potentialAction\":[{\"@type\":\"ReadAction\",\"target\":[\"https:\/\/swo.vavyskov.cz\/wordpress\/wordpress\/rozsireni\/scroll-back-to-top-button\/\"]}]},{\"@type\":\"BreadcrumbList\",\"@id\":\"https:\/\/swo.vavyskov.cz\/wordpress\/wordpress\/rozsireni\/scroll-back-to-top-button\/#breadcrumb\",\"itemListElement\":[{\"@type\":\"ListItem\",\"position\":1,\"name\":\"Dom\u016f\",\"item\":\"https:\/\/swo.vavyskov.cz\/wordpress\/\"},{\"@type\":\"ListItem\",\"position\":2,\"name\":\"WordPress\",\"item\":\"https:\/\/swo.vavyskov.cz\/wordpress\/wordpress\/\"},{\"@type\":\"ListItem\",\"position\":3,\"name\":\"Roz\u0161\u00ed\u0159en\u00ed\",\"item\":\"https:\/\/swo.vavyskov.cz\/wordpress\/wordpress\/rozsireni\/\"},{\"@type\":\"ListItem\",\"position\":4,\"name\":\"Scroll Back To Top Button\"}]},{\"@type\":\"WebSite\",\"@id\":\"https:\/\/swo.vavyskov.cz\/wordpress\/#website\",\"url\":\"https:\/\/swo.vavyskov.cz\/wordpress\/\",\"name\":\"Spr\u00e1va webov\u00e9ho obsahu\",\"description\":\"Tvo\u0159\u00edme \u00fasp\u011b\u0161n\u00fd web\",\"publisher\":{\"@id\":\"https:\/\/swo.vavyskov.cz\/wordpress\/#organization\"},\"potentialAction\":[{\"@type\":\"SearchAction\",\"target\":{\"@type\":\"EntryPoint\",\"urlTemplate\":\"https:\/\/swo.vavyskov.cz\/wordpress\/?s={search_term_string}\"},\"query-input\":{\"@type\":\"PropertyValueSpecification\",\"valueRequired\":true,\"valueName\":\"search_term_string\"}}],\"inLanguage\":\"cs\"},{\"@type\":\"Organization\",\"@id\":\"https:\/\/swo.vavyskov.cz\/wordpress\/#organization\",\"name\":\"Velitelstv\u00ed v\u00fdcviku \u2013 Vojensk\u00e1 akademie Vy\u0161kov\",\"url\":\"https:\/\/swo.vavyskov.cz\/wordpress\/\",\"logo\":{\"@type\":\"ImageObject\",\"inLanguage\":\"cs\",\"@id\":\"https:\/\/swo.vavyskov.cz\/wordpress\/#\/schema\/logo\/image\/\",\"url\":\"https:\/\/swo.vavyskov.cz\/wordpress\/wp-content\/uploads\/2018\/04\/kontakt.png\",\"contentUrl\":\"https:\/\/swo.vavyskov.cz\/wordpress\/wp-content\/uploads\/2018\/04\/kontakt.png\",\"width\":487,\"height\":640,\"caption\":\"Velitelstv\u00ed v\u00fdcviku \u2013 Vojensk\u00e1 akademie Vy\u0161kov\"},\"image\":{\"@id\":\"https:\/\/swo.vavyskov.cz\/wordpress\/#\/schema\/logo\/image\/\"}}]}<\/script>\n<!-- \/ Yoast SEO plugin. -->","yoast_head_json":{"title":"Scroll Back To Top Button - Spr\u00e1va webov\u00e9ho obsahu","robots":{"index":"index","follow":"follow","max-snippet":"max-snippet:-1","max-image-preview":"max-image-preview:large","max-video-preview":"max-video-preview:-1"},"canonical":"https:\/\/swo.vavyskov.cz\/wordpress\/wordpress\/rozsireni\/scroll-back-to-top-button\/","og_locale":"cs_CZ","og_type":"article","og_title":"Scroll Back To Top Button - Spr\u00e1va webov\u00e9ho obsahu","og_description":"Zobrazen\u00ed plovouc\u00edho naviga\u010dn\u00edho tla\u010d\u00edtka umo\u017e\u0148uj\u00edc\u00ed p\u0159esun zp\u011bt do&nbsp;horn\u00ed \u010d\u00e1sti str\u00e1nky. Instalace a&nbsp;nastaven\u00ed: Nainstalujte plugin\u00a0Scroll Back To Top Button (2.9.0). V\u00a0Nastaven\u00ed -> Scroll to Top\u00a0upravte nastaven\u00ed dle pot\u0159eb nap\u0159.: Scrollup Tooltip title: P\u0159ej\u00edt zp\u011bt na&nbsp;za\u010d\u00e1tek","og_url":"https:\/\/swo.vavyskov.cz\/wordpress\/wordpress\/rozsireni\/scroll-back-to-top-button\/","og_site_name":"Spr\u00e1va webov\u00e9ho obsahu","article_modified_time":"2021-10-13T13:12:59+00:00","twitter_card":"summary_large_image","twitter_misc":{"Odhadovan\u00e1 doba \u010dten\u00ed":"1 minuta"},"schema":{"@context":"https:\/\/schema.org","@graph":[{"@type":"WebPage","@id":"https:\/\/swo.vavyskov.cz\/wordpress\/wordpress\/rozsireni\/scroll-back-to-top-button\/","url":"https:\/\/swo.vavyskov.cz\/wordpress\/wordpress\/rozsireni\/scroll-back-to-top-button\/","name":"Scroll Back To Top Button - Spr\u00e1va webov\u00e9ho obsahu","isPartOf":{"@id":"https:\/\/swo.vavyskov.cz\/wordpress\/#website"},"datePublished":"2021-10-13T13:05:34+00:00","dateModified":"2021-10-13T13:12:59+00:00","breadcrumb":{"@id":"https:\/\/swo.vavyskov.cz\/wordpress\/wordpress\/rozsireni\/scroll-back-to-top-button\/#breadcrumb"},"inLanguage":"cs","potentialAction":[{"@type":"ReadAction","target":["https:\/\/swo.vavyskov.cz\/wordpress\/wordpress\/rozsireni\/scroll-back-to-top-button\/"]}]},{"@type":"BreadcrumbList","@id":"https:\/\/swo.vavyskov.cz\/wordpress\/wordpress\/rozsireni\/scroll-back-to-top-button\/#breadcrumb","itemListElement":[{"@type":"ListItem","position":1,"name":"Dom\u016f","item":"https:\/\/swo.vavyskov.cz\/wordpress\/"},{"@type":"ListItem","position":2,"name":"WordPress","item":"https:\/\/swo.vavyskov.cz\/wordpress\/wordpress\/"},{"@type":"ListItem","position":3,"name":"Roz\u0161\u00ed\u0159en\u00ed","item":"https:\/\/swo.vavyskov.cz\/wordpress\/wordpress\/rozsireni\/"},{"@type":"ListItem","position":4,"name":"Scroll Back To Top Button"}]},{"@type":"WebSite","@id":"https:\/\/swo.vavyskov.cz\/wordpress\/#website","url":"https:\/\/swo.vavyskov.cz\/wordpress\/","name":"Spr\u00e1va webov\u00e9ho obsahu","description":"Tvo\u0159\u00edme \u00fasp\u011b\u0161n\u00fd web","publisher":{"@id":"https:\/\/swo.vavyskov.cz\/wordpress\/#organization"},"potentialAction":[{"@type":"SearchAction","target":{"@type":"EntryPoint","urlTemplate":"https:\/\/swo.vavyskov.cz\/wordpress\/?s={search_term_string}"},"query-input":{"@type":"PropertyValueSpecification","valueRequired":true,"valueName":"search_term_string"}}],"inLanguage":"cs"},{"@type":"Organization","@id":"https:\/\/swo.vavyskov.cz\/wordpress\/#organization","name":"Velitelstv\u00ed v\u00fdcviku \u2013 Vojensk\u00e1 akademie Vy\u0161kov","url":"https:\/\/swo.vavyskov.cz\/wordpress\/","logo":{"@type":"ImageObject","inLanguage":"cs","@id":"https:\/\/swo.vavyskov.cz\/wordpress\/#\/schema\/logo\/image\/","url":"https:\/\/swo.vavyskov.cz\/wordpress\/wp-content\/uploads\/2018\/04\/kontakt.png","contentUrl":"https:\/\/swo.vavyskov.cz\/wordpress\/wp-content\/uploads\/2018\/04\/kontakt.png","width":487,"height":640,"caption":"Velitelstv\u00ed v\u00fdcviku \u2013 Vojensk\u00e1 akademie Vy\u0161kov"},"image":{"@id":"https:\/\/swo.vavyskov.cz\/wordpress\/#\/schema\/logo\/image\/"}}]}},"coauthors":[],"author_meta":{"author_link":"https:\/\/swo.vavyskov.cz\/wordpress\/author\/swowp\/","display_name":"SWO"},"relative_dates":{"created":"Posted 5 roky ago","modified":"Updated 5 roky ago"},"absolute_dates":{"created":"Posted on 13. 10. 2021","modified":"Updated on 13. 10. 2021"},"absolute_dates_time":{"created":"Posted on 13. 10. 2021 15:05","modified":"Updated on 13. 10. 2021 15:12"},"featured_img_caption":"","featured_img":false,"series_order":"","_links":{"self":[{"href":"https:\/\/swo.vavyskov.cz\/wordpress\/wp-json\/wp\/v2\/pages\/1268","targetHints":{"allow":["GET"]}}],"collection":[{"href":"https:\/\/swo.vavyskov.cz\/wordpress\/wp-json\/wp\/v2\/pages"}],"about":[{"href":"https:\/\/swo.vavyskov.cz\/wordpress\/wp-json\/wp\/v2\/types\/page"}],"author":[{"embeddable":true,"href":"https:\/\/swo.vavyskov.cz\/wordpress\/wp-json\/wp\/v2\/users\/1"}],"replies":[{"embeddable":true,"href":"https:\/\/swo.vavyskov.cz\/wordpress\/wp-json\/wp\/v2\/comments?post=1268"}],"version-history":[{"count":2,"href":"https:\/\/swo.vavyskov.cz\/wordpress\/wp-json\/wp\/v2\/pages\/1268\/revisions"}],"predecessor-version":[{"id":1270,"href":"https:\/\/swo.vavyskov.cz\/wordpress\/wp-json\/wp\/v2\/pages\/1268\/revisions\/1270"}],"up":[{"embeddable":true,"href":"https:\/\/swo.vavyskov.cz\/wordpress\/wp-json\/wp\/v2\/pages\/1440"}],"wp:attachment":[{"href":"https:\/\/swo.vavyskov.cz\/wordpress\/wp-json\/wp\/v2\/media?parent=1268"}],"curies":[{"name":"wp","href":"https:\/\/api.w.org\/{rel}","templated":true}]}}