{"id":114,"date":"2018-04-30T05:44:36","date_gmt":"2018-04-30T03:44:51","guid":{"rendered":"https:\/\/swo.vavyskov.cz\/wordpress\/?page_id=114"},"modified":"2020-03-01T21:33:23","modified_gmt":"2020-03-01T20:33:23","slug":"volba-vhodneho-reseni","status":"publish","type":"page","link":"https:\/\/swo.vavyskov.cz\/wordpress\/uspesny-web\/navrh\/volba-vhodneho-reseni\/","title":{"rendered":"Volba vhodn\u00e9ho \u0159e\u0161en\u00ed"},"content":{"rendered":"\n<figure class=\"wp-block-gallery columns-1 is-cropped wp-block-gallery-2\"><ul class=\"blocks-gallery-grid\"><li class=\"blocks-gallery-item\"><figure><img loading=\"lazy\" decoding=\"async\" width=\"1024\" height=\"768\" src=\"\/wordpress\/wp-content\/uploads\/2020\/02\/volba-vhodneho-reseni-1024x768.jpg\" alt=\"Volba vhodn\u00e9ho \u0159e\u0161en\u00ed\" data-id=\"630\" data-full-url=\"\/wordpress\/wp-content\/uploads\/2020\/02\/volba-vhodneho-reseni-scaled.jpg\" data-link=\"\/wordpress\/uspesny-web\/navrh\/volba-vhodneho-reseni\/volba-vhodneho-reseni-2\/\" class=\"wp-image-630 is-layout-flex wp-block-gallery-is-layout-flex\" srcset=\"https:\/\/swo.vavyskov.cz\/wordpress\/wp-content\/uploads\/2020\/02\/volba-vhodneho-reseni-1024x768.jpg 1024w, https:\/\/swo.vavyskov.cz\/wordpress\/wp-content\/uploads\/2020\/02\/volba-vhodneho-reseni-300x225.jpg 300w, https:\/\/swo.vavyskov.cz\/wordpress\/wp-content\/uploads\/2020\/02\/volba-vhodneho-reseni-768x576.jpg 768w, https:\/\/swo.vavyskov.cz\/wordpress\/wp-content\/uploads\/2020\/02\/volba-vhodneho-reseni-1536x1152.jpg 1536w, https:\/\/swo.vavyskov.cz\/wordpress\/wp-content\/uploads\/2020\/02\/volba-vhodneho-reseni-scaled.jpg 2048w\" sizes=\"auto, (max-width: 767px) 89vw, (max-width: 1000px) 54vw, (max-width: 1071px) 543px, 580px\" \/><\/figure><\/li><\/ul><\/figure>\n\n\n\n<h2 class=\"wp-block-heading\">Statick\u00e9 str\u00e1nky<\/h2>\n\n\n\n<p>Statick\u00e9 str\u00e1nky tvo\u0159\u00ed HTML, CSS a&nbsp;p\u0159\u00edpadn\u011b JavaScript soubory. Obsah v\u00fdsledn\u00e9 str\u00e1nky je \u201efixn\u00ed\u201c a&nbsp;nen\u00ed tud\u00ed\u017e na&nbsp;serveru tvo\u0159en dynamicky. Soubory jsou tak p\u0159edkl\u00e1d\u00e1ny prohl\u00ed\u017ee\u010di p\u0159\u00edmo ze&nbsp;souborov\u00e9ho syst\u00e9mu. Neexistuje datab\u00e1ze, ani&nbsp;\u017e\u00e1dn\u00e9 skriptov\u00e1n\u00ed na&nbsp;stran\u011b serveru.<\/p>\n\n\n\n<p>V\u00fdhody:<\/p>\n\n\n\n<ul class=\"wp-block-list\"><li>rychlost&nbsp;\u2013 nejsou spou\u0161t\u011bny \u017e\u00e1dn\u00e9 skritpy a&nbsp;nen\u00ed p\u0159istupov\u00e1no do&nbsp;datab\u00e1ze<\/li><li>bezpe\u010dnost&nbsp;\u2013 odoln\u00e9 v\u016f\u010di \u00fatok\u016fm hacker\u016f<\/li><\/ul>\n\n\n\n<p>Nev\u00fdhody:<\/p>\n\n\n\n<ul class=\"wp-block-list\"><li>nevhodn\u00fd n\u00e1stroj pro&nbsp;dynamick\u00e9 str\u00e1nky,&nbsp;marketing a&nbsp;obchodov\u00e1n\u00ed<\/li><\/ul>\n\n\n\n<h2 class=\"wp-block-heading\">Redak\u010dn\u00ed syst\u00e9m<\/h2>\n\n\n\n<p>Syst\u00e9m pro&nbsp;spr\u00e1vu webov\u00e9ho obsahu (CMS) odstra\u0148uje nedostatky statick\u00fdch str\u00e1nek a&nbsp;zefektiv\u0148uje vytv\u00e1\u0159en\u00ed webov\u00e9ho obsahu.<\/p>\n\n\n\n<p>V\u00fdhody:<\/p>\n\n\n\n<ul class=\"wp-block-list\"><li>autentizace (ov\u011b\u0159en\u00ed) a&nbsp;autorizace (p\u0159\u00edstup) u\u017eivatel\u016f<\/li><li>spr\u00e1va u\u017eivatel\u016f,&nbsp;flexibiln\u00ed kontrola opr\u00e1vn\u011bn\u00ed<\/li><li>pohodln\u00e9 vytv\u00e1\u0159en\u00ed, spr\u00e1va a&nbsp;filtrace obsahu<\/li><li>manipulace s&nbsp;URL adresami<\/li><\/ul>\n\n\n\n<p>Nev\u00fdhody:<\/p>\n\n\n\n<ul class=\"wp-block-list\"><li>del\u0161\u00ed doba odezvy&nbsp;\u2013 zv\u00fd\u0161en\u00e9 po\u017eadavky na&nbsp;zpracov\u00e1n\u00ed v\u00fdsledn\u00e9ho obsahu<\/li><li>pro zv\u00fd\u0161en\u00ed v\u00fdkonu je nutn\u00e9 pou\u017e\u00edvat v\u00edce\u00farov\u0148ov\u00e9 \u201ecache\u201c mechanismy (takto \u0159e\u0161en\u00e9 mezipam\u011bti b\u00fdvaj\u00ed \u010dasto slo\u017eit\u00e9 a&nbsp;n\u00e1kladn\u00e9)<\/li><li>redak\u010dn\u00ed syst\u00e9m vy\u017eaduje pravideln\u00e9 bezpe\u010dnostn\u00ed aktualizace&nbsp;\u2013 mo\u017enost \u00fatok\u016f hacker\u016f<\/li><\/ul>\n\n\n\n<p>Vyzkou\u0161ejte si syst\u00e9my pro&nbsp;spr\u00e1vu webov\u00e9ho obsahu:<\/p>\n\n\n\n<ul class=\"wp-block-list\"><li>slu\u017eba<ul><li><a href=\"https:\/\/www.webnode.cz\/\">webnode.cz<\/a><\/li><li><a href=\"https:\/\/www.estranky.cz\/\">estranky.cz<\/a><\/li><\/ul><\/li><li>vlastn\u00ed \u0159e\u0161en\u00ed<ul><li><a href=\"https:\/\/cs.wordpress.org\/\">cs.wordpress.org<\/a><\/li><li><a href=\"https:\/\/www.drupal.cz\/\">drupal.cz<\/a><\/li><\/ul><\/li><\/ul>\n\n\n\n<h2 class=\"wp-block-heading\">Z\u00e1v\u011br<\/h2>\n\n\n\n<p>Zva\u017ete p\u0159\u00edstup k&nbsp;vytv\u00e1\u0159en\u00ed, v\u00fdvoji a&nbsp;spr\u00e1v\u011b webov\u00fdch str\u00e1nek a&nbsp;vyu\u017eijte v\u00fdhod obou nab\u00edzen\u00fdch \u0159e\u0161en\u00ed. Vytv\u00e1\u0159ejte webov\u00e9 str\u00e1nky v&nbsp;redak\u010dn\u00edm syst\u00e9mu, ale&nbsp;na&nbsp;web publikujte jen statick\u00e9 str\u00e1nky.<\/p>\n","protected":false},"excerpt":{"rendered":"<p>Statick\u00e9 str\u00e1nky Statick\u00e9 str\u00e1nky tvo\u0159\u00ed HTML, CSS a&nbsp;p\u0159\u00edpadn\u011b JavaScript soubory. Obsah v\u00fdsledn\u00e9 str\u00e1nky je \u201efixn\u00ed\u201c a&nbsp;nen\u00ed tud\u00ed\u017e na&nbsp;serveru tvo\u0159en dynamicky. Soubory jsou tak p\u0159edkl\u00e1d\u00e1ny prohl\u00ed\u017ee\u010di p\u0159\u00edmo ze&nbsp;souborov\u00e9ho syst\u00e9mu. Neexistuje datab\u00e1ze, ani&nbsp;\u017e\u00e1dn\u00e9 skriptov\u00e1n\u00ed na&nbsp;stran\u011b serveru. V\u00fdhody: rychlost&nbsp;\u2013 nejsou spou\u0161t\u011bny \u017e\u00e1dn\u00e9 skritpy a&nbsp;nen\u00ed p\u0159istupov\u00e1no do&nbsp;datab\u00e1ze bezpe\u010dnost&nbsp;\u2013 odoln\u00e9 v\u016f\u010di \u00fatok\u016fm hacker\u016f Nev\u00fdhody: nevhodn\u00fd n\u00e1stroj pro&nbsp;dynamick\u00e9 str\u00e1nky,&nbsp;marketing a&nbsp;obchodov\u00e1n\u00ed Redak\u010dn\u00ed &hellip; <\/p>\n<p class=\"link-more\"><a href=\"https:\/\/swo.vavyskov.cz\/wordpress\/uspesny-web\/navrh\/volba-vhodneho-reseni\/\" class=\"more-link\">Pokra\u010dovat ve&nbsp;\u010dten\u00ed<span class=\"screen-reader-text\"> &#8220;Volba vhodn\u00e9ho \u0159e\u0161en\u00ed&#8221;<\/span><\/a><\/p>\n","protected":false},"author":1,"featured_media":630,"parent":77,"menu_order":6,"comment_status":"closed","ping_status":"closed","template":"page_no-featured-image.php","meta":{"advgb_blocks_editor_width":"","advgb_blocks_columns_visual_guide":"","footnotes":""},"class_list":["post-114","page","type-page","status-publish","has-post-thumbnail","hentry"],"yoast_head":"<!-- This site is optimized with the Yoast SEO plugin v27.0 - https:\/\/yoast.com\/product\/yoast-seo-wordpress\/ -->\n<title>Volba vhodn\u00e9ho \u0159e\u0161en\u00ed - Spr\u00e1va webov\u00e9ho obsahu<\/title>\n<meta name=\"robots\" content=\"index, follow, max-snippet:-1, max-image-preview:large, max-video-preview:-1\" \/>\n<link rel=\"canonical\" href=\"https:\/\/swo.vavyskov.cz\/wordpress\/uspesny-web\/navrh\/volba-vhodneho-reseni\/\" \/>\n<meta property=\"og:locale\" content=\"cs_CZ\" \/>\n<meta property=\"og:type\" content=\"article\" \/>\n<meta property=\"og:title\" content=\"Volba vhodn\u00e9ho \u0159e\u0161en\u00ed - Spr\u00e1va webov\u00e9ho obsahu\" \/>\n<meta property=\"og:description\" content=\"Statick\u00e9 str\u00e1nky Statick\u00e9 str\u00e1nky tvo\u0159\u00ed HTML, CSS a&nbsp;p\u0159\u00edpadn\u011b JavaScript soubory. Obsah v\u00fdsledn\u00e9 str\u00e1nky je \u201efixn\u00ed\u201c a&nbsp;nen\u00ed tud\u00ed\u017e na&nbsp;serveru tvo\u0159en dynamicky. Soubory jsou tak p\u0159edkl\u00e1d\u00e1ny prohl\u00ed\u017ee\u010di p\u0159\u00edmo ze&nbsp;souborov\u00e9ho syst\u00e9mu. Neexistuje datab\u00e1ze, ani&nbsp;\u017e\u00e1dn\u00e9 skriptov\u00e1n\u00ed na&nbsp;stran\u011b serveru. V\u00fdhody: rychlost&nbsp;\u2013 nejsou spou\u0161t\u011bny \u017e\u00e1dn\u00e9 skritpy a&nbsp;nen\u00ed p\u0159istupov\u00e1no do&nbsp;datab\u00e1ze bezpe\u010dnost&nbsp;\u2013 odoln\u00e9 v\u016f\u010di \u00fatok\u016fm hacker\u016f Nev\u00fdhody: nevhodn\u00fd n\u00e1stroj pro&nbsp;dynamick\u00e9 str\u00e1nky,&nbsp;marketing a&nbsp;obchodov\u00e1n\u00ed Redak\u010dn\u00ed &hellip; Pokra\u010dovat ve \u010dten\u00ed &quot;Volba vhodn\u00e9ho \u0159e\u0161en\u00ed&quot;\" \/>\n<meta property=\"og:url\" content=\"https:\/\/swo.vavyskov.cz\/wordpress\/uspesny-web\/navrh\/volba-vhodneho-reseni\/\" \/>\n<meta property=\"og:site_name\" content=\"Spr\u00e1va webov\u00e9ho obsahu\" \/>\n<meta property=\"article:modified_time\" content=\"2020-03-01T20:33:23+00:00\" \/>\n<meta property=\"og:image\" content=\"https:\/\/swo.vavyskov.cz\/wordpress\/wp-content\/uploads\/2020\/02\/volba-vhodneho-reseni-scaled.jpg\" \/>\n\t<meta property=\"og:image:width\" content=\"2048\" \/>\n\t<meta property=\"og:image:height\" content=\"1536\" \/>\n\t<meta property=\"og:image:type\" content=\"image\/jpeg\" \/>\n<meta name=\"twitter:card\" content=\"summary_large_image\" \/>\n<meta name=\"twitter:label1\" content=\"Odhadovan\u00e1 doba \u010dten\u00ed\" \/>\n\t<meta name=\"twitter:data1\" content=\"2 minuty\" \/>\n<script type=\"application\/ld+json\" class=\"yoast-schema-graph\">{\"@context\":\"https:\/\/schema.org\",\"@graph\":[{\"@type\":\"WebPage\",\"@id\":\"https:\/\/swo.vavyskov.cz\/wordpress\/uspesny-web\/navrh\/volba-vhodneho-reseni\/\",\"url\":\"https:\/\/swo.vavyskov.cz\/wordpress\/uspesny-web\/navrh\/volba-vhodneho-reseni\/\",\"name\":\"Volba vhodn\u00e9ho \u0159e\u0161en\u00ed - Spr\u00e1va webov\u00e9ho obsahu\",\"isPartOf\":{\"@id\":\"https:\/\/swo.vavyskov.cz\/wordpress\/#website\"},\"primaryImageOfPage\":{\"@id\":\"https:\/\/swo.vavyskov.cz\/wordpress\/uspesny-web\/navrh\/volba-vhodneho-reseni\/#primaryimage\"},\"image\":{\"@id\":\"https:\/\/swo.vavyskov.cz\/wordpress\/uspesny-web\/navrh\/volba-vhodneho-reseni\/#primaryimage\"},\"thumbnailUrl\":\"https:\/\/swo.vavyskov.cz\/wordpress\/wp-content\/uploads\/2020\/02\/volba-vhodneho-reseni-scaled.jpg\",\"datePublished\":\"2018-04-30T03:44:51+00:00\",\"dateModified\":\"2020-03-01T20:33:23+00:00\",\"breadcrumb\":{\"@id\":\"https:\/\/swo.vavyskov.cz\/wordpress\/uspesny-web\/navrh\/volba-vhodneho-reseni\/#breadcrumb\"},\"inLanguage\":\"cs\",\"potentialAction\":[{\"@type\":\"ReadAction\",\"target\":[\"https:\/\/swo.vavyskov.cz\/wordpress\/uspesny-web\/navrh\/volba-vhodneho-reseni\/\"]}]},{\"@type\":\"ImageObject\",\"inLanguage\":\"cs\",\"@id\":\"https:\/\/swo.vavyskov.cz\/wordpress\/uspesny-web\/navrh\/volba-vhodneho-reseni\/#primaryimage\",\"url\":\"https:\/\/swo.vavyskov.cz\/wordpress\/wp-content\/uploads\/2020\/02\/volba-vhodneho-reseni-scaled.jpg\",\"contentUrl\":\"https:\/\/swo.vavyskov.cz\/wordpress\/wp-content\/uploads\/2020\/02\/volba-vhodneho-reseni-scaled.jpg\",\"width\":2048,\"height\":1536,\"caption\":\"Volba vhodn\u00e9ho \u0159e\u0161en\u00ed\"},{\"@type\":\"BreadcrumbList\",\"@id\":\"https:\/\/swo.vavyskov.cz\/wordpress\/uspesny-web\/navrh\/volba-vhodneho-reseni\/#breadcrumb\",\"itemListElement\":[{\"@type\":\"ListItem\",\"position\":1,\"name\":\"Dom\u016f\",\"item\":\"https:\/\/swo.vavyskov.cz\/wordpress\/\"},{\"@type\":\"ListItem\",\"position\":2,\"name\":\"\u00dasp\u011b\u0161n\u00fd web\",\"item\":\"https:\/\/swo.vavyskov.cz\/wordpress\/uspesny-web\/\"},{\"@type\":\"ListItem\",\"position\":3,\"name\":\"N\u00e1vrh\",\"item\":\"https:\/\/swo.vavyskov.cz\/wordpress\/uspesny-web\/navrh\/\"},{\"@type\":\"ListItem\",\"position\":4,\"name\":\"Volba vhodn\u00e9ho \u0159e\u0161en\u00ed\"}]},{\"@type\":\"WebSite\",\"@id\":\"https:\/\/swo.vavyskov.cz\/wordpress\/#website\",\"url\":\"https:\/\/swo.vavyskov.cz\/wordpress\/\",\"name\":\"Spr\u00e1va webov\u00e9ho obsahu\",\"description\":\"Tvo\u0159\u00edme \u00fasp\u011b\u0161n\u00fd web\",\"publisher\":{\"@id\":\"https:\/\/swo.vavyskov.cz\/wordpress\/#organization\"},\"potentialAction\":[{\"@type\":\"SearchAction\",\"target\":{\"@type\":\"EntryPoint\",\"urlTemplate\":\"https:\/\/swo.vavyskov.cz\/wordpress\/?s={search_term_string}\"},\"query-input\":{\"@type\":\"PropertyValueSpecification\",\"valueRequired\":true,\"valueName\":\"search_term_string\"}}],\"inLanguage\":\"cs\"},{\"@type\":\"Organization\",\"@id\":\"https:\/\/swo.vavyskov.cz\/wordpress\/#organization\",\"name\":\"Velitelstv\u00ed v\u00fdcviku \u2013 Vojensk\u00e1 akademie Vy\u0161kov\",\"url\":\"https:\/\/swo.vavyskov.cz\/wordpress\/\",\"logo\":{\"@type\":\"ImageObject\",\"inLanguage\":\"cs\",\"@id\":\"https:\/\/swo.vavyskov.cz\/wordpress\/#\/schema\/logo\/image\/\",\"url\":\"https:\/\/swo.vavyskov.cz\/wordpress\/wp-content\/uploads\/2018\/04\/kontakt.png\",\"contentUrl\":\"https:\/\/swo.vavyskov.cz\/wordpress\/wp-content\/uploads\/2018\/04\/kontakt.png\",\"width\":487,\"height\":640,\"caption\":\"Velitelstv\u00ed v\u00fdcviku \u2013 Vojensk\u00e1 akademie Vy\u0161kov\"},\"image\":{\"@id\":\"https:\/\/swo.vavyskov.cz\/wordpress\/#\/schema\/logo\/image\/\"}}]}<\/script>\n<!-- \/ Yoast SEO plugin. -->","yoast_head_json":{"title":"Volba vhodn\u00e9ho \u0159e\u0161en\u00ed - Spr\u00e1va webov\u00e9ho obsahu","robots":{"index":"index","follow":"follow","max-snippet":"max-snippet:-1","max-image-preview":"max-image-preview:large","max-video-preview":"max-video-preview:-1"},"canonical":"https:\/\/swo.vavyskov.cz\/wordpress\/uspesny-web\/navrh\/volba-vhodneho-reseni\/","og_locale":"cs_CZ","og_type":"article","og_title":"Volba vhodn\u00e9ho \u0159e\u0161en\u00ed - Spr\u00e1va webov\u00e9ho obsahu","og_description":"Statick\u00e9 str\u00e1nky Statick\u00e9 str\u00e1nky tvo\u0159\u00ed HTML, CSS a&nbsp;p\u0159\u00edpadn\u011b JavaScript soubory. Obsah v\u00fdsledn\u00e9 str\u00e1nky je \u201efixn\u00ed\u201c a&nbsp;nen\u00ed tud\u00ed\u017e na&nbsp;serveru tvo\u0159en dynamicky. Soubory jsou tak p\u0159edkl\u00e1d\u00e1ny prohl\u00ed\u017ee\u010di p\u0159\u00edmo ze&nbsp;souborov\u00e9ho syst\u00e9mu. Neexistuje datab\u00e1ze, ani&nbsp;\u017e\u00e1dn\u00e9 skriptov\u00e1n\u00ed na&nbsp;stran\u011b serveru. V\u00fdhody: rychlost&nbsp;\u2013 nejsou spou\u0161t\u011bny \u017e\u00e1dn\u00e9 skritpy a&nbsp;nen\u00ed p\u0159istupov\u00e1no do&nbsp;datab\u00e1ze bezpe\u010dnost&nbsp;\u2013 odoln\u00e9 v\u016f\u010di \u00fatok\u016fm hacker\u016f Nev\u00fdhody: nevhodn\u00fd n\u00e1stroj pro&nbsp;dynamick\u00e9 str\u00e1nky,&nbsp;marketing a&nbsp;obchodov\u00e1n\u00ed Redak\u010dn\u00ed &hellip; Pokra\u010dovat ve \u010dten\u00ed \"Volba vhodn\u00e9ho \u0159e\u0161en\u00ed\"","og_url":"https:\/\/swo.vavyskov.cz\/wordpress\/uspesny-web\/navrh\/volba-vhodneho-reseni\/","og_site_name":"Spr\u00e1va webov\u00e9ho obsahu","article_modified_time":"2020-03-01T20:33:23+00:00","og_image":[{"width":2048,"height":1536,"url":"https:\/\/swo.vavyskov.cz\/wordpress\/wp-content\/uploads\/2020\/02\/volba-vhodneho-reseni-scaled.jpg","type":"image\/jpeg"}],"twitter_card":"summary_large_image","twitter_misc":{"Odhadovan\u00e1 doba \u010dten\u00ed":"2 minuty"},"schema":{"@context":"https:\/\/schema.org","@graph":[{"@type":"WebPage","@id":"https:\/\/swo.vavyskov.cz\/wordpress\/uspesny-web\/navrh\/volba-vhodneho-reseni\/","url":"https:\/\/swo.vavyskov.cz\/wordpress\/uspesny-web\/navrh\/volba-vhodneho-reseni\/","name":"Volba vhodn\u00e9ho \u0159e\u0161en\u00ed - Spr\u00e1va webov\u00e9ho obsahu","isPartOf":{"@id":"https:\/\/swo.vavyskov.cz\/wordpress\/#website"},"primaryImageOfPage":{"@id":"https:\/\/swo.vavyskov.cz\/wordpress\/uspesny-web\/navrh\/volba-vhodneho-reseni\/#primaryimage"},"image":{"@id":"https:\/\/swo.vavyskov.cz\/wordpress\/uspesny-web\/navrh\/volba-vhodneho-reseni\/#primaryimage"},"thumbnailUrl":"https:\/\/swo.vavyskov.cz\/wordpress\/wp-content\/uploads\/2020\/02\/volba-vhodneho-reseni-scaled.jpg","datePublished":"2018-04-30T03:44:51+00:00","dateModified":"2020-03-01T20:33:23+00:00","breadcrumb":{"@id":"https:\/\/swo.vavyskov.cz\/wordpress\/uspesny-web\/navrh\/volba-vhodneho-reseni\/#breadcrumb"},"inLanguage":"cs","potentialAction":[{"@type":"ReadAction","target":["https:\/\/swo.vavyskov.cz\/wordpress\/uspesny-web\/navrh\/volba-vhodneho-reseni\/"]}]},{"@type":"ImageObject","inLanguage":"cs","@id":"https:\/\/swo.vavyskov.cz\/wordpress\/uspesny-web\/navrh\/volba-vhodneho-reseni\/#primaryimage","url":"https:\/\/swo.vavyskov.cz\/wordpress\/wp-content\/uploads\/2020\/02\/volba-vhodneho-reseni-scaled.jpg","contentUrl":"https:\/\/swo.vavyskov.cz\/wordpress\/wp-content\/uploads\/2020\/02\/volba-vhodneho-reseni-scaled.jpg","width":2048,"height":1536,"caption":"Volba vhodn\u00e9ho \u0159e\u0161en\u00ed"},{"@type":"BreadcrumbList","@id":"https:\/\/swo.vavyskov.cz\/wordpress\/uspesny-web\/navrh\/volba-vhodneho-reseni\/#breadcrumb","itemListElement":[{"@type":"ListItem","position":1,"name":"Dom\u016f","item":"https:\/\/swo.vavyskov.cz\/wordpress\/"},{"@type":"ListItem","position":2,"name":"\u00dasp\u011b\u0161n\u00fd web","item":"https:\/\/swo.vavyskov.cz\/wordpress\/uspesny-web\/"},{"@type":"ListItem","position":3,"name":"N\u00e1vrh","item":"https:\/\/swo.vavyskov.cz\/wordpress\/uspesny-web\/navrh\/"},{"@type":"ListItem","position":4,"name":"Volba vhodn\u00e9ho \u0159e\u0161en\u00ed"}]},{"@type":"WebSite","@id":"https:\/\/swo.vavyskov.cz\/wordpress\/#website","url":"https:\/\/swo.vavyskov.cz\/wordpress\/","name":"Spr\u00e1va webov\u00e9ho obsahu","description":"Tvo\u0159\u00edme \u00fasp\u011b\u0161n\u00fd web","publisher":{"@id":"https:\/\/swo.vavyskov.cz\/wordpress\/#organization"},"potentialAction":[{"@type":"SearchAction","target":{"@type":"EntryPoint","urlTemplate":"https:\/\/swo.vavyskov.cz\/wordpress\/?s={search_term_string}"},"query-input":{"@type":"PropertyValueSpecification","valueRequired":true,"valueName":"search_term_string"}}],"inLanguage":"cs"},{"@type":"Organization","@id":"https:\/\/swo.vavyskov.cz\/wordpress\/#organization","name":"Velitelstv\u00ed v\u00fdcviku \u2013 Vojensk\u00e1 akademie Vy\u0161kov","url":"https:\/\/swo.vavyskov.cz\/wordpress\/","logo":{"@type":"ImageObject","inLanguage":"cs","@id":"https:\/\/swo.vavyskov.cz\/wordpress\/#\/schema\/logo\/image\/","url":"https:\/\/swo.vavyskov.cz\/wordpress\/wp-content\/uploads\/2018\/04\/kontakt.png","contentUrl":"https:\/\/swo.vavyskov.cz\/wordpress\/wp-content\/uploads\/2018\/04\/kontakt.png","width":487,"height":640,"caption":"Velitelstv\u00ed v\u00fdcviku \u2013 Vojensk\u00e1 akademie Vy\u0161kov"},"image":{"@id":"https:\/\/swo.vavyskov.cz\/wordpress\/#\/schema\/logo\/image\/"}}]}},"coauthors":[],"author_meta":{"author_link":"https:\/\/swo.vavyskov.cz\/wordpress\/author\/swowp\/","display_name":"SWO"},"relative_dates":{"created":"Posted 8 roky ago","modified":"Updated 6 roky ago"},"absolute_dates":{"created":"Posted on 30. 4. 2018","modified":"Updated on 1. 3. 2020"},"absolute_dates_time":{"created":"Posted on 30. 4. 2018 5:44","modified":"Updated on 1. 3. 2020 21:33"},"featured_img_caption":"","featured_img":"https:\/\/swo.vavyskov.cz\/wordpress\/wp-content\/uploads\/2020\/02\/volba-vhodneho-reseni-scaled.jpg","series_order":"","_links":{"self":[{"href":"https:\/\/swo.vavyskov.cz\/wordpress\/wp-json\/wp\/v2\/pages\/114","targetHints":{"allow":["GET"]}}],"collection":[{"href":"https:\/\/swo.vavyskov.cz\/wordpress\/wp-json\/wp\/v2\/pages"}],"about":[{"href":"https:\/\/swo.vavyskov.cz\/wordpress\/wp-json\/wp\/v2\/types\/page"}],"author":[{"embeddable":true,"href":"https:\/\/swo.vavyskov.cz\/wordpress\/wp-json\/wp\/v2\/users\/1"}],"replies":[{"embeddable":true,"href":"https:\/\/swo.vavyskov.cz\/wordpress\/wp-json\/wp\/v2\/comments?post=114"}],"version-history":[{"count":11,"href":"https:\/\/swo.vavyskov.cz\/wordpress\/wp-json\/wp\/v2\/pages\/114\/revisions"}],"predecessor-version":[{"id":955,"href":"https:\/\/swo.vavyskov.cz\/wordpress\/wp-json\/wp\/v2\/pages\/114\/revisions\/955"}],"up":[{"embeddable":true,"href":"https:\/\/swo.vavyskov.cz\/wordpress\/wp-json\/wp\/v2\/pages\/77"}],"wp:featuredmedia":[{"embeddable":true,"href":"https:\/\/swo.vavyskov.cz\/wordpress\/wp-json\/wp\/v2\/media\/630"}],"wp:attachment":[{"href":"https:\/\/swo.vavyskov.cz\/wordpress\/wp-json\/wp\/v2\/media?parent=114"}],"curies":[{"name":"wp","href":"https:\/\/api.w.org\/{rel}","templated":true}]}}