{"id":11,"date":"2018-04-24T14:06:36","date_gmt":"2018-04-24T12:06:36","guid":{"rendered":"https:\/\/swo.vavyskov.cz\/wordpress\/?page_id=11"},"modified":"2021-10-21T19:50:23","modified_gmt":"2021-10-21T17:50:23","slug":"kontakt","status":"publish","type":"page","link":"https:\/\/swo.vavyskov.cz\/wordpress\/kontakt\/","title":{"rendered":"Kontakt"},"content":{"rendered":"<p><img loading=\"lazy\" decoding=\"async\" class=\"size-medium wp-image-41 alignright\" src=\"\/wordpress\/wp-content\/uploads\/2018\/04\/kontakt-228x300.png\" alt=\"Kontakt\" width=\"228\" height=\"300\" srcset=\"https:\/\/swo.vavyskov.cz\/wordpress\/wp-content\/uploads\/2018\/04\/kontakt-228x300.png 228w, https:\/\/swo.vavyskov.cz\/wordpress\/wp-content\/uploads\/2018\/04\/kontakt.png 487w\" sizes=\"auto, (max-width: 228px) 100vw, 228px\" \/><\/p>\n<p>R\u00e1di p\u0159iv\u00edt\u00e1me Va\u0161i konstruktivn\u00ed zp\u011btnou vazbu ke&nbsp;kurzu <a href=\"\/wordpress\/sprava-weboveho-obsahu\/\">Spr\u00e1va webov\u00e9ho obsahu<\/a>, kter\u00fd po\u0159\u00e1d\u00e1 Velitelstv\u00ed v\u00fdcviku \u2013 Vojensk\u00e1 akademie Vy\u0161kov a&nbsp;budeme&nbsp;r\u00e1di, kdy\u017e&nbsp;pro&nbsp;komunikaci s&nbsp;n\u00e1mi vyu\u017eijete libovoln\u00fd n\u00ed\u017ee uveden\u00fd kontakt.<\/p>\n<h2 style=\"clear: none;\">Adresa<\/h2>\n<address>Velitelstv\u00ed v\u00fdcviku \u2013 Vojensk\u00e1 akademie<br \/>\nV\u00edta Nejedl\u00e9ho<br \/>\n682&nbsp;01 Vy\u0161kov<\/address>\n<p><iframe loading=\"lazy\" style=\"border: 0;\" src=\"https:\/\/www.google.com\/maps\/embed?pb=!1m18!1m12!1m3!1d2601.69116086361!2d16.977858015391178!3d49.30119327933333!2m3!1f0!2f0!3f0!3m2!1i1024!2i768!4f13.1!3m3!1m2!1s0x470bf804e66076cf%3A0xd1f4926025b2a9ae!2zVmVsaXRlbHN0dsOtIHbDvWN2aWt1IOKAkyBWb2plbnNrw6EgYWthZGVtaWU!5e0!3m2!1scs!2scz!4v1495528879037\" width=\"960\" height=\"300\" frameborder=\"0\" allowfullscreen=\"allowfullscreen\"><\/iframe><\/p>\n<div id='gallery-2' class='gallery galleryid-11 gallery-columns-3 gallery-size-medium'><figure class='gallery-item'>\n\t\t\t<div class='gallery-icon portrait'>\n\t\t\t\t<a href='https:\/\/swo.vavyskov.cz\/wordpress\/wp-content\/uploads\/2018\/04\/ucebna-b527-f.jpg' title=\"\" data-rl_title=\"\" class=\"rl-gallery-link\" data-rl_caption=\"\" data-rel=\"lightbox-gallery-2\"><img loading=\"lazy\" decoding=\"async\" width=\"188\" height=\"300\" src=\"https:\/\/swo.vavyskov.cz\/wordpress\/wp-content\/uploads\/2018\/04\/ucebna-b527-f-188x300.jpg\" class=\"attachment-medium size-medium\" alt=\"U\u010debna B527 f\" srcset=\"https:\/\/swo.vavyskov.cz\/wordpress\/wp-content\/uploads\/2018\/04\/ucebna-b527-f-188x300.jpg 188w, https:\/\/swo.vavyskov.cz\/wordpress\/wp-content\/uploads\/2018\/04\/ucebna-b527-f-768x1229.jpg 768w, https:\/\/swo.vavyskov.cz\/wordpress\/wp-content\/uploads\/2018\/04\/ucebna-b527-f-640x1024.jpg 640w, https:\/\/swo.vavyskov.cz\/wordpress\/wp-content\/uploads\/2018\/04\/ucebna-b527-f.jpg 1280w\" sizes=\"auto, 100vw\" \/><\/a>\n\t\t\t<\/div><\/figure><figure class='gallery-item'>\n\t\t\t<div class='gallery-icon landscape'>\n\t\t\t\t<a href='https:\/\/swo.vavyskov.cz\/wordpress\/wp-content\/uploads\/2018\/04\/ucebna-b527-e.jpg' title=\"\" data-rl_title=\"\" class=\"rl-gallery-link\" data-rl_caption=\"\" data-rel=\"lightbox-gallery-2\"><img loading=\"lazy\" decoding=\"async\" width=\"300\" height=\"188\" src=\"https:\/\/swo.vavyskov.cz\/wordpress\/wp-content\/uploads\/2018\/04\/ucebna-b527-e-300x188.jpg\" class=\"attachment-medium size-medium\" alt=\"U\u010debna B527 e\" srcset=\"https:\/\/swo.vavyskov.cz\/wordpress\/wp-content\/uploads\/2018\/04\/ucebna-b527-e-300x188.jpg 300w, https:\/\/swo.vavyskov.cz\/wordpress\/wp-content\/uploads\/2018\/04\/ucebna-b527-e-768x480.jpg 768w, https:\/\/swo.vavyskov.cz\/wordpress\/wp-content\/uploads\/2018\/04\/ucebna-b527-e-1024x640.jpg 1024w, https:\/\/swo.vavyskov.cz\/wordpress\/wp-content\/uploads\/2018\/04\/ucebna-b527-e.jpg 2048w\" sizes=\"auto, 100vw\" \/><\/a>\n\t\t\t<\/div><\/figure><figure class='gallery-item'>\n\t\t\t<div class='gallery-icon landscape'>\n\t\t\t\t<a href='https:\/\/swo.vavyskov.cz\/wordpress\/wp-content\/uploads\/2018\/04\/ucebna-b527-d.jpg' title=\"\" data-rl_title=\"\" class=\"rl-gallery-link\" data-rl_caption=\"\" data-rel=\"lightbox-gallery-2\"><img loading=\"lazy\" decoding=\"async\" width=\"300\" height=\"188\" src=\"https:\/\/swo.vavyskov.cz\/wordpress\/wp-content\/uploads\/2018\/04\/ucebna-b527-d-300x188.jpg\" class=\"attachment-medium size-medium\" alt=\"U\u010debna B527 d\" srcset=\"https:\/\/swo.vavyskov.cz\/wordpress\/wp-content\/uploads\/2018\/04\/ucebna-b527-d-300x188.jpg 300w, https:\/\/swo.vavyskov.cz\/wordpress\/wp-content\/uploads\/2018\/04\/ucebna-b527-d-768x480.jpg 768w, https:\/\/swo.vavyskov.cz\/wordpress\/wp-content\/uploads\/2018\/04\/ucebna-b527-d-1024x640.jpg 1024w, https:\/\/swo.vavyskov.cz\/wordpress\/wp-content\/uploads\/2018\/04\/ucebna-b527-d.jpg 2048w\" sizes=\"auto, 100vw\" \/><\/a>\n\t\t\t<\/div><\/figure><figure class='gallery-item'>\n\t\t\t<div class='gallery-icon landscape'>\n\t\t\t\t<a href='https:\/\/swo.vavyskov.cz\/wordpress\/wp-content\/uploads\/2018\/04\/ucebna-b527-c.jpg' title=\"\" data-rl_title=\"\" class=\"rl-gallery-link\" data-rl_caption=\"\" data-rel=\"lightbox-gallery-2\"><img loading=\"lazy\" decoding=\"async\" width=\"300\" height=\"169\" src=\"https:\/\/swo.vavyskov.cz\/wordpress\/wp-content\/uploads\/2018\/04\/ucebna-b527-c-300x169.jpg\" class=\"attachment-medium size-medium\" alt=\"U\u010debna B527 c\" srcset=\"https:\/\/swo.vavyskov.cz\/wordpress\/wp-content\/uploads\/2018\/04\/ucebna-b527-c-300x169.jpg 300w, https:\/\/swo.vavyskov.cz\/wordpress\/wp-content\/uploads\/2018\/04\/ucebna-b527-c-768x432.jpg 768w, https:\/\/swo.vavyskov.cz\/wordpress\/wp-content\/uploads\/2018\/04\/ucebna-b527-c-1024x576.jpg 1024w, https:\/\/swo.vavyskov.cz\/wordpress\/wp-content\/uploads\/2018\/04\/ucebna-b527-c.jpg 2048w\" sizes=\"auto, 100vw\" \/><\/a>\n\t\t\t<\/div><\/figure><figure class='gallery-item'>\n\t\t\t<div class='gallery-icon landscape'>\n\t\t\t\t<a href='https:\/\/swo.vavyskov.cz\/wordpress\/wp-content\/uploads\/2018\/04\/ucebna-b527-b.jpg' title=\"\" data-rl_title=\"\" class=\"rl-gallery-link\" data-rl_caption=\"\" data-rel=\"lightbox-gallery-2\"><img loading=\"lazy\" decoding=\"async\" width=\"300\" height=\"188\" src=\"https:\/\/swo.vavyskov.cz\/wordpress\/wp-content\/uploads\/2018\/04\/ucebna-b527-b-300x188.jpg\" class=\"attachment-medium size-medium\" alt=\"U\u010debna B527 b\" srcset=\"https:\/\/swo.vavyskov.cz\/wordpress\/wp-content\/uploads\/2018\/04\/ucebna-b527-b-300x188.jpg 300w, https:\/\/swo.vavyskov.cz\/wordpress\/wp-content\/uploads\/2018\/04\/ucebna-b527-b-768x480.jpg 768w, https:\/\/swo.vavyskov.cz\/wordpress\/wp-content\/uploads\/2018\/04\/ucebna-b527-b-1024x640.jpg 1024w, https:\/\/swo.vavyskov.cz\/wordpress\/wp-content\/uploads\/2018\/04\/ucebna-b527-b.jpg 2048w\" sizes=\"auto, 100vw\" \/><\/a>\n\t\t\t<\/div><\/figure><figure class='gallery-item'>\n\t\t\t<div class='gallery-icon portrait'>\n\t\t\t\t<a href='https:\/\/swo.vavyskov.cz\/wordpress\/wp-content\/uploads\/2018\/04\/ucebna-b527-a.jpg' title=\"\" data-rl_title=\"\" class=\"rl-gallery-link\" data-rl_caption=\"\" data-rel=\"lightbox-gallery-2\"><img loading=\"lazy\" decoding=\"async\" width=\"169\" height=\"300\" src=\"https:\/\/swo.vavyskov.cz\/wordpress\/wp-content\/uploads\/2018\/04\/ucebna-b527-a-169x300.jpg\" class=\"attachment-medium size-medium\" alt=\"U\u010debna B527 a\" srcset=\"https:\/\/swo.vavyskov.cz\/wordpress\/wp-content\/uploads\/2018\/04\/ucebna-b527-a-169x300.jpg 169w, https:\/\/swo.vavyskov.cz\/wordpress\/wp-content\/uploads\/2018\/04\/ucebna-b527-a-768x1363.jpg 768w, https:\/\/swo.vavyskov.cz\/wordpress\/wp-content\/uploads\/2018\/04\/ucebna-b527-a-577x1024.jpg 577w, https:\/\/swo.vavyskov.cz\/wordpress\/wp-content\/uploads\/2018\/04\/ucebna-b527-a.jpg 1154w\" sizes=\"auto, 100vw\" \/><\/a>\n\t\t\t<\/div><\/figure>\n\t\t<\/div>\n\n<h2>Telefon<\/h2>\n<p>724&nbsp;071&nbsp;147 \u2013 tiskov\u00e1 mluv\u010d\u00ed<br \/>\n973&nbsp;441&nbsp;111 \u2013 spojovatelka<\/p>\n<h2>Fax<\/h2>\n<p>973&nbsp;450&nbsp;500 \u2013 dozor\u010d\u00ed<\/p>\n<h2>E-mail<\/h2>\n<p><a href=\"mailto:info@vavyskov.cz\">info@vavyskov.cz<\/a><\/p>\n<h2>Kontakt a&nbsp;dopravn\u00ed dostupnost<\/h2>\n<p>Do Vy\u0161kova se&nbsp;pohodln\u011b dostane ve\u0159ejnou dopravou. <strong>Vlakov\u00e9 i&nbsp;autobusov\u00e9 n\u00e1dra\u017e\u00ed<\/strong> jsou bl\u00edzko&nbsp;sebe a&nbsp;z&nbsp;obou n\u00e1dra\u017e\u00ed je mo\u017en\u00e9 pou\u017e\u00edt m\u011bstskou hromadnou dopravu (d\u00e1le jen MHD).<\/p>\n<p>Do kas\u00e1ren se&nbsp;z&nbsp;autobusov\u00e9ho i&nbsp;vlakov\u00e9ho n\u00e1dra\u017e\u00ed dostanete autobusovou linkou <a href=\"https:\/\/www.idsjmk.cz\/jrady\/750.pdf\">MHD 750<\/a>, nebo <a href=\"https:\/\/www.idsjmk.cz\/jrady\/744.pdf\">MHD 744<\/a>&nbsp;(zast\u00e1vka &#8220;D\u011bdice, kas\u00e1rna&#8221;).<\/p>\n<p>Pro parkov\u00e1n\u00ed <strong>osobn\u00edch automobil\u016f<\/strong> v&nbsp;are\u00e1lu Velitelstv\u00ed v\u00fdcivku \u2013 Vojensk\u00e1 akademie (d\u00e1le jen&nbsp;VeV-VA) je k&nbsp;dispozici n\u011bkolik velk\u00fdch odstavn\u00fdch parkovi\u0161\u0165 uvnit\u0159 are\u00e1lu a&nbsp;n\u011bkolik men\u0161\u00edch&nbsp;parkovi\u0161\u0165 p\u0159\u00edmo na&nbsp;ulici V\u00edta Nejedl\u00e9ho a&nbsp;v&nbsp;bl\u00edzk\u00e9m okol\u00ed.<\/p>\n<p><!--[caldera_form id=\"CF5ae060982e0d9\"]--><\/p>\n","protected":false},"excerpt":{"rendered":"<p>R\u00e1di p\u0159iv\u00edt\u00e1me Va\u0161i konstruktivn\u00ed zp\u011btnou vazbu ke&nbsp;kurzu Spr\u00e1va webov\u00e9ho obsahu, kter\u00fd po\u0159\u00e1d\u00e1 Velitelstv\u00ed v\u00fdcviku \u2013 Vojensk\u00e1 akademie Vy\u0161kov a&nbsp;budeme&nbsp;r\u00e1di, kdy\u017e&nbsp;pro&nbsp;komunikaci s&nbsp;n\u00e1mi vyu\u017eijete libovoln\u00fd n\u00ed\u017ee uveden\u00fd kontakt. Adresa Velitelstv\u00ed v\u00fdcviku \u2013 Vojensk\u00e1 akademie V\u00edta Nejedl\u00e9ho 682&nbsp;01 Vy\u0161kov Telefon 724&nbsp;071&nbsp;147 \u2013 tiskov\u00e1 mluv\u010d\u00ed 973&nbsp;441&nbsp;111 \u2013 spojovatelka Fax 973&nbsp;450&nbsp;500 \u2013 dozor\u010d\u00ed E-mail info@vavyskov.cz Kontakt a&nbsp;dopravn\u00ed dostupnost Do&nbsp;Vy\u0161kova &hellip; <\/p>\n<p class=\"link-more\"><a href=\"https:\/\/swo.vavyskov.cz\/wordpress\/kontakt\/\" class=\"more-link\">Pokra\u010dovat ve&nbsp;\u010dten\u00ed<span class=\"screen-reader-text\"> &#8220;Kontakt&#8221;<\/span><\/a><\/p>\n","protected":false},"author":2,"featured_media":0,"parent":0,"menu_order":7,"comment_status":"closed","ping_status":"closed","template":"page_one-column.php","meta":{"advgb_blocks_editor_width":"","advgb_blocks_columns_visual_guide":"","footnotes":""},"class_list":["post-11","page","type-page","status-publish","hentry"],"yoast_head":"<!-- This site is optimized with the Yoast SEO plugin v27.0 - https:\/\/yoast.com\/product\/yoast-seo-wordpress\/ -->\n<title>Kontakt VeV \u2013 VA Vy\u0161kov | Spr\u00e1va webov\u00e9ho obsahu<\/title>\n<meta name=\"description\" content=\"R\u00e1di p\u0159iv\u00edt\u00e1me Va\u0161i konstruktivn\u00ed zp\u011btnou vazbu a budeme r\u00e1di, kdy\u017e pro komunikaci s n\u00e1mi vyu\u017eijete libovoln\u00fd n\u00ed\u017ee uveden\u00fd kontakt.\" \/>\n<meta name=\"robots\" content=\"index, follow, max-snippet:-1, max-image-preview:large, max-video-preview:-1\" \/>\n<link rel=\"canonical\" href=\"https:\/\/swo.vavyskov.cz\/wordpress\/kontakt\/\" \/>\n<meta property=\"og:locale\" content=\"cs_CZ\" \/>\n<meta property=\"og:type\" content=\"article\" \/>\n<meta property=\"og:title\" content=\"Kontakt VeV \u2013 VA Vy\u0161kov | Spr\u00e1va webov\u00e9ho obsahu\" \/>\n<meta property=\"og:description\" content=\"R\u00e1di p\u0159iv\u00edt\u00e1me Va\u0161i konstruktivn\u00ed zp\u011btnou vazbu a budeme r\u00e1di, kdy\u017e pro komunikaci s n\u00e1mi vyu\u017eijete libovoln\u00fd n\u00ed\u017ee uveden\u00fd kontakt.\" \/>\n<meta property=\"og:url\" content=\"https:\/\/swo.vavyskov.cz\/wordpress\/kontakt\/\" \/>\n<meta property=\"og:site_name\" content=\"Spr\u00e1va webov\u00e9ho obsahu\" \/>\n<meta property=\"article:modified_time\" content=\"2021-10-21T17:50:23+00:00\" \/>\n<meta property=\"og:image\" content=\"https:\/\/swo.vavyskov.cz\/wordpress\/wp-content\/uploads\/2018\/04\/ucebna-b527-f-188x300.jpg\" \/>\n<meta name=\"twitter:card\" content=\"summary_large_image\" \/>\n<meta name=\"twitter:label1\" content=\"Odhadovan\u00e1 doba \u010dten\u00ed\" \/>\n\t<meta name=\"twitter:data1\" content=\"1 minuta\" \/>\n<script type=\"application\/ld+json\" class=\"yoast-schema-graph\">{\"@context\":\"https:\/\/schema.org\",\"@graph\":[{\"@type\":\"WebPage\",\"@id\":\"https:\/\/swo.vavyskov.cz\/wordpress\/kontakt\/\",\"url\":\"https:\/\/swo.vavyskov.cz\/wordpress\/kontakt\/\",\"name\":\"Kontakt VeV \u2013 VA Vy\u0161kov | Spr\u00e1va webov\u00e9ho obsahu\",\"isPartOf\":{\"@id\":\"https:\/\/swo.vavyskov.cz\/wordpress\/#website\"},\"datePublished\":\"2018-04-24T12:06:36+00:00\",\"dateModified\":\"2021-10-21T17:50:23+00:00\",\"description\":\"R\u00e1di p\u0159iv\u00edt\u00e1me Va\u0161i konstruktivn\u00ed zp\u011btnou vazbu a budeme r\u00e1di, kdy\u017e pro komunikaci s n\u00e1mi vyu\u017eijete libovoln\u00fd n\u00ed\u017ee uveden\u00fd kontakt.\",\"breadcrumb\":{\"@id\":\"https:\/\/swo.vavyskov.cz\/wordpress\/kontakt\/#breadcrumb\"},\"inLanguage\":\"cs\",\"potentialAction\":[{\"@type\":\"ReadAction\",\"target\":[\"https:\/\/swo.vavyskov.cz\/wordpress\/kontakt\/\"]}]},{\"@type\":\"BreadcrumbList\",\"@id\":\"https:\/\/swo.vavyskov.cz\/wordpress\/kontakt\/#breadcrumb\",\"itemListElement\":[{\"@type\":\"ListItem\",\"position\":1,\"name\":\"Dom\u016f\",\"item\":\"https:\/\/swo.vavyskov.cz\/wordpress\/\"},{\"@type\":\"ListItem\",\"position\":2,\"name\":\"Kontakt\"}]},{\"@type\":\"WebSite\",\"@id\":\"https:\/\/swo.vavyskov.cz\/wordpress\/#website\",\"url\":\"https:\/\/swo.vavyskov.cz\/wordpress\/\",\"name\":\"Spr\u00e1va webov\u00e9ho obsahu\",\"description\":\"Tvo\u0159\u00edme \u00fasp\u011b\u0161n\u00fd web\",\"publisher\":{\"@id\":\"https:\/\/swo.vavyskov.cz\/wordpress\/#organization\"},\"potentialAction\":[{\"@type\":\"SearchAction\",\"target\":{\"@type\":\"EntryPoint\",\"urlTemplate\":\"https:\/\/swo.vavyskov.cz\/wordpress\/?s={search_term_string}\"},\"query-input\":{\"@type\":\"PropertyValueSpecification\",\"valueRequired\":true,\"valueName\":\"search_term_string\"}}],\"inLanguage\":\"cs\"},{\"@type\":\"Organization\",\"@id\":\"https:\/\/swo.vavyskov.cz\/wordpress\/#organization\",\"name\":\"Velitelstv\u00ed v\u00fdcviku \u2013 Vojensk\u00e1 akademie Vy\u0161kov\",\"url\":\"https:\/\/swo.vavyskov.cz\/wordpress\/\",\"logo\":{\"@type\":\"ImageObject\",\"inLanguage\":\"cs\",\"@id\":\"https:\/\/swo.vavyskov.cz\/wordpress\/#\/schema\/logo\/image\/\",\"url\":\"https:\/\/swo.vavyskov.cz\/wordpress\/wp-content\/uploads\/2018\/04\/kontakt.png\",\"contentUrl\":\"https:\/\/swo.vavyskov.cz\/wordpress\/wp-content\/uploads\/2018\/04\/kontakt.png\",\"width\":487,\"height\":640,\"caption\":\"Velitelstv\u00ed v\u00fdcviku \u2013 Vojensk\u00e1 akademie Vy\u0161kov\"},\"image\":{\"@id\":\"https:\/\/swo.vavyskov.cz\/wordpress\/#\/schema\/logo\/image\/\"}}]}<\/script>\n<!-- \/ Yoast SEO plugin. -->","yoast_head_json":{"title":"Kontakt VeV \u2013 VA Vy\u0161kov | Spr\u00e1va webov\u00e9ho obsahu","description":"R\u00e1di p\u0159iv\u00edt\u00e1me Va\u0161i konstruktivn\u00ed zp\u011btnou vazbu a budeme r\u00e1di, kdy\u017e pro komunikaci s n\u00e1mi vyu\u017eijete libovoln\u00fd n\u00ed\u017ee uveden\u00fd kontakt.","robots":{"index":"index","follow":"follow","max-snippet":"max-snippet:-1","max-image-preview":"max-image-preview:large","max-video-preview":"max-video-preview:-1"},"canonical":"https:\/\/swo.vavyskov.cz\/wordpress\/kontakt\/","og_locale":"cs_CZ","og_type":"article","og_title":"Kontakt VeV \u2013 VA Vy\u0161kov | Spr\u00e1va webov\u00e9ho obsahu","og_description":"R\u00e1di p\u0159iv\u00edt\u00e1me Va\u0161i konstruktivn\u00ed zp\u011btnou vazbu a budeme r\u00e1di, kdy\u017e pro komunikaci s n\u00e1mi vyu\u017eijete libovoln\u00fd n\u00ed\u017ee uveden\u00fd kontakt.","og_url":"https:\/\/swo.vavyskov.cz\/wordpress\/kontakt\/","og_site_name":"Spr\u00e1va webov\u00e9ho obsahu","article_modified_time":"2021-10-21T17:50:23+00:00","og_image":[{"url":"https:\/\/swo.vavyskov.cz\/wordpress\/wp-content\/uploads\/2018\/04\/ucebna-b527-f-188x300.jpg","type":"","width":"","height":""}],"twitter_card":"summary_large_image","twitter_misc":{"Odhadovan\u00e1 doba \u010dten\u00ed":"1 minuta"},"schema":{"@context":"https:\/\/schema.org","@graph":[{"@type":"WebPage","@id":"https:\/\/swo.vavyskov.cz\/wordpress\/kontakt\/","url":"https:\/\/swo.vavyskov.cz\/wordpress\/kontakt\/","name":"Kontakt VeV \u2013 VA Vy\u0161kov | Spr\u00e1va webov\u00e9ho obsahu","isPartOf":{"@id":"https:\/\/swo.vavyskov.cz\/wordpress\/#website"},"datePublished":"2018-04-24T12:06:36+00:00","dateModified":"2021-10-21T17:50:23+00:00","description":"R\u00e1di p\u0159iv\u00edt\u00e1me Va\u0161i konstruktivn\u00ed zp\u011btnou vazbu a budeme r\u00e1di, kdy\u017e pro komunikaci s n\u00e1mi vyu\u017eijete libovoln\u00fd n\u00ed\u017ee uveden\u00fd kontakt.","breadcrumb":{"@id":"https:\/\/swo.vavyskov.cz\/wordpress\/kontakt\/#breadcrumb"},"inLanguage":"cs","potentialAction":[{"@type":"ReadAction","target":["https:\/\/swo.vavyskov.cz\/wordpress\/kontakt\/"]}]},{"@type":"BreadcrumbList","@id":"https:\/\/swo.vavyskov.cz\/wordpress\/kontakt\/#breadcrumb","itemListElement":[{"@type":"ListItem","position":1,"name":"Dom\u016f","item":"https:\/\/swo.vavyskov.cz\/wordpress\/"},{"@type":"ListItem","position":2,"name":"Kontakt"}]},{"@type":"WebSite","@id":"https:\/\/swo.vavyskov.cz\/wordpress\/#website","url":"https:\/\/swo.vavyskov.cz\/wordpress\/","name":"Spr\u00e1va webov\u00e9ho obsahu","description":"Tvo\u0159\u00edme \u00fasp\u011b\u0161n\u00fd web","publisher":{"@id":"https:\/\/swo.vavyskov.cz\/wordpress\/#organization"},"potentialAction":[{"@type":"SearchAction","target":{"@type":"EntryPoint","urlTemplate":"https:\/\/swo.vavyskov.cz\/wordpress\/?s={search_term_string}"},"query-input":{"@type":"PropertyValueSpecification","valueRequired":true,"valueName":"search_term_string"}}],"inLanguage":"cs"},{"@type":"Organization","@id":"https:\/\/swo.vavyskov.cz\/wordpress\/#organization","name":"Velitelstv\u00ed v\u00fdcviku \u2013 Vojensk\u00e1 akademie Vy\u0161kov","url":"https:\/\/swo.vavyskov.cz\/wordpress\/","logo":{"@type":"ImageObject","inLanguage":"cs","@id":"https:\/\/swo.vavyskov.cz\/wordpress\/#\/schema\/logo\/image\/","url":"https:\/\/swo.vavyskov.cz\/wordpress\/wp-content\/uploads\/2018\/04\/kontakt.png","contentUrl":"https:\/\/swo.vavyskov.cz\/wordpress\/wp-content\/uploads\/2018\/04\/kontakt.png","width":487,"height":640,"caption":"Velitelstv\u00ed v\u00fdcviku \u2013 Vojensk\u00e1 akademie Vy\u0161kov"},"image":{"@id":"https:\/\/swo.vavyskov.cz\/wordpress\/#\/schema\/logo\/image\/"}}]}},"coauthors":[],"author_meta":{"author_link":"https:\/\/swo.vavyskov.cz\/wordpress\/author\/userwp\/","display_name":"Tom\u00e1\u0161 Dan\u011bk"},"relative_dates":{"created":"Posted 8 roky ago","modified":"Updated 5 roky ago"},"absolute_dates":{"created":"Posted on 24. 4. 2018","modified":"Updated on 21. 10. 2021"},"absolute_dates_time":{"created":"Posted on 24. 4. 2018 14:06","modified":"Updated on 21. 10. 2021 19:50"},"featured_img_caption":"","featured_img":false,"series_order":"","_links":{"self":[{"href":"https:\/\/swo.vavyskov.cz\/wordpress\/wp-json\/wp\/v2\/pages\/11","targetHints":{"allow":["GET"]}}],"collection":[{"href":"https:\/\/swo.vavyskov.cz\/wordpress\/wp-json\/wp\/v2\/pages"}],"about":[{"href":"https:\/\/swo.vavyskov.cz\/wordpress\/wp-json\/wp\/v2\/types\/page"}],"author":[{"embeddable":true,"href":"https:\/\/swo.vavyskov.cz\/wordpress\/wp-json\/wp\/v2\/users\/2"}],"replies":[{"embeddable":true,"href":"https:\/\/swo.vavyskov.cz\/wordpress\/wp-json\/wp\/v2\/comments?post=11"}],"version-history":[{"count":16,"href":"https:\/\/swo.vavyskov.cz\/wordpress\/wp-json\/wp\/v2\/pages\/11\/revisions"}],"predecessor-version":[{"id":1321,"href":"https:\/\/swo.vavyskov.cz\/wordpress\/wp-json\/wp\/v2\/pages\/11\/revisions\/1321"}],"wp:attachment":[{"href":"https:\/\/swo.vavyskov.cz\/wordpress\/wp-json\/wp\/v2\/media?parent=11"}],"curies":[{"name":"wp","href":"https:\/\/api.w.org\/{rel}","templated":true}]}}