{"id":1067,"date":"2020-03-08T23:05:27","date_gmt":"2020-03-08T22:05:27","guid":{"rendered":"https:\/\/swo.vavyskov.cz\/wordpress\/?page_id=1067"},"modified":"2024-11-17T22:15:21","modified_gmt":"2024-11-17T21:15:21","slug":"amp","status":"publish","type":"page","link":"https:\/\/swo.vavyskov.cz\/wordpress\/nezarazeno\/amp\/","title":{"rendered":"AMP"},"content":{"rendered":"\n<p>V\u00edce informac\u00ed ke&nbsp;kontroverzn\u00ed technologie AMP (Accelerated Mobile Pages):<\/p>\n\n\n\n<ul class=\"wp-block-list\">\n<li><a href=\"https:\/\/www.vzhurudolu.cz\/prirucka\/amp-kritika-myty\">https:\/\/www.vzhurudolu.cz\/prirucka\/amp-kritika-myty<\/a><\/li>\n\n\n\n<li><a href=\"https:\/\/www.vzhurudolu.cz\/ebook-amp\/\">https:\/\/www.vzhurudolu.cz\/ebook-amp\/<\/a><\/li>\n<\/ul>\n\n\n\n<p>Pozn\u00e1mky:<\/p>\n\n\n\n<ul class=\"wp-block-list\">\n<li>vlastn\u00ed standardy<\/li>\n\n\n\n<li>diskriminace str\u00e1nek nepou\u017e\u00edvaj\u00edc\u00ed AMP technologii (Google karusel <strong>Top stories<\/strong>)\n<ul class=\"wp-block-list\">\n<li>Google v&nbsp;roce 2021 ozn\u00e1mil, \u017ee&nbsp;p\u0159estane up\u0159ednost\u0148ovat AMP str\u00e1nky ve&nbsp;sv\u00fdch v\u00fdsledc\u00edch vyhled\u00e1v\u00e1n\u00ed, co\u017e d\u00e1le sn\u00ed\u017eilo motivaci pro&nbsp;jej\u00ed implementaci.<\/li>\n<\/ul>\n<\/li>\n\n\n\n<li>krom\u011b vlastn\u00ed URL jsou distribuovan\u00e9 AMP str\u00e1nky um\u00edst\u011bny na&nbsp;adrese <strong>google.com\/amp\/&#8230;<\/strong><\/li>\n\n\n\n<li>AMP technologie omezuje mo\u017enost kreativity<\/li>\n\n\n\n<li>uzav\u0159en\u00fd ekosyst\u00e9m &#8220;velk\u00fdch hr\u00e1\u010d\u016f&#8221;<\/li>\n<\/ul>\n","protected":false},"excerpt":{"rendered":"<p>V\u00edce informac\u00ed ke&nbsp;kontroverzn\u00ed technologie AMP (Accelerated Mobile Pages): Pozn\u00e1mky:<\/p>\n","protected":false},"author":1,"featured_media":0,"parent":1440,"menu_order":16,"comment_status":"closed","ping_status":"closed","template":"","meta":{"advgb_blocks_editor_width":"","advgb_blocks_columns_visual_guide":"","footnotes":""},"class_list":["post-1067","page","type-page","status-publish","hentry"],"yoast_head":"<!-- This site is optimized with the Yoast SEO plugin v27.0 - https:\/\/yoast.com\/product\/yoast-seo-wordpress\/ -->\n<title>AMP - Spr\u00e1va webov\u00e9ho obsahu<\/title>\n<meta name=\"robots\" content=\"index, follow, max-snippet:-1, max-image-preview:large, max-video-preview:-1\" \/>\n<link rel=\"canonical\" href=\"https:\/\/swo.vavyskov.cz\/wordpress\/wordpress\/rozsireni\/amp\/\" \/>\n<meta property=\"og:locale\" content=\"cs_CZ\" \/>\n<meta property=\"og:type\" content=\"article\" \/>\n<meta property=\"og:title\" content=\"AMP - Spr\u00e1va webov\u00e9ho obsahu\" \/>\n<meta property=\"og:description\" content=\"V\u00edce informac\u00ed ke&nbsp;kontroverzn\u00ed technologie AMP (Accelerated Mobile Pages): Pozn\u00e1mky:\" \/>\n<meta property=\"og:url\" content=\"https:\/\/swo.vavyskov.cz\/wordpress\/wordpress\/rozsireni\/amp\/\" \/>\n<meta property=\"og:site_name\" content=\"Spr\u00e1va webov\u00e9ho obsahu\" \/>\n<meta property=\"article:modified_time\" content=\"2024-11-17T21:15:21+00:00\" \/>\n<meta name=\"twitter:card\" content=\"summary_large_image\" \/>\n<meta name=\"twitter:label1\" content=\"Odhadovan\u00e1 doba \u010dten\u00ed\" \/>\n\t<meta name=\"twitter:data1\" content=\"1 minuta\" \/>\n<script type=\"application\/ld+json\" class=\"yoast-schema-graph\">{\"@context\":\"https:\/\/schema.org\",\"@graph\":[{\"@type\":\"WebPage\",\"@id\":\"https:\/\/swo.vavyskov.cz\/wordpress\/wordpress\/rozsireni\/amp\/\",\"url\":\"https:\/\/swo.vavyskov.cz\/wordpress\/wordpress\/rozsireni\/amp\/\",\"name\":\"AMP - Spr\u00e1va webov\u00e9ho obsahu\",\"isPartOf\":{\"@id\":\"https:\/\/swo.vavyskov.cz\/wordpress\/#website\"},\"datePublished\":\"2020-03-08T22:05:27+00:00\",\"dateModified\":\"2024-11-17T21:15:21+00:00\",\"breadcrumb\":{\"@id\":\"https:\/\/swo.vavyskov.cz\/wordpress\/wordpress\/rozsireni\/amp\/#breadcrumb\"},\"inLanguage\":\"cs\",\"potentialAction\":[{\"@type\":\"ReadAction\",\"target\":[\"https:\/\/swo.vavyskov.cz\/wordpress\/wordpress\/rozsireni\/amp\/\"]}]},{\"@type\":\"BreadcrumbList\",\"@id\":\"https:\/\/swo.vavyskov.cz\/wordpress\/wordpress\/rozsireni\/amp\/#breadcrumb\",\"itemListElement\":[{\"@type\":\"ListItem\",\"position\":1,\"name\":\"Dom\u016f\",\"item\":\"https:\/\/swo.vavyskov.cz\/wordpress\/\"},{\"@type\":\"ListItem\",\"position\":2,\"name\":\"WordPress\",\"item\":\"https:\/\/swo.vavyskov.cz\/wordpress\/wordpress\/\"},{\"@type\":\"ListItem\",\"position\":3,\"name\":\"Roz\u0161\u00ed\u0159en\u00ed\",\"item\":\"https:\/\/swo.vavyskov.cz\/wordpress\/wordpress\/rozsireni\/\"},{\"@type\":\"ListItem\",\"position\":4,\"name\":\"AMP\"}]},{\"@type\":\"WebSite\",\"@id\":\"https:\/\/swo.vavyskov.cz\/wordpress\/#website\",\"url\":\"https:\/\/swo.vavyskov.cz\/wordpress\/\",\"name\":\"Spr\u00e1va webov\u00e9ho obsahu\",\"description\":\"Tvo\u0159\u00edme \u00fasp\u011b\u0161n\u00fd web\",\"publisher\":{\"@id\":\"https:\/\/swo.vavyskov.cz\/wordpress\/#organization\"},\"potentialAction\":[{\"@type\":\"SearchAction\",\"target\":{\"@type\":\"EntryPoint\",\"urlTemplate\":\"https:\/\/swo.vavyskov.cz\/wordpress\/?s={search_term_string}\"},\"query-input\":{\"@type\":\"PropertyValueSpecification\",\"valueRequired\":true,\"valueName\":\"search_term_string\"}}],\"inLanguage\":\"cs\"},{\"@type\":\"Organization\",\"@id\":\"https:\/\/swo.vavyskov.cz\/wordpress\/#organization\",\"name\":\"Velitelstv\u00ed v\u00fdcviku \u2013 Vojensk\u00e1 akademie Vy\u0161kov\",\"url\":\"https:\/\/swo.vavyskov.cz\/wordpress\/\",\"logo\":{\"@type\":\"ImageObject\",\"inLanguage\":\"cs\",\"@id\":\"https:\/\/swo.vavyskov.cz\/wordpress\/#\/schema\/logo\/image\/\",\"url\":\"https:\/\/swo.vavyskov.cz\/wordpress\/wp-content\/uploads\/2018\/04\/kontakt.png\",\"contentUrl\":\"https:\/\/swo.vavyskov.cz\/wordpress\/wp-content\/uploads\/2018\/04\/kontakt.png\",\"width\":487,\"height\":640,\"caption\":\"Velitelstv\u00ed v\u00fdcviku \u2013 Vojensk\u00e1 akademie Vy\u0161kov\"},\"image\":{\"@id\":\"https:\/\/swo.vavyskov.cz\/wordpress\/#\/schema\/logo\/image\/\"}}]}<\/script>\n<!-- \/ Yoast SEO plugin. -->","yoast_head_json":{"title":"AMP - Spr\u00e1va webov\u00e9ho obsahu","robots":{"index":"index","follow":"follow","max-snippet":"max-snippet:-1","max-image-preview":"max-image-preview:large","max-video-preview":"max-video-preview:-1"},"canonical":"https:\/\/swo.vavyskov.cz\/wordpress\/wordpress\/rozsireni\/amp\/","og_locale":"cs_CZ","og_type":"article","og_title":"AMP - Spr\u00e1va webov\u00e9ho obsahu","og_description":"V\u00edce informac\u00ed ke&nbsp;kontroverzn\u00ed technologie AMP (Accelerated Mobile Pages): Pozn\u00e1mky:","og_url":"https:\/\/swo.vavyskov.cz\/wordpress\/wordpress\/rozsireni\/amp\/","og_site_name":"Spr\u00e1va webov\u00e9ho obsahu","article_modified_time":"2024-11-17T21:15:21+00:00","twitter_card":"summary_large_image","twitter_misc":{"Odhadovan\u00e1 doba \u010dten\u00ed":"1 minuta"},"schema":{"@context":"https:\/\/schema.org","@graph":[{"@type":"WebPage","@id":"https:\/\/swo.vavyskov.cz\/wordpress\/wordpress\/rozsireni\/amp\/","url":"https:\/\/swo.vavyskov.cz\/wordpress\/wordpress\/rozsireni\/amp\/","name":"AMP - Spr\u00e1va webov\u00e9ho obsahu","isPartOf":{"@id":"https:\/\/swo.vavyskov.cz\/wordpress\/#website"},"datePublished":"2020-03-08T22:05:27+00:00","dateModified":"2024-11-17T21:15:21+00:00","breadcrumb":{"@id":"https:\/\/swo.vavyskov.cz\/wordpress\/wordpress\/rozsireni\/amp\/#breadcrumb"},"inLanguage":"cs","potentialAction":[{"@type":"ReadAction","target":["https:\/\/swo.vavyskov.cz\/wordpress\/wordpress\/rozsireni\/amp\/"]}]},{"@type":"BreadcrumbList","@id":"https:\/\/swo.vavyskov.cz\/wordpress\/wordpress\/rozsireni\/amp\/#breadcrumb","itemListElement":[{"@type":"ListItem","position":1,"name":"Dom\u016f","item":"https:\/\/swo.vavyskov.cz\/wordpress\/"},{"@type":"ListItem","position":2,"name":"WordPress","item":"https:\/\/swo.vavyskov.cz\/wordpress\/wordpress\/"},{"@type":"ListItem","position":3,"name":"Roz\u0161\u00ed\u0159en\u00ed","item":"https:\/\/swo.vavyskov.cz\/wordpress\/wordpress\/rozsireni\/"},{"@type":"ListItem","position":4,"name":"AMP"}]},{"@type":"WebSite","@id":"https:\/\/swo.vavyskov.cz\/wordpress\/#website","url":"https:\/\/swo.vavyskov.cz\/wordpress\/","name":"Spr\u00e1va webov\u00e9ho obsahu","description":"Tvo\u0159\u00edme \u00fasp\u011b\u0161n\u00fd web","publisher":{"@id":"https:\/\/swo.vavyskov.cz\/wordpress\/#organization"},"potentialAction":[{"@type":"SearchAction","target":{"@type":"EntryPoint","urlTemplate":"https:\/\/swo.vavyskov.cz\/wordpress\/?s={search_term_string}"},"query-input":{"@type":"PropertyValueSpecification","valueRequired":true,"valueName":"search_term_string"}}],"inLanguage":"cs"},{"@type":"Organization","@id":"https:\/\/swo.vavyskov.cz\/wordpress\/#organization","name":"Velitelstv\u00ed v\u00fdcviku \u2013 Vojensk\u00e1 akademie Vy\u0161kov","url":"https:\/\/swo.vavyskov.cz\/wordpress\/","logo":{"@type":"ImageObject","inLanguage":"cs","@id":"https:\/\/swo.vavyskov.cz\/wordpress\/#\/schema\/logo\/image\/","url":"https:\/\/swo.vavyskov.cz\/wordpress\/wp-content\/uploads\/2018\/04\/kontakt.png","contentUrl":"https:\/\/swo.vavyskov.cz\/wordpress\/wp-content\/uploads\/2018\/04\/kontakt.png","width":487,"height":640,"caption":"Velitelstv\u00ed v\u00fdcviku \u2013 Vojensk\u00e1 akademie Vy\u0161kov"},"image":{"@id":"https:\/\/swo.vavyskov.cz\/wordpress\/#\/schema\/logo\/image\/"}}]}},"coauthors":[],"author_meta":{"author_link":"https:\/\/swo.vavyskov.cz\/wordpress\/author\/swowp\/","display_name":"SWO"},"relative_dates":{"created":"Posted 6 roky ago","modified":"Updated 1 rokem ago"},"absolute_dates":{"created":"Posted on 8. 3. 2020","modified":"Updated on 17. 11. 2024"},"absolute_dates_time":{"created":"Posted on 8. 3. 2020 23:05","modified":"Updated on 17. 11. 2024 22:15"},"featured_img_caption":"","featured_img":false,"series_order":"","_links":{"self":[{"href":"https:\/\/swo.vavyskov.cz\/wordpress\/wp-json\/wp\/v2\/pages\/1067","targetHints":{"allow":["GET"]}}],"collection":[{"href":"https:\/\/swo.vavyskov.cz\/wordpress\/wp-json\/wp\/v2\/pages"}],"about":[{"href":"https:\/\/swo.vavyskov.cz\/wordpress\/wp-json\/wp\/v2\/types\/page"}],"author":[{"embeddable":true,"href":"https:\/\/swo.vavyskov.cz\/wordpress\/wp-json\/wp\/v2\/users\/1"}],"replies":[{"embeddable":true,"href":"https:\/\/swo.vavyskov.cz\/wordpress\/wp-json\/wp\/v2\/comments?post=1067"}],"version-history":[{"count":5,"href":"https:\/\/swo.vavyskov.cz\/wordpress\/wp-json\/wp\/v2\/pages\/1067\/revisions"}],"predecessor-version":[{"id":1572,"href":"https:\/\/swo.vavyskov.cz\/wordpress\/wp-json\/wp\/v2\/pages\/1067\/revisions\/1572"}],"up":[{"embeddable":true,"href":"https:\/\/swo.vavyskov.cz\/wordpress\/wp-json\/wp\/v2\/pages\/1440"}],"wp:attachment":[{"href":"https:\/\/swo.vavyskov.cz\/wordpress\/wp-json\/wp\/v2\/media?parent=1067"}],"curies":[{"name":"wp","href":"https:\/\/api.w.org\/{rel}","templated":true}]}}